{"id":10,"date":"2025-07-03T05:10:07","date_gmt":"2025-07-03T05:10:07","guid":{"rendered":"https:\/\/hosbirger.dk\/cart\/"},"modified":"2025-07-11T13:22:21","modified_gmt":"2025-07-11T11:22:21","slug":"karton","status":"publish","type":"page","link":"https:\/\/hosbirger.dk\/de\/karton\/","title":{"rendered":"Wagen"},"content":{"rendered":"<div data-block-name=\"woocommerce\/cart\" class=\"wp-block-woocommerce-cart alignwide is-loading\">\n<div data-block-name=\"woocommerce\/filled-cart-block\" class=\"wp-block-woocommerce-filled-cart-block\">\n<div data-block-name=\"woocommerce\/cart-items-block\" class=\"wp-block-woocommerce-cart-items-block\">\n<div data-block-name=\"woocommerce\/cart-line-items-block\" class=\"wp-block-woocommerce-cart-line-items-block\"><\/div>\n\n\n\n<div data-block-name=\"woocommerce\/cart-cross-sells-block\" class=\"wp-block-woocommerce-cart-cross-sells-block\">\n<h2 class=\"wp-block-heading has-large-font-size\">Das k\u00f6nnte Sie interessieren...<\/h2>\n\n\n\n<div data-block-name=\"woocommerce\/cart-cross-sells-products-block\" class=\"wp-block-woocommerce-cart-cross-sells-products-block\"><\/div>\n<\/div>\n<\/div>\n\n\n\n<div data-block-name=\"woocommerce\/cart-totals-block\" class=\"wp-block-woocommerce-cart-totals-block\">\n<div data-block-name=\"woocommerce\/cart-order-summary-block\" class=\"wp-block-woocommerce-cart-order-summary-block\">\n<div data-block-name=\"woocommerce\/cart-order-summary-heading-block\" class=\"wp-block-woocommerce-cart-order-summary-heading-block\"><\/div><div data-block-name=\"woocommerce\/cart-order-summary-coupon-form-block\" class=\"wp-block-woocommerce-cart-order-summary-coupon-form-block\"><\/div><div data-block-name=\"woocommerce\/cart-order-summary-totals-block\" class=\"wp-block-woocommerce-cart-order-summary-totals-block\">\n<div data-block-name=\"woocommerce\/cart-order-summary-subtotal-block\" class=\"wp-block-woocommerce-cart-order-summary-subtotal-block\"><\/div>\n<div data-block-name=\"woocommerce\/cart-order-summary-discount-block\" class=\"wp-block-woocommerce-cart-order-summary-discount-block\"><\/div>\n<div data-block-name=\"woocommerce\/cart-order-summary-fee-block\" class=\"wp-block-woocommerce-cart-order-summary-fee-block\"><\/div>\n<div data-block-name=\"woocommerce\/cart-order-summary-shipping-block\" class=\"wp-block-woocommerce-cart-order-summary-shipping-block\"><\/div>\n<div data-block-name=\"woocommerce\/cart-order-summary-taxes-block\" class=\"wp-block-woocommerce-cart-order-summary-taxes-block\"><\/div><\/div>\n<\/div>\n\n\n\n<div data-block-name=\"woocommerce\/cart-express-payment-block\" class=\"wp-block-woocommerce-cart-express-payment-block\"><\/div>\n\n\n\n<div data-block-name=\"woocommerce\/proceed-to-checkout-block\" class=\"wp-block-woocommerce-proceed-to-checkout-block\"><\/div>\n\n\n\n<div data-block-name=\"woocommerce\/cart-accepted-payment-methods-block\" class=\"wp-block-woocommerce-cart-accepted-payment-methods-block\"><\/div>\n<\/div>\n<\/div>\n\n\n\n<div data-block-name=\"woocommerce\/empty-cart-block\" class=\"wp-block-woocommerce-empty-cart-block\">\n<h2 class=\"wp-block-heading has-text-align-center with-empty-cart-icon wc-block-cart__empty-cart__title\">Ihr Warenkorb ist derzeit leer!<\/h2>\n\n\n\n<hr class=\"wp-block-separator has-alpha-channel-opacity is-style-dots\"\/>\n\n\n\n<h2 class=\"wp-block-heading has-text-align-center\">Neu auf Lager<\/h2>\n\n\n<div data-block-name=\"woocommerce\/product-new\" data-columns=\"4\" data-rows=\"1\" class=\"wc-block-grid wp-block-product-new wp-block-woocommerce-product-new wc-block-product-new has-4-columns\"><ul class=\"wc-block-grid__products\"><li class=\"wc-block-grid__product\">\n\t\t\t\t<a href=\"https:\/\/hosbirger.dk\/de\/produkt\/athletenkollektiv-polo-pavia-mit-kontrast-auf\/\" class=\"wc-block-grid__product-link\">\n\t\t\t\t\t\n\t\t\t\t\t<div class=\"wc-block-grid__product-image\"><img fetchpriority=\"high\" decoding=\"async\" width=\"300\" height=\"300\" src=\"https:\/\/hosbirger.dk\/wp-content\/uploads\/2026\/04\/Billede-110-300x300.jpeg\" class=\"attachment-woocommerce_thumbnail size-woocommerce_thumbnail\" alt=\"Athletes Collective Polo Pavia mit Kontrast auf Kragen und \u00c4rmel marien blau\" srcset=\"https:\/\/hosbirger.dk\/wp-content\/uploads\/2026\/04\/Billede-110-300x300.jpeg 300w, https:\/\/hosbirger.dk\/wp-content\/uploads\/2026\/04\/Billede-110-150x150.jpeg 150w, https:\/\/hosbirger.dk\/wp-content\/uploads\/2026\/04\/Billede-110-768x768.jpeg 768w, https:\/\/hosbirger.dk\/wp-content\/uploads\/2026\/04\/Billede-110-12x12.jpeg 12w, https:\/\/hosbirger.dk\/wp-content\/uploads\/2026\/04\/Billede-110-600x600.jpeg 600w, https:\/\/hosbirger.dk\/wp-content\/uploads\/2026\/04\/Billede-110-100x100.jpeg 100w, https:\/\/hosbirger.dk\/wp-content\/uploads\/2026\/04\/Billede-110-64x64.jpeg 64w, https:\/\/hosbirger.dk\/wp-content\/uploads\/2026\/04\/Billede-110.jpeg 1024w\" sizes=\"(max-width: 300px) 100vw, 300px\" \/><\/div>\n\t\t\t\t\t<div class=\"wc-block-grid__product-title\">Athletes Collective Polo Pavia mit Kontrast auf Kragen und \u00c4rmel marien blau<\/div>\n\t\t\t\t<\/a>\n\t\t\t\t<div class=\"wc-block-grid__product-price price\"><span class=\"woocommerce-Price-amount amount\"><span class=\"woocommerce-Price-currencySymbol\">kr.<\/span>&nbsp;500,00<\/span><\/div>\n\t\t\t\t\n\t\t\t\t<div class=\"wp-block-button wc-block-grid__product-add-to-cart\"><a href=\"https:\/\/hosbirger.dk\/de\/produkt\/athletenkollektiv-polo-pavia-mit-kontrast-auf\/\" aria-label=\"W\u00e4hle Optionen f\u00fcr \u201eAthletes Collective Polo Pavia med kontrast p\u00e5 krave og \u00e6rme marien bl\u00e5\u201c\" data-quantity=\"1\" data-product_id=\"34826\" data-product_sku=\"125038\/700-25034\" data-price=\"500\" rel=\"nofollow\" class=\"wp-block-button__link  add_to_cart_button\" data-no-translation=\"\" data-trp-gettext=\"\" data-no-translation-aria-label=\"\">Ausf\u00fchrung w\u00e4hlen<\/a><\/div>\n\t\t\t<\/li><li class=\"wc-block-grid__product\">\n\t\t\t\t<a href=\"https:\/\/hosbirger.dk\/de\/produkt\/athleten-kollektive-sweatshirt-hybrid-arona-prem\/\" class=\"wc-block-grid__product-link\">\n\t\t\t\t\t\n\t\t\t\t\t<div class=\"wc-block-grid__product-image\"><img decoding=\"async\" width=\"300\" height=\"300\" src=\"https:\/\/hosbirger.dk\/wp-content\/uploads\/2026\/04\/Billede-109-300x300.jpeg\" class=\"attachment-woocommerce_thumbnail size-woocommerce_thumbnail\" alt=\"Athletes Collective Sweatshirt Hybrid Arona Premium Hybrid-Kapuzenpulli Kit\" srcset=\"https:\/\/hosbirger.dk\/wp-content\/uploads\/2026\/04\/Billede-109-300x300.jpeg 300w, https:\/\/hosbirger.dk\/wp-content\/uploads\/2026\/04\/Billede-109-150x150.jpeg 150w, https:\/\/hosbirger.dk\/wp-content\/uploads\/2026\/04\/Billede-109-768x768.jpeg 768w, https:\/\/hosbirger.dk\/wp-content\/uploads\/2026\/04\/Billede-109-12x12.jpeg 12w, https:\/\/hosbirger.dk\/wp-content\/uploads\/2026\/04\/Billede-109-600x600.jpeg 600w, https:\/\/hosbirger.dk\/wp-content\/uploads\/2026\/04\/Billede-109-100x100.jpeg 100w, https:\/\/hosbirger.dk\/wp-content\/uploads\/2026\/04\/Billede-109-64x64.jpeg 64w, https:\/\/hosbirger.dk\/wp-content\/uploads\/2026\/04\/Billede-109.jpeg 1024w\" sizes=\"(max-width: 300px) 100vw, 300px\" \/><\/div>\n\t\t\t\t\t<div class=\"wc-block-grid__product-title\">Athletes Collective Sweatshirt Hybrid Arona Premium Hybrid-Kapuzenpulli Kit<\/div>\n\t\t\t\t<\/a>\n\t\t\t\t<div class=\"wc-block-grid__product-price price\"><span class=\"woocommerce-Price-amount amount\"><span class=\"woocommerce-Price-currencySymbol\">kr.<\/span>&nbsp;1.000,00<\/span><\/div>\n\t\t\t\t\n\t\t\t\t<div class=\"wp-block-button wc-block-grid__product-add-to-cart\"><a href=\"https:\/\/hosbirger.dk\/de\/produkt\/athleten-kollektive-sweatshirt-hybrid-arona-prem\/\" aria-label=\"W\u00e4hle Optionen f\u00fcr \u201eAthletes Collective Sweatshirt Hybrid Arona Premium hybridh\u00e6ttetr\u00f8je kit\u201c\" data-quantity=\"1\" data-product_id=\"34813\" data-product_sku=\"126040\/202-25044\" data-price=\"1000\" rel=\"nofollow\" class=\"wp-block-button__link  add_to_cart_button\" data-no-translation=\"\" data-trp-gettext=\"\" data-no-translation-aria-label=\"\">Ausf\u00fchrung w\u00e4hlen<\/a><\/div>\n\t\t\t<\/li><li class=\"wc-block-grid__product\">\n\t\t\t\t<a href=\"https:\/\/hosbirger.dk\/de\/produkt\/athleten-kollektive-en-schwere-t-shirt-in-weis\/\" class=\"wc-block-grid__product-link\">\n\t\t\t\t\t\n\t\t\t\t\t<div class=\"wc-block-grid__product-image\"><img decoding=\"async\" width=\"300\" height=\"300\" src=\"https:\/\/hosbirger.dk\/wp-content\/uploads\/2026\/04\/10DD3D26-939D-4861-BBCB-1C6DD4C81920-300x300.jpg\" class=\"attachment-woocommerce_thumbnail size-woocommerce_thumbnail\" alt=\"Athleten Sammeln ein schweres T-Shirt in wei\u00df\" srcset=\"https:\/\/hosbirger.dk\/wp-content\/uploads\/2026\/04\/10DD3D26-939D-4861-BBCB-1C6DD4C81920-300x300.jpg 300w, https:\/\/hosbirger.dk\/wp-content\/uploads\/2026\/04\/10DD3D26-939D-4861-BBCB-1C6DD4C81920-150x150.jpg 150w, https:\/\/hosbirger.dk\/wp-content\/uploads\/2026\/04\/10DD3D26-939D-4861-BBCB-1C6DD4C81920-100x100.jpg 100w\" sizes=\"(max-width: 300px) 100vw, 300px\" \/><\/div>\n\t\t\t\t\t<div class=\"wc-block-grid__product-title\">Athleten Sammeln ein schweres T-Shirt in wei\u00df<\/div>\n\t\t\t\t<\/a>\n\t\t\t\t<div class=\"wc-block-grid__product-price price\"><span class=\"woocommerce-Price-amount amount\"><span class=\"woocommerce-Price-currencySymbol\">kr.<\/span>&nbsp;400,00<\/span><\/div>\n\t\t\t\t\n\t\t\t\t<div class=\"wp-block-button wc-block-grid__product-add-to-cart\"><a href=\"https:\/\/hosbirger.dk\/de\/produkt\/athleten-kollektive-en-schwere-t-shirt-in-weis\/\" aria-label=\"W\u00e4hle Optionen f\u00fcr \u201eAthletes Collective en heavy t-shirt i hvid\u201c\" data-quantity=\"1\" data-product_id=\"34800\" data-product_sku=\"126043\/100-25062\" data-price=\"400\" rel=\"nofollow\" class=\"wp-block-button__link  add_to_cart_button\" data-no-translation=\"\" data-trp-gettext=\"\" data-no-translation-aria-label=\"\">Ausf\u00fchrung w\u00e4hlen<\/a><\/div>\n\t\t\t<\/li><li class=\"wc-block-grid__product\">\n\t\t\t\t<a href=\"https:\/\/hosbirger.dk\/de\/produkt\/athletenkollektiv-polo-castro-mit-stretch-schwarz\/\" class=\"wc-block-grid__product-link\">\n\t\t\t\t\t\n\t\t\t\t\t<div class=\"wc-block-grid__product-image\"><img loading=\"lazy\" decoding=\"async\" width=\"300\" height=\"300\" src=\"https:\/\/hosbirger.dk\/wp-content\/uploads\/2026\/04\/D2D199BD-15EE-447A-8209-8387801A2C65-300x300.jpg\" class=\"attachment-woocommerce_thumbnail size-woocommerce_thumbnail\" alt=\"Athletes Collective Poloshirt Castro mit Stretch schwarz\" srcset=\"https:\/\/hosbirger.dk\/wp-content\/uploads\/2026\/04\/D2D199BD-15EE-447A-8209-8387801A2C65-300x300.jpg 300w, https:\/\/hosbirger.dk\/wp-content\/uploads\/2026\/04\/D2D199BD-15EE-447A-8209-8387801A2C65-150x150.jpg 150w, https:\/\/hosbirger.dk\/wp-content\/uploads\/2026\/04\/D2D199BD-15EE-447A-8209-8387801A2C65-100x100.jpg 100w\" sizes=\"(max-width: 300px) 100vw, 300px\" \/><\/div>\n\t\t\t\t\t<div class=\"wc-block-grid__product-title\">Athletes Collective Poloshirt Castro mit Stretch schwarz<\/div>\n\t\t\t\t<\/a>\n\t\t\t\t<div class=\"wc-block-grid__product-price price\"><span class=\"woocommerce-Price-amount amount\"><span class=\"woocommerce-Price-currencySymbol\">kr.<\/span>&nbsp;450,00<\/span><\/div>\n\t\t\t\t\n\t\t\t\t<div class=\"wp-block-button wc-block-grid__product-add-to-cart\"><a href=\"https:\/\/hosbirger.dk\/de\/produkt\/athletenkollektiv-polo-castro-mit-stretch-schwarz\/\" aria-label=\"W\u00e4hle Optionen f\u00fcr \u201eAthletes Collective polo Castro med stretch sort\u201c\" data-quantity=\"1\" data-product_id=\"34788\" data-product_sku=\"126063\/900-25033\" data-price=\"450\" rel=\"nofollow\" class=\"wp-block-button__link  add_to_cart_button\" data-no-translation=\"\" data-trp-gettext=\"\" data-no-translation-aria-label=\"\">Ausf\u00fchrung w\u00e4hlen<\/a><\/div>\n\t\t\t<\/li><\/ul><\/div><\/div>\n<\/div>\n\n    <div class=\"xs_social_share_widget xs_share_url after_content \t\tmain_content  wslu-style-1 wslu-share-box-shaped wslu-fill-colored wslu-none wslu-share-horizontal wslu-theme-font-no wslu-main_content\">\n\n\t\t\n        <ul>\n\t\t\t        <\/ul>\n    <\/div>","protected":false},"excerpt":{"rendered":"","protected":false},"author":1,"featured_media":0,"parent":0,"menu_order":0,"comment_status":"closed","ping_status":"closed","template":"","meta":{"postBodyCss":"","postBodyMargin":[],"postBodyPadding":[],"postBodyBackground":{"backgroundType":"classic","gradient":""},"site-sidebar-layout":"default","site-content-layout":"","ast-site-content-layout":"default","site-content-style":"default","site-sidebar-style":"default","ast-global-header-display":"","ast-banner-title-visibility":"","ast-main-header-display":"","ast-hfb-above-header-display":"","ast-hfb-below-header-display":"","ast-hfb-mobile-header-display":"","site-post-title":"","ast-breadcrumbs-content":"","ast-featured-img":"","footer-sml-layout":"","ast-disable-related-posts":"","theme-transparent-header-meta":"","adv-header-id-meta":"","stick-header-meta":"","header-above-stick-meta":"","header-main-stick-meta":"","header-below-stick-meta":"","astra-migrate-meta-layouts":"default","ast-page-background-enabled":"default","ast-page-background-meta":{"desktop":{"background-color":"var(--ast-global-color-5)","background-image":"","background-repeat":"repeat","background-position":"center center","background-size":"auto","background-attachment":"scroll","background-type":"","background-media":"","overlay-type":"","overlay-color":"","overlay-opacity":"","overlay-gradient":""},"tablet":{"background-color":"","background-image":"","background-repeat":"repeat","background-position":"center center","background-size":"auto","background-attachment":"scroll","background-type":"","background-media":"","overlay-type":"","overlay-color":"","overlay-opacity":"","overlay-gradient":""},"mobile":{"background-color":"","background-image":"","background-repeat":"repeat","background-position":"center center","background-size":"auto","background-attachment":"scroll","background-type":"","background-media":"","overlay-type":"","overlay-color":"","overlay-opacity":"","overlay-gradient":""}},"ast-content-background-meta":{"desktop":{"background-color":"var(--ast-global-color-4)","background-image":"","background-repeat":"repeat","background-position":"center center","background-size":"auto","background-attachment":"scroll","background-type":"","background-media":"","overlay-type":"","overlay-color":"","overlay-opacity":"","overlay-gradient":""},"tablet":{"background-color":"var(--ast-global-color-4)","background-image":"","background-repeat":"repeat","background-position":"center center","background-size":"auto","background-attachment":"scroll","background-type":"","background-media":"","overlay-type":"","overlay-color":"","overlay-opacity":"","overlay-gradient":""},"mobile":{"background-color":"var(--ast-global-color-4)","background-image":"","background-repeat":"repeat","background-position":"center center","background-size":"auto","background-attachment":"scroll","background-type":"","background-media":"","overlay-type":"","overlay-color":"","overlay-opacity":"","overlay-gradient":""}},"footnotes":""},"class_list":["post-10","page","type-page","status-publish","hentry"],"_links":{"self":[{"href":"https:\/\/hosbirger.dk\/de\/wp-json\/wp\/v2\/pages\/10","targetHints":{"allow":["GET"]}}],"collection":[{"href":"https:\/\/hosbirger.dk\/de\/wp-json\/wp\/v2\/pages"}],"about":[{"href":"https:\/\/hosbirger.dk\/de\/wp-json\/wp\/v2\/types\/page"}],"author":[{"embeddable":true,"href":"https:\/\/hosbirger.dk\/de\/wp-json\/wp\/v2\/users\/1"}],"replies":[{"embeddable":true,"href":"https:\/\/hosbirger.dk\/de\/wp-json\/wp\/v2\/comments?post=10"}],"version-history":[{"count":1,"href":"https:\/\/hosbirger.dk\/de\/wp-json\/wp\/v2\/pages\/10\/revisions"}],"predecessor-version":[{"id":14,"href":"https:\/\/hosbirger.dk\/de\/wp-json\/wp\/v2\/pages\/10\/revisions\/14"}],"wp:attachment":[{"href":"https:\/\/hosbirger.dk\/de\/wp-json\/wp\/v2\/media?parent=10"}],"curies":[{"name":"wp","href":"https:\/\/api.w.org\/{rel}","templated":true}]}}