{"id":13508,"date":"2025-08-03T06:59:58","date_gmt":"2025-08-03T04:59:58","guid":{"rendered":"https:\/\/hosbirger.dk\/?page_id=13508"},"modified":"2025-08-06T09:07:52","modified_gmt":"2025-08-06T07:07:52","slug":"terms-of-trade","status":"publish","type":"page","link":"https:\/\/hosbirger.dk\/de\/terms-of-trade\/","title":{"rendered":"AGB"},"content":{"rendered":"<div data-elementor-type=\"wp-page\" data-elementor-id=\"13508\" class=\"elementor elementor-13508\" data-elementor-post-type=\"page\">\n\t\t\t\t<div class=\"elementor-element elementor-element-cdd380f e-flex e-con-boxed e-con e-parent\" data-id=\"cdd380f\" data-element_type=\"container\" data-e-type=\"container\" data-settings=\"{&quot;background_background&quot;:&quot;classic&quot;}\">\n\t\t\t\t\t<div class=\"e-con-inner\">\n\t\t<div class=\"elementor-element elementor-element-2fc000b e-con-full e-flex e-con e-child\" data-id=\"2fc000b\" data-element_type=\"container\" data-e-type=\"container\" data-settings=\"{&quot;background_background&quot;:&quot;classic&quot;}\">\n\t\t\t\t<div class=\"elementor-element elementor-element-78a1a93 elementor-widget elementor-widget-theme-post-title elementor-page-title elementor-widget-heading\" data-id=\"78a1a93\" data-element_type=\"widget\" data-e-type=\"widget\" data-widget_type=\"theme-post-title.default\">\n\t\t\t\t<div class=\"elementor-widget-container\">\n\t\t\t\t\t<h1 class=\"elementor-heading-title elementor-size-default\">AGB<\/h1>\t\t\t\t<\/div>\n\t\t\t\t<\/div>\n\t\t\t\t<\/div>\n\t\t\t\t\t<\/div>\n\t\t\t\t<\/div>\n\t\t<div class=\"elementor-element elementor-element-1a4a235 e-flex e-con-boxed e-con e-parent\" data-id=\"1a4a235\" data-element_type=\"container\" data-e-type=\"container\">\n\t\t\t\t\t<div class=\"e-con-inner\">\n\t\t\t\t<div class=\"elementor-element elementor-element-a3da76e elementor-widget elementor-widget-heading\" data-id=\"a3da76e\" data-element_type=\"widget\" data-e-type=\"widget\" data-widget_type=\"heading.default\">\n\t\t\t\t<div class=\"elementor-widget-container\">\n\t\t\t\t\t<h2 class=\"elementor-heading-title elementor-size-default\">Bedingungen und Konditionen bei Hos Birger\n<\/h2>\t\t\t\t<\/div>\n\t\t\t\t<\/div>\n\t\t\t\t<div class=\"elementor-element elementor-element-c750e00 elementor-widget elementor-widget-text-editor\" data-id=\"c750e00\" data-element_type=\"widget\" data-e-type=\"widget\" data-widget_type=\"text-editor.default\">\n\t\t\t\t<div class=\"elementor-widget-container\">\n\t\t\t\t\t\t\t\t\t<div id=\"content\" class=\"site-content\"><div class=\"ast-container\"><div id=\"primary\" class=\"content-area primary\"><main id=\"main\" class=\"site-main\"><article id=\"post-3442\" class=\"post-3442 page type-page status-publish ast-article-single\"><div class=\"entry-content clear\"><div class=\"elementor elementor-3442\" data-elementor-type=\"wp-page\" data-elementor-id=\"3442\" data-elementor-post-type=\"page\"><section class=\"elementor-section elementor-top-section elementor-element elementor-element-4d191785 elementor-section-boxed elementor-section-height-default elementor-section-height-default\" data-id=\"4d191785\" data-element_type=\"section\" data-settings=\"{&quot;jet_parallax_layout_list&quot;:[]}\"><div class=\"elementor-container elementor-column-gap-default\"><div class=\"elementor-column elementor-col-100 elementor-top-column elementor-element elementor-element-274c93be\" data-id=\"274c93be\" data-element_type=\"column\" data-settings=\"{&quot;background_background&quot;:&quot;classic&quot;}\"><div class=\"elementor-widget-wrap elementor-element-populated\"><section class=\"elementor-section elementor-inner-section elementor-element elementor-element-7131cf75 elementor-section-full_width elementor-section-content-middle elementor-section-height-default elementor-section-height-default\" data-id=\"7131cf75\" data-element_type=\"section\" data-settings=\"{&quot;jet_parallax_layout_list&quot;:[]}\"><div class=\"elementor-container elementor-column-gap-no\"><div class=\"elementor-column elementor-col-100 elementor-inner-column elementor-element elementor-element-396b62c6\" data-id=\"396b62c6\" data-element_type=\"column\" data-settings=\"{&quot;background_background&quot;:&quot;classic&quot;}\"><div class=\"elementor-widget-wrap elementor-element-populated\"><div class=\"elementor-element elementor-element-18211c elementor-drop-cap-yes elementor-drop-cap-view-default elementor-widget elementor-widget-text-editor\" data-id=\"18211c\" data-element_type=\"widget\" data-settings=\"{&quot;drop_cap&quot;:&quot;yes&quot;}\" data-widget_type=\"text-editor.default\"><div class=\"elementor-widget-container\"><p class=\"\"><strong><span class=\"\">Allgemeine Informationen<\/span><\/strong><\/p><p class=\"\"><span class=\"\">Bei Birger's<br \/><\/span><span class=\"\">Lindegade 21<br \/><\/span><span class=\"\">6070 Christiansfeld<br \/><\/span><span class=\"\">Registrierungsnummer des Unternehmens: 25553241<br \/><\/span><span class=\"\">Telefon: 29 90 27 27 27<br \/><\/span><span class=\"\"><a class=\"\" title=\"mailto:birger@hosbirger.dk\" href=\"mailto:birger@hosbirger.dk\">E-Mail: birger@hosbirger.dk<\/a><\/span><\/p><p class=\"\"><strong><span class=\"\">Preisgestaltung<\/span><\/strong><\/p><p class=\"\"><span class=\"\">Bei Hos Birger behalten wir uns das Recht vor, unsere Preisangaben zu \u00e4ndern. Au\u00dferdem behalten wir uns das Recht vor, Preise ohne vorherige Zustimmung zu \u00e4ndern. F\u00fcr ausverkaufte Artikel werden Reservierungen vorgenommen.<\/span><\/p><p class=\"\"><strong><span class=\"\">Zahlungsm\u00f6glichkeiten<\/span><\/strong><\/p><p class=\"\"><span class=\"\">Birger akzeptiert die Zahlung mit VISA-Dankort, VISA, VISA Electron, Mastercard, PayPal, MobilePay, Bank\u00fcberweisung. Die Zahlung wird erst dann von Ihrem Konto abgebucht, wenn der Artikel versandt wird. Alle Betr\u00e4ge sind in DKK. D\u00e4nische Kronen und inkl. MwSt. Vorbehalte werden bei Preisfehlern und ausverkauften\/ausgelaufenen Artikeln gemacht.<\/span><\/p><p class=\"\"><strong><span class=\"\">Lieferung<\/span><\/strong><\/p><p class=\"\"><span class=\"\">Hos Birger bem\u00fcht sich, Bestellungen, die vor 17 Uhr eingehen, noch am selben Tag zu versenden, Bestellungen, die danach eingehen, werden am n\u00e4chsten Werktag versandt.<\/span><\/p><p class=\"\"><span class=\"\">Wir liefern nach ganz D\u00e4nemark. Der Versand ist ab einem Warenwert von \u20ac100,- kostenlos. Bei R\u00fccksendung der Ware werden \u20ac7 abgezogen. Die Artikel werden an die bei der Bestellung angegebene Lieferadresse geliefert.<\/span><\/p><p class=\"\"><span class=\"\">Wir liefern nicht ins Ausland und nicht auf die F\u00e4r\u00f6er Inseln und Gr\u00f6nland.<\/span><\/p><p class=\"\"><span class=\"\">Ihre Waren werden mit Post Nord oder GLS verschickt.<\/span><\/p><p class=\"\"><span class=\"\">HINWEIS: Wenn an der Zustellstelle kein Platz ist, wird das Paket zur n\u00e4chstgelegenen Zustellstelle gebracht, die Ihnen mitgeteilt wird. Wenn es Probleme gibt, wenden Sie sich bitte an den Kundendienst.<\/span><\/p><p class=\"\"><span class=\"\">Die Artikel werden jeden Wochentag geliefert. Ihr Artikel wird 1-3 Werktage nach der Bestellung geliefert.<\/span><\/p><p class=\"\"><span class=\"\">F\u00fcr bestimmte Artikel gelten besondere Lieferbedingungen. Die Bedingungen werden vor dem Kauf dieser Waren ausdr\u00fccklich angegeben.<\/span><\/p><p class=\"\"><strong><span class=\"\">Recht auf Beschwerde<\/span><\/strong><\/p><p class=\"\"><span class=\"\">Wir gew\u00e4hren eine 2-j\u00e4hrige Garantie gem\u00e4\u00df dem d\u00e4nischen Gesetz \u00fcber den Verkauf von Waren. Unsere Garantie bezieht sich auf Material- und\/oder Verarbeitungsfehler. Je nach Situation k\u00f6nnen Sie die Ware reparieren lassen, umtauschen, den Kaufpreis zur\u00fcckerstatten oder einen Preisnachlass erhalten. Die Garantie gilt nicht f\u00fcr Fehler oder Sch\u00e4den, die durch unsachgem\u00e4\u00dfe Handhabung des Produkts\/der Dienstleistung entstanden sind. Sie m\u00fcssen innerhalb einer \"angemessenen Frist\" reklamieren, nachdem Sie den Mangel\/Fehler entdeckt haben. Hos Birger \u00fcbernimmt die R\u00fccksendekosten in einem angemessenen Umfang.<\/span><\/p><p class=\"\"><span class=\"\">R\u00fccksendungen, Reklamationen und die Inanspruchnahme des Widerrufsrechts senden Sie bitte an:<\/span><\/p><p class=\"\"><span class=\"\">Bei Birger's<br \/><\/span><span class=\"\">Lindegade 21<br \/><\/span><span class=\"\">6070 Christiansfeld<\/span><\/p><p class=\"\"><span class=\"\">Sendungen per Nachnahme werden nicht angenommen.<\/span><\/p><p class=\"\"><strong><span class=\"\">R\u00fcckerstattung<\/span><\/strong><\/p><p class=\"\"><span class=\"\">Im Falle einer R\u00fcckerstattung geben Sie bitte Ihre Bankverbindung in Form von Kontonummer und Kontonummer an, damit der vereinbarte Betrag \u00fcberwiesen werden kann. Diese Angaben k\u00f6nnen sicher per E-Mail oder in anderer elektronischer Form \u00fcbermittelt werden, da es sich nicht um sensible Daten handelt und sie nur f\u00fcr die Abwicklung der Erstattung verwendet werden.<\/span><\/p><p class=\"\"><strong><span class=\"\">Recht auf Widerruf<\/span><\/strong><\/p><p class=\"\"><span class=\"\">F\u00fcr in unserem Webshop gekaufte Artikel gilt ein 14-t\u00e4giges R\u00fcckgaberecht.<\/span><\/p><p class=\"\"><span class=\"\">Die Frist wird von diesem Tag an gerechnet;<\/span><\/p><p class=\"\"><span class=\"\">- Wo Sie die Bestellung erhalten.<\/span><\/p><p class=\"\"><span class=\"\">- Erh\u00e4lt den letzten Artikel in physischem Besitz im Falle eines Gesch\u00e4fts mit mehreren Artikeln, die in einem Auftrag bestellt, aber einzeln oder in mehreren Raten geliefert werden.<\/span><\/p><p class=\"\"><span class=\"\">- Nimmt bei einem Vertrag \u00fcber die Lieferung von Waren, die aus mehreren Partien\/Teilen bestehen, die letzte Partie oder das letzte Teil in physischen Besitz.<\/span><\/p><p class=\"\"><span class=\"\">- Der erste Gegenstand im physischen Besitz bei regelm\u00e4\u00dfiger Lieferung von Waren \u00fcber einen bestimmten Zeitraum.<\/span><\/p><p class=\"\"><span class=\"\">Die R\u00fccksendekosten gehen zu Ihren Lasten.<\/span><\/p><p class=\"\"><span class=\"\">Der Widerruf muss uns sp\u00e4testens 14 Tage nach dem Kauf mitgeteilt werden und Sie m\u00fcssen die Sendung innerhalb von 14 Tagen nach dem Widerruf zur\u00fccksenden. Die Mitteilung muss per E-Mail erfolgen an\u00a0<a class=\"\" href=\"mailto:birger@hosbirger.dk\">birger@hosbirger.dk<\/a>. In der Nachricht m\u00fcssen Sie deutlich darauf hinweisen, dass Sie von Ihrem Widerrufsrecht Gebrauch machen wollen. Wenn Sie den Artikel an uns zur\u00fccksenden m\u00f6chten, m\u00fcssen Sie das beiliegende R\u00fccksendeformular ausf\u00fcllen und den Artikel an folgende Adresse schicken:<\/span><\/p><p class=\"\"><span class=\"\">Bei Birger's<br \/><\/span><span class=\"\">Lindegade 21<br \/><\/span><span class=\"\">6070 Christiansfeld<\/span><\/p><p class=\"\"><span class=\"\">Sie k\u00f6nnen nicht zur\u00fccktreten, indem Sie einfach die Annahme der Waren verweigern, ohne dies deutlich mitzuteilen.<\/span><\/p><p class=\"\"><span class=\"\">Vom Widerrufsrecht ausgeschlossene Waren<\/span><\/p><p class=\"\"><span class=\"\">Die folgenden Produktarten sind vom Widerrufsrecht ausgeschlossen:<\/span><\/p><p class=\"\"><span class=\"\">- Waren, die nach den W\u00fcnschen des Verbrauchers hergestellt werden oder eine besondere pers\u00f6nliche Note haben.<\/span><\/p><p class=\"\"><span class=\"\">- Versiegelte Waren, die aus Gr\u00fcnden des Gesundheitsschutzes oder der Hygiene nicht zur R\u00fcckgabe geeignet sind und bei denen die Versiegelung nach der Lieferung aufgebrochen wurde.<\/span><\/p><p class=\"\"><span class=\"\">- Waren, die aufgrund ihrer Beschaffenheit bei der Lieferung untrennbar mit anderen vermischt werden.<\/span><\/p><p class=\"\"><span class=\"\">- Waren, bei denen das Siegel gebrochen wurde.<\/span><\/p><p class=\"\"><span class=\"\">- Nichtfinanzielle Dienstleistungen, die erbracht werden, wenn die Erbringung der Dienstleistung mit der vorherigen ausdr\u00fccklichen Zustimmung des Verbrauchers und der Kenntnisnahme begonnen hat, dass das Widerrufsrecht erlischt, wenn die Dienstleistung vollst\u00e4ndig erbracht wurde.<\/span><\/p><p class=\"\"><span class=\"\">- Lieferung digitaler Inhalte, die nicht auf einem physischen Datentr\u00e4ger geliefert werden, wenn die Leistung mit vorheriger ausdr\u00fccklicher Zustimmung des Verbrauchers und in Kenntnis der Tatsache begonnen wurde, dass der Verbraucher dadurch sein Widerrufsrecht verliert.<\/span><\/p><p class=\"\"><span class=\"\">- Zeitungen, Zeitschriften oder Magazine, mit Ausnahme von Abonnementvertr\u00e4gen f\u00fcr solche Ver\u00f6ffentlichungen.<\/span><\/p><p class=\"\"><span class=\"\">- In einer \u00f6ffentlichen Versteigerung getroffene Vereinbarungen.<\/span><\/p><p class=\"\"><span class=\"\">- Gegenst\u00e4nde, die schnell verderben oder ablaufen.<\/span><\/p><p class=\"\"><strong><span class=\"\">R\u00fcckgabe<\/span><\/strong><\/p><p class=\"\"><span class=\"\">Sie m\u00fcssen Ihre Bestellung unverz\u00fcglich, sp\u00e4testens jedoch innerhalb von 14 Tagen nach Aus\u00fcbung des Widerrufsrechts zur\u00fccksenden. Sie haben die unmittelbaren Kosten der R\u00fccksendung zu tragen. Wenn Sie einen Artikel zur\u00fccksenden, sind Sie daf\u00fcr verantwortlich, dass er ordnungsgem\u00e4\u00df verpackt ist. Sie m\u00fcssen eine Kopie der Auftragsbest\u00e4tigung beif\u00fcgen. Schneller geht es, wenn Sie auch unser Widerrufsformular ausf\u00fcllen und beif\u00fcgen.<\/span><\/p><p class=\"\"><span class=\"\">Sie tragen das Risiko f\u00fcr die Ware ab dem Zeitpunkt der Lieferung bis zu dem Zeitpunkt, an dem wir sie zur\u00fcckerhalten haben.<\/span><\/p><p class=\"\"><span class=\"\">Wir akzeptieren keine Pakete, die per Nachnahme verschickt werden.<\/span><\/p><p class=\"\"><strong><span class=\"\">Zustand des Artikels bei R\u00fcckgabe<\/span><\/strong><\/p><p class=\"\"><span class=\"\">Sie m\u00fcssen f\u00fcr einen etwaigen Wertverlust der Waren nur aufkommen, wenn dieser Wertverlust auf einen zur Pr\u00fcfung der Beschaffenheit, Eigenschaften und Funktionsweise der Waren nicht notwendigen Umgang mit ihnen zur\u00fcckzuf\u00fchren ist. Mit anderen Worten: Sie k\u00f6nnen die Ware ausprobieren, als ob Sie sie in einem Gesch\u00e4ft ausprobiert h\u00e4tten.<\/span><\/p><p class=\"\"><span class=\"\">Wenn der Artikel \u00fcber das oben beschriebene Ma\u00df hinaus ausprobiert wurde, gilt er als gebraucht. Das bedeutet, dass Sie im Falle einer Stornierung des Kaufs nur einen Teil des Kaufbetrags oder gar nichts zur\u00fcckerhalten, je nach dem Handelswert des Artikels zum Zeitpunkt des Eingangs der R\u00fccksendung. Um eine vollst\u00e4ndige R\u00fcckerstattung zu erhalten, m\u00fcssen Sie das Produkt ausprobieren, ohne es tats\u00e4chlich zu benutzen.<\/span><\/p><p class=\"\"><strong><span class=\"\">R\u00fcckerstattung<\/span><\/strong><\/p><p class=\"\"><span class=\"\">Sollten Sie Ihren Kauf bereuen, erhalten Sie selbstverst\u00e4ndlich den von Ihnen gezahlten Betrag zur\u00fcck.<\/span><\/p><p class=\"\"><span class=\"\">Im Falle einer Wertminderung, f\u00fcr die Sie haften, wird diese vom Kaufpreis abgezogen.<\/span><\/p><p class=\"\"><span class=\"\">Bei Aus\u00fcbung des Widerrufsrechts werden Ihnen alle Zahlungen, die wir von Ihnen erhalten haben, einschlie\u00dflich der Lieferkosten (mit Ausnahme der zus\u00e4tzlichen Kosten, die sich daraus ergeben, dass Sie eine andere Art der Lieferung als die von uns angebotene, g\u00fcnstigste Standardlieferung gew\u00e4hlt haben), unverz\u00fcglich und sp\u00e4testens binnen vierzehn Tagen ab dem Tag zur\u00fcckerstattet, an dem die Mitteilung \u00fcber Ihren Entschluss, das Widerrufsrecht auszu\u00fcben, bei uns eingegangen ist. F\u00fcr diese R\u00fcckzahlung verwenden wir dasselbe Zahlungsmittel, das Sie bei der urspr\u00fcnglichen Transaktion eingesetzt haben, es sei denn, mit Ihnen wurde ausdr\u00fccklich etwas anderes vereinbart.<\/span><\/p><p class=\"\"><span class=\"\">Wir k\u00f6nnen die R\u00fcckerstattung zur\u00fcckhalten, bis wir den Artikel zur\u00fcckerhalten haben, es sei denn, Sie haben den Nachweis der R\u00fccksendung vorher erbracht.<\/span><\/p><p class=\"\"><strong><span class=\"\">Abholung im Gesch\u00e4ft<\/span><\/strong><\/p><p class=\"\"><span class=\"\">In unserem Webshop ist es m\u00f6glich, unsere Produkte in unserem Gesch\u00e4ft abzuholen. Auf diese Weise ist es m\u00f6glich, einen Artikel online zu reservieren und ihn dann physisch in unserem Gesch\u00e4ft abzuholen. Da der Artikel in unserem Gesch\u00e4ft abgeholt wird, gelten dieselben Bedingungen wie bei einem physischen Einkauf in unserem Gesch\u00e4ft.<\/span><\/p><p class=\"\"><strong><span class=\"\">Datenschutzerkl\u00e4rung<\/span><\/strong><\/p><p class=\"\"><span class=\"\">Damit Sie einen Vertrag mit uns abschlie\u00dfen und auf unserer Website einkaufen k\u00f6nnen, ben\u00f6tigen wir die folgenden Informationen \u00fcber Sie:<\/span><\/p><p class=\"\"><span class=\"\">Name<br \/><\/span><span class=\"\">Adresse<br \/><\/span><span class=\"\">Rufnummer<br \/><\/span><span class=\"\">E-Mail Adresse<\/span><\/p><p class=\"\"><span class=\"\">Informationen dar\u00fcber, was Sie gekauft haben<\/span><\/p><p class=\"\"><span class=\"\">Wir verarbeiten Ihre personenbezogenen Daten zum Zweck der Lieferung des Produkts an Sie und zur Bearbeitung von Anfragen zu Ihrem Kauf. Die Verarbeitung erfolgt nach den Regeln in unserer Datenschutzerkl\u00e4rung f\u00fcr Hos Birger. Hier k\u00f6nnen Sie mehr dar\u00fcber lesen, wie Ihre Daten verarbeitet werden, wann sie gel\u00f6scht werden und welche Rechte Sie als registrierter Kunde haben.<\/span><\/p><p class=\"\"><strong><span class=\"\">Beschwerdem\u00f6glichkeiten - \u00dcbersicht und Links:<\/span><\/strong><\/p><p class=\"\"><span class=\"\">Wenn Sie eine Beschwerde \u00fcber ein in unserem Webshop gekauftes Produkt haben, k\u00f6nnen Sie eine Beschwerde an folgende Adresse schicken:<\/span><\/p><p class=\"\"><span class=\"\">Die Beschwerdestelle der d\u00e4nischen Wettbewerbs- und Verbraucherschutzbeh\u00f6rde<br \/><\/span><span class=\"\">Carl Jacobsens Vej 35<br \/><\/span><span class=\"\">2500 Valby<\/span><\/p><p class=\"\"><span class=\"\">Link:\u00a0<a class=\"\" href=\"http:\/\/www.forbrug.dk\/\" target=\"_blank\" rel=\"nofollow noopener\">www.forbrug.dk<\/a><\/span><\/p><p class=\"\"><span class=\"\">Wenn Sie ein Verbraucher mit Wohnsitz in einem anderen EU-Land sind, k\u00f6nnen Sie Ihre Beschwerde \u00fcber die Online-Beschwerdeplattform der Europ\u00e4ischen Kommission einreichen.<\/span><\/p><p class=\"\"><span class=\"\">Die Plattform ist hier zu finden:\u00a0<a class=\"\" href=\"http:\/\/ec.europa.eu\/consumers\/odr\/\" target=\"_blank\" rel=\"nofollow noopener\">http:\/\/ec.europa.eu\/consumers\/odr\/<\/a><\/span><\/p><p class=\"\"><span class=\"\">Wenn Sie hier eine Beschwerde einreichen, m\u00fcssen Sie unsere E-Mail Adresse angeben:\u00a0<a class=\"\" href=\"mailto:birger@hosbirger.dk\">birger@hosbirger.dk<\/a><\/span><\/p><\/div><\/div><\/div><\/div><\/div><\/section><\/div><\/div><\/div><\/section><\/div><\/div><\/article><\/main><\/div><\/div><\/div><footer id=\"colophon\" role=\"contentinfo\"><div class=\"footer-width-fixer\"><div class=\"elementor elementor-2530\" data-elementor-type=\"wp-post\" data-elementor-id=\"2530\" data-elementor-post-type=\"elementor-hf\">\u00a0<\/div><\/div><\/footer>\t\t\t\t\t\t\t\t<\/div>\n\t\t\t\t<\/div>\n\t\t\t\t\t<\/div>\n\t\t\t\t<\/div>\n\t\t\t\t<\/div>\n\t\t\n    <div class=\"xs_social_share_widget xs_share_url after_content \t\tmain_content  wslu-style-1 wslu-share-box-shaped wslu-fill-colored wslu-none wslu-share-horizontal wslu-theme-font-no wslu-main_content\">\n\n\t\t\n        <ul>\n\t\t\t        <\/ul>\n    <\/div>","protected":false},"excerpt":{"rendered":"<p>Handelsbetingelser hos Hos Birger Generelle oplysninger Hos BirgerLindegade 216070 ChristiansfeldCVR nr.: 25553241Telefon: 29 90 27 27Email: birger@hosbirger.dk Priser Hos Hos [&hellip;]<\/p>\n","protected":false},"author":1,"featured_media":0,"parent":0,"menu_order":0,"comment_status":"closed","ping_status":"closed","template":"","meta":{"postBodyCss":"","postBodyMargin":[],"postBodyPadding":[],"postBodyBackground":{"backgroundType":"classic","gradient":""},"site-sidebar-layout":"no-sidebar","site-content-layout":"","ast-site-content-layout":"full-width-container","site-content-style":"default","site-sidebar-style":"default","ast-global-header-display":"","ast-banner-title-visibility":"","ast-main-header-display":"","ast-hfb-above-header-display":"","ast-hfb-below-header-display":"","ast-hfb-mobile-header-display":"","site-post-title":"disabled","ast-breadcrumbs-content":"","ast-featured-img":"disabled","footer-sml-layout":"","ast-disable-related-posts":"","theme-transparent-header-meta":"","adv-header-id-meta":"","stick-header-meta":"","header-above-stick-meta":"","header-main-stick-meta":"","header-below-stick-meta":"","astra-migrate-meta-layouts":"default","ast-page-background-enabled":"default","ast-page-background-meta":{"desktop":{"background-color":"var(--ast-global-color-5)","background-image":"","background-repeat":"repeat","background-position":"center center","background-size":"auto","background-attachment":"scroll","background-type":"","background-media":"","overlay-type":"","overlay-color":"","overlay-opacity":"","overlay-gradient":""},"tablet":{"background-color":"","background-image":"","background-repeat":"repeat","background-position":"center center","background-size":"auto","background-attachment":"scroll","background-type":"","background-media":"","overlay-type":"","overlay-color":"","overlay-opacity":"","overlay-gradient":""},"mobile":{"background-color":"","background-image":"","background-repeat":"repeat","background-position":"center center","background-size":"auto","background-attachment":"scroll","background-type":"","background-media":"","overlay-type":"","overlay-color":"","overlay-opacity":"","overlay-gradient":""}},"ast-content-background-meta":{"desktop":{"background-color":"var(--ast-global-color-4)","background-image":"","background-repeat":"repeat","background-position":"center center","background-size":"auto","background-attachment":"scroll","background-type":"","background-media":"","overlay-type":"","overlay-color":"","overlay-opacity":"","overlay-gradient":""},"tablet":{"background-color":"var(--ast-global-color-4)","background-image":"","background-repeat":"repeat","background-position":"center center","background-size":"auto","background-attachment":"scroll","background-type":"","background-media":"","overlay-type":"","overlay-color":"","overlay-opacity":"","overlay-gradient":""},"mobile":{"background-color":"var(--ast-global-color-4)","background-image":"","background-repeat":"repeat","background-position":"center center","background-size":"auto","background-attachment":"scroll","background-type":"","background-media":"","overlay-type":"","overlay-color":"","overlay-opacity":"","overlay-gradient":""}},"footnotes":""},"class_list":["post-13508","page","type-page","status-publish","hentry"],"_links":{"self":[{"href":"https:\/\/hosbirger.dk\/de\/wp-json\/wp\/v2\/pages\/13508","targetHints":{"allow":["GET"]}}],"collection":[{"href":"https:\/\/hosbirger.dk\/de\/wp-json\/wp\/v2\/pages"}],"about":[{"href":"https:\/\/hosbirger.dk\/de\/wp-json\/wp\/v2\/types\/page"}],"author":[{"embeddable":true,"href":"https:\/\/hosbirger.dk\/de\/wp-json\/wp\/v2\/users\/1"}],"replies":[{"embeddable":true,"href":"https:\/\/hosbirger.dk\/de\/wp-json\/wp\/v2\/comments?post=13508"}],"version-history":[{"count":7,"href":"https:\/\/hosbirger.dk\/de\/wp-json\/wp\/v2\/pages\/13508\/revisions"}],"predecessor-version":[{"id":13545,"href":"https:\/\/hosbirger.dk\/de\/wp-json\/wp\/v2\/pages\/13508\/revisions\/13545"}],"wp:attachment":[{"href":"https:\/\/hosbirger.dk\/de\/wp-json\/wp\/v2\/media?parent=13508"}],"curies":[{"name":"wp","href":"https:\/\/api.w.org\/{rel}","templated":true}]}}