{"id":13533,"date":"2025-08-06T07:47:58","date_gmt":"2025-08-06T05:47:58","guid":{"rendered":"https:\/\/hosbirger.dk\/?page_id=13533"},"modified":"2025-08-06T09:07:57","modified_gmt":"2025-08-06T07:07:57","slug":"cookie-und-datenschutzrichtlinie","status":"publish","type":"page","link":"https:\/\/hosbirger.dk\/de\/cookie-und-datenschutzrichtlinie\/","title":{"rendered":"Cookie- und Datenschutzrichtlinie"},"content":{"rendered":"<div data-elementor-type=\"wp-page\" data-elementor-id=\"13533\" class=\"elementor elementor-13533\" data-elementor-post-type=\"page\">\n\t\t\t\t<div class=\"elementor-element elementor-element-cdd380f e-flex e-con-boxed e-con e-parent\" data-id=\"cdd380f\" data-element_type=\"container\" data-e-type=\"container\" data-settings=\"{&quot;background_background&quot;:&quot;classic&quot;}\">\n\t\t\t\t\t<div class=\"e-con-inner\">\n\t\t<div class=\"elementor-element elementor-element-2fc000b e-con-full e-flex e-con e-child\" data-id=\"2fc000b\" data-element_type=\"container\" data-e-type=\"container\" data-settings=\"{&quot;background_background&quot;:&quot;classic&quot;}\">\n\t\t\t\t<div class=\"elementor-element elementor-element-78a1a93 elementor-widget elementor-widget-theme-post-title elementor-page-title elementor-widget-heading\" data-id=\"78a1a93\" data-element_type=\"widget\" data-e-type=\"widget\" data-widget_type=\"theme-post-title.default\">\n\t\t\t\t<div class=\"elementor-widget-container\">\n\t\t\t\t\t<h1 class=\"elementor-heading-title elementor-size-default\">Cookie- und Datenschutzrichtlinie<\/h1>\t\t\t\t<\/div>\n\t\t\t\t<\/div>\n\t\t\t\t<\/div>\n\t\t\t\t\t<\/div>\n\t\t\t\t<\/div>\n\t\t<div class=\"elementor-element elementor-element-1a4a235 e-flex e-con-boxed e-con e-parent\" data-id=\"1a4a235\" data-element_type=\"container\" data-e-type=\"container\">\n\t\t\t\t\t<div class=\"e-con-inner\">\n\t\t\t\t<div class=\"elementor-element elementor-element-a3da76e elementor-widget elementor-widget-heading\" data-id=\"a3da76e\" data-element_type=\"widget\" data-e-type=\"widget\" data-widget_type=\"heading.default\">\n\t\t\t\t<div class=\"elementor-widget-container\">\n\t\t\t\t\t<h2 class=\"elementor-heading-title elementor-size-default\">Cookie- und Datenschutzrichtlinie bei Hos Birger\n\n<\/h2>\t\t\t\t<\/div>\n\t\t\t\t<\/div>\n\t\t\t\t<div class=\"elementor-element elementor-element-c750e00 elementor-widget elementor-widget-text-editor\" data-id=\"c750e00\" data-element_type=\"widget\" data-e-type=\"widget\" data-widget_type=\"text-editor.default\">\n\t\t\t\t<div class=\"elementor-widget-container\">\n\t\t\t\t\t\t\t\t\t<div id=\"content\" class=\"site-content\"><div class=\"ast-container\"><div id=\"primary\" class=\"content-area primary\"><p class=\"\"><strong><span class=\"\">Einf\u00fchrung<\/span><\/strong><\/p><p class=\"\"><span class=\"\">Wenn Sie unsere Website besuchen, werden Informationen \u00fcber Sie gesammelt, die dazu dienen, unsere Inhalte zu personalisieren und zu verbessern und den Wert der auf der Website angezeigten Anzeigen zu erh\u00f6hen. Wenn Sie nicht m\u00f6chten, dass Informationen gesammelt werden, sollten Sie Ihre Cookies l\u00f6schen (siehe Anleitung) und von der weiteren Nutzung der Website absehen. Im Folgenden wird erl\u00e4utert, welche Informationen gesammelt werden, welchen Zweck sie haben und welche Dritten Zugang zu ihnen haben.<\/span><\/p><p class=\"\"><strong><span class=\"\">Cookies<\/span><\/strong><\/p><p class=\"\"><span class=\"\">Die Website verwendet \"Cookies\", d. h. eine Textdatei, die auf Ihrem Computer, Ihrem Mobiltelefon oder einem \u00e4hnlichen Ger\u00e4t gespeichert wird, um es wiederzuerkennen, Einstellungen zu speichern, Statistiken zu erstellen und Werbung zu schalten. Cookies k\u00f6nnen keinen sch\u00e4dlichen Code, wie z. B. Viren, enthalten.<\/span><\/p><p class=\"\"><span class=\"\">Es ist m\u00f6glich, Cookies zu l\u00f6schen oder zu blockieren. Siehe Anweisungen:\u00a0<a class=\"\" href=\"http:\/\/minecookies.org\/cookiehandtering\" target=\"_blank\" rel=\"nofollow noopener\">http:\/\/minecookies.org\/cookiehandtering<\/a><\/span><\/p><p class=\"\"><span class=\"\">Wenn Sie Cookies l\u00f6schen oder blockieren, kann es sein, dass die Werbung f\u00fcr Sie weniger relevant wird und h\u00e4ufiger erscheint. Sie riskieren auch, dass die Website nicht optimal funktioniert und dass Sie auf Inhalte nicht zugreifen k\u00f6nnen.<\/span><\/p><h5><strong><span class=\"\">Pers\u00f6nliche Daten<\/span><\/strong><\/h5><p class=\"\"><strong><span class=\"\">Im Allgemeinen<\/span><\/strong><\/p><p class=\"\"><span class=\"\">Personenbezogene Daten sind alle Informationen, die in irgendeiner Form auf Sie zur\u00fcckgef\u00fchrt werden k\u00f6nnen. Wenn Sie unsere Website nutzen, sammeln und verarbeiten wir eine Reihe solcher Informationen. Dies geschieht zum Beispiel, wenn Sie auf Inhalte zugreifen, sich f\u00fcr unseren Newsletter anmelden, an Wettbewerben oder Umfragen teilnehmen, sich als Nutzer oder Abonnent registrieren, andere Dienste nutzen oder \u00fcber die Website einkaufen.<\/span><\/p><p class=\"\"><span class=\"\">Wir erheben und verarbeiten typischerweise folgende Daten: Eine eindeutige ID und technische Informationen \u00fcber Ihren Computer, Ihr Tablet oder Ihr Mobiltelefon, Ihre IP-Nummer, Ihren geografischen Standort und welche Seiten Sie anklicken (Interessen). Soweit Sie ausdr\u00fccklich einwilligen und die Informationen selbst eingeben, verarbeiten wir auch Name, Telefonnummer, E-Mail, Adresse und Zahlungsinformationen. Dies geschieht in der Regel im Zusammenhang mit der Erstellung eines Logins oder eines Kaufs.<\/span><\/p><p class=\"\"><strong><span class=\"\">Sicherheit und Schutz<\/span><\/strong><\/p><p class=\"\"><span class=\"\">Wir verarbeiten Ihre personenbezogenen Daten sicher und vertraulich in \u00dcbereinstimmung mit den geltenden Rechtsvorschriften, einschlie\u00dflich der Allgemeinen Datenschutzverordnung und dem Datenschutzgesetz.<\/span><\/p><p class=\"\"><span class=\"\">Ihre Daten werden nur f\u00fcr den Zweck verwendet, f\u00fcr den sie erhoben wurden, und werden gel\u00f6scht, wenn dieser Zweck erf\u00fcllt oder nicht mehr relevant ist.<\/span><\/p><p class=\"\"><span class=\"\">Wir haben technische und organisatorische Ma\u00dfnahmen ergriffen, um zu verhindern, dass Ihre Daten versehentlich oder unrechtm\u00e4\u00dfig gel\u00f6scht werden, ver\u00f6ffentlicht werden, verloren gehen, beeintr\u00e4chtigt oder an Unbefugte weitergegeben werden, missbraucht oder in anderer Weise rechtswidrig verarbeitet werden.<\/span><\/p><p class=\"\"><strong><span class=\"\">Zweck<\/span><\/strong><\/p><p class=\"\"><span class=\"\">Die Informationen werden verwendet, um Sie als Nutzer zu identifizieren und Ihnen die Werbung zu zeigen, die f\u00fcr Sie am wahrscheinlichsten relevant ist, um Ihre Eink\u00e4ufe und Zahlungen zu registrieren und um die von Ihnen angeforderten Dienstleistungen zu erbringen, wie z. B. den Versand eines Newsletters. Wir verwenden die Informationen auch, um unsere Dienste und Inhalte zu optimieren.<\/span><\/p><p class=\"\"><strong><span class=\"\">Dauer der Lagerung<\/span><\/strong><\/p><p class=\"\"><span class=\"\">Die Daten werden f\u00fcr den gesetzlich zul\u00e4ssigen Zeitraum gespeichert und von uns gel\u00f6scht, wenn sie nicht mehr ben\u00f6tigt werden. Der Zeitraum h\u00e4ngt von der Art der Daten und dem Grund der Speicherung ab. Es ist daher nicht m\u00f6glich, einen allgemeinen Zeitrahmen f\u00fcr die L\u00f6schung von Informationen anzugeben.<\/span><\/p><p class=\"\"><strong><span class=\"\">Offenlegung von Informationen<\/span><\/strong><\/p><p class=\"\"><span class=\"\">Daten \u00fcber Ihre Nutzung der Website, welche Anzeigen Sie erhalten und m\u00f6glicherweise anklicken, geografischer Standort, Geschlecht und Altersgruppe usw. werden an Dritte weitergegeben, soweit diese Informationen bekannt sind. Um welche Dritten es sich dabei handelt, k\u00f6nnen Sie dem obigen Abschnitt \u00fcber \"Cookies\" entnehmen. Die Informationen werden f\u00fcr die gezielte Werbung verwendet.<\/span><\/p><p class=\"\"><span class=\"\">Wir nutzen auch eine Reihe von Dritten, um Daten zu speichern und zu verarbeiten. Diese verarbeiten die Daten nur in unserem Auftrag und d\u00fcrfen sie nicht f\u00fcr ihre eigenen Zwecke verwenden.<\/span><\/p><p class=\"\"><span class=\"\">Eine Weitergabe von personenbezogenen Daten wie Name und E-Mail etc. erfolgt nur, wenn Sie dem zustimmen. Wir verwenden nur Datenverarbeiter in der EU oder in L\u00e4ndern, die einen angemessenen Schutz f\u00fcr Ihre Daten bieten k\u00f6nnen.<\/span><\/p><p class=\"\"><strong><span class=\"\">Einblicke und Beschwerden<\/span><\/strong><\/p><p class=\"\"><span class=\"\">Sie haben das Recht zu erfahren, welche personenbezogenen Daten wir \u00fcber Sie in einem g\u00e4ngigen Format verarbeiten (Daten\u00fcbertragbarkeit). Au\u00dferdem k\u00f6nnen Sie der Verwendung Ihrer Daten jederzeit widersprechen. Sie k\u00f6nnen auch Ihre Einwilligung in die Verarbeitung Ihrer Daten widerrufen. Wenn die \u00fcber Sie verarbeiteten Daten unrichtig sind, haben Sie das Recht, sie berichtigen oder l\u00f6schen zu lassen. Diesbez\u00fcgliche Anfragen k\u00f6nnen Sie richten an:\u00a0<a class=\"\" href=\"mailto:birger@hosbirger.dk\">birger@hosbirger.dk<\/a>. Wenn Sie sich \u00fcber die Verarbeitung Ihrer personenbezogenen Daten durch uns beschweren m\u00f6chten, k\u00f6nnen Sie sich auch an die d\u00e4nische Datenschutzbeh\u00f6rde wenden.<\/span><\/p><p class=\"\"><span class=\"\">Wenn Sie nicht mehr m\u00f6chten, dass wir Ihre personenbezogenen Daten verarbeiten, oder wenn Sie m\u00f6chten, dass wir die Verarbeitung Ihrer personenbezogenen Daten einschr\u00e4nken, k\u00f6nnen Sie uns ebenfalls eine Anfrage an die oben genannte E-Mail-Adresse senden.<\/span><\/p><p class=\"\"><strong><span class=\"\">Herausgeber<\/span><\/strong><\/p><p class=\"\"><span class=\"\">Diese Website ist Eigentum und wird ver\u00f6ffentlicht von:<\/span><\/p><p class=\"\"><span class=\"\">Bei Birger's<br \/><\/span><span class=\"\">Lindegade 21<br \/><\/span><span class=\"\">6070 Christiansfeld<br \/><\/span><span class=\"\">Telefon: 29902727<br \/><\/span><span class=\"\"><a class=\"\" title=\"mailto:birger@hosbirger.dk\" href=\"mailto:birger@hosbirger.dk\">E-Mail: birger@hosbirger.dk<\/a><\/span><\/p><\/div><\/div><\/div>\t\t\t\t\t\t\t\t<\/div>\n\t\t\t\t<\/div>\n\t\t\t\t\t<\/div>\n\t\t\t\t<\/div>\n\t\t\t\t<\/div>\n\t\t\n    <div class=\"xs_social_share_widget xs_share_url after_content \t\tmain_content  wslu-style-1 wslu-share-box-shaped wslu-fill-colored wslu-none wslu-share-horizontal wslu-theme-font-no wslu-main_content\">\n\n\t\t\n        <ul>\n\t\t\t        <\/ul>\n    <\/div>","protected":false},"excerpt":{"rendered":"<p>Cookie- og privatlivspolitik hos Hos Birger Introduktion N\u00e5r du bes\u00f8ger vores website indsamles der oplysninger om dig, som bruges til [&hellip;]<\/p>\n","protected":false},"author":1,"featured_media":0,"parent":0,"menu_order":0,"comment_status":"closed","ping_status":"closed","template":"","meta":{"postBodyCss":"","postBodyMargin":[],"postBodyPadding":[],"postBodyBackground":{"backgroundType":"classic","gradient":""},"site-sidebar-layout":"default","site-content-layout":"","ast-site-content-layout":"default","site-content-style":"default","site-sidebar-style":"default","ast-global-header-display":"","ast-banner-title-visibility":"","ast-main-header-display":"","ast-hfb-above-header-display":"","ast-hfb-below-header-display":"","ast-hfb-mobile-header-display":"","site-post-title":"","ast-breadcrumbs-content":"","ast-featured-img":"","footer-sml-layout":"","ast-disable-related-posts":"","theme-transparent-header-meta":"","adv-header-id-meta":"","stick-header-meta":"","header-above-stick-meta":"","header-main-stick-meta":"","header-below-stick-meta":"","astra-migrate-meta-layouts":"default","ast-page-background-enabled":"default","ast-page-background-meta":{"desktop":{"background-color":"var(--ast-global-color-5)","background-image":"","background-repeat":"repeat","background-position":"center center","background-size":"auto","background-attachment":"scroll","background-type":"","background-media":"","overlay-type":"","overlay-color":"","overlay-opacity":"","overlay-gradient":""},"tablet":{"background-color":"","background-image":"","background-repeat":"repeat","background-position":"center center","background-size":"auto","background-attachment":"scroll","background-type":"","background-media":"","overlay-type":"","overlay-color":"","overlay-opacity":"","overlay-gradient":""},"mobile":{"background-color":"","background-image":"","background-repeat":"repeat","background-position":"center center","background-size":"auto","background-attachment":"scroll","background-type":"","background-media":"","overlay-type":"","overlay-color":"","overlay-opacity":"","overlay-gradient":""}},"ast-content-background-meta":{"desktop":{"background-color":"var(--ast-global-color-4)","background-image":"","background-repeat":"repeat","background-position":"center center","background-size":"auto","background-attachment":"scroll","background-type":"","background-media":"","overlay-type":"","overlay-color":"","overlay-opacity":"","overlay-gradient":""},"tablet":{"background-color":"var(--ast-global-color-4)","background-image":"","background-repeat":"repeat","background-position":"center center","background-size":"auto","background-attachment":"scroll","background-type":"","background-media":"","overlay-type":"","overlay-color":"","overlay-opacity":"","overlay-gradient":""},"mobile":{"background-color":"var(--ast-global-color-4)","background-image":"","background-repeat":"repeat","background-position":"center center","background-size":"auto","background-attachment":"scroll","background-type":"","background-media":"","overlay-type":"","overlay-color":"","overlay-opacity":"","overlay-gradient":""}},"footnotes":""},"class_list":["post-13533","page","type-page","status-publish","hentry"],"_links":{"self":[{"href":"https:\/\/hosbirger.dk\/de\/wp-json\/wp\/v2\/pages\/13533","targetHints":{"allow":["GET"]}}],"collection":[{"href":"https:\/\/hosbirger.dk\/de\/wp-json\/wp\/v2\/pages"}],"about":[{"href":"https:\/\/hosbirger.dk\/de\/wp-json\/wp\/v2\/types\/page"}],"author":[{"embeddable":true,"href":"https:\/\/hosbirger.dk\/de\/wp-json\/wp\/v2\/users\/1"}],"replies":[{"embeddable":true,"href":"https:\/\/hosbirger.dk\/de\/wp-json\/wp\/v2\/comments?post=13533"}],"version-history":[{"count":4,"href":"https:\/\/hosbirger.dk\/de\/wp-json\/wp\/v2\/pages\/13533\/revisions"}],"predecessor-version":[{"id":13537,"href":"https:\/\/hosbirger.dk\/de\/wp-json\/wp\/v2\/pages\/13533\/revisions\/13537"}],"wp:attachment":[{"href":"https:\/\/hosbirger.dk\/de\/wp-json\/wp\/v2\/media?parent=13533"}],"curies":[{"name":"wp","href":"https:\/\/api.w.org\/{rel}","templated":true}]}}