{"id":13538,"date":"2025-08-06T07:52:04","date_gmt":"2025-08-06T05:52:04","guid":{"rendered":"https:\/\/hosbirger.dk\/?page_id=13538"},"modified":"2025-08-06T09:06:47","modified_gmt":"2025-08-06T07:06:47","slug":"datenschutzbestimmungen","status":"publish","type":"page","link":"https:\/\/hosbirger.dk\/de\/datenschutzbestimmungen\/","title":{"rendered":"Datenschutzerkl\u00e4rung"},"content":{"rendered":"<div data-elementor-type=\"wp-page\" data-elementor-id=\"13538\" class=\"elementor elementor-13538\" data-elementor-post-type=\"page\">\n\t\t\t\t<div class=\"elementor-element elementor-element-cdd380f e-flex e-con-boxed e-con e-parent\" data-id=\"cdd380f\" data-element_type=\"container\" data-e-type=\"container\" data-settings=\"{&quot;background_background&quot;:&quot;classic&quot;}\">\n\t\t\t\t\t<div class=\"e-con-inner\">\n\t\t<div class=\"elementor-element elementor-element-2fc000b e-con-full e-flex e-con e-child\" data-id=\"2fc000b\" data-element_type=\"container\" data-e-type=\"container\" data-settings=\"{&quot;background_background&quot;:&quot;classic&quot;}\">\n\t\t\t\t<div class=\"elementor-element elementor-element-78a1a93 elementor-widget elementor-widget-theme-post-title elementor-page-title elementor-widget-heading\" data-id=\"78a1a93\" data-element_type=\"widget\" data-e-type=\"widget\" data-widget_type=\"theme-post-title.default\">\n\t\t\t\t<div class=\"elementor-widget-container\">\n\t\t\t\t\t<h1 class=\"elementor-heading-title elementor-size-default\">Datenschutzerkl\u00e4rung<\/h1>\t\t\t\t<\/div>\n\t\t\t\t<\/div>\n\t\t\t\t<\/div>\n\t\t\t\t\t<\/div>\n\t\t\t\t<\/div>\n\t\t<div class=\"elementor-element elementor-element-1a4a235 e-flex e-con-boxed e-con e-parent\" data-id=\"1a4a235\" data-element_type=\"container\" data-e-type=\"container\">\n\t\t\t\t\t<div class=\"e-con-inner\">\n\t\t\t\t<div class=\"elementor-element elementor-element-a3da76e elementor-widget elementor-widget-heading\" data-id=\"a3da76e\" data-element_type=\"widget\" data-e-type=\"widget\" data-widget_type=\"heading.default\">\n\t\t\t\t<div class=\"elementor-widget-container\">\n\t\t\t\t\t<h2 class=\"elementor-heading-title elementor-size-default\">Datenschutzbestimmungen bei Hos Birger\n<\/h2>\t\t\t\t<\/div>\n\t\t\t\t<\/div>\n\t\t\t\t<div class=\"elementor-element elementor-element-c750e00 elementor-widget elementor-widget-text-editor\" data-id=\"c750e00\" data-element_type=\"widget\" data-e-type=\"widget\" data-widget_type=\"text-editor.default\">\n\t\t\t\t<div class=\"elementor-widget-container\">\n\t\t\t\t\t\t\t\t\t<div id=\"content\" class=\"site-content\"><div class=\"ast-container\"><div id=\"primary\" class=\"content-area primary\"><p class=\"\"><span class=\"\">Wir erheben personenbezogene Daten nur dann, wenn sie f\u00fcr uns relevant sind, und wir erheben personenbezogene Daten nur dann, wenn sie f\u00fcr Ihre T\u00e4tigkeit bei Birger relevant sind.<\/span><\/p><p class=\"\"><span class=\"\">Bei der Erhebung, Verarbeitung und Nutzung Ihrer personenbezogenen Daten halten wir uns stets an die einschl\u00e4gigen gesetzlichen Bestimmungen.<\/span><\/p><p class=\"\"><span class=\"\">Wir werden Ihre personenbezogenen Daten nur so lange aufbewahren, wie wir entweder gesetzlich dazu verpflichtet sind oder solange sie f\u00fcr den Zweck, f\u00fcr den sie erhoben wurden, relevant sind.<\/span><\/p><p class=\"\"><strong><span class=\"\">Informationen, die wir sammeln<\/span><\/strong><\/p><p class=\"\"><span class=\"\">Wenn Sie ein Produkt oder eine Dienstleistung von uns kaufen und erhalten m\u00f6chten, m\u00fcssen wir bestimmte personenbezogene Daten erheben, um die Transaktion durchzuf\u00fchren und Ihnen unsere Dienstleistungen anzubieten. Wir k\u00f6nnen Cookies verwenden, um den Inhalt Ihres Warenkorbs zu verfolgen, w\u00e4hrend Sie unseren Webshop nutzen.<\/span><\/p><p class=\"\"><span class=\"\">Wir k\u00f6nnen Informationen wie Name, E-Mail-Adresse, Postanschrift, Lieferanschrift (falls abweichend von der Postanschrift), Telefonnummer und Zahlungsinformationen erfassen.<\/span><\/p><p class=\"\"><strong><span class=\"\">Hos Birger sammelt und verarbeitet Ihre personenbezogenen Daten, wenn Sie Folgendes tun:<\/span><\/strong><\/p><p class=\"\"><span class=\"\">- Besuchen Sie unsere Website<\/span><\/p><p class=\"\"><span class=\"\">- Kauf eines unserer Produkte<\/span><\/p><p class=\"\"><span class=\"\">- Ein Konto erstellen<\/span><\/p><p class=\"\"><span class=\"\">- Melden Sie sich f\u00fcr unseren Newsletter an<\/span><\/p><p class=\"\"><span class=\"\">- Senden Sie uns Fragen, Beschwerden oder Feedback<\/span><\/p><p class=\"\"><strong><span class=\"\">Der f\u00fcr die Datenverarbeitung Verantwortliche<\/span><\/strong><\/p><p class=\"\"><span class=\"\">Der f\u00fcr die Erhebung, Verarbeitung und Nutzung Ihrer personenbezogenen Daten Verantwortliche unter\u00a0<a class=\"\" href=\"https:\/\/hosbirger.dk\/de\/\">www.hosbirger.dk<\/a>\u00a0ist Hos Birger, Lindegade 21, 6070 Christiansfeld, CVR-Nr. 25553241<\/span><\/p><p class=\"\"><span class=\"\">Grundlage und Zweck der Verarbeitung<\/span><\/p><p class=\"\"><span class=\"\">Wir erfassen Ihre allgemeinen Kontaktinformationen wie Name und Adresse, um das von Ihnen gekaufte Produkt oder die Dienstleistung zu liefern. Wir erfassen Ihre E-Mail-Adresse, um Ihnen eine Auftragsbest\u00e4tigung und eine Lieferbest\u00e4tigung zu senden.<\/span><\/p><p class=\"\"><span class=\"\">Wenn Sie f\u00fcr Ihr Produkt oder Ihre Dienstleistung bezahlen, erfassen wir Ihren Namen, Ihre Kartendaten und Ihre IP-Adresse. Die im Zusammenhang mit der Zahlungstransaktion erhobenen Daten werden nur f\u00fcr die Zahlungsabwicklung und die Erf\u00fcllung des eingegangenen Vertrags verwendet und gespeichert. Bei der Abwicklung von Zahlungen werden einige Ihrer Daten an izettle weitergegeben, darunter auch Informationen, die f\u00fcr die Abwicklung oder Unterst\u00fctzung der Zahlung erforderlich sind, wie der Gesamtkaufbetrag und die Rechnungsdaten.<\/span><\/p><p class=\"\"><span class=\"\">Wenn Sie uns bei der Registrierung oder auf unserer Website Ihre Einwilligung gegeben haben, verwenden wir Ihre E-Mail-Adresse, um Ihnen einen Newsletter zu senden. Sie k\u00f6nnen den Newsletter jederzeit abonnieren und wieder abbestellen. Alle Newsletter enthalten auch einen Link zum Abbestellen. Wenn die Verarbeitung personenbezogener Daten auf Ihrer Einwilligung beruht, haben Sie das Recht, Ihre Einwilligung jederzeit zu widerrufen.<\/span><\/p><p class=\"\"><span class=\"\">Wenn Sie die f\u00fcr den Abschluss eines Produktkaufs erforderlichen personenbezogenen Daten nicht bereitstellen m\u00f6chten, k\u00f6nnen Sie leider keine Produkte auf unserer Website kaufen.<\/span><\/p><p class=\"\"><span class=\"\">Ihre Daten (mit Ausnahme Ihrer E-Mail-Adresse, wenn Sie in deren Verarbeitung zum Zwecke des Erhalts von Angeboten eingewilligt haben) werden sp\u00e4testens 5 Jahre, nachdem Sie Ihr Produkt oder Ihre Dienstleistung erhalten haben, gel\u00f6scht.<\/span><\/p><p class=\"\"><strong><span class=\"\">Andere Empf\u00e4nger von personenbezogenen Daten<\/span><\/strong><\/p><p class=\"\"><span class=\"\">Wir verkaufen Ihre personenbezogenen Daten nicht an Dritte und geben sie nicht an Drittl\u00e4nder weiter.<\/span><\/p><p class=\"\"><span class=\"\">Wir haben unsere Website unter\u00a0<a class=\"\" href=\"http:\/\/macadesign.dk\/\" target=\"_blank\" rel=\"nofollow noopener\">macadesign.de<\/a>\u00a0und Zahlungssystem \u00fcber izettle, das als unser Datenverarbeiter fungiert. Alle pers\u00f6nlichen Daten, die Sie auf unserer Website angeben, werden in den Datenzentren von macadesign.dk gespeichert.<\/span><\/p><p class=\"\"><span class=\"\">Wir nutzen externe Unternehmen als Lieferanten, um unsere Dienstleistungen bestm\u00f6glich zu erbringen. Diese externen Lieferanten sind Datenverarbeiter und verarbeiten in einigen F\u00e4llen personenbezogene Daten im Zusammenhang mit der Erbringung ihrer Dienstleistungen f\u00fcr uns. Unsere Datenverarbeiter verarbeiten personenbezogene Daten nur nach unseren Anweisungen und in \u00dcbereinstimmung mit den gesetzlichen Anforderungen an Datenverarbeiter.<\/span><\/p><p class=\"\"><span class=\"\">Wir haben mit unseren Datenverarbeitern Vertr\u00e4ge \u00fcber die Datenverarbeitung abgeschlossen, die uns garantieren, dass sie die geltenden Vorschriften zum Schutz Ihrer personenbezogenen Daten einhalten.<\/span><\/p><p class=\"\"><strong><span class=\"\">Ihre Rechte<\/span><\/strong><\/p><p class=\"\"><span class=\"\">Als betroffene Person haben Sie eine Reihe von Rechten, deren Einhaltung wir jederzeit gew\u00e4hrleisten m\u00fcssen. Sie haben das Recht, Folgendes von uns zu verlangen:<\/span><\/p><p class=\"\"><span class=\"\">- Zugang und Berichtigung\/\u00c4nderung Ihrer pers\u00f6nlichen Daten<\/span><\/p><p class=\"\"><span class=\"\">- Pers\u00f6nliche Daten l\u00f6schen lassen<\/span><\/p><p class=\"\"><span class=\"\">Sie haben auch das Recht, der Verarbeitung Ihrer personenbezogenen Daten zu widersprechen, und Sie haben das Recht, eine Beschwerde bei einer Datenschutzbeh\u00f6rde einzureichen.<\/span><\/p><p class=\"\"><span class=\"\">Wenn Sie nicht mehr m\u00f6chten, dass wir Ihre personenbezogenen Daten verarbeiten, oder wenn Sie m\u00f6chten, dass wir die Verarbeitung Ihrer personenbezogenen Daten einschr\u00e4nken, k\u00f6nnen Sie uns auch einen entsprechenden Antrag an unsere E-Mail-Adresse senden\u00a0<a class=\"\" href=\"mailto:birger@hosbirger.dk\">birger@hosbirger.dk<\/a>.<\/span><\/p><\/div><\/div><\/div>\t\t\t\t\t\t\t\t<\/div>\n\t\t\t\t<\/div>\n\t\t\t\t\t<\/div>\n\t\t\t\t<\/div>\n\t\t\t\t<\/div>\n\t\t\n    <div class=\"xs_social_share_widget xs_share_url after_content \t\tmain_content  wslu-style-1 wslu-share-box-shaped wslu-fill-colored wslu-none wslu-share-horizontal wslu-theme-font-no wslu-main_content\">\n\n\t\t\n        <ul>\n\t\t\t        <\/ul>\n    <\/div>","protected":false},"excerpt":{"rendered":"<p>Persondatapolitik hos Hos Birger Vi indhenter kun persondata i de tilf\u00e6lde, hvor dette skulle v\u00e6re relevant for os, og vi [&hellip;]<\/p>\n","protected":false},"author":1,"featured_media":0,"parent":0,"menu_order":0,"comment_status":"closed","ping_status":"closed","template":"","meta":{"postBodyCss":"","postBodyMargin":[],"postBodyPadding":[],"postBodyBackground":{"backgroundType":"classic","gradient":""},"site-sidebar-layout":"default","site-content-layout":"","ast-site-content-layout":"default","site-content-style":"default","site-sidebar-style":"default","ast-global-header-display":"","ast-banner-title-visibility":"","ast-main-header-display":"","ast-hfb-above-header-display":"","ast-hfb-below-header-display":"","ast-hfb-mobile-header-display":"","site-post-title":"","ast-breadcrumbs-content":"","ast-featured-img":"","footer-sml-layout":"","ast-disable-related-posts":"","theme-transparent-header-meta":"","adv-header-id-meta":"","stick-header-meta":"","header-above-stick-meta":"","header-main-stick-meta":"","header-below-stick-meta":"","astra-migrate-meta-layouts":"default","ast-page-background-enabled":"default","ast-page-background-meta":{"desktop":{"background-color":"var(--ast-global-color-5)","background-image":"","background-repeat":"repeat","background-position":"center center","background-size":"auto","background-attachment":"scroll","background-type":"","background-media":"","overlay-type":"","overlay-color":"","overlay-opacity":"","overlay-gradient":""},"tablet":{"background-color":"","background-image":"","background-repeat":"repeat","background-position":"center center","background-size":"auto","background-attachment":"scroll","background-type":"","background-media":"","overlay-type":"","overlay-color":"","overlay-opacity":"","overlay-gradient":""},"mobile":{"background-color":"","background-image":"","background-repeat":"repeat","background-position":"center center","background-size":"auto","background-attachment":"scroll","background-type":"","background-media":"","overlay-type":"","overlay-color":"","overlay-opacity":"","overlay-gradient":""}},"ast-content-background-meta":{"desktop":{"background-color":"var(--ast-global-color-4)","background-image":"","background-repeat":"repeat","background-position":"center center","background-size":"auto","background-attachment":"scroll","background-type":"","background-media":"","overlay-type":"","overlay-color":"","overlay-opacity":"","overlay-gradient":""},"tablet":{"background-color":"var(--ast-global-color-4)","background-image":"","background-repeat":"repeat","background-position":"center center","background-size":"auto","background-attachment":"scroll","background-type":"","background-media":"","overlay-type":"","overlay-color":"","overlay-opacity":"","overlay-gradient":""},"mobile":{"background-color":"var(--ast-global-color-4)","background-image":"","background-repeat":"repeat","background-position":"center center","background-size":"auto","background-attachment":"scroll","background-type":"","background-media":"","overlay-type":"","overlay-color":"","overlay-opacity":"","overlay-gradient":""}},"footnotes":""},"class_list":["post-13538","page","type-page","status-publish","hentry"],"_links":{"self":[{"href":"https:\/\/hosbirger.dk\/de\/wp-json\/wp\/v2\/pages\/13538","targetHints":{"allow":["GET"]}}],"collection":[{"href":"https:\/\/hosbirger.dk\/de\/wp-json\/wp\/v2\/pages"}],"about":[{"href":"https:\/\/hosbirger.dk\/de\/wp-json\/wp\/v2\/types\/page"}],"author":[{"embeddable":true,"href":"https:\/\/hosbirger.dk\/de\/wp-json\/wp\/v2\/users\/1"}],"replies":[{"embeddable":true,"href":"https:\/\/hosbirger.dk\/de\/wp-json\/wp\/v2\/comments?post=13538"}],"version-history":[{"count":4,"href":"https:\/\/hosbirger.dk\/de\/wp-json\/wp\/v2\/pages\/13538\/revisions"}],"predecessor-version":[{"id":13542,"href":"https:\/\/hosbirger.dk\/de\/wp-json\/wp\/v2\/pages\/13538\/revisions\/13542"}],"wp:attachment":[{"href":"https:\/\/hosbirger.dk\/de\/wp-json\/wp\/v2\/media?parent=13538"}],"curies":[{"name":"wp","href":"https:\/\/api.w.org\/{rel}","templated":true}]}}