{"id":10030,"date":"2025-07-03T16:30:26","date_gmt":"2025-07-03T14:30:26","guid":{"rendered":"https:\/\/hosbirger.dk\/?post_type=product&#038;p=10030"},"modified":"2026-02-20T11:07:39","modified_gmt":"2026-02-20T10:07:39","slug":"north-564-sweatshirt-mit-druck-schwarz-gros","status":"publish","type":"product","link":"https:\/\/hosbirger.dk\/de\/produkt\/north-564-sweatshirt-mit-druck-schwarz-gros\/","title":{"rendered":"North 56\u00b04 Sweatshirt mit Druck schwarz TALL"},"content":{"rendered":"<div class=\"xs_social_share_widget xs_share_url after_content \t\tmain_content  wslu-style-1 wslu-share-box-shaped wslu-fill-colored wslu-none wslu-share-horizontal wslu-theme-font-no wslu-main_content\">\n\n\t\t\n        <ul>\n\t\t\t        <\/ul>\n    <\/div>","protected":false},"excerpt":{"rendered":"<p>North 56\u00b04 Sweatshirt mit Druck schwarz TALL.<\/p>\n<p data-start=\"62\" data-end=\"321\">Super cooles Sweatshirt von North 56\u00b04 mit North Peak-Print - ein TALL-Modell, das speziell f\u00fcr diejenigen entwickelt wurde, die etwas gr\u00f6\u00dfer als die meisten geboren sind. Dieses Sweatshirt kombiniert einen entspannten und sportlichen Look mit hohem Komfort und einer perfekten Passform f\u00fcr gro\u00dfe M\u00e4nner.<\/p>\n<p data-start=\"323\" data-end=\"612\">Das Sweatshirt ist in einer weichen und komfortablen Qualit\u00e4t gefertigt, die sich angenehm auf der Haut anf\u00fchlt und robust genug f\u00fcr den t\u00e4glichen Gebrauch ist. Der gro\u00dfe North Peak-Print auf der Brust sorgt f\u00fcr einen modernen und maskulinen Look und macht es ideal f\u00fcr Freizeit, l\u00e4ssige Tage und einen sportlichen Alltagslook.<\/p>\n<p data-start=\"614\" data-end=\"780\">Mit seiner verl\u00e4ngerten Passform sowohl am K\u00f6rper als auch an den \u00c4rmeln ist das Modell TALL so konzipiert, dass es gro\u00dfen M\u00e4nnern optimal passt und keine zu kurzen \u00c4rmel oder zu wenig L\u00e4nge aufweist.<\/p>\n<p data-start=\"782\" data-end=\"1049\">North 56\u00b04 ist bekannt f\u00fcr eine komplette Freizeitkollektion f\u00fcr gro\u00dfe M\u00e4nner, bei der der Schwerpunkt auf guter Qualit\u00e4t, optimaler Passform und einem sportlichen, modernen Design liegt. Dieses Sweatshirt bildet da keine Ausnahme und ist eine offensichtliche Wahl f\u00fcr die Garderobe derjenigen, die Komfort und Stil kombinieren wollen.<\/p>\n<p data-start=\"1051\" data-end=\"1198\">Entdecken Sie das North 56\u00b04 print sweat shirt black TALL - perfekt f\u00fcr gro\u00dfe M\u00e4nner, die ein stylisches, l\u00e4ssiges und funktionelles Teil f\u00fcr den Alltag suchen.<\/p>\n<p>100% Baumwolle<\/p>\n<p>Waschen: 40\u00b0.<\/p>\n<p>Kostenloser Versand bei einem Einkauf \u00fcber \u20ac100,-<\/p>","protected":false},"featured_media":10051,"comment_status":"open","ping_status":"closed","template":"","meta":{"postBodyCss":"","postBodyMargin":[],"postBodyPadding":[],"postBodyBackground":{"backgroundType":"classic","gradient":""},"site-sidebar-layout":"default","site-content-layout":"default","ast-site-content-layout":"default","site-content-style":"default","site-sidebar-style":"default","ast-global-header-display":"","ast-banner-title-visibility":"","ast-main-header-display":"","ast-hfb-above-header-display":"","ast-hfb-below-header-display":"","ast-hfb-mobile-header-display":"","site-post-title":"","ast-breadcrumbs-content":"","ast-featured-img":"","footer-sml-layout":"","ast-disable-related-posts":"","theme-transparent-header-meta":"default","adv-header-id-meta":"","stick-header-meta":"","header-above-stick-meta":"","header-main-stick-meta":"","header-below-stick-meta":"","astra-migrate-meta-layouts":"set","ast-page-background-enabled":"default","ast-page-background-meta":{"desktop":{"background-color":"var(--ast-global-color-5)","background-image":"","background-repeat":"repeat","background-position":"center center","background-size":"auto","background-attachment":"scroll","background-type":"","background-media":"","overlay-type":"","overlay-color":"","overlay-opacity":"","overlay-gradient":""},"tablet":{"background-color":"","background-image":"","background-repeat":"repeat","background-position":"center center","background-size":"auto","background-attachment":"scroll","background-type":"","background-media":"","overlay-type":"","overlay-color":"","overlay-opacity":"","overlay-gradient":""},"mobile":{"background-color":"","background-image":"","background-repeat":"repeat","background-position":"center center","background-size":"auto","background-attachment":"scroll","background-type":"","background-media":"","overlay-type":"","overlay-color":"","overlay-opacity":"","overlay-gradient":""}},"ast-content-background-meta":{"desktop":{"background-color":"var(--ast-global-color-4)","background-image":"","background-repeat":"repeat","background-position":"center center","background-size":"auto","background-attachment":"scroll","background-type":"","background-media":"","overlay-type":"","overlay-color":"","overlay-opacity":"","overlay-gradient":""},"tablet":{"background-color":"var(--ast-global-color-4)","background-image":"","background-repeat":"repeat","background-position":"center center","background-size":"auto","background-attachment":"scroll","background-type":"","background-media":"","overlay-type":"","overlay-color":"","overlay-opacity":"","overlay-gradient":""},"mobile":{"background-color":"var(--ast-global-color-4)","background-image":"","background-repeat":"repeat","background-position":"center center","background-size":"auto","background-attachment":"scroll","background-type":"","background-media":"","overlay-type":"","overlay-color":"","overlay-opacity":"","overlay-gradient":""}}},"product_brand":[],"product_cat":[85,200],"product_tag":[],"class_list":{"0":"post-10030","1":"product","2":"type-product","3":"status-publish","4":"has-post-thumbnail","6":"product_cat-tall","7":"product_cat-outlet-tall","8":"desktop-align-center","9":"tablet-align-left","10":"mobile-align-left","11":"ast-product-gallery-layout-horizontal-slider","12":"ast-product-gallery-with-no-image","13":"ast-product-single-variable","14":"ast-product-tabs-layout-horizontal","16":"first","17":"instock","18":"sale","19":"taxable","20":"shipping-taxable","21":"purchasable","22":"product-type-variable"},"_links":{"self":[{"href":"https:\/\/hosbirger.dk\/de\/wp-json\/wp\/v2\/product\/10030","targetHints":{"allow":["GET"]}}],"collection":[{"href":"https:\/\/hosbirger.dk\/de\/wp-json\/wp\/v2\/product"}],"about":[{"href":"https:\/\/hosbirger.dk\/de\/wp-json\/wp\/v2\/types\/product"}],"replies":[{"embeddable":true,"href":"https:\/\/hosbirger.dk\/de\/wp-json\/wp\/v2\/comments?post=10030"}],"wp:featuredmedia":[{"embeddable":true,"href":"https:\/\/hosbirger.dk\/de\/wp-json\/wp\/v2\/media\/10051"}],"wp:attachment":[{"href":"https:\/\/hosbirger.dk\/de\/wp-json\/wp\/v2\/media?parent=10030"}],"wp:term":[{"taxonomy":"product_brand","embeddable":true,"href":"https:\/\/hosbirger.dk\/de\/wp-json\/wp\/v2\/product_brand?post=10030"},{"taxonomy":"product_cat","embeddable":true,"href":"https:\/\/hosbirger.dk\/de\/wp-json\/wp\/v2\/product_cat?post=10030"},{"taxonomy":"product_tag","embeddable":true,"href":"https:\/\/hosbirger.dk\/de\/wp-json\/wp\/v2\/product_tag?post=10030"}],"curies":[{"name":"wp","href":"https:\/\/api.w.org\/{rel}","templated":true}]}}