{"id":10272,"date":"2025-07-03T16:31:41","date_gmt":"2025-07-03T14:31:41","guid":{"rendered":"https:\/\/hosbirger.dk\/?post_type=product&#038;p=10272"},"modified":"2026-01-18T06:39:12","modified_gmt":"2026-01-18T05:39:12","slug":"philipson-lederhandschuhe-mit-knopf-spaend-braun","status":"publish","type":"product","link":"https:\/\/hosbirger.dk\/de\/produkt\/philipson-lederhandschuhe-mit-knopf-spaend-braun\/","title":{"rendered":"Philipson Lederhandschuhe mit Knopfschnalle braun"},"content":{"rendered":"<div class=\"xs_social_share_widget xs_share_url after_content \t\tmain_content  wslu-style-1 wslu-share-box-shaped wslu-fill-colored wslu-none wslu-share-horizontal wslu-theme-font-no wslu-main_content\">\n\n\t\t\n        <ul>\n\t\t\t        <\/ul>\n    <\/div>","protected":false},"excerpt":{"rendered":"<p>Philipson Lederhandschuhe mit Knopfschnalle braun<\/p>\n<p data-start=\"62\" data-end=\"311\">Albert Philipson Lederhandschuhe in Braun - elegante und funktionelle Handschuhe, die klassisches Design mit hohem Komfort verbinden. Diese Handschuhe sind aus weichem und geschmeidigem Lammleder gefertigt, das sich luxuri\u00f6s anf\u00fchlt und einen raffinierten Look bietet.<\/p>\n<p data-start=\"313\" data-end=\"608\">Die Handschuhe sind mit einer praktischen Druckknopfschnalle am Handgelenk ausgestattet, die f\u00fcr einen festen und verstellbaren Sitz sorgt. Innen sind sie mit 3M Thinsulate gef\u00fcttert, einem leichten und isolierenden Material, das die H\u00e4nde auch an den k\u00e4ltesten Wintertagen warm h\u00e4lt - ohne sich schwer oder sperrig anzuf\u00fchlen.<\/p>\n<p data-start=\"610\" data-end=\"824\">Das zeitlose Design macht diese Lederhandschuhe sowohl f\u00fcr den Alltag als auch f\u00fcr formellere Anl\u00e4sse geeignet. Sie k\u00f6nnen mit einem Mantel, einer Jacke oder einem Blazer getragen werden und verleihen Ihrem Winteroutfit immer einen eleganten Touch.<\/p>\n<p data-start=\"826\" data-end=\"967\">Die Lederhandschuhe von Albert Philipson sind eine gute Wahl f\u00fcr M\u00e4nner, die ein Paar Handschuhe suchen, das Stil, W\u00e4rme und Funktionalit\u00e4t in sich vereint.<\/p>\n<p>Kostenloser Versand bei einem Einkauf \u00fcber \u20ac100,-<\/p>","protected":false},"featured_media":10298,"comment_status":"open","ping_status":"closed","template":"","meta":{"postBodyCss":"","postBodyMargin":[],"postBodyPadding":[],"postBodyBackground":{"backgroundType":"classic","gradient":""},"site-sidebar-layout":"default","site-content-layout":"default","ast-site-content-layout":"default","site-content-style":"default","site-sidebar-style":"default","ast-global-header-display":"","ast-banner-title-visibility":"","ast-main-header-display":"","ast-hfb-above-header-display":"","ast-hfb-below-header-display":"","ast-hfb-mobile-header-display":"","site-post-title":"","ast-breadcrumbs-content":"","ast-featured-img":"","footer-sml-layout":"","ast-disable-related-posts":"","theme-transparent-header-meta":"default","adv-header-id-meta":"","stick-header-meta":"","header-above-stick-meta":"","header-main-stick-meta":"","header-below-stick-meta":"","astra-migrate-meta-layouts":"set","ast-page-background-enabled":"default","ast-page-background-meta":{"desktop":{"background-color":"var(--ast-global-color-5)","background-image":"","background-repeat":"repeat","background-position":"center center","background-size":"auto","background-attachment":"scroll","background-type":"","background-media":"","overlay-type":"","overlay-color":"","overlay-opacity":"","overlay-gradient":""},"tablet":{"background-color":"","background-image":"","background-repeat":"repeat","background-position":"center center","background-size":"auto","background-attachment":"scroll","background-type":"","background-media":"","overlay-type":"","overlay-color":"","overlay-opacity":"","overlay-gradient":""},"mobile":{"background-color":"","background-image":"","background-repeat":"repeat","background-position":"center center","background-size":"auto","background-attachment":"scroll","background-type":"","background-media":"","overlay-type":"","overlay-color":"","overlay-opacity":"","overlay-gradient":""}},"ast-content-background-meta":{"desktop":{"background-color":"var(--ast-global-color-4)","background-image":"","background-repeat":"repeat","background-position":"center center","background-size":"auto","background-attachment":"scroll","background-type":"","background-media":"","overlay-type":"","overlay-color":"","overlay-opacity":"","overlay-gradient":""},"tablet":{"background-color":"var(--ast-global-color-4)","background-image":"","background-repeat":"repeat","background-position":"center center","background-size":"auto","background-attachment":"scroll","background-type":"","background-media":"","overlay-type":"","overlay-color":"","overlay-opacity":"","overlay-gradient":""},"mobile":{"background-color":"var(--ast-global-color-4)","background-image":"","background-repeat":"repeat","background-position":"center center","background-size":"auto","background-attachment":"scroll","background-type":"","background-media":"","overlay-type":"","overlay-color":"","overlay-opacity":"","overlay-gradient":""}}},"product_brand":[],"product_cat":[21,81,125],"product_tag":[],"class_list":{"0":"post-10272","1":"product","2":"type-product","3":"status-publish","4":"has-post-thumbnail","6":"product_cat-alle-varer","7":"product_cat-halstoerklaeder-handsker","8":"product_cat-jbs","9":"desktop-align-center","10":"tablet-align-left","11":"mobile-align-left","12":"ast-product-gallery-layout-horizontal-slider","13":"ast-product-gallery-with-no-image","14":"ast-product-single-variable","15":"ast-product-tabs-layout-horizontal","17":"first","18":"instock","19":"taxable","20":"shipping-taxable","21":"purchasable","22":"product-type-variable"},"_links":{"self":[{"href":"https:\/\/hosbirger.dk\/de\/wp-json\/wp\/v2\/product\/10272","targetHints":{"allow":["GET"]}}],"collection":[{"href":"https:\/\/hosbirger.dk\/de\/wp-json\/wp\/v2\/product"}],"about":[{"href":"https:\/\/hosbirger.dk\/de\/wp-json\/wp\/v2\/types\/product"}],"replies":[{"embeddable":true,"href":"https:\/\/hosbirger.dk\/de\/wp-json\/wp\/v2\/comments?post=10272"}],"wp:featuredmedia":[{"embeddable":true,"href":"https:\/\/hosbirger.dk\/de\/wp-json\/wp\/v2\/media\/10298"}],"wp:attachment":[{"href":"https:\/\/hosbirger.dk\/de\/wp-json\/wp\/v2\/media?parent=10272"}],"wp:term":[{"taxonomy":"product_brand","embeddable":true,"href":"https:\/\/hosbirger.dk\/de\/wp-json\/wp\/v2\/product_brand?post=10272"},{"taxonomy":"product_cat","embeddable":true,"href":"https:\/\/hosbirger.dk\/de\/wp-json\/wp\/v2\/product_cat?post=10272"},{"taxonomy":"product_tag","embeddable":true,"href":"https:\/\/hosbirger.dk\/de\/wp-json\/wp\/v2\/product_tag?post=10272"}],"curies":[{"name":"wp","href":"https:\/\/api.w.org\/{rel}","templated":true}]}}