{"id":11177,"date":"2025-07-03T16:35:28","date_gmt":"2025-07-03T14:35:28","guid":{"rendered":"https:\/\/hosbirger.dk\/?post_type=product&#038;p=11177"},"modified":"2026-01-18T06:37:53","modified_gmt":"2026-01-18T05:37:53","slug":"sunwill-chinos-super-stretch-fit-chinos-tabacco","status":"publish","type":"product","link":"https:\/\/hosbirger.dk\/de\/produkt\/sunwill-chinos-super-stretch-fit-chinos-tabacco\/","title":{"rendered":"Sunwill Chinohose Super Stretch Passform Tabacco"},"content":{"rendered":"<div class=\"xs_social_share_widget xs_share_url after_content \t\tmain_content  wslu-style-1 wslu-share-box-shaped wslu-fill-colored wslu-none wslu-share-horizontal wslu-theme-font-no wslu-main_content\">\n\n\t\t\n        <ul>\n\t\t\t        <\/ul>\n    <\/div>","protected":false},"excerpt":{"rendered":"<p>Sunwill Chinos Super Stretch Passform<br \/>\nWOLLHOSE IN TAILLIERTER PASSFORM<br \/>\nBei dieser klassischen Herrenhose stehen Qualit\u00e4t, Komfort und Design an erster Stelle. Diese Stretch-Hose ist extrem elastisch und angenehm zu tragen, so dass Sie sich den ganzen Tag lang wohlf\u00fchlen k\u00f6nnen. Die Hose ist mit einem feinen dunkelblauen Faden und eleganten Kn\u00f6pfen in br\u00e4unlichen T\u00f6nen versehen, die f\u00fcr einen stilvollen und maskulinen Look sorgen. Die eleganten und stilvollen Details sind der letzte Schliff, der Ihr Outfit vervollst\u00e4ndigt. Die Hose ist der perfekte Begleiter f\u00fcr festliche Anl\u00e4sse, kann aber auch im Alltag getragen werden.<\/p>\n<p>Diese Sunwill-Chinos sind die perfekte Wahl sowohl f\u00fcr den Alltag als auch f\u00fcr festliche Anl\u00e4sse. Die Extreme Flexibility-Qualit\u00e4t sorgt f\u00fcr ganzt\u00e4gigen Komfort.<br \/>\nBei dieser klassischen Herrenhose stehen Qualit\u00e4t, Komfort und Design an erster Stelle.<br \/>\nHose in Fitted Fit<br \/>\nSuper Stretch<br \/>\nRecyceltes Polyester<\/p>\n<p>52% Polyester (recycelt) \/ 43% Wolle \/ 5% Elastan<\/p>\n<p>Waschen: 40\u00b0.<\/p>\n<p>Jacke, Weste und Hose k\u00f6nnen in der gleichen Farbe gekauft werden.<\/p>\n<p>Kostenloser Versand bei einem Einkauf \u00fcber \u20ac100,-<\/p>","protected":false},"featured_media":11178,"comment_status":"open","ping_status":"closed","template":"","meta":{"postBodyCss":"","postBodyMargin":[],"postBodyPadding":[],"postBodyBackground":{"backgroundType":"classic","gradient":""},"site-sidebar-layout":"default","site-content-layout":"","ast-site-content-layout":"default","site-content-style":"default","site-sidebar-style":"default","ast-global-header-display":"","ast-banner-title-visibility":"","ast-main-header-display":"","ast-hfb-above-header-display":"","ast-hfb-below-header-display":"","ast-hfb-mobile-header-display":"","site-post-title":"","ast-breadcrumbs-content":"","ast-featured-img":"","footer-sml-layout":"","ast-disable-related-posts":"","theme-transparent-header-meta":"default","adv-header-id-meta":"","stick-header-meta":"","header-above-stick-meta":"","header-main-stick-meta":"","header-below-stick-meta":"","astra-migrate-meta-layouts":"set","ast-page-background-enabled":"default","ast-page-background-meta":{"desktop":{"background-color":"var(--ast-global-color-5)","background-image":"","background-repeat":"repeat","background-position":"center center","background-size":"auto","background-attachment":"scroll","background-type":"","background-media":"","overlay-type":"","overlay-color":"","overlay-opacity":"","overlay-gradient":""},"tablet":{"background-color":"","background-image":"","background-repeat":"repeat","background-position":"center center","background-size":"auto","background-attachment":"scroll","background-type":"","background-media":"","overlay-type":"","overlay-color":"","overlay-opacity":"","overlay-gradient":""},"mobile":{"background-color":"","background-image":"","background-repeat":"repeat","background-position":"center center","background-size":"auto","background-attachment":"scroll","background-type":"","background-media":"","overlay-type":"","overlay-color":"","overlay-opacity":"","overlay-gradient":""}},"ast-content-background-meta":{"desktop":{"background-color":"var(--ast-global-color-4)","background-image":"","background-repeat":"repeat","background-position":"center center","background-size":"auto","background-attachment":"scroll","background-type":"","background-media":"","overlay-type":"","overlay-color":"","overlay-opacity":"","overlay-gradient":""},"tablet":{"background-color":"var(--ast-global-color-4)","background-image":"","background-repeat":"repeat","background-position":"center center","background-size":"auto","background-attachment":"scroll","background-type":"","background-media":"","overlay-type":"","overlay-color":"","overlay-opacity":"","overlay-gradient":""},"mobile":{"background-color":"var(--ast-global-color-4)","background-image":"","background-repeat":"repeat","background-position":"center center","background-size":"auto","background-attachment":"scroll","background-type":"","background-media":"","overlay-type":"","overlay-color":"","overlay-opacity":"","overlay-gradient":""}}},"product_brand":[],"product_cat":[21,41,43],"product_tag":[],"class_list":{"0":"post-11177","1":"product","2":"type-product","3":"status-publish","4":"has-post-thumbnail","6":"product_cat-alle-varer","7":"product_cat-bukser","8":"product_cat-sunwill","9":"desktop-align-center","10":"tablet-align-left","11":"mobile-align-left","12":"ast-product-gallery-layout-horizontal-slider","13":"ast-product-single-variable","14":"ast-product-tabs-layout-horizontal","16":"first","17":"instock","18":"taxable","19":"shipping-taxable","20":"purchasable","21":"product-type-variable"},"_links":{"self":[{"href":"https:\/\/hosbirger.dk\/de\/wp-json\/wp\/v2\/product\/11177","targetHints":{"allow":["GET"]}}],"collection":[{"href":"https:\/\/hosbirger.dk\/de\/wp-json\/wp\/v2\/product"}],"about":[{"href":"https:\/\/hosbirger.dk\/de\/wp-json\/wp\/v2\/types\/product"}],"replies":[{"embeddable":true,"href":"https:\/\/hosbirger.dk\/de\/wp-json\/wp\/v2\/comments?post=11177"}],"wp:featuredmedia":[{"embeddable":true,"href":"https:\/\/hosbirger.dk\/de\/wp-json\/wp\/v2\/media\/11178"}],"wp:attachment":[{"href":"https:\/\/hosbirger.dk\/de\/wp-json\/wp\/v2\/media?parent=11177"}],"wp:term":[{"taxonomy":"product_brand","embeddable":true,"href":"https:\/\/hosbirger.dk\/de\/wp-json\/wp\/v2\/product_brand?post=11177"},{"taxonomy":"product_cat","embeddable":true,"href":"https:\/\/hosbirger.dk\/de\/wp-json\/wp\/v2\/product_cat?post=11177"},{"taxonomy":"product_tag","embeddable":true,"href":"https:\/\/hosbirger.dk\/de\/wp-json\/wp\/v2\/product_tag?post=11177"}],"curies":[{"name":"wp","href":"https:\/\/api.w.org\/{rel}","templated":true}]}}