{"id":11311,"date":"2025-07-03T16:36:06","date_gmt":"2025-07-03T14:36:06","guid":{"rendered":"https:\/\/hosbirger.dk\/?post_type=product&#038;p=11311"},"modified":"2026-02-19T13:44:02","modified_gmt":"2026-02-19T12:44:02","slug":"casa-moda-hemd-comfort-fit-kurz-aermer-sommer-moenster-roed-beige","status":"publish","type":"product","link":"https:\/\/hosbirger.dk\/de\/produkt\/casa-moda-hemd-comfort-fit-kurz-aermer-sommer-moenster-roed-beige\/","title":{"rendered":"Casa Moda Hemd Comfort Fit Kurzarm Sommermuster rot, beige"},"content":{"rendered":"<div class=\"xs_social_share_widget xs_share_url after_content \t\tmain_content  wslu-style-1 wslu-share-box-shaped wslu-fill-colored wslu-none wslu-share-horizontal wslu-theme-font-no wslu-main_content\">\n\n\t\t\n        <ul>\n\t\t\t        <\/ul>\n    <\/div>","protected":false},"excerpt":{"rendered":"<p data-start=\"60\" data-end=\"480\">Casa Moda Hemd Comfort Fit Kurzarm Sommermuster rot, beige.<\/p>\n<p data-start=\"60\" data-end=\"480\">Dieses Hemd wurde f\u00fcr M\u00e4nner entworfen, die eine Kombination aus Komfort, Qualit\u00e4t und Stil w\u00fcnschen. Es ist aus 100% reiner Baumwolle gefertigt, wodurch es weich, atmungsaktiv und angenehm zu tragen ist - auch an hei\u00dfen Sommertagen. Der bequeme Comfort Fit-Schnitt sorgt f\u00fcr eine entspannte Passform, die Bewegungsfreiheit erm\u00f6glicht, ohne zu locker zu sitzen.<\/p>\n<p data-start=\"482\" data-end=\"751\">Das feine Sommermuster in Rot und Beige sorgt f\u00fcr einen frischen und modischen Look, der das Hemd sowohl f\u00fcr die Freizeit als auch f\u00fcr den Beruf geeignet macht. Das Muster ist elegant und dezent, so dass es zu vielen Anl\u00e4ssen gestylt werden kann, ohne zu sehr aufzufallen.<\/p>\n<p data-start=\"753\" data-end=\"967\">Das Hemd von Casa Moda ist vielseitig und kann auf verschiedene Weise getragen werden: Kombinieren Sie es mit einer sch\u00f6nen Hose und einer Krawatte f\u00fcr einen eleganten Business-Look oder tragen Sie es mit farblich abgestimmten Chinos oder Shorts f\u00fcr ein l\u00e4ssiges Sommeroutfit.<\/p>\n<p data-start=\"969\" data-end=\"1274\">Dank seiner hohen Qualit\u00e4t und zeitlosen Details ist dieses kurz\u00e4rmelige Hemd ein unverzichtbares Kleidungsst\u00fcck f\u00fcr M\u00e4nner, die gut gekleidet sein wollen, ohne auf Komfort zu verzichten. Mit Casa Moda erhalten Sie ein Hemd, das Sie im B\u00fcro, auf Sommerpartys und an l\u00e4ssigen Tagen tragen k\u00f6nnen<\/p>\n<p>100% Baumwolle<\/p>\n<p>Waschen: 40\u00b0.<\/p>\n<p>Kostenloser Versand bei einem Einkauf \u00fcber \u20ac100,-<\/p>","protected":false},"featured_media":11325,"comment_status":"open","ping_status":"closed","template":"","meta":{"postBodyCss":"","postBodyMargin":[],"postBodyPadding":[],"postBodyBackground":{"backgroundType":"classic","gradient":""},"site-sidebar-layout":"default","site-content-layout":"default","ast-site-content-layout":"default","site-content-style":"default","site-sidebar-style":"default","ast-global-header-display":"","ast-banner-title-visibility":"","ast-main-header-display":"","ast-hfb-above-header-display":"","ast-hfb-below-header-display":"","ast-hfb-mobile-header-display":"","site-post-title":"","ast-breadcrumbs-content":"","ast-featured-img":"","footer-sml-layout":"","ast-disable-related-posts":"","theme-transparent-header-meta":"default","adv-header-id-meta":"","stick-header-meta":"","header-above-stick-meta":"","header-main-stick-meta":"","header-below-stick-meta":"","astra-migrate-meta-layouts":"set","ast-page-background-enabled":"default","ast-page-background-meta":{"desktop":{"background-color":"var(--ast-global-color-5)","background-image":"","background-repeat":"repeat","background-position":"center center","background-size":"auto","background-attachment":"scroll","background-type":"","background-media":"","overlay-type":"","overlay-color":"","overlay-opacity":"","overlay-gradient":""},"tablet":{"background-color":"","background-image":"","background-repeat":"repeat","background-position":"center center","background-size":"auto","background-attachment":"scroll","background-type":"","background-media":"","overlay-type":"","overlay-color":"","overlay-opacity":"","overlay-gradient":""},"mobile":{"background-color":"","background-image":"","background-repeat":"repeat","background-position":"center center","background-size":"auto","background-attachment":"scroll","background-type":"","background-media":"","overlay-type":"","overlay-color":"","overlay-opacity":"","overlay-gradient":""}},"ast-content-background-meta":{"desktop":{"background-color":"var(--ast-global-color-4)","background-image":"","background-repeat":"repeat","background-position":"center center","background-size":"auto","background-attachment":"scroll","background-type":"","background-media":"","overlay-type":"","overlay-color":"","overlay-opacity":"","overlay-gradient":""},"tablet":{"background-color":"var(--ast-global-color-4)","background-image":"","background-repeat":"repeat","background-position":"center center","background-size":"auto","background-attachment":"scroll","background-type":"","background-media":"","overlay-type":"","overlay-color":"","overlay-opacity":"","overlay-gradient":""},"mobile":{"background-color":"var(--ast-global-color-4)","background-image":"","background-repeat":"repeat","background-position":"center center","background-size":"auto","background-attachment":"scroll","background-type":"","background-media":"","overlay-type":"","overlay-color":"","overlay-opacity":"","overlay-gradient":""}}},"product_brand":[],"product_cat":[64,20],"product_tag":[],"class_list":{"0":"post-11311","1":"product","2":"type-product","3":"status-publish","4":"has-post-thumbnail","6":"product_cat-casa-moda","7":"product_cat-outlet","8":"desktop-align-center","9":"tablet-align-left","10":"mobile-align-left","11":"ast-product-gallery-layout-horizontal-slider","12":"ast-product-single-variable","13":"ast-product-tabs-layout-horizontal","15":"first","16":"instock","17":"sale","18":"taxable","19":"shipping-taxable","20":"purchasable","21":"product-type-variable"},"_links":{"self":[{"href":"https:\/\/hosbirger.dk\/de\/wp-json\/wp\/v2\/product\/11311","targetHints":{"allow":["GET"]}}],"collection":[{"href":"https:\/\/hosbirger.dk\/de\/wp-json\/wp\/v2\/product"}],"about":[{"href":"https:\/\/hosbirger.dk\/de\/wp-json\/wp\/v2\/types\/product"}],"replies":[{"embeddable":true,"href":"https:\/\/hosbirger.dk\/de\/wp-json\/wp\/v2\/comments?post=11311"}],"wp:featuredmedia":[{"embeddable":true,"href":"https:\/\/hosbirger.dk\/de\/wp-json\/wp\/v2\/media\/11325"}],"wp:attachment":[{"href":"https:\/\/hosbirger.dk\/de\/wp-json\/wp\/v2\/media?parent=11311"}],"wp:term":[{"taxonomy":"product_brand","embeddable":true,"href":"https:\/\/hosbirger.dk\/de\/wp-json\/wp\/v2\/product_brand?post=11311"},{"taxonomy":"product_cat","embeddable":true,"href":"https:\/\/hosbirger.dk\/de\/wp-json\/wp\/v2\/product_cat?post=11311"},{"taxonomy":"product_tag","embeddable":true,"href":"https:\/\/hosbirger.dk\/de\/wp-json\/wp\/v2\/product_tag?post=11311"}],"curies":[{"name":"wp","href":"https:\/\/api.w.org\/{rel}","templated":true}]}}