{"id":1176,"date":"2025-07-03T09:41:50","date_gmt":"2025-07-03T07:41:50","guid":{"rendered":"https:\/\/hosbirger.dk\/?post_type=product&#038;p=1176"},"modified":"2026-04-07T14:20:08","modified_gmt":"2026-04-07T12:20:08","slug":"sunwill-regular-fit-jeans-dunkelblau","status":"publish","type":"product","link":"https:\/\/hosbirger.dk\/de\/produkt\/sunwill-regular-fit-jeans-dunkelblau\/","title":{"rendered":"Sunwill Regular Fit Jeans Dunkelblau"},"content":{"rendered":"<div class=\"xs_social_share_widget xs_share_url after_content \t\tmain_content  wslu-style-1 wslu-share-box-shaped wslu-fill-colored wslu-none wslu-share-horizontal wslu-theme-font-no wslu-main_content\">\n\n\t\t\n        <ul>\n\t\t\t        <\/ul>\n    <\/div>","protected":false},"excerpt":{"rendered":"<p>Sunwill Regular Fit Jeans Dunkelblau<\/p>\n<h2 class=\"block__title\">REGULAR FIT JEANS<\/h2>\n<p class=\"block__description\">Diese Jeans mit normaler Passform ist ein modernes Paar Jeans, das nie aus der Mode kommt und ein Grundnahrungsmittel im Kleiderschrank ist. W\u00e4hrend diese Jeans definitiv ein modernes Upgrade ist, hat sie immer noch alle Details, die eine Jeans auszeichnen. Die N\u00e4hte sind zweifarbig und der Hosenschlitz mit Rei\u00dfverschluss, die Jeanstaschen und die M\u00fcnztaschen sind im urspr\u00fcnglichen und vertrauten Denim-Look gehalten. Diese Jeans ist sehr angenehm zu tragen, denn sie ist \u00e4u\u00dferst bequem. Dank des eingearbeiteten Stretchanteils kann man sie den ganzen Tag lang tragen und m\u00f6chte sie auch am n\u00e4chsten Morgen noch anziehen.<\/p>\n<p>Die Regular-Fit-Jeans von Sunwill sind eine moderne Variante der Grundgarderobe, die nie aus der Mode kommt.<br \/>\nNormale Passform<br \/>\nKlassischer Jeans-Look<br \/>\nN\u00e4hte in 2 verschiedenen Farben, um den urspr\u00fcnglichen Jeans-Look zu unterst\u00fctzen<br \/>\nDer Stretch-Anteil sorgt f\u00fcr Komfort und eine perfekte Passform.<br \/>\nVorderseite mit Jeanstaschen und einer M\u00fcnztasche<br \/>\nKlassische aufgesetzte Taschen auf der R\u00fcckseite der Jeans.<br \/>\nDie Hose wird mit einem Rei\u00dfverschluss geschlossen.<\/p>\n<p>99% Baumwolle \/ 1% Elastan<\/p>\n<p>Waschen: 40\u00b0 von innen nach au\u00dfen<\/p>\n<p>Kostenloser Versand bei einem Einkauf \u00fcber \u20ac100,-<\/p>","protected":false},"featured_media":1197,"comment_status":"open","ping_status":"closed","template":"","meta":{"postBodyCss":"","postBodyMargin":[],"postBodyPadding":[],"postBodyBackground":{"backgroundType":"classic","gradient":""},"site-sidebar-layout":"default","site-content-layout":"default","ast-site-content-layout":"default","site-content-style":"default","site-sidebar-style":"default","ast-global-header-display":"","ast-banner-title-visibility":"","ast-main-header-display":"","ast-hfb-above-header-display":"","ast-hfb-below-header-display":"","ast-hfb-mobile-header-display":"","site-post-title":"","ast-breadcrumbs-content":"","ast-featured-img":"","footer-sml-layout":"","ast-disable-related-posts":"","theme-transparent-header-meta":"default","adv-header-id-meta":"","stick-header-meta":"","header-above-stick-meta":"","header-main-stick-meta":"","header-below-stick-meta":"","astra-migrate-meta-layouts":"set","ast-page-background-enabled":"default","ast-page-background-meta":{"desktop":{"background-color":"var(--ast-global-color-5)","background-image":"","background-repeat":"repeat","background-position":"center center","background-size":"auto","background-attachment":"scroll","background-type":"","background-media":"","overlay-type":"","overlay-color":"","overlay-opacity":"","overlay-gradient":""},"tablet":{"background-color":"","background-image":"","background-repeat":"repeat","background-position":"center center","background-size":"auto","background-attachment":"scroll","background-type":"","background-media":"","overlay-type":"","overlay-color":"","overlay-opacity":"","overlay-gradient":""},"mobile":{"background-color":"","background-image":"","background-repeat":"repeat","background-position":"center center","background-size":"auto","background-attachment":"scroll","background-type":"","background-media":"","overlay-type":"","overlay-color":"","overlay-opacity":"","overlay-gradient":""}},"ast-content-background-meta":{"desktop":{"background-color":"var(--ast-global-color-4)","background-image":"","background-repeat":"repeat","background-position":"center center","background-size":"auto","background-attachment":"scroll","background-type":"","background-media":"","overlay-type":"","overlay-color":"","overlay-opacity":"","overlay-gradient":""},"tablet":{"background-color":"var(--ast-global-color-4)","background-image":"","background-repeat":"repeat","background-position":"center center","background-size":"auto","background-attachment":"scroll","background-type":"","background-media":"","overlay-type":"","overlay-color":"","overlay-opacity":"","overlay-gradient":""},"mobile":{"background-color":"var(--ast-global-color-4)","background-image":"","background-repeat":"repeat","background-position":"center center","background-size":"auto","background-attachment":"scroll","background-type":"","background-media":"","overlay-type":"","overlay-color":"","overlay-opacity":"","overlay-gradient":""}}},"product_brand":[],"product_cat":[21,41,43],"product_tag":[],"class_list":{"0":"post-1176","1":"product","2":"type-product","3":"status-publish","4":"has-post-thumbnail","6":"product_cat-alle-varer","7":"product_cat-bukser","8":"product_cat-sunwill","9":"desktop-align-center","10":"tablet-align-left","11":"mobile-align-left","12":"ast-product-gallery-layout-horizontal-slider","13":"ast-product-single-variable","14":"ast-product-tabs-layout-horizontal","16":"first","17":"instock","18":"taxable","19":"shipping-taxable","20":"purchasable","21":"product-type-variable"},"_links":{"self":[{"href":"https:\/\/hosbirger.dk\/de\/wp-json\/wp\/v2\/product\/1176","targetHints":{"allow":["GET"]}}],"collection":[{"href":"https:\/\/hosbirger.dk\/de\/wp-json\/wp\/v2\/product"}],"about":[{"href":"https:\/\/hosbirger.dk\/de\/wp-json\/wp\/v2\/types\/product"}],"replies":[{"embeddable":true,"href":"https:\/\/hosbirger.dk\/de\/wp-json\/wp\/v2\/comments?post=1176"}],"wp:featuredmedia":[{"embeddable":true,"href":"https:\/\/hosbirger.dk\/de\/wp-json\/wp\/v2\/media\/1197"}],"wp:attachment":[{"href":"https:\/\/hosbirger.dk\/de\/wp-json\/wp\/v2\/media?parent=1176"}],"wp:term":[{"taxonomy":"product_brand","embeddable":true,"href":"https:\/\/hosbirger.dk\/de\/wp-json\/wp\/v2\/product_brand?post=1176"},{"taxonomy":"product_cat","embeddable":true,"href":"https:\/\/hosbirger.dk\/de\/wp-json\/wp\/v2\/product_cat?post=1176"},{"taxonomy":"product_tag","embeddable":true,"href":"https:\/\/hosbirger.dk\/de\/wp-json\/wp\/v2\/product_tag?post=1176"}],"curies":[{"name":"wp","href":"https:\/\/api.w.org\/{rel}","templated":true}]}}