{"id":12016,"date":"2025-07-03T16:38:41","date_gmt":"2025-07-03T14:38:41","guid":{"rendered":"https:\/\/hosbirger.dk\/?post_type=product&#038;p=12016"},"modified":"2026-04-09T16:01:54","modified_gmt":"2026-04-09T14:01:54","slug":"kompass-klassische-jeans-modell-genova-blau-getragen","status":"publish","type":"product","link":"https:\/\/hosbirger.dk\/de\/produkt\/kompass-klassische-jeans-modell-genova-blau-getragen\/","title":{"rendered":"Compass Classic Jeans Modell Genova blau getragen"},"content":{"rendered":"<div class=\"xs_social_share_widget xs_share_url after_content \t\tmain_content  wslu-style-1 wslu-share-box-shaped wslu-fill-colored wslu-none wslu-share-horizontal wslu-theme-font-no wslu-main_content\">\n\n\t\t\n        <ul>\n\t\t\t        <\/ul>\n    <\/div>","protected":false},"excerpt":{"rendered":"<p data-start=\"62\" data-end=\"442\">Compass Classic Jeans Modell Genova blau getragen - ein modernes und bequemes Paar Jeans, die Stil und Funktionalit\u00e4t kombinieren. Diese Jeans ist aus einem hochwertigen Stretch-Stoff gefertigt, der f\u00fcr eine bequeme Passform und Bewegungsfreiheit den ganzen Tag \u00fcber sorgt. Die Rinse-Tasche sorgt f\u00fcr einen entspannten und nat\u00fcrlich abgenutzten Look, der die Jeans sowohl f\u00fcr den Alltag als auch f\u00fcr die Freizeit einfach zu stylen macht.<\/p>\n<p data-start=\"444\" data-end=\"676\">Das Design umfasst zwei Vordertaschen, zwei Ges\u00e4\u00dftaschen und G\u00fcrtelschlaufen f\u00fcr einen klassischen und praktischen Schnitt. Der Bund ist fest und formstabil, aber dennoch angenehm zu tragen, so dass sich die Hose auch f\u00fcr l\u00e4ngeren Gebrauch eignet.<\/p>\n<p data-start=\"678\" data-end=\"998\">Dieses Modell, genannt <em data-start=\"698\" data-end=\"705\">Ringo<\/em>Diese Jeans hat eine normale niedrige Taille und eine etwas schmalere Beinweite, was ihr einen modernen und gut sitzenden Look verleiht, ohne zu eng zu sein. Sie ist perfekt f\u00fcr alle, die eine Jeans wollen, die scharf aussieht und sich bequem anf\u00fchlt - egal ob Sie sie mit einem T-Shirt, Hemd oder Blazer kombinieren.<\/p>\n<p data-start=\"1000\" data-end=\"1305\">Compass Classic ist bekannt als sportliche und vielseitige Freizeitkollektion f\u00fcr M\u00e4nner mit \u00dcbergr\u00f6\u00dfe. Jedes Kleidungsst\u00fcck wird mit R\u00fccksicht auf seine Bed\u00fcrfnisse nach hoher Qualit\u00e4t, optimaler Passform und Haltbarkeit entwickelt. Mit dieser Jeans erhalten Sie eine Hose, die zu einem Lieblingsst\u00fcck in Ihrem Kleiderschrank werden wird.<\/p>\n<p><span style=\"font-size: 16px;\">98% Baumwolle 2% Stretch<\/span><\/p>\n<p>Waschen: 40\u00b0 von innen nach au\u00dfen<\/p>\n<p>Kostenloser Versand bei einem Einkauf \u00fcber \u20ac100,-<\/p>","protected":false},"featured_media":12040,"comment_status":"open","ping_status":"closed","template":"","meta":{"postBodyCss":"","postBodyMargin":[],"postBodyPadding":[],"postBodyBackground":{"backgroundType":"classic","gradient":""},"site-sidebar-layout":"default","site-content-layout":"default","ast-site-content-layout":"default","site-content-style":"default","site-sidebar-style":"default","ast-global-header-display":"","ast-banner-title-visibility":"","ast-main-header-display":"","ast-hfb-above-header-display":"","ast-hfb-below-header-display":"","ast-hfb-mobile-header-display":"","site-post-title":"","ast-breadcrumbs-content":"","ast-featured-img":"","footer-sml-layout":"","ast-disable-related-posts":"","theme-transparent-header-meta":"default","adv-header-id-meta":"","stick-header-meta":"","header-above-stick-meta":"","header-main-stick-meta":"","header-below-stick-meta":"","astra-migrate-meta-layouts":"set","ast-page-background-enabled":"default","ast-page-background-meta":{"desktop":{"background-color":"var(--ast-global-color-5)","background-image":"","background-repeat":"repeat","background-position":"center center","background-size":"auto","background-attachment":"scroll","background-type":"","background-media":"","overlay-type":"","overlay-color":"","overlay-opacity":"","overlay-gradient":""},"tablet":{"background-color":"","background-image":"","background-repeat":"repeat","background-position":"center center","background-size":"auto","background-attachment":"scroll","background-type":"","background-media":"","overlay-type":"","overlay-color":"","overlay-opacity":"","overlay-gradient":""},"mobile":{"background-color":"","background-image":"","background-repeat":"repeat","background-position":"center center","background-size":"auto","background-attachment":"scroll","background-type":"","background-media":"","overlay-type":"","overlay-color":"","overlay-opacity":"","overlay-gradient":""}},"ast-content-background-meta":{"desktop":{"background-color":"var(--ast-global-color-4)","background-image":"","background-repeat":"repeat","background-position":"center center","background-size":"auto","background-attachment":"scroll","background-type":"","background-media":"","overlay-type":"","overlay-color":"","overlay-opacity":"","overlay-gradient":""},"tablet":{"background-color":"var(--ast-global-color-4)","background-image":"","background-repeat":"repeat","background-position":"center center","background-size":"auto","background-attachment":"scroll","background-type":"","background-media":"","overlay-type":"","overlay-color":"","overlay-opacity":"","overlay-gradient":""},"mobile":{"background-color":"var(--ast-global-color-4)","background-image":"","background-repeat":"repeat","background-position":"center center","background-size":"auto","background-attachment":"scroll","background-type":"","background-media":"","overlay-type":"","overlay-color":"","overlay-opacity":"","overlay-gradient":""}}},"product_brand":[],"product_cat":[21,308,41],"product_tag":[],"class_list":{"0":"post-12016","1":"product","2":"type-product","3":"status-publish","4":"has-post-thumbnail","6":"product_cat-alle-varer","7":"product_cat-athletes-collective","8":"product_cat-bukser","9":"desktop-align-center","10":"tablet-align-left","11":"mobile-align-left","12":"ast-product-gallery-layout-horizontal-slider","13":"ast-product-gallery-with-no-image","14":"ast-product-single-variable","15":"ast-product-tabs-layout-horizontal","17":"first","18":"instock","19":"taxable","20":"shipping-taxable","21":"purchasable","22":"product-type-variable"},"_links":{"self":[{"href":"https:\/\/hosbirger.dk\/de\/wp-json\/wp\/v2\/product\/12016","targetHints":{"allow":["GET"]}}],"collection":[{"href":"https:\/\/hosbirger.dk\/de\/wp-json\/wp\/v2\/product"}],"about":[{"href":"https:\/\/hosbirger.dk\/de\/wp-json\/wp\/v2\/types\/product"}],"replies":[{"embeddable":true,"href":"https:\/\/hosbirger.dk\/de\/wp-json\/wp\/v2\/comments?post=12016"}],"wp:featuredmedia":[{"embeddable":true,"href":"https:\/\/hosbirger.dk\/de\/wp-json\/wp\/v2\/media\/12040"}],"wp:attachment":[{"href":"https:\/\/hosbirger.dk\/de\/wp-json\/wp\/v2\/media?parent=12016"}],"wp:term":[{"taxonomy":"product_brand","embeddable":true,"href":"https:\/\/hosbirger.dk\/de\/wp-json\/wp\/v2\/product_brand?post=12016"},{"taxonomy":"product_cat","embeddable":true,"href":"https:\/\/hosbirger.dk\/de\/wp-json\/wp\/v2\/product_cat?post=12016"},{"taxonomy":"product_tag","embeddable":true,"href":"https:\/\/hosbirger.dk\/de\/wp-json\/wp\/v2\/product_tag?post=12016"}],"curies":[{"name":"wp","href":"https:\/\/api.w.org\/{rel}","templated":true}]}}