{"id":12052,"date":"2025-07-03T16:38:46","date_gmt":"2025-07-03T14:38:46","guid":{"rendered":"https:\/\/hosbirger.dk\/?post_type=product&#038;p=12052"},"modified":"2026-04-09T15:13:52","modified_gmt":"2026-04-09T13:13:52","slug":"athleten-kollektiv-capri-modell-bacoli-mit-knopf","status":"publish","type":"product","link":"https:\/\/hosbirger.dk\/de\/produkt\/athleten-kollektiv-capri-modell-bacoli-mit-knopf\/","title":{"rendered":"Athletes Collective Capri Modell Bacoli mit Knopf und Kordelzug Taille sand"},"content":{"rendered":"<div class=\"xs_social_share_widget xs_share_url after_content \t\tmain_content  wslu-style-1 wslu-share-box-shaped wslu-fill-colored wslu-none wslu-share-horizontal wslu-theme-font-no wslu-main_content\">\n\n\t\t\n        <ul>\n\t\t\t        <\/ul>\n    <\/div>","protected":false},"excerpt":{"rendered":"<p>Athletes Collective Capri Modell Bacoli mit Knopf und Kordelzug Taille sand<\/p>\n<div id=\"tw-container\" class=\"nev7se\" data-cp=\"1\" data-nnttsvi=\"1\" data-sletp=\"false\" data-sm=\"1\" data-ssbp=\"true\" data-sugg-time=\"500\" data-sugg-url=\"https:\/\/clients1.google.com\/complete\/search\" data-uilc=\"da\" data-vil=\",af,af-ZA,am,am-ET,ar-EG,ar-AE,ar-KW,ar-QA,ar,ar-IL,ar-JO,ar-LB,ar-PS,az,az-AZ,bg,bg-BG,bn,bn-BD,bn-IN,ca,ca-es,cs,cs-CZ,de,de-DE,de-CH,de-AT,de-LI,en,en-US,en-CA,en-AU,en-NZ,en-GB,en-IN,en-KE,en-TZ,en-NG,en-GH,en-PH,en-ZA,es,es-ES,es-AR,es-UY,es-419,es-BO,es-CL,es-CR,es-CO,es-DO,es-EC,es-GT,es-HN,es-NI,es-PA,es-PE,es-PR,es-PY,es-SV,es-VE,es-MX,es-US,eu,eu-ES,fi,fi-FI,fr,fr-FR,fr-CH,fr-BE,gl,gl-ES,gu,gu-IN,he,he-IL,iw,iw-IL,hu,hu-HU,hy,hy-AM,id,id-ID,is,is-IS,it,it-IT,it-CH,ja,ja-JP,jv,jv-ID,ka,ka-GE,km,km-KH,kn,kn-IN,ko,ko-KR,la,lo,lo-LA,lv,lv-LV,ml,ml-IN,mr,mr-IN,ms,ms-MY,nl,nl-NL,nb,nb-NO,ne,ne-NP,pl,pl-PL,pt,pt-BR,pt-PT,ro,ro-RO,ru,ru-RU,si-LK,sk,sk-SK,sr,sr-RS,su,su-ID,sv,sv-SE,sw,sw-TZ,sw-KE,ta,ta-IN,ta-SG,ta-LK,ta-MY,te,te-IN,tr,tr-TR,ur,ur-PK,ur-IN,yue,yue-HK,yue-Hant-HK,zh-HK,zh,zh-CN,zh-cmn,zh-cmn-CN,zh-Hans,zh-Hans-CN,zh-cmn-Hans,zh-cmn-Hans-CN,cmn-CN,cmn-Hans,cmn-Hans-CN,zh-TW,zh-Hant-TW,cmn-TW,cmn-Hant-TW,zh-cmn-TW,zh-cmn-Hant-TW,zu,zu-ZA\">\n<div>\n<div>\n<div id=\"tw-ob\" class=\"tw-src-ltr\">\n<div class=\"oSioSc\">\n<div id=\"tw-target\">\n<div id=\"kAz1tf\" class=\"g9WsWb PZPZlf\" data-attrid=\"tw-targetArea\" data-entityname=\"Google Translate\">\n<div id=\"tw-target-text-container\" class=\"tw-ta-container tw-nfl\" tabindex=\"0\" role=\"text\">\n<p id=\"tw-target-text\" class=\"tw-data-text tw-text-large tw-ta\" dir=\"ltr\" tabindex=\"-1\" role=\"text\" data-placeholder=\"Overs\u00e6ttelse\" data-ved=\"2ahUKEwi5q_GX5OCTAxVoHRAIHczNK98Q3ewLegQIDBAV\" aria-label=\"\u00dcbersetzter Text: Capri Barcoli Capri Barcoli Trousers - Bequem, l\u00e4ssig und praktisch, die Capri Barcoli Hosen bieten eine perfekte Mischung aus Komfort und Funktionalit\u00e4t. Diese leichte und weiche Freizeithose aus 98% Baumwolle und 2% Elastan hat eine entspannte Passform mit elastischem Bund und verstellbarem Kordelzug f\u00fcr eine individuelle Passform. Mit einem Rei\u00dfverschluss, zwei Seitentaschen und einer Ges\u00e4\u00dftasche mit Klappe und Klettverschluss ist sie praktisch f\u00fcr jeden Freizeitausflug. Die bequeme Passform und die 43 cm lange Innennaht machen sie ideal f\u00fcr legere Tage. - 98% Baumwolle \/ 2% Elastan - Leicht und weich f\u00fcr ultimativen Komfort - Bequeme Passform mit elastischem Bund und verstellbarem Kordelzug - Rei\u00dfverschluss und Pattentaschen mit Klettverschluss f\u00fcr zus\u00e4tzliche Funktionalit\u00e4t - 43 cm lange Innennaht f\u00fcr einen l\u00e4ssigen und stilvollen Look\"><span class=\"Y2IQFc\" lang=\"da\">Capri Barcoli Capri Barcoli Trousers - Bequem, l\u00e4ssig und praktisch, die Capri Barcoli Trousers bieten eine perfekte Mischung aus Komfort und Funktionalit\u00e4t. Diese leichte und weiche Freizeithose aus 98% Baumwolle und 2% Elastan hat eine entspannte Passform mit elastischem Bund und verstellbarem Kordelzug f\u00fcr eine individuelle Passform. Mit einem Rei\u00dfverschluss, zwei Seitentaschen und einer Ges\u00e4\u00dftasche mit Klappe und Klettverschluss ist sie praktisch f\u00fcr jeden Freizeitausflug. Die bequeme Passform und die 43 cm lange Innennaht machen sie ideal f\u00fcr legere Tage. <\/span><\/p>\n<p class=\"tw-data-text tw-text-large tw-ta\" dir=\"ltr\" tabindex=\"-1\" role=\"text\" data-placeholder=\"Overs\u00e6ttelse\" data-ved=\"2ahUKEwi5q_GX5OCTAxVoHRAIHczNK98Q3ewLegQIDBAV\" aria-label=\"\u00dcbersetzter Text: Capri Barcoli Capri Barcoli Trousers - Bequem, l\u00e4ssig und praktisch, die Capri Barcoli Hosen bieten eine perfekte Mischung aus Komfort und Funktionalit\u00e4t. Diese leichte und weiche Freizeithose aus 98% Baumwolle und 2% Elastan hat eine entspannte Passform mit elastischem Bund und verstellbarem Kordelzug f\u00fcr eine individuelle Passform. Mit einem Rei\u00dfverschluss, zwei Seitentaschen und einer Ges\u00e4\u00dftasche mit Klappe und Klettverschluss ist sie praktisch f\u00fcr jeden Freizeitausflug. Die bequeme Passform und die 43 cm lange Innennaht machen sie ideal f\u00fcr legere Tage. - 98% Baumwolle \/ 2% Elastan - Leicht und weich f\u00fcr ultimativen Komfort - Bequeme Passform mit elastischem Bund und verstellbarem Kordelzug - Rei\u00dfverschluss und Pattentaschen mit Klettverschluss f\u00fcr zus\u00e4tzliche Funktionalit\u00e4t - 43 cm lange Innennaht f\u00fcr einen l\u00e4ssigen und stilvollen Look\"><span class=\"Y2IQFc\" lang=\"da\">- 98% Baumwolle \/ 2% Elastan - Leicht und weich f\u00fcr h\u00f6chsten Komfort <\/span><\/p>\n<p class=\"tw-data-text tw-text-large tw-ta\" dir=\"ltr\" tabindex=\"-1\" role=\"text\" data-placeholder=\"Overs\u00e6ttelse\" data-ved=\"2ahUKEwi5q_GX5OCTAxVoHRAIHczNK98Q3ewLegQIDBAV\" aria-label=\"\u00dcbersetzter Text: Capri Barcoli Capri Barcoli Trousers - Bequem, l\u00e4ssig und praktisch, die Capri Barcoli Hosen bieten eine perfekte Mischung aus Komfort und Funktionalit\u00e4t. Diese leichte und weiche Freizeithose aus 98% Baumwolle und 2% Elastan hat eine entspannte Passform mit elastischem Bund und verstellbarem Kordelzug f\u00fcr eine individuelle Passform. Mit einem Rei\u00dfverschluss, zwei Seitentaschen und einer Ges\u00e4\u00dftasche mit Klappe und Klettverschluss ist sie praktisch f\u00fcr jeden Freizeitausflug. Die bequeme Passform und die 43 cm lange Innennaht machen sie ideal f\u00fcr legere Tage. - 98% Baumwolle \/ 2% Elastan - Leicht und weich f\u00fcr ultimativen Komfort - Bequeme Passform mit elastischem Bund und verstellbarem Kordelzug - Rei\u00dfverschluss und Pattentaschen mit Klettverschluss f\u00fcr zus\u00e4tzliche Funktionalit\u00e4t - 43 cm lange Innennaht f\u00fcr einen l\u00e4ssigen und stilvollen Look\"><span class=\"Y2IQFc\" lang=\"da\">- Bequeme Passform mit elastischem Bund und verstellbarem Kordelzug <\/span><\/p>\n<p class=\"tw-data-text tw-text-large tw-ta\" dir=\"ltr\" tabindex=\"-1\" role=\"text\" data-placeholder=\"Overs\u00e6ttelse\" data-ved=\"2ahUKEwi5q_GX5OCTAxVoHRAIHczNK98Q3ewLegQIDBAV\" aria-label=\"\u00dcbersetzter Text: Capri Barcoli Capri Barcoli Trousers - Bequem, l\u00e4ssig und praktisch, die Capri Barcoli Hosen bieten eine perfekte Mischung aus Komfort und Funktionalit\u00e4t. Diese leichte und weiche Freizeithose aus 98% Baumwolle und 2% Elastan hat eine entspannte Passform mit elastischem Bund und verstellbarem Kordelzug f\u00fcr eine individuelle Passform. Mit einem Rei\u00dfverschluss, zwei Seitentaschen und einer Ges\u00e4\u00dftasche mit Klappe und Klettverschluss ist sie praktisch f\u00fcr jeden Freizeitausflug. Die bequeme Passform und die 43 cm lange Innennaht machen sie ideal f\u00fcr legere Tage. - 98% Baumwolle \/ 2% Elastan - Leicht und weich f\u00fcr ultimativen Komfort - Bequeme Passform mit elastischem Bund und verstellbarem Kordelzug - Rei\u00dfverschluss und Pattentaschen mit Klettverschluss f\u00fcr zus\u00e4tzliche Funktionalit\u00e4t - 43 cm lange Innennaht f\u00fcr einen l\u00e4ssigen und stilvollen Look\"><span class=\"Y2IQFc\" lang=\"da\">- Rei\u00dfverschluss und Klappentaschen mit Klettverschluss f\u00fcr zus\u00e4tzliche Funktionalit\u00e4t <\/span><\/p>\n<p class=\"tw-data-text tw-text-large tw-ta\" dir=\"ltr\" tabindex=\"-1\" role=\"text\" data-placeholder=\"Overs\u00e6ttelse\" data-ved=\"2ahUKEwi5q_GX5OCTAxVoHRAIHczNK98Q3ewLegQIDBAV\" aria-label=\"\u00dcbersetzter Text: Capri Barcoli Capri Barcoli Trousers - Bequem, l\u00e4ssig und praktisch, die Capri Barcoli Hosen bieten eine perfekte Mischung aus Komfort und Funktionalit\u00e4t. Diese leichte und weiche Freizeithose aus 98% Baumwolle und 2% Elastan hat eine entspannte Passform mit elastischem Bund und verstellbarem Kordelzug f\u00fcr eine individuelle Passform. Mit einem Rei\u00dfverschluss, zwei Seitentaschen und einer Ges\u00e4\u00dftasche mit Klappe und Klettverschluss ist sie praktisch f\u00fcr jeden Freizeitausflug. Die bequeme Passform und die 43 cm lange Innennaht machen sie ideal f\u00fcr legere Tage. - 98% Baumwolle \/ 2% Elastan - Leicht und weich f\u00fcr ultimativen Komfort - Bequeme Passform mit elastischem Bund und verstellbarem Kordelzug - Rei\u00dfverschluss und Pattentaschen mit Klettverschluss f\u00fcr zus\u00e4tzliche Funktionalit\u00e4t - 43 cm lange Innennaht f\u00fcr einen l\u00e4ssigen und stilvollen Look\"><span class=\"Y2IQFc\" lang=\"da\">- 43 cm lange Innennaht f\u00fcr einen l\u00e4ssigen und stilvollen Look<\/span><\/p>\n<p class=\"tw-data-text tw-text-large tw-ta\" dir=\"ltr\" tabindex=\"-1\" role=\"text\" data-placeholder=\"Overs\u00e6ttelse\" data-ved=\"2ahUKEwi5q_GX5OCTAxVoHRAIHczNK98Q3ewLegQIDBAV\" aria-label=\"\u00dcbersetzter Text: Capri Barcoli Capri Barcoli Trousers - Bequem, l\u00e4ssig und praktisch, die Capri Barcoli Hosen bieten eine perfekte Mischung aus Komfort und Funktionalit\u00e4t. Diese leichte und weiche Freizeithose aus 98% Baumwolle und 2% Elastan hat eine entspannte Passform mit elastischem Bund und verstellbarem Kordelzug f\u00fcr eine individuelle Passform. Mit einem Rei\u00dfverschluss, zwei Seitentaschen und einer Ges\u00e4\u00dftasche mit Klappe und Klettverschluss ist sie praktisch f\u00fcr jeden Freizeitausflug. Die bequeme Passform und die 43 cm lange Innennaht machen sie ideal f\u00fcr legere Tage. - 98% Baumwolle \/ 2% Elastan - Leicht und weich f\u00fcr ultimativen Komfort - Bequeme Passform mit elastischem Bund und verstellbarem Kordelzug - Rei\u00dfverschluss und Pattentaschen mit Klettverschluss f\u00fcr zus\u00e4tzliche Funktionalit\u00e4t - 43 cm lange Innennaht f\u00fcr einen l\u00e4ssigen und stilvollen Look\"><span style=\"font-size: 16px;\">Waschen: 40\u00b0.<\/span><\/p>\n<\/div>\n<\/div>\n<\/div>\n<\/div>\n<\/div>\n<\/div>\n<\/div>\n<\/div>\n<p>Kostenloser Versand bei einem Einkauf \u00fcber \u20ac100,-<\/p>","protected":false},"featured_media":34586,"comment_status":"open","ping_status":"closed","template":"","meta":{"postBodyCss":"","postBodyMargin":[],"postBodyPadding":[],"postBodyBackground":{"backgroundType":"classic","gradient":""},"site-sidebar-layout":"default","site-content-layout":"default","ast-site-content-layout":"default","site-content-style":"default","site-sidebar-style":"default","ast-global-header-display":"","ast-banner-title-visibility":"","ast-main-header-display":"","ast-hfb-above-header-display":"","ast-hfb-below-header-display":"","ast-hfb-mobile-header-display":"","site-post-title":"","ast-breadcrumbs-content":"","ast-featured-img":"","footer-sml-layout":"","ast-disable-related-posts":"","theme-transparent-header-meta":"default","adv-header-id-meta":"","stick-header-meta":"","header-above-stick-meta":"","header-main-stick-meta":"","header-below-stick-meta":"","astra-migrate-meta-layouts":"set","ast-page-background-enabled":"default","ast-page-background-meta":{"desktop":{"background-color":"var(--ast-global-color-5)","background-image":"","background-repeat":"repeat","background-position":"center center","background-size":"auto","background-attachment":"scroll","background-type":"","background-media":"","overlay-type":"","overlay-color":"","overlay-opacity":"","overlay-gradient":""},"tablet":{"background-color":"","background-image":"","background-repeat":"repeat","background-position":"center center","background-size":"auto","background-attachment":"scroll","background-type":"","background-media":"","overlay-type":"","overlay-color":"","overlay-opacity":"","overlay-gradient":""},"mobile":{"background-color":"","background-image":"","background-repeat":"repeat","background-position":"center center","background-size":"auto","background-attachment":"scroll","background-type":"","background-media":"","overlay-type":"","overlay-color":"","overlay-opacity":"","overlay-gradient":""}},"ast-content-background-meta":{"desktop":{"background-color":"var(--ast-global-color-4)","background-image":"","background-repeat":"repeat","background-position":"center center","background-size":"auto","background-attachment":"scroll","background-type":"","background-media":"","overlay-type":"","overlay-color":"","overlay-opacity":"","overlay-gradient":""},"tablet":{"background-color":"var(--ast-global-color-4)","background-image":"","background-repeat":"repeat","background-position":"center center","background-size":"auto","background-attachment":"scroll","background-type":"","background-media":"","overlay-type":"","overlay-color":"","overlay-opacity":"","overlay-gradient":""},"mobile":{"background-color":"var(--ast-global-color-4)","background-image":"","background-repeat":"repeat","background-position":"center center","background-size":"auto","background-attachment":"scroll","background-type":"","background-media":"","overlay-type":"","overlay-color":"","overlay-opacity":"","overlay-gradient":""}}},"product_brand":[],"product_cat":[21,308,75],"product_tag":[],"class_list":{"0":"post-12052","1":"product","2":"type-product","3":"status-publish","4":"has-post-thumbnail","6":"product_cat-alle-varer","7":"product_cat-athletes-collective","8":"product_cat-skjorter","9":"desktop-align-center","10":"tablet-align-left","11":"mobile-align-left","12":"ast-product-gallery-layout-horizontal-slider","13":"ast-product-single-variable","14":"ast-product-tabs-layout-horizontal","16":"first","17":"instock","18":"taxable","19":"shipping-taxable","20":"purchasable","21":"product-type-variable"},"_links":{"self":[{"href":"https:\/\/hosbirger.dk\/de\/wp-json\/wp\/v2\/product\/12052","targetHints":{"allow":["GET"]}}],"collection":[{"href":"https:\/\/hosbirger.dk\/de\/wp-json\/wp\/v2\/product"}],"about":[{"href":"https:\/\/hosbirger.dk\/de\/wp-json\/wp\/v2\/types\/product"}],"replies":[{"embeddable":true,"href":"https:\/\/hosbirger.dk\/de\/wp-json\/wp\/v2\/comments?post=12052"}],"wp:featuredmedia":[{"embeddable":true,"href":"https:\/\/hosbirger.dk\/de\/wp-json\/wp\/v2\/media\/34586"}],"wp:attachment":[{"href":"https:\/\/hosbirger.dk\/de\/wp-json\/wp\/v2\/media?parent=12052"}],"wp:term":[{"taxonomy":"product_brand","embeddable":true,"href":"https:\/\/hosbirger.dk\/de\/wp-json\/wp\/v2\/product_brand?post=12052"},{"taxonomy":"product_cat","embeddable":true,"href":"https:\/\/hosbirger.dk\/de\/wp-json\/wp\/v2\/product_cat?post=12052"},{"taxonomy":"product_tag","embeddable":true,"href":"https:\/\/hosbirger.dk\/de\/wp-json\/wp\/v2\/product_tag?post=12052"}],"curies":[{"name":"wp","href":"https:\/\/api.w.org\/{rel}","templated":true}]}}