{"id":13611,"date":"2025-08-11T14:40:30","date_gmt":"2025-08-11T12:40:30","guid":{"rendered":"https:\/\/hosbirger.dk\/?post_type=product&#038;p=13611"},"modified":"2026-02-20T10:41:03","modified_gmt":"2026-02-20T09:41:03","slug":"hirschjager-regenjacke-thunder-khaki-2","status":"publish","type":"product","link":"https:\/\/hosbirger.dk\/de\/produkt\/hirschjager-regenjacke-thunder-khaki-2\/","title":{"rendered":"Deerhunter Regenjacke Thunder Kaki"},"content":{"rendered":"<div class=\"xs_social_share_widget xs_share_url after_content \t\tmain_content  wslu-style-1 wslu-share-box-shaped wslu-fill-colored wslu-none wslu-share-horizontal wslu-theme-font-no wslu-main_content\">\n\n\t\t\n        <ul>\n\t\t\t        <\/ul>\n    <\/div>","protected":false},"excerpt":{"rendered":"<p>Erreichen Sie den ultimativen Schutz mit dieser extrem leichten, ultrad\u00fcnnen, dehnbaren Deerhunter Regenjacke Thunder Kaki mit integrierter Kapuze. Ein zentraler Rei\u00dfverschluss mit Druckknopfverschluss, zwei Vordertaschen mit verdeckten Rei\u00dfverschl\u00fcssen, verstellbare \u00c4rmelb\u00fcndchen mit Gummizug, Riemen und Klettverschluss sowie ein Kordelzugverschluss am unteren Ende sorgen f\u00fcr einen wirklich effektiven Schutz vor nassem Wetter. Packen Sie sie in Ihre Tasche oder in Ihr Auto. Er nimmt nicht viel Platz weg und man wei\u00df nie, wann man ihn braucht!<\/p>\n<p>Weiche und extrem dehnbare Regenjacke mit Kapuze<br \/>\nFrontrei\u00dfverschluss und versteckter Druckknopf<br \/>\nZwei Vordertaschen mit verdecktem Rei\u00dfverschluss<br \/>\nVerstellbare Manschetten mit Gummizug, Riemen und Klettverschluss<br \/>\nVerstellbarer Boden mit Kordelzug<br \/>\nQualit\u00e4t der Dienstleistung<br \/>\nObermaterial 100% Polyester<br \/>\nErreichen Sie den ultimativen Schutz mit dieser extrem leichten, ultrad\u00fcnnen, dehnbaren Regenjacke mit integrierter Kapuze. Ein zentraler Rei\u00dfverschluss mit Druckknopfverschluss, zwei Vordertaschen mit versteckten Rei\u00dfverschl\u00fcssen, verstellbare \u00c4rmelb\u00fcndchen mit Gummizug, Riemen und Klettverschluss und ein Kordelzugverschluss am unteren Ende sorgen f\u00fcr einen wirklich effektiven Schutz vor nassem Wetter. Packen Sie sie in Ihre Tasche oder in Ihr Auto. Sie nimmt nur wenig Platz ein und man wei\u00df nie, wann man sie braucht!<\/p>\n<p>Weiche und extrem dehnbare Regenjacke mit Kapuze<br \/>\nFrontrei\u00dfverschluss und versteckter Druckknopf<br \/>\nZwei Vordertaschen mit verdecktem Rei\u00dfverschluss<br \/>\nVerstellbare Manschetten mit Gummizug, Riemen und Klettverschluss<br \/>\nVerstellbarer Boden mit Kordelzug<br \/>\nQualit\u00e4t der Dienstleistung<br \/>\nObermaterial 100% Polyester<br \/>\nWaschen: 30\u00b0 ohne Weichsp\u00fcler<\/p>","protected":false},"featured_media":260,"comment_status":"open","ping_status":"closed","template":"","meta":{"postBodyCss":"","postBodyMargin":[],"postBodyPadding":[],"postBodyBackground":{"backgroundType":"classic","gradient":""},"site-sidebar-layout":"default","site-content-layout":"default","ast-site-content-layout":"default","site-content-style":"default","site-sidebar-style":"default","ast-global-header-display":"","ast-banner-title-visibility":"","ast-main-header-display":"","ast-hfb-above-header-display":"","ast-hfb-below-header-display":"","ast-hfb-mobile-header-display":"","site-post-title":"","ast-breadcrumbs-content":"","ast-featured-img":"","footer-sml-layout":"","ast-disable-related-posts":"","theme-transparent-header-meta":"default","adv-header-id-meta":"","stick-header-meta":"","header-above-stick-meta":"","header-main-stick-meta":"","header-below-stick-meta":"","astra-migrate-meta-layouts":"set","ast-page-background-enabled":"default","ast-page-background-meta":{"desktop":{"background-color":"var(--ast-global-color-5)","background-image":"","background-repeat":"repeat","background-position":"center center","background-size":"auto","background-attachment":"scroll","background-type":"","background-media":"","overlay-type":"","overlay-color":"","overlay-opacity":"","overlay-gradient":""},"tablet":{"background-color":"","background-image":"","background-repeat":"repeat","background-position":"center center","background-size":"auto","background-attachment":"scroll","background-type":"","background-media":"","overlay-type":"","overlay-color":"","overlay-opacity":"","overlay-gradient":""},"mobile":{"background-color":"","background-image":"","background-repeat":"repeat","background-position":"center center","background-size":"auto","background-attachment":"scroll","background-type":"","background-media":"","overlay-type":"","overlay-color":"","overlay-opacity":"","overlay-gradient":""}},"ast-content-background-meta":{"desktop":{"background-color":"var(--ast-global-color-4)","background-image":"","background-repeat":"repeat","background-position":"center center","background-size":"auto","background-attachment":"scroll","background-type":"","background-media":"","overlay-type":"","overlay-color":"","overlay-opacity":"","overlay-gradient":""},"tablet":{"background-color":"var(--ast-global-color-4)","background-image":"","background-repeat":"repeat","background-position":"center center","background-size":"auto","background-attachment":"scroll","background-type":"","background-media":"","overlay-type":"","overlay-color":"","overlay-opacity":"","overlay-gradient":""},"mobile":{"background-color":"var(--ast-global-color-4)","background-image":"","background-repeat":"repeat","background-position":"center center","background-size":"auto","background-attachment":"scroll","background-type":"","background-media":"","overlay-type":"","overlay-color":"","overlay-opacity":"","overlay-gradient":""}}},"product_brand":[],"product_cat":[20,43],"product_tag":[],"class_list":{"0":"post-13611","1":"product","2":"type-product","3":"status-publish","4":"has-post-thumbnail","6":"product_cat-outlet","7":"product_cat-sunwill","8":"desktop-align-center","9":"tablet-align-left","10":"mobile-align-left","11":"ast-product-gallery-layout-horizontal-slider","12":"ast-product-single-variable","13":"ast-product-tabs-layout-horizontal","15":"first","16":"instock","17":"sale","18":"taxable","19":"shipping-taxable","20":"purchasable","21":"product-type-variable"},"_links":{"self":[{"href":"https:\/\/hosbirger.dk\/de\/wp-json\/wp\/v2\/product\/13611","targetHints":{"allow":["GET"]}}],"collection":[{"href":"https:\/\/hosbirger.dk\/de\/wp-json\/wp\/v2\/product"}],"about":[{"href":"https:\/\/hosbirger.dk\/de\/wp-json\/wp\/v2\/types\/product"}],"replies":[{"embeddable":true,"href":"https:\/\/hosbirger.dk\/de\/wp-json\/wp\/v2\/comments?post=13611"}],"wp:featuredmedia":[{"embeddable":true,"href":"https:\/\/hosbirger.dk\/de\/wp-json\/wp\/v2\/media\/260"}],"wp:attachment":[{"href":"https:\/\/hosbirger.dk\/de\/wp-json\/wp\/v2\/media?parent=13611"}],"wp:term":[{"taxonomy":"product_brand","embeddable":true,"href":"https:\/\/hosbirger.dk\/de\/wp-json\/wp\/v2\/product_brand?post=13611"},{"taxonomy":"product_cat","embeddable":true,"href":"https:\/\/hosbirger.dk\/de\/wp-json\/wp\/v2\/product_cat?post=13611"},{"taxonomy":"product_tag","embeddable":true,"href":"https:\/\/hosbirger.dk\/de\/wp-json\/wp\/v2\/product_tag?post=13611"}],"curies":[{"name":"wp","href":"https:\/\/api.w.org\/{rel}","templated":true}]}}