{"id":13708,"date":"2025-08-11T14:40:42","date_gmt":"2025-08-11T12:40:42","guid":{"rendered":"https:\/\/hosbirger.dk\/?post_type=product&#038;p=13708"},"modified":"2025-09-09T07:19:04","modified_gmt":"2025-09-09T05:19:04","slug":"kapart-unterhosen-mit-schlitz-modell-slip-weis-2","status":"publish","type":"product","link":"https:\/\/hosbirger.dk\/de\/produkt\/kapart-unterhosen-mit-schlitz-modell-slip-weis-2\/","title":{"rendered":"Kapart Unterhosen mit Schlitz, Modell Slip, wei\u00df"},"content":{"rendered":"<div class=\"xs_social_share_widget xs_share_url after_content \t\tmain_content  wslu-style-1 wslu-share-box-shaped wslu-fill-colored wslu-none wslu-share-horizontal wslu-theme-font-no wslu-main_content\">\n\n\t\t\n        <ul>\n\t\t\t        <\/ul>\n    <\/div>","protected":false},"excerpt":{"rendered":"<p data-start=\"60\" data-end=\"400\">Adamo classic Kapart Unterhosen mit Schlitz - Modell <em data-start=\"111\" data-end=\"117\">Briefs<\/em> in Wei\u00df. Diese Unterhose hat einen zeitlosen und funktionellen Schnitt f\u00fcr einen bequemen und sicheren Sitz den ganzen Tag \u00fcber. Ausgestattet mit einem Rei\u00dfverschluss und einem klassischen Schlupfdesign ist sie eine gute Wahl f\u00fcr M\u00e4nner, die Komfort und traditionelle Unterw\u00e4sche sch\u00e4tzen.<\/p>\n<p data-start=\"402\" data-end=\"707\">Die Unterhosen sind aus hochwertiger 100%-Baumwolle gefertigt, die sich weich und atmungsaktiv auf der Haut anf\u00fchlt. Das Material ist langlebig und formstabil, sodass die Unterw\u00e4sche auch nach vielen W\u00e4schen ihre Passform und ihren Komfort beh\u00e4lt. Dank der Baumwolle erhalten Sie Unterw\u00e4sche, die sowohl hautfreundlich als auch hygienisch ist.<\/p>\n<p data-start=\"709\" data-end=\"901\">Dieses Modell kann bei bis zu 95\u00b0 gewaschen werden, was es praktisch und einfach macht, es vollst\u00e4ndig sauber zu halten. Perfekt f\u00fcr den t\u00e4glichen Gebrauch und ideal f\u00fcr alle, die Unterw\u00e4sche mit klassischem Design und langer Haltbarkeit suchen.<\/p>\n<p data-start=\"903\" data-end=\"1116\">Entscheiden Sie sich f\u00fcr den Adamo Kapart Slip im Slip-on-Stil f\u00fcr eine Kombination aus Komfort, Qualit\u00e4t und Funktionalit\u00e4t - eine sichere Wahl f\u00fcr Ihre Grundgarderobe. Denken Sie daran, dass Sie bei Hos Birger ab einem Einkaufswert von DKK 499,- immer versandkostenfrei beliefert werden.<\/p>","protected":false},"featured_media":421,"comment_status":"open","ping_status":"closed","template":"","meta":{"postBodyCss":"","postBodyMargin":[],"postBodyPadding":[],"postBodyBackground":{"backgroundType":"classic","gradient":""},"site-sidebar-layout":"default","site-content-layout":"default","ast-site-content-layout":"default","site-content-style":"default","site-sidebar-style":"default","ast-global-header-display":"","ast-banner-title-visibility":"","ast-main-header-display":"","ast-hfb-above-header-display":"","ast-hfb-below-header-display":"","ast-hfb-mobile-header-display":"","site-post-title":"","ast-breadcrumbs-content":"","ast-featured-img":"","footer-sml-layout":"","ast-disable-related-posts":"","theme-transparent-header-meta":"default","adv-header-id-meta":"","stick-header-meta":"","header-above-stick-meta":"","header-main-stick-meta":"","header-below-stick-meta":"","astra-migrate-meta-layouts":"set","ast-page-background-enabled":"default","ast-page-background-meta":{"desktop":{"background-color":"var(--ast-global-color-5)","background-image":"","background-repeat":"repeat","background-position":"center center","background-size":"auto","background-attachment":"scroll","background-type":"","background-media":"","overlay-type":"","overlay-color":"","overlay-opacity":"","overlay-gradient":""},"tablet":{"background-color":"","background-image":"","background-repeat":"repeat","background-position":"center center","background-size":"auto","background-attachment":"scroll","background-type":"","background-media":"","overlay-type":"","overlay-color":"","overlay-opacity":"","overlay-gradient":""},"mobile":{"background-color":"","background-image":"","background-repeat":"repeat","background-position":"center center","background-size":"auto","background-attachment":"scroll","background-type":"","background-media":"","overlay-type":"","overlay-color":"","overlay-opacity":"","overlay-gradient":""}},"ast-content-background-meta":{"desktop":{"background-color":"var(--ast-global-color-4)","background-image":"","background-repeat":"repeat","background-position":"center center","background-size":"auto","background-attachment":"scroll","background-type":"","background-media":"","overlay-type":"","overlay-color":"","overlay-opacity":"","overlay-gradient":""},"tablet":{"background-color":"var(--ast-global-color-4)","background-image":"","background-repeat":"repeat","background-position":"center center","background-size":"auto","background-attachment":"scroll","background-type":"","background-media":"","overlay-type":"","overlay-color":"","overlay-opacity":"","overlay-gradient":""},"mobile":{"background-color":"var(--ast-global-color-4)","background-image":"","background-repeat":"repeat","background-position":"center center","background-size":"auto","background-attachment":"scroll","background-type":"","background-media":"","overlay-type":"","overlay-color":"","overlay-opacity":"","overlay-gradient":""}}},"product_brand":[],"product_cat":[20],"product_tag":[],"class_list":{"0":"post-13708","1":"product","2":"type-product","3":"status-publish","4":"has-post-thumbnail","6":"product_cat-outlet","7":"desktop-align-center","8":"tablet-align-left","9":"mobile-align-left","10":"ast-product-gallery-layout-horizontal-slider","11":"ast-product-gallery-with-no-image","12":"ast-product-single-variable","13":"ast-product-tabs-layout-horizontal","15":"first","16":"instock","17":"sale","18":"taxable","19":"shipping-taxable","20":"purchasable","21":"product-type-variable"},"_links":{"self":[{"href":"https:\/\/hosbirger.dk\/de\/wp-json\/wp\/v2\/product\/13708","targetHints":{"allow":["GET"]}}],"collection":[{"href":"https:\/\/hosbirger.dk\/de\/wp-json\/wp\/v2\/product"}],"about":[{"href":"https:\/\/hosbirger.dk\/de\/wp-json\/wp\/v2\/types\/product"}],"replies":[{"embeddable":true,"href":"https:\/\/hosbirger.dk\/de\/wp-json\/wp\/v2\/comments?post=13708"}],"wp:featuredmedia":[{"embeddable":true,"href":"https:\/\/hosbirger.dk\/de\/wp-json\/wp\/v2\/media\/421"}],"wp:attachment":[{"href":"https:\/\/hosbirger.dk\/de\/wp-json\/wp\/v2\/media?parent=13708"}],"wp:term":[{"taxonomy":"product_brand","embeddable":true,"href":"https:\/\/hosbirger.dk\/de\/wp-json\/wp\/v2\/product_brand?post=13708"},{"taxonomy":"product_cat","embeddable":true,"href":"https:\/\/hosbirger.dk\/de\/wp-json\/wp\/v2\/product_cat?post=13708"},{"taxonomy":"product_tag","embeddable":true,"href":"https:\/\/hosbirger.dk\/de\/wp-json\/wp\/v2\/product_tag?post=13708"}],"curies":[{"name":"wp","href":"https:\/\/api.w.org\/{rel}","templated":true}]}}