{"id":1407,"date":"2025-07-03T09:43:02","date_gmt":"2025-07-03T07:43:02","guid":{"rendered":"https:\/\/hosbirger.dk\/?post_type=product&#038;p=1407"},"modified":"2026-03-02T10:29:08","modified_gmt":"2026-03-02T09:29:08","slug":"sunwill-jeans-super-stretch-fitted-fit-hellblau-2","status":"publish","type":"product","link":"https:\/\/hosbirger.dk\/de\/produkt\/sunwill-jeans-super-stretch-fitted-fit-hellblau-2\/","title":{"rendered":"Sunwill Jeans super stretch fitted fit Hellblau"},"content":{"rendered":"<div class=\"xs_social_share_widget xs_share_url after_content \t\tmain_content  wslu-style-1 wslu-share-box-shaped wslu-fill-colored wslu-none wslu-share-horizontal wslu-theme-font-no wslu-main_content\">\n\n\t\t\n        <ul>\n\t\t\t        <\/ul>\n    <\/div>","protected":false},"excerpt":{"rendered":"<p>Sunwill Jeans super stretch fitted fit Hellblau<\/p>\n<p>Die Sunwill Fitted-Jeans mit Superstretch sind so bequem, dass sie jahrelang Ihr Lieblingsst\u00fcck sein werden. Die Alltagsjeans sind der t\u00e4gliche Begleiter eines jeden Mannes, gefertigt in einer taillierten Form, die einfach gut sitzt.<\/p>\n<p>Passform-Jeans mit Superstretch sind so bequem, dass sie jahrelang Ihr Lieblingsst\u00fcck sein werden. Erh\u00e4ltlich in einer gro\u00dfen Auswahl an Waschungen, Schattierungen und Farben, k\u00f6nnten Sie versucht sein, mehrere Paare zu kaufen, damit Ihnen Ihr Lieblingspaar nie wieder ausgeht. Der flexible Stoff macht sie ideal f\u00fcr hektische Tage. An Tagen, an denen Sie es bequem haben m\u00f6chten, aber trotzdem sicher sein wollen, dass Ihre Jeans ihre Form beh\u00e4lt und immer an ihrem Platz bleibt. Die Jeans hat einen klassischen Denim-Look und einen klassischen Rei\u00dfverschluss, Jeanstaschen und nat\u00fcrlich eine M\u00fcnztasche vorne.<\/p>\n<p>Angepasste Passform<br \/>\nWundersch\u00f6ner Superstretch-Stoff<\/p>\n<p>92% Baumwolle \/ 6% Elastomultiester \/ 2% Spandex<\/p>\n<p>Waschen: 40\u00b0.<\/p>\n<p>Kostenloser Versand bei einem Einkauf \u00fcber \u20ac100,-<\/p>","protected":false},"featured_media":1416,"comment_status":"open","ping_status":"closed","template":"","meta":{"postBodyCss":"","postBodyMargin":[],"postBodyPadding":[],"postBodyBackground":{"backgroundType":"classic","gradient":""},"site-sidebar-layout":"default","site-content-layout":"default","ast-site-content-layout":"default","site-content-style":"default","site-sidebar-style":"default","ast-global-header-display":"","ast-banner-title-visibility":"","ast-main-header-display":"","ast-hfb-above-header-display":"","ast-hfb-below-header-display":"","ast-hfb-mobile-header-display":"","site-post-title":"","ast-breadcrumbs-content":"","ast-featured-img":"","footer-sml-layout":"","ast-disable-related-posts":"","theme-transparent-header-meta":"default","adv-header-id-meta":"","stick-header-meta":"","header-above-stick-meta":"","header-main-stick-meta":"","header-below-stick-meta":"","astra-migrate-meta-layouts":"set","ast-page-background-enabled":"default","ast-page-background-meta":{"desktop":{"background-color":"var(--ast-global-color-5)","background-image":"","background-repeat":"repeat","background-position":"center center","background-size":"auto","background-attachment":"scroll","background-type":"","background-media":"","overlay-type":"","overlay-color":"","overlay-opacity":"","overlay-gradient":""},"tablet":{"background-color":"","background-image":"","background-repeat":"repeat","background-position":"center center","background-size":"auto","background-attachment":"scroll","background-type":"","background-media":"","overlay-type":"","overlay-color":"","overlay-opacity":"","overlay-gradient":""},"mobile":{"background-color":"","background-image":"","background-repeat":"repeat","background-position":"center center","background-size":"auto","background-attachment":"scroll","background-type":"","background-media":"","overlay-type":"","overlay-color":"","overlay-opacity":"","overlay-gradient":""}},"ast-content-background-meta":{"desktop":{"background-color":"var(--ast-global-color-4)","background-image":"","background-repeat":"repeat","background-position":"center center","background-size":"auto","background-attachment":"scroll","background-type":"","background-media":"","overlay-type":"","overlay-color":"","overlay-opacity":"","overlay-gradient":""},"tablet":{"background-color":"var(--ast-global-color-4)","background-image":"","background-repeat":"repeat","background-position":"center center","background-size":"auto","background-attachment":"scroll","background-type":"","background-media":"","overlay-type":"","overlay-color":"","overlay-opacity":"","overlay-gradient":""},"mobile":{"background-color":"var(--ast-global-color-4)","background-image":"","background-repeat":"repeat","background-position":"center center","background-size":"auto","background-attachment":"scroll","background-type":"","background-media":"","overlay-type":"","overlay-color":"","overlay-opacity":"","overlay-gradient":""}}},"product_brand":[],"product_cat":[21,41,43],"product_tag":[],"class_list":{"0":"post-1407","1":"product","2":"type-product","3":"status-publish","4":"has-post-thumbnail","6":"product_cat-alle-varer","7":"product_cat-bukser","8":"product_cat-sunwill","9":"desktop-align-center","10":"tablet-align-left","11":"mobile-align-left","12":"ast-product-gallery-layout-horizontal-slider","13":"ast-product-single-variable","14":"ast-product-tabs-layout-horizontal","16":"first","17":"instock","18":"taxable","19":"shipping-taxable","20":"purchasable","21":"product-type-variable"},"_links":{"self":[{"href":"https:\/\/hosbirger.dk\/de\/wp-json\/wp\/v2\/product\/1407","targetHints":{"allow":["GET"]}}],"collection":[{"href":"https:\/\/hosbirger.dk\/de\/wp-json\/wp\/v2\/product"}],"about":[{"href":"https:\/\/hosbirger.dk\/de\/wp-json\/wp\/v2\/types\/product"}],"replies":[{"embeddable":true,"href":"https:\/\/hosbirger.dk\/de\/wp-json\/wp\/v2\/comments?post=1407"}],"wp:featuredmedia":[{"embeddable":true,"href":"https:\/\/hosbirger.dk\/de\/wp-json\/wp\/v2\/media\/1416"}],"wp:attachment":[{"href":"https:\/\/hosbirger.dk\/de\/wp-json\/wp\/v2\/media?parent=1407"}],"wp:term":[{"taxonomy":"product_brand","embeddable":true,"href":"https:\/\/hosbirger.dk\/de\/wp-json\/wp\/v2\/product_brand?post=1407"},{"taxonomy":"product_cat","embeddable":true,"href":"https:\/\/hosbirger.dk\/de\/wp-json\/wp\/v2\/product_cat?post=1407"},{"taxonomy":"product_tag","embeddable":true,"href":"https:\/\/hosbirger.dk\/de\/wp-json\/wp\/v2\/product_tag?post=1407"}],"curies":[{"name":"wp","href":"https:\/\/api.w.org\/{rel}","templated":true}]}}