{"id":14139,"date":"2025-08-11T14:41:33","date_gmt":"2025-08-11T12:41:33","guid":{"rendered":"https:\/\/hosbirger.dk\/?post_type=product&#038;p=14139"},"modified":"2026-01-18T06:28:36","modified_gmt":"2026-01-18T05:28:36","slug":"rot-punkt-3-4-lange-windjacke-sommer-schwarz","status":"publish","type":"product","link":"https:\/\/hosbirger.dk\/de\/produkt\/rot-punkt-3-4-lange-windjacke-sommer-schwarz\/","title":{"rendered":"Red Point 3\/4 langer Windbreaker Sommer Schwarz"},"content":{"rendered":"<div class=\"xs_social_share_widget xs_share_url after_content \t\tmain_content  wslu-style-1 wslu-share-box-shaped wslu-fill-colored wslu-none wslu-share-horizontal wslu-theme-font-no wslu-main_content\">\n\n\t\t\n        <ul>\n\t\t\t        <\/ul>\n    <\/div>","protected":false},"excerpt":{"rendered":"<p data-start=\"60\" data-end=\"429\">Red Point 3\/4-L\u00e4nge Windbreaker Sommer schwarz - eine stilvolle und funktionelle Jacke, die \u00fcber einem Blazer getragen werden kann. Dieses Modell mit dem Namen Fausto ist die Fr\u00fchjahrs- und Sommerversion der beliebten Modelle Fausto und Francis. Die Jacke ist sowohl wind- als auch wasserdicht und damit die ideale Wahl f\u00fcr die w\u00e4rmeren Monate, wenn das Wetter noch unberechenbar sein kann.<\/p>\n<p data-start=\"431\" data-end=\"830\">Mit ihrem 3\/4-langen Schnitt bietet die Jacke guten Schutz vor Wind und Regen und sieht dabei leicht und elegant aus. Sie ist perfekt f\u00fcr alle, die eine Jacke suchen, die \u00fcber einem Anzug oder Blazer auf dem Weg zu Meetings, Veranstaltungen oder im Alltag getragen werden kann, wenn ein gepflegter Look wichtig ist. Die klassische schwarze Farbe macht die Jacke vielseitig und l\u00e4sst sich sowohl mit formeller als auch mit Freizeitkleidung kombinieren.<\/p>\n<p data-start=\"832\" data-end=\"1062\">Die Red Point Fausto Windjacke ist aus 100% Polyester gefertigt, was sie strapazierf\u00e4hig, leicht und angenehm zu tragen macht. Das Material ist au\u00dferdem pflegeleicht und die Jacke kann bei 40\u00b0 gewaschen werden, um sie sauber und vorzeigbar zu halten.<\/p>\n<p data-start=\"1064\" data-end=\"1198\">Eine praktische und moderne Sommerjacke von Red Point - geschaffen f\u00fcr M\u00e4nner, die Funktionalit\u00e4t, Qualit\u00e4t und ein stilvolles Design w\u00fcnschen.<\/p>","protected":false},"featured_media":1024,"comment_status":"open","ping_status":"closed","template":"","meta":{"postBodyCss":"","postBodyMargin":[],"postBodyPadding":[],"postBodyBackground":{"backgroundType":"classic","gradient":""},"site-sidebar-layout":"default","site-content-layout":"default","ast-site-content-layout":"default","site-content-style":"default","site-sidebar-style":"default","ast-global-header-display":"","ast-banner-title-visibility":"","ast-main-header-display":"","ast-hfb-above-header-display":"","ast-hfb-below-header-display":"","ast-hfb-mobile-header-display":"","site-post-title":"","ast-breadcrumbs-content":"","ast-featured-img":"","footer-sml-layout":"","ast-disable-related-posts":"","theme-transparent-header-meta":"default","adv-header-id-meta":"","stick-header-meta":"","header-above-stick-meta":"","header-main-stick-meta":"","header-below-stick-meta":"","astra-migrate-meta-layouts":"set","ast-page-background-enabled":"default","ast-page-background-meta":{"desktop":{"background-color":"var(--ast-global-color-5)","background-image":"","background-repeat":"repeat","background-position":"center center","background-size":"auto","background-attachment":"scroll","background-type":"","background-media":"","overlay-type":"","overlay-color":"","overlay-opacity":"","overlay-gradient":""},"tablet":{"background-color":"","background-image":"","background-repeat":"repeat","background-position":"center center","background-size":"auto","background-attachment":"scroll","background-type":"","background-media":"","overlay-type":"","overlay-color":"","overlay-opacity":"","overlay-gradient":""},"mobile":{"background-color":"","background-image":"","background-repeat":"repeat","background-position":"center center","background-size":"auto","background-attachment":"scroll","background-type":"","background-media":"","overlay-type":"","overlay-color":"","overlay-opacity":"","overlay-gradient":""}},"ast-content-background-meta":{"desktop":{"background-color":"var(--ast-global-color-4)","background-image":"","background-repeat":"repeat","background-position":"center center","background-size":"auto","background-attachment":"scroll","background-type":"","background-media":"","overlay-type":"","overlay-color":"","overlay-opacity":"","overlay-gradient":""},"tablet":{"background-color":"var(--ast-global-color-4)","background-image":"","background-repeat":"repeat","background-position":"center center","background-size":"auto","background-attachment":"scroll","background-type":"","background-media":"","overlay-type":"","overlay-color":"","overlay-opacity":"","overlay-gradient":""},"mobile":{"background-color":"var(--ast-global-color-4)","background-image":"","background-repeat":"repeat","background-position":"center center","background-size":"auto","background-attachment":"scroll","background-type":"","background-media":"","overlay-type":"","overlay-color":"","overlay-opacity":"","overlay-gradient":""}}},"product_brand":[],"product_cat":[20],"product_tag":[],"class_list":{"0":"post-14139","1":"product","2":"type-product","3":"status-publish","4":"has-post-thumbnail","6":"product_cat-outlet","7":"desktop-align-center","8":"tablet-align-left","9":"mobile-align-left","10":"ast-product-gallery-layout-horizontal-slider","11":"ast-product-gallery-with-no-image","12":"ast-product-single-variable","13":"ast-product-tabs-layout-horizontal","15":"first","16":"instock","17":"taxable","18":"shipping-taxable","19":"purchasable","20":"product-type-variable"},"_links":{"self":[{"href":"https:\/\/hosbirger.dk\/de\/wp-json\/wp\/v2\/product\/14139","targetHints":{"allow":["GET"]}}],"collection":[{"href":"https:\/\/hosbirger.dk\/de\/wp-json\/wp\/v2\/product"}],"about":[{"href":"https:\/\/hosbirger.dk\/de\/wp-json\/wp\/v2\/types\/product"}],"replies":[{"embeddable":true,"href":"https:\/\/hosbirger.dk\/de\/wp-json\/wp\/v2\/comments?post=14139"}],"wp:featuredmedia":[{"embeddable":true,"href":"https:\/\/hosbirger.dk\/de\/wp-json\/wp\/v2\/media\/1024"}],"wp:attachment":[{"href":"https:\/\/hosbirger.dk\/de\/wp-json\/wp\/v2\/media?parent=14139"}],"wp:term":[{"taxonomy":"product_brand","embeddable":true,"href":"https:\/\/hosbirger.dk\/de\/wp-json\/wp\/v2\/product_brand?post=14139"},{"taxonomy":"product_cat","embeddable":true,"href":"https:\/\/hosbirger.dk\/de\/wp-json\/wp\/v2\/product_cat?post=14139"},{"taxonomy":"product_tag","embeddable":true,"href":"https:\/\/hosbirger.dk\/de\/wp-json\/wp\/v2\/product_tag?post=14139"}],"curies":[{"name":"wp","href":"https:\/\/api.w.org\/{rel}","templated":true}]}}