{"id":161,"date":"2025-07-03T09:35:28","date_gmt":"2025-07-03T07:35:28","guid":{"rendered":"https:\/\/hosbirger.dk\/?post_type=product&#038;p=161"},"modified":"2025-09-30T16:46:29","modified_gmt":"2025-09-30T14:46:29","slug":"north-564-polo-shirt-mit-tasche","status":"publish","type":"product","link":"https:\/\/hosbirger.dk\/de\/produkt\/north-564-polo-shirt-mit-tasche\/","title":{"rendered":"North 56\u00b04 Poloshirt mit Tasche"},"content":{"rendered":"<div class=\"xs_social_share_widget xs_share_url after_content \t\tmain_content  wslu-style-1 wslu-share-box-shaped wslu-fill-colored wslu-none wslu-share-horizontal wslu-theme-font-no wslu-main_content\">\n\n\t\t\n        <ul>\n\t\t\t        <\/ul>\n    <\/div>","protected":false},"excerpt":{"rendered":"<p data-start=\"70\" data-end=\"455\"><strong data-start=\"70\" data-end=\"138\">North 56\u00b04 Poloshirt mit Tasche - klassisches Piqu\u00e9 f\u00fcr Plussize Man<\/strong><br data-start=\"138\" data-end=\"141\" \/>Verbessern Sie Ihre Grundgarderobe mit diesem <strong data-start=\"179\" data-end=\"211\">stylisches Poloshirt von North 56\u00b04<\/strong>, Entworfen f\u00fcr den modernen Mann, der sowohl Komfort als auch einen entspannten, sportlichen Look w\u00fcnscht. Das Poloshirt ist aus <strong data-start=\"327\" data-end=\"362\">weicher Piqu\u00e9-Stoff aus Baumwolle 100%<\/strong>, Das Material ist atmungsaktiv, strapazierf\u00e4hig und angenehm auf der Haut - perfekt f\u00fcr den t\u00e4glichen Gebrauch das ganze Jahr \u00fcber.<\/p>\n<p data-start=\"457\" data-end=\"481\"><strong data-start=\"457\" data-end=\"479\">Details &amp; Vorteile<\/strong><\/p>\n<ul data-start=\"482\" data-end=\"813\">\n<li data-start=\"482\" data-end=\"534\">\n<p data-start=\"484\" data-end=\"534\">Klassisches Polodesign mit <strong data-start=\"508\" data-end=\"532\">Plakette und 3 Kn\u00f6pfe<\/strong><\/p>\n<\/li>\n<li data-start=\"535\" data-end=\"599\">\n<p data-start=\"537\" data-end=\"599\"><strong data-start=\"537\" data-end=\"571\">Brusttasche mit dezenter Stickerei<\/strong> - Funktional und stilvoll<\/p>\n<\/li>\n<li data-start=\"600\" data-end=\"664\">\n<p data-start=\"602\" data-end=\"664\"><strong data-start=\"602\" data-end=\"629\">Innerer Hals mit Band<\/strong> f\u00fcr zus\u00e4tzlichen Komfort und Haltbarkeit<\/p>\n<\/li>\n<li data-start=\"665\" data-end=\"746\">\n<p data-start=\"667\" data-end=\"746\"><strong data-start=\"667\" data-end=\"698\">Spezielle Rippenb\u00fcndchen an den \u00c4rmeln<\/strong> und <strong data-start=\"702\" data-end=\"726\">Doppelnaht an der Unterseite<\/strong> f\u00fcr eine bessere Passform<\/p>\n<\/li>\n<li data-start=\"747\" data-end=\"813\">\n<p data-start=\"749\" data-end=\"813\"><strong data-start=\"749\" data-end=\"768\">Normale Passform<\/strong> - Gr\u00f6\u00dfengetreu, f\u00fcr M\u00e4nner mit \u00dcbergr\u00f6\u00dfen konzipiert<\/p>\n<\/li>\n<\/ul>\n<p data-start=\"815\" data-end=\"840\"><strong data-start=\"815\" data-end=\"838\">Material und Komfort<\/strong><\/p>\n<ul data-start=\"841\" data-end=\"1001\">\n<li data-start=\"841\" data-end=\"890\">\n<p data-start=\"843\" data-end=\"890\"><strong data-start=\"843\" data-end=\"858\">100% Baumwolle<\/strong> - Nat\u00fcrlich, weich und atmungsaktiv<\/p>\n<\/li>\n<li data-start=\"891\" data-end=\"950\">\n<p data-start=\"893\" data-end=\"950\">Piqu\u00e9-Strick verleiht Struktur und einen klassisch-sportlichen Look<\/p>\n<\/li>\n<li data-start=\"951\" data-end=\"1001\">\n<p data-start=\"953\" data-end=\"1001\">L\u00e4sst sich leicht mit Jeans, Chinos und Shorts kombinieren<\/p>\n<\/li>\n<\/ul>\n<p data-start=\"1003\" data-end=\"1254\"><strong data-start=\"1003\" data-end=\"1030\">Nord 56\u00b04 Sammlung<\/strong><br data-start=\"1030\" data-end=\"1033\" \/>Nord 56\u00b04 ist ein <strong data-start=\"1050\" data-end=\"1110\">Sportliche Vollsortiment-Freizeitkollektion f\u00fcr Plussize Man<\/strong>, Mit Respekt f\u00fcr Qualit\u00e4t und Passform kreiert. Mit zeitlosen Designs und robusten Materialien erhalten Sie Kleidung, die Saison f\u00fcr Saison h\u00e4lt.<\/p>\n<p data-start=\"1256\" data-end=\"1267\"><strong data-start=\"1256\" data-end=\"1265\">Pflege<\/strong><\/p>\n<ul data-start=\"1268\" data-end=\"1381\">\n<li data-start=\"1268\" data-end=\"1294\">\n<p data-start=\"1270\" data-end=\"1294\">Maschinenw\u00e4sche bei <strong data-start=\"1285\" data-end=\"1292\">40\u00b0<\/strong><\/p>\n<\/li>\n<li data-start=\"1295\" data-end=\"1346\">\n<p data-start=\"1297\" data-end=\"1346\">Von innen nach au\u00dfen waschen, um Farbe und Details zu erhalten<\/p>\n<\/li>\n<li data-start=\"1347\" data-end=\"1381\">\n<p data-start=\"1349\" data-end=\"1381\">Kann bei niedriger Hitze im W\u00e4schetrockner getrocknet werden<\/p>\n<\/li>\n<\/ul>\n<p>Kostenloser Versand bei einem Einkauf \u00fcber \u20ac100,-<\/p>","protected":false},"featured_media":184,"comment_status":"open","ping_status":"closed","template":"","meta":{"postBodyCss":"","postBodyMargin":[],"postBodyPadding":[],"postBodyBackground":{"backgroundType":"classic","gradient":""},"site-sidebar-layout":"default","site-content-layout":"default","ast-site-content-layout":"default","site-content-style":"default","site-sidebar-style":"default","ast-global-header-display":"","ast-banner-title-visibility":"","ast-main-header-display":"","ast-hfb-above-header-display":"","ast-hfb-below-header-display":"","ast-hfb-mobile-header-display":"","site-post-title":"","ast-breadcrumbs-content":"","ast-featured-img":"","footer-sml-layout":"","ast-disable-related-posts":"","theme-transparent-header-meta":"default","adv-header-id-meta":"","stick-header-meta":"","header-above-stick-meta":"","header-main-stick-meta":"","header-below-stick-meta":"","astra-migrate-meta-layouts":"set","ast-page-background-enabled":"default","ast-page-background-meta":{"desktop":{"background-color":"var(--ast-global-color-5)","background-image":"","background-repeat":"repeat","background-position":"center center","background-size":"auto","background-attachment":"scroll","background-type":"","background-media":"","overlay-type":"","overlay-color":"","overlay-opacity":"","overlay-gradient":""},"tablet":{"background-color":"","background-image":"","background-repeat":"repeat","background-position":"center center","background-size":"auto","background-attachment":"scroll","background-type":"","background-media":"","overlay-type":"","overlay-color":"","overlay-opacity":"","overlay-gradient":""},"mobile":{"background-color":"","background-image":"","background-repeat":"repeat","background-position":"center center","background-size":"auto","background-attachment":"scroll","background-type":"","background-media":"","overlay-type":"","overlay-color":"","overlay-opacity":"","overlay-gradient":""}},"ast-content-background-meta":{"desktop":{"background-color":"var(--ast-global-color-4)","background-image":"","background-repeat":"repeat","background-position":"center center","background-size":"auto","background-attachment":"scroll","background-type":"","background-media":"","overlay-type":"","overlay-color":"","overlay-opacity":"","overlay-gradient":""},"tablet":{"background-color":"var(--ast-global-color-4)","background-image":"","background-repeat":"repeat","background-position":"center center","background-size":"auto","background-attachment":"scroll","background-type":"","background-media":"","overlay-type":"","overlay-color":"","overlay-opacity":"","overlay-gradient":""},"mobile":{"background-color":"var(--ast-global-color-4)","background-image":"","background-repeat":"repeat","background-position":"center center","background-size":"auto","background-attachment":"scroll","background-type":"","background-media":"","overlay-type":"","overlay-color":"","overlay-opacity":"","overlay-gradient":""}}},"product_brand":[],"product_cat":[20],"product_tag":[],"class_list":{"0":"post-161","1":"product","2":"type-product","3":"status-publish","4":"has-post-thumbnail","6":"product_cat-outlet","7":"desktop-align-center","8":"tablet-align-left","9":"mobile-align-left","10":"ast-product-gallery-layout-horizontal-slider","11":"ast-product-gallery-with-no-image","12":"ast-product-single-variable","13":"ast-product-tabs-layout-horizontal","15":"first","16":"instock","17":"sale","18":"taxable","19":"shipping-taxable","20":"purchasable","21":"product-type-variable"},"_links":{"self":[{"href":"https:\/\/hosbirger.dk\/de\/wp-json\/wp\/v2\/product\/161","targetHints":{"allow":["GET"]}}],"collection":[{"href":"https:\/\/hosbirger.dk\/de\/wp-json\/wp\/v2\/product"}],"about":[{"href":"https:\/\/hosbirger.dk\/de\/wp-json\/wp\/v2\/types\/product"}],"replies":[{"embeddable":true,"href":"https:\/\/hosbirger.dk\/de\/wp-json\/wp\/v2\/comments?post=161"}],"wp:featuredmedia":[{"embeddable":true,"href":"https:\/\/hosbirger.dk\/de\/wp-json\/wp\/v2\/media\/184"}],"wp:attachment":[{"href":"https:\/\/hosbirger.dk\/de\/wp-json\/wp\/v2\/media?parent=161"}],"wp:term":[{"taxonomy":"product_brand","embeddable":true,"href":"https:\/\/hosbirger.dk\/de\/wp-json\/wp\/v2\/product_brand?post=161"},{"taxonomy":"product_cat","embeddable":true,"href":"https:\/\/hosbirger.dk\/de\/wp-json\/wp\/v2\/product_cat?post=161"},{"taxonomy":"product_tag","embeddable":true,"href":"https:\/\/hosbirger.dk\/de\/wp-json\/wp\/v2\/product_tag?post=161"}],"curies":[{"name":"wp","href":"https:\/\/api.w.org\/{rel}","templated":true}]}}