{"id":2054,"date":"2025-07-03T09:45:11","date_gmt":"2025-07-03T07:45:11","guid":{"rendered":"https:\/\/hosbirger.dk\/?post_type=product&#038;p=2054"},"modified":"2026-02-20T11:27:42","modified_gmt":"2026-02-20T10:27:42","slug":"north-564-bedrucktes-t-shirt-mit-tasche-schwarz-oliv-2","status":"publish","type":"product","link":"https:\/\/hosbirger.dk\/de\/produkt\/north-564-bedrucktes-t-shirt-mit-tasche-schwarz-oliv-2\/","title":{"rendered":"North 56\u00b04 bedrucktes T-Shirt mit Tasche Black Olive"},"content":{"rendered":"<div class=\"xs_social_share_widget xs_share_url after_content \t\tmain_content  wslu-style-1 wslu-share-box-shaped wslu-fill-colored wslu-none wslu-share-horizontal wslu-theme-font-no wslu-main_content\">\n\n\t\t\n        <ul>\n\t\t\t        <\/ul>\n    <\/div>","protected":false},"excerpt":{"rendered":"<p>North 56\u00b04 bedrucktes T-Shirt mit Tasche Black Olive<\/p>\n<p data-start=\"60\" data-end=\"390\">Aktualisieren Sie Ihre Alltagsgarderobe mit diesem <strong>North 56\u00b04 bedrucktes T-Shirt mit Tasche Black Olive<\/strong>. Das Modell hat eine <strong data-start=\"237\" data-end=\"267\">Brusttasche mit kleinem Aufdruck<\/strong> f\u00fcr einen diskreten, modernen Look und die <strong data-start=\"307\" data-end=\"321\">Rundhalsausschnitt<\/strong> und der weiche Jersey macht das T-Shirt den ganzen Tag \u00fcber angenehm zu tragen.<\/p>\n<p data-start=\"392\" data-end=\"416\"><strong data-start=\"392\" data-end=\"414\">Komfort und Qualit\u00e4t<\/strong><\/p>\n<ul data-start=\"417\" data-end=\"688\">\n<li data-start=\"417\" data-end=\"473\">\n<p data-start=\"419\" data-end=\"473\">Eingen\u00e4ht <strong data-start=\"426\" data-end=\"443\">Single-Trikot<\/strong>: weich, atmungsaktiv und formstabil<\/p>\n<\/li>\n<li data-start=\"474\" data-end=\"539\">\n<p data-start=\"476\" data-end=\"539\"><strong data-start=\"476\" data-end=\"503\">Einfarbiges Band im Nacken<\/strong> f\u00fcr zus\u00e4tzlichen Komfort und einen sauberen Abschluss<\/p>\n<\/li>\n<li data-start=\"540\" data-end=\"601\">\n<p data-start=\"542\" data-end=\"601\"><strong data-start=\"542\" data-end=\"556\">Doppelnaht<\/strong> an \u00c4rmeln und Saum f\u00fcr bessere Haltbarkeit<\/p>\n<\/li>\n<li data-start=\"602\" data-end=\"688\">\n<p data-start=\"604\" data-end=\"688\"><strong data-start=\"604\" data-end=\"644\">Normale Passform - normale Gr\u00f6\u00dfe<\/strong>, L\u00e4sst sich leicht solo oder unter einem Overshirt tragen<\/p>\n<\/li>\n<\/ul>\n<p data-start=\"690\" data-end=\"909\"><strong data-start=\"690\" data-end=\"711\">Stil und Anwendung<\/strong><br data-start=\"711\" data-end=\"714\" \/>Die zur\u00fcckhaltende <strong data-start=\"728\" data-end=\"743\">schwarz\/oliv<\/strong>-Palette ist leicht zu kombinieren mit <strong data-start=\"773\" data-end=\"803\">Jeans, Chinos oder kurze Hosen<\/strong>. Tragen Sie es als Basis unter einem offenen Hemd, einer Strickjacke oder einer leichten Jacke f\u00fcr einen l\u00e4ssigen und dennoch kompletten Look.<\/p>\n<p data-start=\"911\" data-end=\"1123\"><strong data-start=\"911\" data-end=\"928\">\u00dcber North 56\u00b04<\/strong><br data-start=\"928\" data-end=\"931\" \/>Nord 56\u00b04 ist ein <strong data-start=\"948\" data-end=\"1009\">Sportliche Freizeitkollektion f\u00fcr M\u00e4nner mit \u00dcbergr\u00f6\u00dfe<\/strong>, entwickelt unter Ber\u00fccksichtigung von <strong data-start=\"1036\" data-end=\"1077\">Qualit\u00e4t, Passform und Bewegungsfreiheit<\/strong> - Favoriten, die Saison f\u00fcr Saison funktionieren.<\/p>\n<p data-start=\"1125\" data-end=\"1249\"><strong data-start=\"1125\" data-end=\"1134\">Pflege<\/strong><br data-start=\"1134\" data-end=\"1137\" \/>Waschen Sie das Kleidungsst\u00fcck gem\u00e4\u00df den Anweisungen auf links, um Farbe und Druck zu erhalten. F\u00fcr maximale Haltbarkeit wird H\u00e4ngetrocknen empfohlen.<\/p>\n<p>100% Baumwolle<\/p>\n<p>Waschen: 40\u00b0 von innen nach au\u00dfen<\/p>","protected":false},"featured_media":2061,"comment_status":"open","ping_status":"closed","template":"","meta":{"postBodyCss":"","postBodyMargin":[],"postBodyPadding":[],"postBodyBackground":{"backgroundType":"classic","gradient":""},"site-sidebar-layout":"default","site-content-layout":"default","ast-site-content-layout":"default","site-content-style":"default","site-sidebar-style":"default","ast-global-header-display":"","ast-banner-title-visibility":"","ast-main-header-display":"","ast-hfb-above-header-display":"","ast-hfb-below-header-display":"","ast-hfb-mobile-header-display":"","site-post-title":"","ast-breadcrumbs-content":"","ast-featured-img":"","footer-sml-layout":"","ast-disable-related-posts":"","theme-transparent-header-meta":"default","adv-header-id-meta":"","stick-header-meta":"","header-above-stick-meta":"","header-main-stick-meta":"","header-below-stick-meta":"","astra-migrate-meta-layouts":"set","ast-page-background-enabled":"default","ast-page-background-meta":{"desktop":{"background-color":"var(--ast-global-color-5)","background-image":"","background-repeat":"repeat","background-position":"center center","background-size":"auto","background-attachment":"scroll","background-type":"","background-media":"","overlay-type":"","overlay-color":"","overlay-opacity":"","overlay-gradient":""},"tablet":{"background-color":"","background-image":"","background-repeat":"repeat","background-position":"center center","background-size":"auto","background-attachment":"scroll","background-type":"","background-media":"","overlay-type":"","overlay-color":"","overlay-opacity":"","overlay-gradient":""},"mobile":{"background-color":"","background-image":"","background-repeat":"repeat","background-position":"center center","background-size":"auto","background-attachment":"scroll","background-type":"","background-media":"","overlay-type":"","overlay-color":"","overlay-opacity":"","overlay-gradient":""}},"ast-content-background-meta":{"desktop":{"background-color":"var(--ast-global-color-4)","background-image":"","background-repeat":"repeat","background-position":"center center","background-size":"auto","background-attachment":"scroll","background-type":"","background-media":"","overlay-type":"","overlay-color":"","overlay-opacity":"","overlay-gradient":""},"tablet":{"background-color":"var(--ast-global-color-4)","background-image":"","background-repeat":"repeat","background-position":"center center","background-size":"auto","background-attachment":"scroll","background-type":"","background-media":"","overlay-type":"","overlay-color":"","overlay-opacity":"","overlay-gradient":""},"mobile":{"background-color":"var(--ast-global-color-4)","background-image":"","background-repeat":"repeat","background-position":"center center","background-size":"auto","background-attachment":"scroll","background-type":"","background-media":"","overlay-type":"","overlay-color":"","overlay-opacity":"","overlay-gradient":""}}},"product_brand":[],"product_cat":[200,85],"product_tag":[],"class_list":{"0":"post-2054","1":"product","2":"type-product","3":"status-publish","4":"has-post-thumbnail","6":"product_cat-outlet-tall","7":"product_cat-tall","8":"desktop-align-center","9":"tablet-align-left","10":"mobile-align-left","11":"ast-product-gallery-layout-horizontal-slider","12":"ast-product-single-variable","13":"ast-product-tabs-layout-horizontal","15":"first","16":"instock","17":"sale","18":"taxable","19":"shipping-taxable","20":"purchasable","21":"product-type-variable"},"_links":{"self":[{"href":"https:\/\/hosbirger.dk\/de\/wp-json\/wp\/v2\/product\/2054","targetHints":{"allow":["GET"]}}],"collection":[{"href":"https:\/\/hosbirger.dk\/de\/wp-json\/wp\/v2\/product"}],"about":[{"href":"https:\/\/hosbirger.dk\/de\/wp-json\/wp\/v2\/types\/product"}],"replies":[{"embeddable":true,"href":"https:\/\/hosbirger.dk\/de\/wp-json\/wp\/v2\/comments?post=2054"}],"wp:featuredmedia":[{"embeddable":true,"href":"https:\/\/hosbirger.dk\/de\/wp-json\/wp\/v2\/media\/2061"}],"wp:attachment":[{"href":"https:\/\/hosbirger.dk\/de\/wp-json\/wp\/v2\/media?parent=2054"}],"wp:term":[{"taxonomy":"product_brand","embeddable":true,"href":"https:\/\/hosbirger.dk\/de\/wp-json\/wp\/v2\/product_brand?post=2054"},{"taxonomy":"product_cat","embeddable":true,"href":"https:\/\/hosbirger.dk\/de\/wp-json\/wp\/v2\/product_cat?post=2054"},{"taxonomy":"product_tag","embeddable":true,"href":"https:\/\/hosbirger.dk\/de\/wp-json\/wp\/v2\/product_tag?post=2054"}],"curies":[{"name":"wp","href":"https:\/\/api.w.org\/{rel}","templated":true}]}}