{"id":22142,"date":"2025-08-11T15:05:15","date_gmt":"2025-08-11T13:05:15","guid":{"rendered":"https:\/\/hosbirger.dk\/?post_type=product&#038;p=22142"},"modified":"2026-02-05T16:01:30","modified_gmt":"2026-02-05T15:01:30","slug":"claudio-multistreifen-40-47-navy-blaa-blaa-blaa-beige","status":"publish","type":"product","link":"https:\/\/hosbirger.dk\/de\/produkt\/claudio-multistreifen-40-47-navy-blaa-blaa-blaa-beige\/","title":{"rendered":"Claudio Multistreifen 40-47 marineblau\/ blau\/ beige"},"content":{"rendered":"<div class=\"xs_social_share_widget xs_share_url after_content \t\tmain_content  wslu-style-1 wslu-share-box-shaped wslu-fill-colored wslu-none wslu-share-horizontal wslu-theme-font-no wslu-main_content\">\n\n\t\t\n        <ul>\n\t\t\t        <\/ul>\n    <\/div>","protected":false},"excerpt":{"rendered":"<p data-start=\"60\" data-end=\"443\">Claudio multi stripe 40-47 schwarz, grau und wei\u00df - klassische und moderne Socken, die Stil, Komfort und Funktionalit\u00e4t verbinden. Mit ihrem schlichten, aber eleganten Streifendesign sind die Socken sowohl f\u00fcr den Alltag als auch f\u00fcr formelle Anl\u00e4sse geeignet. Die Farbkombination aus Schwarz, Grau und Wei\u00df macht es einfach, sie mit allem zu kombinieren, von Anz\u00fcgen und Anzughosen bis zu Jeans und Chinos.<\/p>\n<p data-start=\"445\" data-end=\"733\">Die Socken sind aus einer weichen und strapazierf\u00e4higen Materialmischung aus 78% Baumwolle, 20% Polyamid und 2% Elastan gefertigt. Dies sorgt f\u00fcr Atmungsaktivit\u00e4t, Dehnbarkeit und eine Passform, die den ganzen Tag lang bequem bleibt. Die Socken sind f\u00fcr die Gr\u00f6\u00dfen 40-47 konzipiert, was sie f\u00fcr die meisten M\u00e4nner zu einer guten Wahl macht.<\/p>\n<p data-start=\"735\" data-end=\"956\">Claudio-Socken sind praktisch im Alltag, da sie bei 40 Grad gewaschen werden k\u00f6nnen und ihre Form und Farben nach jeder W\u00e4sche behalten. Sie sind die perfekte Wahl f\u00fcr alle, die sich hochwertige Socken mit einem zeitlosen Look w\u00fcnschen.<\/p>\n<p data-start=\"958\" data-end=\"1105\">Erweitern Sie Ihre Sockengarderobe mit diesen modischen Claudio-Socken - und denken Sie daran, dass Sie bei Hos Birger ab einem Einkaufswert von DKK 499,- immer einen kostenlosen Versand erhalten.<\/p>","protected":false},"featured_media":33120,"comment_status":"open","ping_status":"closed","template":"","meta":{"postBodyCss":"","postBodyMargin":[],"postBodyPadding":[],"postBodyBackground":{"backgroundType":"classic","gradient":""},"site-sidebar-layout":"default","site-content-layout":"default","ast-site-content-layout":"default","site-content-style":"default","site-sidebar-style":"default","ast-global-header-display":"","ast-banner-title-visibility":"","ast-main-header-display":"","ast-hfb-above-header-display":"","ast-hfb-below-header-display":"","ast-hfb-mobile-header-display":"","site-post-title":"","ast-breadcrumbs-content":"","ast-featured-img":"","footer-sml-layout":"","ast-disable-related-posts":"","theme-transparent-header-meta":"default","adv-header-id-meta":"","stick-header-meta":"","header-above-stick-meta":"","header-main-stick-meta":"","header-below-stick-meta":"","astra-migrate-meta-layouts":"set","ast-page-background-enabled":"default","ast-page-background-meta":{"desktop":{"background-color":"var(--ast-global-color-5)","background-image":"","background-repeat":"repeat","background-position":"center center","background-size":"auto","background-attachment":"scroll","background-type":"","background-media":"","overlay-type":"","overlay-color":"","overlay-opacity":"","overlay-gradient":""},"tablet":{"background-color":"","background-image":"","background-repeat":"repeat","background-position":"center center","background-size":"auto","background-attachment":"scroll","background-type":"","background-media":"","overlay-type":"","overlay-color":"","overlay-opacity":"","overlay-gradient":""},"mobile":{"background-color":"","background-image":"","background-repeat":"repeat","background-position":"center center","background-size":"auto","background-attachment":"scroll","background-type":"","background-media":"","overlay-type":"","overlay-color":"","overlay-opacity":"","overlay-gradient":""}},"ast-content-background-meta":{"desktop":{"background-color":"var(--ast-global-color-4)","background-image":"","background-repeat":"repeat","background-position":"center center","background-size":"auto","background-attachment":"scroll","background-type":"","background-media":"","overlay-type":"","overlay-color":"","overlay-opacity":"","overlay-gradient":""},"tablet":{"background-color":"var(--ast-global-color-4)","background-image":"","background-repeat":"repeat","background-position":"center center","background-size":"auto","background-attachment":"scroll","background-type":"","background-media":"","overlay-type":"","overlay-color":"","overlay-opacity":"","overlay-gradient":""},"mobile":{"background-color":"var(--ast-global-color-4)","background-image":"","background-repeat":"repeat","background-position":"center center","background-size":"auto","background-attachment":"scroll","background-type":"","background-media":"","overlay-type":"","overlay-color":"","overlay-opacity":"","overlay-gradient":""}}},"product_brand":[],"product_cat":[21,125,128],"product_tag":[],"class_list":{"0":"post-22142","1":"product","2":"type-product","3":"status-publish","4":"has-post-thumbnail","6":"product_cat-alle-varer","7":"product_cat-jbs","8":"product_cat-stroemper","9":"desktop-align-center","10":"tablet-align-left","11":"mobile-align-left","12":"ast-product-gallery-layout-horizontal-slider","13":"ast-product-gallery-with-no-image","14":"ast-product-single-variable","15":"ast-product-tabs-layout-horizontal","17":"first","18":"instock","19":"taxable","20":"shipping-taxable","21":"purchasable","22":"product-type-variable"},"_links":{"self":[{"href":"https:\/\/hosbirger.dk\/de\/wp-json\/wp\/v2\/product\/22142","targetHints":{"allow":["GET"]}}],"collection":[{"href":"https:\/\/hosbirger.dk\/de\/wp-json\/wp\/v2\/product"}],"about":[{"href":"https:\/\/hosbirger.dk\/de\/wp-json\/wp\/v2\/types\/product"}],"replies":[{"embeddable":true,"href":"https:\/\/hosbirger.dk\/de\/wp-json\/wp\/v2\/comments?post=22142"}],"wp:featuredmedia":[{"embeddable":true,"href":"https:\/\/hosbirger.dk\/de\/wp-json\/wp\/v2\/media\/33120"}],"wp:attachment":[{"href":"https:\/\/hosbirger.dk\/de\/wp-json\/wp\/v2\/media?parent=22142"}],"wp:term":[{"taxonomy":"product_brand","embeddable":true,"href":"https:\/\/hosbirger.dk\/de\/wp-json\/wp\/v2\/product_brand?post=22142"},{"taxonomy":"product_cat","embeddable":true,"href":"https:\/\/hosbirger.dk\/de\/wp-json\/wp\/v2\/product_cat?post=22142"},{"taxonomy":"product_tag","embeddable":true,"href":"https:\/\/hosbirger.dk\/de\/wp-json\/wp\/v2\/product_tag?post=22142"}],"curies":[{"name":"wp","href":"https:\/\/api.w.org\/{rel}","templated":true}]}}