{"id":2368,"date":"2025-07-03T09:46:44","date_gmt":"2025-07-03T07:46:44","guid":{"rendered":"https:\/\/hosbirger.dk\/?post_type=product&#038;p=2368"},"modified":"2026-01-18T07:15:02","modified_gmt":"2026-01-18T06:15:02","slug":"north-564-kapuzenpullover-strickjacke-mit-kapuze-navy-blau","status":"publish","type":"product","link":"https:\/\/hosbirger.dk\/de\/produkt\/north-564-kapuzenpullover-strickjacke-mit-kapuze-navy-blau\/","title":{"rendered":"North 56\u00b04 Kapuzenpulli Strickjacke Marineblau"},"content":{"rendered":"<div class=\"xs_social_share_widget xs_share_url after_content \t\tmain_content  wslu-style-1 wslu-share-box-shaped wslu-fill-colored wslu-none wslu-share-horizontal wslu-theme-font-no wslu-main_content\">\n\n\t\t\n        <ul>\n\t\t\t        <\/ul>\n    <\/div>","protected":false},"excerpt":{"rendered":"<p>North 56\u00b04 Kapuzenpulli Strickjacke Marineblau<\/p>\n<p data-start=\"60\" data-end=\"456\">Aktualisieren Sie Ihre Alltagsgarderobe mit einem <strong data-start=\"150\" data-end=\"187\">Sweatshirt-Strickjacke von North 56\u00b04<\/strong> in klassischem Marineblau. Das Modell kombiniert <strong data-start=\"227\" data-end=\"246\">Durchgehender Rei\u00dfverschluss<\/strong>, <strong data-start=\"248\" data-end=\"278\">Kapuze mit verstellbaren Kordelz\u00fcgen<\/strong> und <strong data-start=\"282\" data-end=\"296\">Seitentaschen<\/strong>, So erhalten Sie Funktion und Komfort in einem modischen Hoodie. Unauff\u00e4llig <strong data-start=\"362\" data-end=\"378\">Bruststickerei<\/strong> und <strong data-start=\"382\" data-end=\"424\">Verst\u00e4rkungsband an Schulter und \u00c4rmeln<\/strong> ergibt ein sauberes, dauerhaftes Finish.<\/p>\n<p data-start=\"458\" data-end=\"482\"><strong data-start=\"458\" data-end=\"480\">Komfort und Qualit\u00e4t<\/strong><\/p>\n<ul data-start=\"483\" data-end=\"766\">\n<li data-start=\"483\" data-end=\"566\">\n<p data-start=\"485\" data-end=\"566\">Gestrickt in <strong data-start=\"496\" data-end=\"525\">Baumwollfrottee (Schlingenr\u00fccken)<\/strong> - nicht geb\u00fcrstet - f\u00fcr atmungsaktive, leichte W\u00e4rme<\/p>\n<\/li>\n<li data-start=\"567\" data-end=\"629\">\n<p data-start=\"569\" data-end=\"629\"><strong data-start=\"569\" data-end=\"594\">Sehr weicher Sweat-Stoff<\/strong>, den ganzen Tag \u00fcber angenehm auf der Haut<\/p>\n<\/li>\n<li data-start=\"630\" data-end=\"715\">\n<p data-start=\"632\" data-end=\"715\"><strong data-start=\"632\" data-end=\"672\">Normale Passform - normale Gr\u00f6\u00dfe<\/strong>, leicht \u00fcber T-Shirt oder Hemd zu stylen<\/p>\n<\/li>\n<li data-start=\"716\" data-end=\"766\">\n<p data-start=\"718\" data-end=\"766\">Rippe am B\u00fcndchen und unten f\u00fcr bessere Formstabilit\u00e4t<\/p>\n<\/li>\n<\/ul>\n<p data-start=\"768\" data-end=\"801\"><strong data-start=\"768\" data-end=\"799\">Details, die Sie jeden Tag nutzen<\/strong><\/p>\n<ul data-start=\"802\" data-end=\"1023\">\n<li data-start=\"802\" data-end=\"867\">\n<p data-start=\"804\" data-end=\"867\"><strong data-start=\"804\" data-end=\"819\">Durchgehender Rei\u00dfverschluss<\/strong>Einfaches An- und Ausschalten und flexible Temperaturregelung<\/p>\n<\/li>\n<li data-start=\"868\" data-end=\"908\">\n<p data-start=\"870\" data-end=\"908\"><strong data-start=\"870\" data-end=\"884\">Seitentaschen<\/strong> f\u00fcr H\u00e4nde und kleine Gegenst\u00e4nde<\/p>\n<\/li>\n<li data-start=\"909\" data-end=\"964\">\n<p data-start=\"911\" data-end=\"964\"><strong data-start=\"911\" data-end=\"920\">Haube<\/strong> Mit einem Kordelzug, der bei Wind und leichtem Regen sch\u00fctzt<\/p>\n<\/li>\n<li data-start=\"965\" data-end=\"1023\">\n<p data-start=\"967\" data-end=\"1023\">Tonal <strong data-start=\"974\" data-end=\"996\">Logo\/Bruststickerei<\/strong> f\u00fcr einen sauberen, sportlichen Look<\/p>\n<\/li>\n<\/ul>\n<p data-start=\"1025\" data-end=\"1216\"><strong data-start=\"1025\" data-end=\"1044\">So geht's<\/strong><br data-start=\"1044\" data-end=\"1047\" \/>Spiel mit <strong data-start=\"1057\" data-end=\"1088\">Jeans, Chinos oder Jogginghosen<\/strong> f\u00fcr einen l\u00e4ssigen Alltagslook. Tragen Sie es unter einer leichten Jacke f\u00fcr die \u00dcbergangszeit oder \u00fcber einem Poloshirt f\u00fcr einen l\u00e4ssigen Look.<\/p>\n<p data-start=\"1218\" data-end=\"1443\"><strong data-start=\"1218\" data-end=\"1235\">\u00dcber North 56\u00b04<\/strong><br data-start=\"1235\" data-end=\"1238\" \/>Nord 56\u00b04 ist ein <strong data-start=\"1255\" data-end=\"1318\">Sportliche Vollsortiment-Freizeitkollektion f\u00fcr den Mann in \u00dcbergr\u00f6\u00dfe<\/strong>entworfen mit Respekt f\u00fcr <strong data-start=\"1345\" data-end=\"1386\">Qualit\u00e4t, Passform und Bewegungsfreiheit<\/strong> - Funktionale Favoriten, die sich Saison f\u00fcr Saison bew\u00e4hren.<\/p>\n<p data-start=\"1445\" data-end=\"1591\"><strong data-start=\"1445\" data-end=\"1454\">Pflege<\/strong><br data-start=\"1454\" data-end=\"1457\" \/>Maschinenw\u00e4sche gem\u00e4\u00df den Anweisungen. Auf links waschen und \u00fcberm\u00e4\u00dfige Hitze im Trockner vermeiden, um Farbe, Passform und Rei\u00dfverschl\u00fcsse so lange wie m\u00f6glich zu erhalten.<\/p>\n<p>100% Baumwolle<\/p>\n<p>Waschen: 40\u00b0.<\/p>","protected":false},"featured_media":2391,"comment_status":"open","ping_status":"closed","template":"","meta":{"postBodyCss":"","postBodyMargin":[],"postBodyPadding":[],"postBodyBackground":{"backgroundType":"classic","gradient":""},"site-sidebar-layout":"default","site-content-layout":"default","ast-site-content-layout":"default","site-content-style":"default","site-sidebar-style":"default","ast-global-header-display":"","ast-banner-title-visibility":"","ast-main-header-display":"","ast-hfb-above-header-display":"","ast-hfb-below-header-display":"","ast-hfb-mobile-header-display":"","site-post-title":"","ast-breadcrumbs-content":"","ast-featured-img":"","footer-sml-layout":"","ast-disable-related-posts":"","theme-transparent-header-meta":"default","adv-header-id-meta":"","stick-header-meta":"","header-above-stick-meta":"","header-main-stick-meta":"","header-below-stick-meta":"","astra-migrate-meta-layouts":"set","ast-page-background-enabled":"default","ast-page-background-meta":{"desktop":{"background-color":"var(--ast-global-color-5)","background-image":"","background-repeat":"repeat","background-position":"center center","background-size":"auto","background-attachment":"scroll","background-type":"","background-media":"","overlay-type":"","overlay-color":"","overlay-opacity":"","overlay-gradient":""},"tablet":{"background-color":"","background-image":"","background-repeat":"repeat","background-position":"center center","background-size":"auto","background-attachment":"scroll","background-type":"","background-media":"","overlay-type":"","overlay-color":"","overlay-opacity":"","overlay-gradient":""},"mobile":{"background-color":"","background-image":"","background-repeat":"repeat","background-position":"center center","background-size":"auto","background-attachment":"scroll","background-type":"","background-media":"","overlay-type":"","overlay-color":"","overlay-opacity":"","overlay-gradient":""}},"ast-content-background-meta":{"desktop":{"background-color":"var(--ast-global-color-4)","background-image":"","background-repeat":"repeat","background-position":"center center","background-size":"auto","background-attachment":"scroll","background-type":"","background-media":"","overlay-type":"","overlay-color":"","overlay-opacity":"","overlay-gradient":""},"tablet":{"background-color":"var(--ast-global-color-4)","background-image":"","background-repeat":"repeat","background-position":"center center","background-size":"auto","background-attachment":"scroll","background-type":"","background-media":"","overlay-type":"","overlay-color":"","overlay-opacity":"","overlay-gradient":""},"mobile":{"background-color":"var(--ast-global-color-4)","background-image":"","background-repeat":"repeat","background-position":"center center","background-size":"auto","background-attachment":"scroll","background-type":"","background-media":"","overlay-type":"","overlay-color":"","overlay-opacity":"","overlay-gradient":""}}},"product_brand":[],"product_cat":[20],"product_tag":[],"class_list":{"0":"post-2368","1":"product","2":"type-product","3":"status-publish","4":"has-post-thumbnail","6":"product_cat-outlet","7":"desktop-align-center","8":"tablet-align-left","9":"mobile-align-left","10":"ast-product-gallery-layout-horizontal-slider","11":"ast-product-single-variable","12":"ast-product-tabs-layout-horizontal","14":"first","15":"instock","16":"sale","17":"taxable","18":"shipping-taxable","19":"purchasable","20":"product-type-variable"},"_links":{"self":[{"href":"https:\/\/hosbirger.dk\/de\/wp-json\/wp\/v2\/product\/2368","targetHints":{"allow":["GET"]}}],"collection":[{"href":"https:\/\/hosbirger.dk\/de\/wp-json\/wp\/v2\/product"}],"about":[{"href":"https:\/\/hosbirger.dk\/de\/wp-json\/wp\/v2\/types\/product"}],"replies":[{"embeddable":true,"href":"https:\/\/hosbirger.dk\/de\/wp-json\/wp\/v2\/comments?post=2368"}],"wp:featuredmedia":[{"embeddable":true,"href":"https:\/\/hosbirger.dk\/de\/wp-json\/wp\/v2\/media\/2391"}],"wp:attachment":[{"href":"https:\/\/hosbirger.dk\/de\/wp-json\/wp\/v2\/media?parent=2368"}],"wp:term":[{"taxonomy":"product_brand","embeddable":true,"href":"https:\/\/hosbirger.dk\/de\/wp-json\/wp\/v2\/product_brand?post=2368"},{"taxonomy":"product_cat","embeddable":true,"href":"https:\/\/hosbirger.dk\/de\/wp-json\/wp\/v2\/product_cat?post=2368"},{"taxonomy":"product_tag","embeddable":true,"href":"https:\/\/hosbirger.dk\/de\/wp-json\/wp\/v2\/product_tag?post=2368"}],"curies":[{"name":"wp","href":"https:\/\/api.w.org\/{rel}","templated":true}]}}