{"id":2422,"date":"2025-07-03T09:46:49","date_gmt":"2025-07-03T07:46:49","guid":{"rendered":"https:\/\/hosbirger.dk\/?post_type=product&#038;p=2422"},"modified":"2026-01-18T07:14:51","modified_gmt":"2026-01-18T06:14:51","slug":"north-564-skijacke-wind-und-wasser-taet-marineblau-melange","status":"publish","type":"product","link":"https:\/\/hosbirger.dk\/de\/produkt\/north-564-skijacke-wind-und-wasser-taet-marineblau-melange\/","title":{"rendered":"North 56\u00b04 Skijacke wind- und wasserdicht Navy Blue farbig"},"content":{"rendered":"<div class=\"xs_social_share_widget xs_share_url after_content \t\tmain_content  wslu-style-1 wslu-share-box-shaped wslu-fill-colored wslu-none wslu-share-horizontal wslu-theme-font-no wslu-main_content\">\n\n\t\t\n        <ul>\n\t\t\t        <\/ul>\n    <\/div>","protected":false},"excerpt":{"rendered":"<p>North 56\u00b04 Skijacke wind- und wasserdicht Navy Blue farbig<\/p>\n<p data-start=\"60\" data-end=\"520\">Bleiben Sie warm, trocken und in voller Bewegung auf der Piste und im Alltag mit diesem <strong>North 56\u00b04 Skijacke wind- und wasserdicht Navy Blue farbig<\/strong>. Der Oberstoff ist <strong data-start=\"256\" data-end=\"279\">Wasserdicht bis 3000 mm<\/strong> und <strong data-start=\"283\" data-end=\"294\">winddicht<\/strong>, w\u00e4hrend die Atmungsaktivit\u00e4t von <strong data-start=\"316\" data-end=\"331\">3000 m\u00b3\/24h<\/strong> transportiert W\u00e4rme und Feuchtigkeit ab, damit Sie sich bei Ihren Aktivit\u00e4ten wohl f\u00fchlen. <strong data-start=\"416\" data-end=\"432\">Verschwei\u00dfte N\u00e4hte<\/strong> und <strong data-start=\"436\" data-end=\"458\">Verdeckter Frontrei\u00dfverschluss<\/strong> mit gummierten Druckkn\u00f6pfen verhindern das Eindringen von Wasser.<\/p>\n<p data-start=\"522\" data-end=\"543\"><strong data-start=\"522\" data-end=\"541\">W\u00e4rme und Komfort<\/strong><\/p>\n<ul data-start=\"544\" data-end=\"807\">\n<li data-start=\"544\" data-end=\"598\">\n<p data-start=\"546\" data-end=\"598\"><strong data-start=\"546\" data-end=\"566\">Polarfleece-Futter<\/strong> am Oberk\u00f6rper f\u00fcr sanfte W\u00e4rme<\/p>\n<\/li>\n<li data-start=\"599\" data-end=\"683\">\n<p data-start=\"601\" data-end=\"683\"><strong data-start=\"601\" data-end=\"629\">Gesteppte Polsterung am Boden<\/strong> f\u00fcr zus\u00e4tzliche Isolierung, wo Sie sie am meisten brauchen<\/p>\n<\/li>\n<li data-start=\"684\" data-end=\"752\">\n<p data-start=\"686\" data-end=\"752\"><strong data-start=\"686\" data-end=\"705\">Extra gerippter Kragen<\/strong> die dicht schlie\u00dft und vor K\u00e4lte und Wind sch\u00fctzt<\/p>\n<\/li>\n<li data-start=\"753\" data-end=\"807\">\n<p data-start=\"755\" data-end=\"807\"><strong data-start=\"755\" data-end=\"773\">Elastischer Kordelzug<\/strong> zur schnellen Anpassung der Passform<\/p>\n<\/li>\n<\/ul>\n<p data-start=\"809\" data-end=\"833\"><strong data-start=\"809\" data-end=\"831\">Praktische Details<\/strong><\/p>\n<ul data-start=\"834\" data-end=\"1089\">\n<li data-start=\"834\" data-end=\"887\">\n<p data-start=\"836\" data-end=\"887\"><strong data-start=\"836\" data-end=\"863\">2 Seitentaschen mit Rei\u00dfverschluss<\/strong> zur sicheren Lagerung<\/p>\n<\/li>\n<li data-start=\"888\" data-end=\"946\">\n<p data-start=\"890\" data-end=\"946\"><strong data-start=\"890\" data-end=\"919\">Verdeckter durchgehender Rei\u00dfverschluss<\/strong> mit Schutzangriff<\/p>\n<\/li>\n<li data-start=\"947\" data-end=\"1025\">\n<p data-start=\"949\" data-end=\"1025\"><strong data-start=\"949\" data-end=\"988\">Normale Passform - gr\u00f6\u00dfengetreu<\/strong>, bietet Stauraum, ohne schwer zu sein<\/p>\n<\/li>\n<li data-start=\"1026\" data-end=\"1089\">\n<p data-start=\"1028\" data-end=\"1089\"><strong data-start=\"1028\" data-end=\"1049\">Marineblau gesprenkelt<\/strong> Finish f\u00fcr einen sauberen, sportlichen Look<\/p>\n<\/li>\n<\/ul>\n<p data-start=\"1091\" data-end=\"1284\"><strong data-start=\"1091\" data-end=\"1126\">F\u00fcr den aktiven Einsatz - den ganzen Winter \u00fcber<\/strong><br data-start=\"1126\" data-end=\"1129\" \/>Perfekt als <strong data-start=\"1141\" data-end=\"1153\">Skijacke<\/strong>, F\u00fcr das Pendeln im Winter und im Freien. Kombiniert mit einem technischen Baselayer und einem warmen Midlayer-Fleece f\u00fcr ein flexibles Schicht-auf-Schicht-System.<\/p>\n<p data-start=\"1286\" data-end=\"1475\"><strong data-start=\"1286\" data-end=\"1309\">\u00dcber North 56\u00b04 Sport<\/strong><br data-start=\"1309\" data-end=\"1312\" \/>A <strong data-start=\"1315\" data-end=\"1348\">funktionelle, sportliche Kollektion<\/strong> in technischen Materialien, die f\u00fcr die <strong data-start=\"1388\" data-end=\"1412\">aktiver Mann mit \u00dcbergr\u00f6\u00dfe<\/strong> - mit Schwerpunkt auf <strong data-start=\"1428\" data-end=\"1474\">Qualit\u00e4t, Passform und durchdachte Details<\/strong>.<\/p>\n<p data-start=\"1477\" data-end=\"1620\"><strong data-start=\"1477\" data-end=\"1486\">Pflege<\/strong><br data-start=\"1486\" data-end=\"1489\" \/>Vor dem Waschen die Rei\u00dfverschl\u00fcsse schlie\u00dfen. Schonend in der Maschine gem\u00e4\u00df den Anweisungen waschen. Vermeiden Sie Weichsp\u00fcler, um die Atmungsaktivit\u00e4t und die wasserabweisenden Eigenschaften zu erhalten. An der Luft trocknen.<\/p>\n<p>73% Polyamid 27% Polyester<\/p>\n<p>Waschen: 40\u00b0.<\/p>\n<p>Kostenloser Versand bei einem Einkauf \u00fcber \u20ac100,-<\/p>","protected":false},"featured_media":2429,"comment_status":"open","ping_status":"closed","template":"","meta":{"postBodyCss":"","postBodyMargin":[],"postBodyPadding":[],"postBodyBackground":{"backgroundType":"classic","gradient":""},"site-sidebar-layout":"default","site-content-layout":"default","ast-site-content-layout":"default","site-content-style":"default","site-sidebar-style":"default","ast-global-header-display":"","ast-banner-title-visibility":"","ast-main-header-display":"","ast-hfb-above-header-display":"","ast-hfb-below-header-display":"","ast-hfb-mobile-header-display":"","site-post-title":"","ast-breadcrumbs-content":"","ast-featured-img":"","footer-sml-layout":"","ast-disable-related-posts":"","theme-transparent-header-meta":"default","adv-header-id-meta":"","stick-header-meta":"","header-above-stick-meta":"","header-main-stick-meta":"","header-below-stick-meta":"","astra-migrate-meta-layouts":"set","ast-page-background-enabled":"default","ast-page-background-meta":{"desktop":{"background-color":"var(--ast-global-color-5)","background-image":"","background-repeat":"repeat","background-position":"center center","background-size":"auto","background-attachment":"scroll","background-type":"","background-media":"","overlay-type":"","overlay-color":"","overlay-opacity":"","overlay-gradient":""},"tablet":{"background-color":"","background-image":"","background-repeat":"repeat","background-position":"center center","background-size":"auto","background-attachment":"scroll","background-type":"","background-media":"","overlay-type":"","overlay-color":"","overlay-opacity":"","overlay-gradient":""},"mobile":{"background-color":"","background-image":"","background-repeat":"repeat","background-position":"center center","background-size":"auto","background-attachment":"scroll","background-type":"","background-media":"","overlay-type":"","overlay-color":"","overlay-opacity":"","overlay-gradient":""}},"ast-content-background-meta":{"desktop":{"background-color":"var(--ast-global-color-4)","background-image":"","background-repeat":"repeat","background-position":"center center","background-size":"auto","background-attachment":"scroll","background-type":"","background-media":"","overlay-type":"","overlay-color":"","overlay-opacity":"","overlay-gradient":""},"tablet":{"background-color":"var(--ast-global-color-4)","background-image":"","background-repeat":"repeat","background-position":"center center","background-size":"auto","background-attachment":"scroll","background-type":"","background-media":"","overlay-type":"","overlay-color":"","overlay-opacity":"","overlay-gradient":""},"mobile":{"background-color":"var(--ast-global-color-4)","background-image":"","background-repeat":"repeat","background-position":"center center","background-size":"auto","background-attachment":"scroll","background-type":"","background-media":"","overlay-type":"","overlay-color":"","overlay-opacity":"","overlay-gradient":""}}},"product_brand":[],"product_cat":[20],"product_tag":[],"class_list":{"0":"post-2422","1":"product","2":"type-product","3":"status-publish","4":"has-post-thumbnail","6":"product_cat-outlet","7":"desktop-align-center","8":"tablet-align-left","9":"mobile-align-left","10":"ast-product-gallery-layout-horizontal-slider","11":"ast-product-single-variable","12":"ast-product-tabs-layout-horizontal","14":"first","15":"instock","16":"sale","17":"taxable","18":"shipping-taxable","19":"purchasable","20":"product-type-variable"},"_links":{"self":[{"href":"https:\/\/hosbirger.dk\/de\/wp-json\/wp\/v2\/product\/2422","targetHints":{"allow":["GET"]}}],"collection":[{"href":"https:\/\/hosbirger.dk\/de\/wp-json\/wp\/v2\/product"}],"about":[{"href":"https:\/\/hosbirger.dk\/de\/wp-json\/wp\/v2\/types\/product"}],"replies":[{"embeddable":true,"href":"https:\/\/hosbirger.dk\/de\/wp-json\/wp\/v2\/comments?post=2422"}],"wp:featuredmedia":[{"embeddable":true,"href":"https:\/\/hosbirger.dk\/de\/wp-json\/wp\/v2\/media\/2429"}],"wp:attachment":[{"href":"https:\/\/hosbirger.dk\/de\/wp-json\/wp\/v2\/media?parent=2422"}],"wp:term":[{"taxonomy":"product_brand","embeddable":true,"href":"https:\/\/hosbirger.dk\/de\/wp-json\/wp\/v2\/product_brand?post=2422"},{"taxonomy":"product_cat","embeddable":true,"href":"https:\/\/hosbirger.dk\/de\/wp-json\/wp\/v2\/product_cat?post=2422"},{"taxonomy":"product_tag","embeddable":true,"href":"https:\/\/hosbirger.dk\/de\/wp-json\/wp\/v2\/product_tag?post=2422"}],"curies":[{"name":"wp","href":"https:\/\/api.w.org\/{rel}","templated":true}]}}