{"id":2434,"date":"2025-07-03T09:46:53","date_gmt":"2025-07-03T07:46:53","guid":{"rendered":"https:\/\/hosbirger.dk\/?post_type=product&#038;p=2434"},"modified":"2026-01-18T07:14:50","modified_gmt":"2026-01-18T06:14:50","slug":"north-564-puffet-jacket-wind-and-water-taet-navy-blue","status":"publish","type":"product","link":"https:\/\/hosbirger.dk\/de\/produkt\/north-564-puffet-jacket-wind-and-water-taet-navy-blue\/","title":{"rendered":"North 56\u00b04 Puffet Jacke wind- und wasserdicht Navy Blue"},"content":{"rendered":"<div class=\"xs_social_share_widget xs_share_url after_content \t\tmain_content  wslu-style-1 wslu-share-box-shaped wslu-fill-colored wslu-none wslu-share-horizontal wslu-theme-font-no wslu-main_content\">\n\n\t\t\n        <ul>\n\t\t\t        <\/ul>\n    <\/div>","protected":false},"excerpt":{"rendered":"<p>North 56\u00b04 Puffet Jacke wind- und wasserdicht Navy Blue<\/p>\n<p data-start=\"60\" data-end=\"356\">Halten Sie sich diesen Herbst und Winter warm mit diesem <strong data-start=\"170\" data-end=\"204\">winddichte, atmungsaktive North 56\u00b04 Pufferjacke wind- und wasserdicht<\/strong>. Die Jacke ist aus einem leichten, knackigen <strong data-start=\"254\" data-end=\"270\">Mini-Ripstop<\/strong>-Material, das die Strapazierf\u00e4higkeit erh\u00f6ht und den Tragekomfort erh\u00f6ht, ohne sich schwer anzuf\u00fchlen.<\/p>\n<p data-start=\"358\" data-end=\"385\"><strong data-start=\"358\" data-end=\"383\">Funktionelle Details<\/strong><\/p>\n<ul data-start=\"386\" data-end=\"836\">\n<li data-start=\"386\" data-end=\"456\">\n<p data-start=\"388\" data-end=\"456\"><strong data-start=\"388\" data-end=\"416\">Wasserabweisend und winddicht<\/strong> Oberstoff - perfekt f\u00fcr wechselndes Wetter<\/p>\n<\/li>\n<li data-start=\"457\" data-end=\"541\">\n<p data-start=\"459\" data-end=\"541\"><strong data-start=\"459\" data-end=\"469\">Atmungsaktiv<\/strong> Die Konstruktion l\u00e4sst die W\u00e4rme entweichen und Sie bleiben innen trocken<\/p>\n<\/li>\n<li data-start=\"542\" data-end=\"620\">\n<p data-start=\"544\" data-end=\"620\"><strong data-start=\"544\" data-end=\"565\">Durchgehender Frontrei\u00dfverschluss<\/strong> und <strong data-start=\"569\" data-end=\"596\">2 Seitentaschen mit Rei\u00dfverschluss<\/strong> zur sicheren Lagerung<\/p>\n<\/li>\n<li data-start=\"621\" data-end=\"672\">\n<p data-start=\"623\" data-end=\"672\"><strong data-start=\"623\" data-end=\"639\">Rippe in der Taille<\/strong> f\u00fcr besseren Sitz und W\u00e4rmer\u00fcckhalt<\/p>\n<\/li>\n<li data-start=\"673\" data-end=\"732\">\n<p data-start=\"675\" data-end=\"732\"><strong data-start=\"675\" data-end=\"700\">Kragen mit Bandverst\u00e4rkung<\/strong> f\u00fcr Komfort und Formstabilit\u00e4t<\/p>\n<\/li>\n<li data-start=\"733\" data-end=\"794\">\n<p data-start=\"735\" data-end=\"794\"><strong data-start=\"735\" data-end=\"759\">Futter mit weichem Logo-Aufdruck<\/strong> verleiht ein diskretes, hochwertiges Aussehen<\/p>\n<\/li>\n<li data-start=\"795\" data-end=\"836\">\n<p data-start=\"797\" data-end=\"836\"><strong data-start=\"797\" data-end=\"836\">Normale Passform - gr\u00f6\u00dfengetreu<\/strong><\/p>\n<\/li>\n<\/ul>\n<p data-start=\"838\" data-end=\"1090\"><strong data-start=\"838\" data-end=\"859\">Stil und Anwendung<\/strong><br data-start=\"859\" data-end=\"862\" \/>Der Klassiker <strong data-start=\"876\" data-end=\"889\">marineblau<\/strong> Die Farbe macht es einfach, die Jacke mit Jeans, Chinos und Stiefeln\/Sneakers zu kombinieren. Verwenden Sie sie zum Pendeln, f\u00fcr Wochenendausfl\u00fcge und f\u00fcr den Alltag, wenn Sie einen <strong data-start=\"1033\" data-end=\"1058\">Warm, leicht und praktisch<\/strong> Jacke mit einem sauberen, maskulinen Look.<\/p>\n<p data-start=\"1092\" data-end=\"1258\"><strong data-start=\"1092\" data-end=\"1109\">\u00dcber North 56\u00b04<\/strong><br data-start=\"1109\" data-end=\"1112\" \/>Nord 56\u00b04 ist ein <strong data-start=\"1129\" data-end=\"1192\">Sportliche Vollsortiment-Freizeitkollektion f\u00fcr den Mann in \u00dcbergr\u00f6\u00dfe<\/strong>die im Hinblick auf die Anforderungen f\u00fcr <strong data-start=\"1225\" data-end=\"1257\">Qualit\u00e4t, Komfort und Passform<\/strong>.<\/p>\n<p data-start=\"1260\" data-end=\"1407\"><strong data-start=\"1260\" data-end=\"1269\">Pflege<\/strong><br data-start=\"1269\" data-end=\"1272\" \/>Rei\u00dfverschl\u00fcsse vor dem Waschen schlie\u00dfen. In der Maschine gem\u00e4\u00df den Anweisungen waschen, aufh\u00e4ngen und trocknen. Vermeiden Sie Weichsp\u00fcler, um die Atmungsaktivit\u00e4t und die wasserabweisenden Eigenschaften zu erhalten.<\/p>\n<p>100% Polyamid<\/p>\n<p>Waschen: 40\u00b0.<\/p>\n<p>Kostenloser Versand bei einem Einkauf \u00fcber 499,- kr<\/p>","protected":false},"featured_media":2461,"comment_status":"open","ping_status":"closed","template":"","meta":{"postBodyCss":"","postBodyMargin":[],"postBodyPadding":[],"postBodyBackground":{"backgroundType":"classic","gradient":""},"site-sidebar-layout":"default","site-content-layout":"default","ast-site-content-layout":"default","site-content-style":"default","site-sidebar-style":"default","ast-global-header-display":"","ast-banner-title-visibility":"","ast-main-header-display":"","ast-hfb-above-header-display":"","ast-hfb-below-header-display":"","ast-hfb-mobile-header-display":"","site-post-title":"","ast-breadcrumbs-content":"","ast-featured-img":"","footer-sml-layout":"","ast-disable-related-posts":"","theme-transparent-header-meta":"default","adv-header-id-meta":"","stick-header-meta":"","header-above-stick-meta":"","header-main-stick-meta":"","header-below-stick-meta":"","astra-migrate-meta-layouts":"set","ast-page-background-enabled":"default","ast-page-background-meta":{"desktop":{"background-color":"var(--ast-global-color-5)","background-image":"","background-repeat":"repeat","background-position":"center center","background-size":"auto","background-attachment":"scroll","background-type":"","background-media":"","overlay-type":"","overlay-color":"","overlay-opacity":"","overlay-gradient":""},"tablet":{"background-color":"","background-image":"","background-repeat":"repeat","background-position":"center center","background-size":"auto","background-attachment":"scroll","background-type":"","background-media":"","overlay-type":"","overlay-color":"","overlay-opacity":"","overlay-gradient":""},"mobile":{"background-color":"","background-image":"","background-repeat":"repeat","background-position":"center center","background-size":"auto","background-attachment":"scroll","background-type":"","background-media":"","overlay-type":"","overlay-color":"","overlay-opacity":"","overlay-gradient":""}},"ast-content-background-meta":{"desktop":{"background-color":"var(--ast-global-color-4)","background-image":"","background-repeat":"repeat","background-position":"center center","background-size":"auto","background-attachment":"scroll","background-type":"","background-media":"","overlay-type":"","overlay-color":"","overlay-opacity":"","overlay-gradient":""},"tablet":{"background-color":"var(--ast-global-color-4)","background-image":"","background-repeat":"repeat","background-position":"center center","background-size":"auto","background-attachment":"scroll","background-type":"","background-media":"","overlay-type":"","overlay-color":"","overlay-opacity":"","overlay-gradient":""},"mobile":{"background-color":"var(--ast-global-color-4)","background-image":"","background-repeat":"repeat","background-position":"center center","background-size":"auto","background-attachment":"scroll","background-type":"","background-media":"","overlay-type":"","overlay-color":"","overlay-opacity":"","overlay-gradient":""}}},"product_brand":[],"product_cat":[20],"product_tag":[],"class_list":{"0":"post-2434","1":"product","2":"type-product","3":"status-publish","4":"has-post-thumbnail","6":"product_cat-outlet","7":"desktop-align-center","8":"tablet-align-left","9":"mobile-align-left","10":"ast-product-gallery-layout-horizontal-slider","11":"ast-product-single-variable","12":"ast-product-tabs-layout-horizontal","14":"first","15":"instock","16":"sale","17":"taxable","18":"shipping-taxable","19":"purchasable","20":"product-type-variable"},"_links":{"self":[{"href":"https:\/\/hosbirger.dk\/de\/wp-json\/wp\/v2\/product\/2434","targetHints":{"allow":["GET"]}}],"collection":[{"href":"https:\/\/hosbirger.dk\/de\/wp-json\/wp\/v2\/product"}],"about":[{"href":"https:\/\/hosbirger.dk\/de\/wp-json\/wp\/v2\/types\/product"}],"replies":[{"embeddable":true,"href":"https:\/\/hosbirger.dk\/de\/wp-json\/wp\/v2\/comments?post=2434"}],"wp:featuredmedia":[{"embeddable":true,"href":"https:\/\/hosbirger.dk\/de\/wp-json\/wp\/v2\/media\/2461"}],"wp:attachment":[{"href":"https:\/\/hosbirger.dk\/de\/wp-json\/wp\/v2\/media?parent=2434"}],"wp:term":[{"taxonomy":"product_brand","embeddable":true,"href":"https:\/\/hosbirger.dk\/de\/wp-json\/wp\/v2\/product_brand?post=2434"},{"taxonomy":"product_cat","embeddable":true,"href":"https:\/\/hosbirger.dk\/de\/wp-json\/wp\/v2\/product_cat?post=2434"},{"taxonomy":"product_tag","embeddable":true,"href":"https:\/\/hosbirger.dk\/de\/wp-json\/wp\/v2\/product_tag?post=2434"}],"curies":[{"name":"wp","href":"https:\/\/api.w.org\/{rel}","templated":true}]}}