{"id":2495,"date":"2025-07-03T09:47:01","date_gmt":"2025-07-03T07:47:01","guid":{"rendered":"https:\/\/hosbirger.dk\/?post_type=product&#038;p=2495"},"modified":"2026-01-18T07:13:12","modified_gmt":"2026-01-18T06:13:12","slug":"casa-moda-fliege-mit-dekorativen-zweifarbigen-orangefarbenen-blumen","status":"publish","type":"product","link":"https:\/\/hosbirger.dk\/de\/produkt\/casa-moda-fliege-mit-dekorativen-zweifarbigen-orangefarbenen-blumen\/","title":{"rendered":"Casa Moda Fliege mit Dekoschal Orange Blumen"},"content":{"rendered":"<div class=\"xs_social_share_widget xs_share_url after_content \t\tmain_content  wslu-style-1 wslu-share-box-shaped wslu-fill-colored wslu-none wslu-share-horizontal wslu-theme-font-no wslu-main_content\">\n\n\t\t\n        <ul>\n\t\t\t        <\/ul>\n    <\/div>","protected":false},"excerpt":{"rendered":"<p>Casa Moda Fliege mit Dekoschal Orange Blumen<\/p>\n<p data-start=\"60\" data-end=\"469\">Verleihen Sie Ihrem formellen Outfit einen neuen Schwung mit diesem <strong data-start=\"176\" data-end=\"206\">Elegante Sets von Casa Moda<\/strong>, bestehend aus einem <strong data-start=\"224\" data-end=\"237\">Schmetterling<\/strong> und eine <strong data-start=\"244\" data-end=\"271\">Passendes Taschentuch<\/strong> mit <strong data-start=\"276\" data-end=\"295\">Orangenbl\u00fcten<\/strong>. Die warme Farbe und das raffinierte Muster verleihen Pers\u00f6nlichkeit, ohne aufdringlich zu sein - perfekt f\u00fcr <strong data-start=\"400\" data-end=\"443\">Hochzeit, Gala, Konfirmation, Logenabend<\/strong> oder ein stilvolles Abendessen.<\/p>\n<p data-start=\"471\" data-end=\"500\"><strong data-start=\"471\" data-end=\"498\">Warum das Kit ein Hit ist<\/strong><\/p>\n<ul data-start=\"501\" data-end=\"846\">\n<li data-start=\"501\" data-end=\"582\">\n<p data-start=\"503\" data-end=\"582\">Koordiniert <strong data-start=\"515\" data-end=\"544\">Fliege + Einstecktuch<\/strong> f\u00fcr ein vollst\u00e4ndiges und harmonisches Aussehen<\/p>\n<\/li>\n<li data-start=\"583\" data-end=\"675\">\n<p data-start=\"585\" data-end=\"675\"><strong data-start=\"585\" data-end=\"609\">Oranger Blumendruck<\/strong>: lebendig, modern und leicht zu kombinieren mit Blau, Grau, Marine und Beige<\/p>\n<\/li>\n<li data-start=\"676\" data-end=\"756\">\n<p data-start=\"678\" data-end=\"756\"><strong data-start=\"678\" data-end=\"693\">100% Baumwolle<\/strong>: weiche, atmungsaktive Qualit\u00e4t, die sich gut falten l\u00e4sst und den Knoten sauber h\u00e4lt<\/p>\n<\/li>\n<li data-start=\"757\" data-end=\"846\">\n<p data-start=\"759\" data-end=\"846\">Kann gestylt werden mit <strong data-start=\"774\" data-end=\"815\">Smokings, Anz\u00fcge, Kost\u00fcme und Blazer<\/strong> - Von formell bis l\u00e4ssig-schick<\/p>\n<\/li>\n<\/ul>\n<p data-start=\"848\" data-end=\"865\"><strong data-start=\"848\" data-end=\"863\">Styling-Tipps<\/strong><\/p>\n<ul data-start=\"866\" data-end=\"1146\">\n<li data-start=\"866\" data-end=\"938\">\n<p data-start=\"868\" data-end=\"938\">W\u00e4hlen Sie <strong data-start=\"873\" data-end=\"903\">wei\u00dfes oder hellblaues Hemd<\/strong> um den orangefarbenen Aufdruck zu betonen<\/p>\n<\/li>\n<li data-start=\"939\" data-end=\"1017\">\n<p data-start=\"941\" data-end=\"1017\">Lassen Sie die Farbe wieder in <strong data-start=\"962\" data-end=\"992\">Socken, Knopflochnadel, Hosentr\u00e4ger<\/strong> oder ein diskreter G\u00fcrtel<\/p>\n<\/li>\n<li data-start=\"1018\" data-end=\"1146\">\n<p data-start=\"1020\" data-end=\"1146\">Falten Sie das Taschentuch zu einem einfachen <em data-start=\"1051\" data-end=\"1070\">Pr\u00e4sidialfalte<\/em> f\u00fcr einen klassischen Look - oder w\u00e4hlen Sie eine volumin\u00f6sere Falte f\u00fcr mehr Flair<\/p>\n<\/li>\n<\/ul>\n<p data-start=\"1148\" data-end=\"1338\"><strong data-start=\"1148\" data-end=\"1170\">Pflege und Lagerung<\/strong><br data-start=\"1170\" data-end=\"1173\" \/>Fliege und Einstecktuch aufbewahren <strong data-start=\"1208\" data-end=\"1234\">flach oder leicht gerollt<\/strong> um harte Falten zu vermeiden. Beachten Sie die Waschanleitung (Schonwaschgang\/Fleckentfernung), um Farben und Struktur zu erhalten.<\/p>\n<p data-start=\"1340\" data-end=\"1606\" data-is-last-node=\"\" data-is-only-node=\"\">Med <strong>Casa Moda Fliege mit Dekoschal Orange Blumen<\/strong>\u00a0erhalten Sie eine <strong data-start=\"1413\" data-end=\"1438\">Vielseitiger Qualit\u00e4tsbausatz<\/strong>, die Ihrem Outfit im Handumdrehen ein scharfes, raffiniertes und individuelles Finish verleiht. M\u00f6chten Sie eine <strong data-start=\"1534\" data-end=\"1559\">kurze Meta-Beschreibung<\/strong> (150-160 Zeichen) f\u00fcr SEO zu schreiben, bin ich gerne bereit, dies zu tun.<\/p>\n<p>100% Baumwolle<\/p>\n<p>Reinigung: chemisch reinigen<\/p>\n<p>Kostenloser Versand bei einem Einkauf \u00fcber \u20ac100,-<\/p>","protected":false},"featured_media":2510,"comment_status":"open","ping_status":"closed","template":"","meta":{"postBodyCss":"","postBodyMargin":[],"postBodyPadding":[],"postBodyBackground":{"backgroundType":"classic","gradient":""},"site-sidebar-layout":"default","site-content-layout":"default","ast-site-content-layout":"default","site-content-style":"default","site-sidebar-style":"default","ast-global-header-display":"","ast-banner-title-visibility":"","ast-main-header-display":"","ast-hfb-above-header-display":"","ast-hfb-below-header-display":"","ast-hfb-mobile-header-display":"","site-post-title":"","ast-breadcrumbs-content":"","ast-featured-img":"","footer-sml-layout":"","ast-disable-related-posts":"","theme-transparent-header-meta":"default","adv-header-id-meta":"","stick-header-meta":"","header-above-stick-meta":"","header-main-stick-meta":"","header-below-stick-meta":"","astra-migrate-meta-layouts":"set","ast-page-background-enabled":"default","ast-page-background-meta":{"desktop":{"background-color":"var(--ast-global-color-5)","background-image":"","background-repeat":"repeat","background-position":"center center","background-size":"auto","background-attachment":"scroll","background-type":"","background-media":"","overlay-type":"","overlay-color":"","overlay-opacity":"","overlay-gradient":""},"tablet":{"background-color":"","background-image":"","background-repeat":"repeat","background-position":"center center","background-size":"auto","background-attachment":"scroll","background-type":"","background-media":"","overlay-type":"","overlay-color":"","overlay-opacity":"","overlay-gradient":""},"mobile":{"background-color":"","background-image":"","background-repeat":"repeat","background-position":"center center","background-size":"auto","background-attachment":"scroll","background-type":"","background-media":"","overlay-type":"","overlay-color":"","overlay-opacity":"","overlay-gradient":""}},"ast-content-background-meta":{"desktop":{"background-color":"var(--ast-global-color-4)","background-image":"","background-repeat":"repeat","background-position":"center center","background-size":"auto","background-attachment":"scroll","background-type":"","background-media":"","overlay-type":"","overlay-color":"","overlay-opacity":"","overlay-gradient":""},"tablet":{"background-color":"var(--ast-global-color-4)","background-image":"","background-repeat":"repeat","background-position":"center center","background-size":"auto","background-attachment":"scroll","background-type":"","background-media":"","overlay-type":"","overlay-color":"","overlay-opacity":"","overlay-gradient":""},"mobile":{"background-color":"var(--ast-global-color-4)","background-image":"","background-repeat":"repeat","background-position":"center center","background-size":"auto","background-attachment":"scroll","background-type":"","background-media":"","overlay-type":"","overlay-color":"","overlay-opacity":"","overlay-gradient":""}}},"product_brand":[],"product_cat":[21,64,50,227],"product_tag":[],"class_list":{"0":"post-2495","1":"product","2":"type-product","3":"status-publish","4":"has-post-thumbnail","6":"product_cat-alle-varer","7":"product_cat-casa-moda","8":"product_cat-loge-smoking","9":"product_cat-slips-butterfly","10":"desktop-align-center","11":"tablet-align-left","12":"mobile-align-left","13":"ast-product-gallery-layout-horizontal-slider","14":"ast-product-gallery-with-no-image","15":"ast-product-single-variable","16":"ast-product-tabs-layout-horizontal","18":"first","19":"instock","20":"taxable","21":"shipping-taxable","22":"purchasable","23":"product-type-variable"},"_links":{"self":[{"href":"https:\/\/hosbirger.dk\/de\/wp-json\/wp\/v2\/product\/2495","targetHints":{"allow":["GET"]}}],"collection":[{"href":"https:\/\/hosbirger.dk\/de\/wp-json\/wp\/v2\/product"}],"about":[{"href":"https:\/\/hosbirger.dk\/de\/wp-json\/wp\/v2\/types\/product"}],"replies":[{"embeddable":true,"href":"https:\/\/hosbirger.dk\/de\/wp-json\/wp\/v2\/comments?post=2495"}],"wp:featuredmedia":[{"embeddable":true,"href":"https:\/\/hosbirger.dk\/de\/wp-json\/wp\/v2\/media\/2510"}],"wp:attachment":[{"href":"https:\/\/hosbirger.dk\/de\/wp-json\/wp\/v2\/media?parent=2495"}],"wp:term":[{"taxonomy":"product_brand","embeddable":true,"href":"https:\/\/hosbirger.dk\/de\/wp-json\/wp\/v2\/product_brand?post=2495"},{"taxonomy":"product_cat","embeddable":true,"href":"https:\/\/hosbirger.dk\/de\/wp-json\/wp\/v2\/product_cat?post=2495"},{"taxonomy":"product_tag","embeddable":true,"href":"https:\/\/hosbirger.dk\/de\/wp-json\/wp\/v2\/product_tag?post=2495"}],"curies":[{"name":"wp","href":"https:\/\/api.w.org\/{rel}","templated":true}]}}