{"id":2497,"date":"2025-07-03T09:47:01","date_gmt":"2025-07-03T07:47:01","guid":{"rendered":"https:\/\/hosbirger.dk\/?post_type=product&#038;p=2497"},"modified":"2026-01-18T07:13:10","modified_gmt":"2026-01-18T06:13:10","slug":"casa-moda-fliege-mit-dekorativem-zweiteiligen-blauen-paisleymuster","status":"publish","type":"product","link":"https:\/\/hosbirger.dk\/de\/produkt\/casa-moda-fliege-mit-dekorativem-zweiteiligen-blauen-paisleymuster\/","title":{"rendered":"Casa Moda Fliege mit Dekoschal Blaues Paisleymuster"},"content":{"rendered":"<div class=\"xs_social_share_widget xs_share_url after_content \t\tmain_content  wslu-style-1 wslu-share-box-shaped wslu-fill-colored wslu-none wslu-share-horizontal wslu-theme-font-no wslu-main_content\">\n\n\t\t\n        <ul>\n\t\t\t        <\/ul>\n    <\/div>","protected":false},"excerpt":{"rendered":"<p>Casa Moda Fliege mit Dekoschal Blaues Paisleymuster<\/p>\n<p data-start=\"60\" data-end=\"434\">Vervollst\u00e4ndigen Sie Ihren Party-Look mit diesem <strong data-start=\"158\" data-end=\"188\">Elegante Sets von Casa Moda<\/strong>, die aus einer <strong data-start=\"207\" data-end=\"220\">Schmetterling<\/strong> und eine <strong data-start=\"227\" data-end=\"254\">Passendes Taschentuch<\/strong> in klassischer <strong data-start=\"266\" data-end=\"290\">blaues Paisleymuster<\/strong>. Die Kombination aus zeitloser Farbe und raffiniertem Druck schafft einen stilvollen Look, der perfekt zu <strong data-start=\"392\" data-end=\"433\" data-is-only-node=\"\">Smokings, Anz\u00fcge, Kost\u00fcme und Blazer<\/strong>.<\/p>\n<p data-start=\"436\" data-end=\"468\"><strong data-start=\"436\" data-end=\"466\">Warum Sie das Kit lieben werden<\/strong><\/p>\n<ul data-start=\"469\" data-end=\"835\">\n<li data-start=\"469\" data-end=\"552\">\n<p data-start=\"471\" data-end=\"552\"><strong data-start=\"471\" data-end=\"512\">Koordinierte Fliege + Einstecktuch<\/strong>: sorgt f\u00fcr ein vollst\u00e4ndiges, harmonisches Aussehen<\/p>\n<\/li>\n<li data-start=\"553\" data-end=\"653\">\n<p data-start=\"555\" data-end=\"653\"><strong data-start=\"555\" data-end=\"571\">Blaues Paisley<\/strong>: exklusives und vielseitiges Muster, das sich gut mit wei\u00dfen und hellblauen Hemden kombinieren l\u00e4sst<\/p>\n<\/li>\n<li data-start=\"654\" data-end=\"729\">\n<p data-start=\"656\" data-end=\"729\"><strong data-start=\"656\" data-end=\"671\">100% Baumwolle<\/strong>: weiche, atmungsaktive Qualit\u00e4t mit starker Faltung und sch\u00f6nem Knotenfall<\/p>\n<\/li>\n<li data-start=\"730\" data-end=\"835\">\n<p data-start=\"732\" data-end=\"835\"><strong data-start=\"732\" data-end=\"747\">Einfaches Styling<\/strong>: wertet jedes Outfit f\u00fcr eine Hochzeit, eine Konfirmation, eine Gala, einen Boxabend oder ein Abendessen schnell auf<\/p>\n<\/li>\n<\/ul>\n<p data-start=\"837\" data-end=\"1162\"><strong data-start=\"837\" data-end=\"851\">Styling-Tipp<\/strong><br data-start=\"851\" data-end=\"854\" \/>Spiel mit <strong data-start=\"864\" data-end=\"880\">wei\u00dfes Hemd<\/strong>, <strong data-start=\"882\" data-end=\"897\">Dunkler Blazer<\/strong> und <strong data-start=\"901\" data-end=\"917\">geputzte Schuhe<\/strong> f\u00fcr einen klassischen Look - oder geben Sie Ihrem <strong data-start=\"957\" data-end=\"973\">l\u00e4ssig-schick<\/strong> Kombinieren Sie es mit Chinos und einer strukturierten Weste. Falten Sie das Taschentuch in einer einfachen \u201cPr\u00e4sidentenfalte\u201d f\u00fcr einen sauberen Look oder w\u00e4hlen Sie eine lebhaftere Falte f\u00fcr mehr Pers\u00f6nlichkeit.<\/p>\n<p data-start=\"1164\" data-end=\"1325\"><strong data-start=\"1164\" data-end=\"1173\">Pflege<\/strong><br data-start=\"1173\" data-end=\"1176\" \/>Lagern Sie Fliege und Einstecktuch flach oder gerollt, um Falten zu vermeiden. Reinigen Sie sie bei Bedarf und beachten Sie die Waschanleitung, um Farbe und Struktur zu erhalten.<\/p>\n<p data-start=\"1327\" data-end=\"1524\" data-is-last-node=\"\" data-is-only-node=\"\">Med <strong>Casa Moda Fliege mit Dekoschal in blauem Paisley<\/strong> erhalten Sie ein hochwertiges, vielseitiges Set - die sichere Abk\u00fcrzung zum Erfolg. <strong data-start=\"1450\" data-end=\"1488\">sch\u00e4rferes, anspruchsvolleres Outfit<\/strong> f\u00fcr all Ihre festlichen Anl\u00e4sse.<\/p>\n<p>100% Baumwolle<\/p>\n<p>Reinigung: chemisch reinigen<\/p>\n<p>Kostenloser Versand bei einem Einkauf \u00fcber \u20ac100,-<\/p>","protected":false},"featured_media":2512,"comment_status":"open","ping_status":"closed","template":"","meta":{"postBodyCss":"","postBodyMargin":[],"postBodyPadding":[],"postBodyBackground":{"backgroundType":"classic","gradient":""},"site-sidebar-layout":"default","site-content-layout":"default","ast-site-content-layout":"default","site-content-style":"default","site-sidebar-style":"default","ast-global-header-display":"","ast-banner-title-visibility":"","ast-main-header-display":"","ast-hfb-above-header-display":"","ast-hfb-below-header-display":"","ast-hfb-mobile-header-display":"","site-post-title":"","ast-breadcrumbs-content":"","ast-featured-img":"","footer-sml-layout":"","ast-disable-related-posts":"","theme-transparent-header-meta":"default","adv-header-id-meta":"","stick-header-meta":"","header-above-stick-meta":"","header-main-stick-meta":"","header-below-stick-meta":"","astra-migrate-meta-layouts":"set","ast-page-background-enabled":"default","ast-page-background-meta":{"desktop":{"background-color":"var(--ast-global-color-5)","background-image":"","background-repeat":"repeat","background-position":"center center","background-size":"auto","background-attachment":"scroll","background-type":"","background-media":"","overlay-type":"","overlay-color":"","overlay-opacity":"","overlay-gradient":""},"tablet":{"background-color":"","background-image":"","background-repeat":"repeat","background-position":"center center","background-size":"auto","background-attachment":"scroll","background-type":"","background-media":"","overlay-type":"","overlay-color":"","overlay-opacity":"","overlay-gradient":""},"mobile":{"background-color":"","background-image":"","background-repeat":"repeat","background-position":"center center","background-size":"auto","background-attachment":"scroll","background-type":"","background-media":"","overlay-type":"","overlay-color":"","overlay-opacity":"","overlay-gradient":""}},"ast-content-background-meta":{"desktop":{"background-color":"var(--ast-global-color-4)","background-image":"","background-repeat":"repeat","background-position":"center center","background-size":"auto","background-attachment":"scroll","background-type":"","background-media":"","overlay-type":"","overlay-color":"","overlay-opacity":"","overlay-gradient":""},"tablet":{"background-color":"var(--ast-global-color-4)","background-image":"","background-repeat":"repeat","background-position":"center center","background-size":"auto","background-attachment":"scroll","background-type":"","background-media":"","overlay-type":"","overlay-color":"","overlay-opacity":"","overlay-gradient":""},"mobile":{"background-color":"var(--ast-global-color-4)","background-image":"","background-repeat":"repeat","background-position":"center center","background-size":"auto","background-attachment":"scroll","background-type":"","background-media":"","overlay-type":"","overlay-color":"","overlay-opacity":"","overlay-gradient":""}}},"product_brand":[],"product_cat":[21,64,50,227],"product_tag":[],"class_list":{"0":"post-2497","1":"product","2":"type-product","3":"status-publish","4":"has-post-thumbnail","6":"product_cat-alle-varer","7":"product_cat-casa-moda","8":"product_cat-loge-smoking","9":"product_cat-slips-butterfly","10":"desktop-align-center","11":"tablet-align-left","12":"mobile-align-left","13":"ast-product-gallery-layout-horizontal-slider","14":"ast-product-gallery-with-no-image","15":"ast-product-single-variable","16":"ast-product-tabs-layout-horizontal","18":"first","19":"instock","20":"taxable","21":"shipping-taxable","22":"purchasable","23":"product-type-variable"},"_links":{"self":[{"href":"https:\/\/hosbirger.dk\/de\/wp-json\/wp\/v2\/product\/2497","targetHints":{"allow":["GET"]}}],"collection":[{"href":"https:\/\/hosbirger.dk\/de\/wp-json\/wp\/v2\/product"}],"about":[{"href":"https:\/\/hosbirger.dk\/de\/wp-json\/wp\/v2\/types\/product"}],"replies":[{"embeddable":true,"href":"https:\/\/hosbirger.dk\/de\/wp-json\/wp\/v2\/comments?post=2497"}],"wp:featuredmedia":[{"embeddable":true,"href":"https:\/\/hosbirger.dk\/de\/wp-json\/wp\/v2\/media\/2512"}],"wp:attachment":[{"href":"https:\/\/hosbirger.dk\/de\/wp-json\/wp\/v2\/media?parent=2497"}],"wp:term":[{"taxonomy":"product_brand","embeddable":true,"href":"https:\/\/hosbirger.dk\/de\/wp-json\/wp\/v2\/product_brand?post=2497"},{"taxonomy":"product_cat","embeddable":true,"href":"https:\/\/hosbirger.dk\/de\/wp-json\/wp\/v2\/product_cat?post=2497"},{"taxonomy":"product_tag","embeddable":true,"href":"https:\/\/hosbirger.dk\/de\/wp-json\/wp\/v2\/product_tag?post=2497"}],"curies":[{"name":"wp","href":"https:\/\/api.w.org\/{rel}","templated":true}]}}