{"id":2540,"date":"2025-07-03T09:47:13","date_gmt":"2025-07-03T07:47:13","guid":{"rendered":"https:\/\/hosbirger.dk\/?post_type=product&#038;p=2540"},"modified":"2026-01-18T07:13:05","modified_gmt":"2026-01-18T06:13:05","slug":"north-564-melierte-hose-mit-elastischem-bund-anthrazitfarben","status":"publish","type":"product","link":"https:\/\/hosbirger.dk\/de\/produkt\/north-564-melierte-hose-mit-elastischem-bund-anthrazitfarben\/","title":{"rendered":"North 56\u00b04 melierte Hose mit elastischem Bund Coke Grey"},"content":{"rendered":"<div class=\"xs_social_share_widget xs_share_url after_content \t\tmain_content  wslu-style-1 wslu-share-box-shaped wslu-fill-colored wslu-none wslu-share-horizontal wslu-theme-font-no wslu-main_content\">\n\n\t\t\n        <ul>\n\t\t\t        <\/ul>\n    <\/div>","protected":false},"excerpt":{"rendered":"<p>North 56\u00b04 melierte Hose mit elastischem Bund Coke Grey<\/p>\n<p data-start=\"60\" data-end=\"342\">Verbessern Sie Ihren Alltagskomfort mit der North 56\u00b04 melierten elastischen Bundhose Coke Grey in einer weichen, melierten Qualit\u00e4t. Der Stil kombiniert einen gepflegten, l\u00e4ssigen Look mit maximalem Komfort - ideal f\u00fcr die Arbeit, das Wochenende und die Reise.<\/p>\n<p data-start=\"344\" data-end=\"368\"><strong data-start=\"344\" data-end=\"366\">Details &amp; Passform<\/strong><\/p>\n<ul data-start=\"369\" data-end=\"768\">\n<li data-start=\"369\" data-end=\"465\">\n<p data-start=\"371\" data-end=\"465\"><strong data-start=\"371\" data-end=\"399\">Elastischer Bund mit Kordelzug<\/strong>Flexible, verstellbare Passform f\u00fcr ganzt\u00e4gigen Komfort<\/p>\n<\/li>\n<li data-start=\"466\" data-end=\"541\">\n<p data-start=\"468\" data-end=\"541\"><strong data-start=\"468\" data-end=\"485\">G\u00fcrtelschlaufen<\/strong>: kann mit einem G\u00fcrtel f\u00fcr einen strukturierteren Look gestylt werden<\/p>\n<\/li>\n<li data-start=\"542\" data-end=\"615\">\n<p data-start=\"544\" data-end=\"615\"><strong data-start=\"544\" data-end=\"556\">4 Taschen<\/strong>2 Vordertaschen und 2 Ges\u00e4\u00dftaschen f\u00fcr Handy, Schl\u00fcssel und kleine Gegenst\u00e4nde<\/p>\n<\/li>\n<li data-start=\"616\" data-end=\"711\">\n<p data-start=\"618\" data-end=\"711\"><strong data-start=\"618\" data-end=\"637\">Anthrazitgrau gesprenkelt<\/strong>: zeitlose Farbe, die sich gut mit Hemden, Polos und T-Shirts kombinieren l\u00e4sst<\/p>\n<\/li>\n<li data-start=\"712\" data-end=\"768\">\n<p data-start=\"714\" data-end=\"768\"><strong data-start=\"714\" data-end=\"743\">Bequemer, weicher Stoff<\/strong> mit guter Bewegungsfreiheit<\/p>\n<\/li>\n<\/ul>\n<p data-start=\"770\" data-end=\"791\"><strong data-start=\"770\" data-end=\"789\">Gestalten Sie sie so<\/strong><\/p>\n<ul data-start=\"792\" data-end=\"1001\">\n<li data-start=\"792\" data-end=\"868\">\n<p data-start=\"794\" data-end=\"868\"><strong data-start=\"794\" data-end=\"810\">L\u00e4ssig-schick<\/strong>: mit Polo- oder Oxfordhemd und sauberen Turnschuhen\/Slippern<\/p>\n<\/li>\n<li data-start=\"869\" data-end=\"921\">\n<p data-start=\"871\" data-end=\"921\"><strong data-start=\"871\" data-end=\"884\">Entspannt<\/strong>T-Shirt, Strickwaren und sportliche Turnschuhe<\/p>\n<\/li>\n<li data-start=\"922\" data-end=\"1001\">\n<p data-start=\"924\" data-end=\"1001\"><strong data-start=\"924\" data-end=\"938\">Team f\u00fcr Team<\/strong>: mit einem \u00dcberhemd oder einem leichten Blazer wird der Look komplett.<\/p>\n<\/li>\n<\/ul>\n<p data-start=\"1003\" data-end=\"1265\"><strong data-start=\"1003\" data-end=\"1040\">F\u00fcr gro\u00dfe Gr\u00f6\u00dfen mit Schwerpunkt auf Komfort<\/strong><br data-start=\"1040\" data-end=\"1043\" \/>Nord 56\u00b04 ist ein <strong data-start=\"1060\" data-end=\"1123\">Sportliche Vollsortiment-Freizeitkollektion f\u00fcr den Mann in \u00dcbergr\u00f6\u00dfe<\/strong>, konzipiert im Hinblick auf die Anforderungen f\u00fcr <strong data-start=\"1159\" data-end=\"1200\">Qualit\u00e4t, Passform und Bewegungsfreiheit<\/strong>. Diese Hose soll sich genauso gut anf\u00fchlen wie sie aussieht.<\/p>\n<p data-start=\"1267\" data-end=\"1390\"><strong data-start=\"1267\" data-end=\"1276\">Pflege<\/strong><br data-start=\"1276\" data-end=\"1279\" \/>Maschinenw\u00e4sche gem\u00e4\u00df den Anweisungen. Drehen Sie das Kleidungsst\u00fcck auf links und h\u00e4ngen Sie es zum Trocknen auf, damit Farbe und Passform l\u00e4nger erhalten bleiben.<\/p>\n<p>95% Baumwolle 5% Elasthan<\/p>\n<p>Waschen: 40\u00b0.<\/p>","protected":false},"featured_media":2551,"comment_status":"open","ping_status":"closed","template":"","meta":{"postBodyCss":"","postBodyMargin":[],"postBodyPadding":[],"postBodyBackground":{"backgroundType":"classic","gradient":""},"site-sidebar-layout":"default","site-content-layout":"default","ast-site-content-layout":"default","site-content-style":"default","site-sidebar-style":"default","ast-global-header-display":"","ast-banner-title-visibility":"","ast-main-header-display":"","ast-hfb-above-header-display":"","ast-hfb-below-header-display":"","ast-hfb-mobile-header-display":"","site-post-title":"","ast-breadcrumbs-content":"","ast-featured-img":"","footer-sml-layout":"","ast-disable-related-posts":"","theme-transparent-header-meta":"default","adv-header-id-meta":"","stick-header-meta":"","header-above-stick-meta":"","header-main-stick-meta":"","header-below-stick-meta":"","astra-migrate-meta-layouts":"set","ast-page-background-enabled":"default","ast-page-background-meta":{"desktop":{"background-color":"var(--ast-global-color-5)","background-image":"","background-repeat":"repeat","background-position":"center center","background-size":"auto","background-attachment":"scroll","background-type":"","background-media":"","overlay-type":"","overlay-color":"","overlay-opacity":"","overlay-gradient":""},"tablet":{"background-color":"","background-image":"","background-repeat":"repeat","background-position":"center center","background-size":"auto","background-attachment":"scroll","background-type":"","background-media":"","overlay-type":"","overlay-color":"","overlay-opacity":"","overlay-gradient":""},"mobile":{"background-color":"","background-image":"","background-repeat":"repeat","background-position":"center center","background-size":"auto","background-attachment":"scroll","background-type":"","background-media":"","overlay-type":"","overlay-color":"","overlay-opacity":"","overlay-gradient":""}},"ast-content-background-meta":{"desktop":{"background-color":"var(--ast-global-color-4)","background-image":"","background-repeat":"repeat","background-position":"center center","background-size":"auto","background-attachment":"scroll","background-type":"","background-media":"","overlay-type":"","overlay-color":"","overlay-opacity":"","overlay-gradient":""},"tablet":{"background-color":"var(--ast-global-color-4)","background-image":"","background-repeat":"repeat","background-position":"center center","background-size":"auto","background-attachment":"scroll","background-type":"","background-media":"","overlay-type":"","overlay-color":"","overlay-opacity":"","overlay-gradient":""},"mobile":{"background-color":"var(--ast-global-color-4)","background-image":"","background-repeat":"repeat","background-position":"center center","background-size":"auto","background-attachment":"scroll","background-type":"","background-media":"","overlay-type":"","overlay-color":"","overlay-opacity":"","overlay-gradient":""}}},"product_brand":[],"product_cat":[20],"product_tag":[],"class_list":{"0":"post-2540","1":"product","2":"type-product","3":"status-publish","4":"has-post-thumbnail","6":"product_cat-outlet","7":"desktop-align-center","8":"tablet-align-left","9":"mobile-align-left","10":"ast-product-gallery-layout-horizontal-slider","11":"ast-product-single-variable","12":"ast-product-tabs-layout-horizontal","14":"first","15":"instock","16":"sale","17":"taxable","18":"shipping-taxable","19":"purchasable","20":"product-type-variable"},"_links":{"self":[{"href":"https:\/\/hosbirger.dk\/de\/wp-json\/wp\/v2\/product\/2540","targetHints":{"allow":["GET"]}}],"collection":[{"href":"https:\/\/hosbirger.dk\/de\/wp-json\/wp\/v2\/product"}],"about":[{"href":"https:\/\/hosbirger.dk\/de\/wp-json\/wp\/v2\/types\/product"}],"replies":[{"embeddable":true,"href":"https:\/\/hosbirger.dk\/de\/wp-json\/wp\/v2\/comments?post=2540"}],"wp:featuredmedia":[{"embeddable":true,"href":"https:\/\/hosbirger.dk\/de\/wp-json\/wp\/v2\/media\/2551"}],"wp:attachment":[{"href":"https:\/\/hosbirger.dk\/de\/wp-json\/wp\/v2\/media?parent=2540"}],"wp:term":[{"taxonomy":"product_brand","embeddable":true,"href":"https:\/\/hosbirger.dk\/de\/wp-json\/wp\/v2\/product_brand?post=2540"},{"taxonomy":"product_cat","embeddable":true,"href":"https:\/\/hosbirger.dk\/de\/wp-json\/wp\/v2\/product_cat?post=2540"},{"taxonomy":"product_tag","embeddable":true,"href":"https:\/\/hosbirger.dk\/de\/wp-json\/wp\/v2\/product_tag?post=2540"}],"curies":[{"name":"wp","href":"https:\/\/api.w.org\/{rel}","templated":true}]}}