{"id":2643,"date":"2025-07-03T09:47:30","date_gmt":"2025-07-03T07:47:30","guid":{"rendered":"https:\/\/hosbirger.dk\/?post_type=product&#038;p=2643"},"modified":"2026-01-18T07:12:52","modified_gmt":"2026-01-18T06:12:52","slug":"bosswik-mehrfarbiger-gurtel-geflochten-elastisch-braun-blau-sand","status":"publish","type":"product","link":"https:\/\/hosbirger.dk\/de\/produkt\/bosswik-mehrfarbiger-gurtel-geflochten-elastisch-braun-blau-sand\/","title":{"rendered":"Bosswik mehrfarbiger G\u00fcrtel, geflochtene elastische braun\/blau\/sand"},"content":{"rendered":"<div class=\"xs_social_share_widget xs_share_url after_content \t\tmain_content  wslu-style-1 wslu-share-box-shaped wslu-fill-colored wslu-none wslu-share-horizontal wslu-theme-font-no wslu-main_content\">\n\n\t\t\n        <ul>\n\t\t\t        <\/ul>\n    <\/div>","protected":false},"excerpt":{"rendered":"<p>Bosswik mehrfarbiger G\u00fcrtel<\/p>\n<p data-start=\"60\" data-end=\"576\">Peppen Sie Ihr Outfit auf mit diesem <strong data-start=\"170\" data-end=\"213\">Mehrfarbiger geflochtener G\u00fcrtel von Bosswik<\/strong>. Das 35 mm breite, <strong data-start=\"232\" data-end=\"250\">elastisches Material<\/strong> folgt den Bewegungen des K\u00f6rpers und sorgt den ganzen Tag \u00fcber f\u00fcr einen bequemen Sitz, w\u00e4hrend das k\u00f6stliche <strong data-start=\"335\" data-end=\"393\">Herden von pflanzlich gegerbtem Narbenleder aus Italien<\/strong> sorgt f\u00fcr ein exklusives Finish. Die Schnalle ist <strong data-start=\"436\" data-end=\"450\">nickelfrei<\/strong> und solide <strong data-start=\"461\" data-end=\"472\" data-is-only-node=\"\">aufgen\u00e4ht<\/strong> f\u00fcr maximale Haltbarkeit. <strong data-start=\"498\" data-end=\"522\">Produziert in D\u00e4nemark<\/strong> - Handwerkliches K\u00f6nnen, Qualit\u00e4t und Verantwortung in einem Produkt.<\/p>\n<p data-start=\"578\" data-end=\"607\"><strong data-start=\"578\" data-end=\"605\">Warum Sie es lieben werden<\/strong><\/p>\n<ul data-start=\"608\" data-end=\"968\">\n<li data-start=\"608\" data-end=\"706\">\n<p data-start=\"610\" data-end=\"706\"><strong data-start=\"610\" data-end=\"642\">Elastisches geflochtenes Band (35 mm)<\/strong>Flexible Passform, leicht an jeder Stelle des Zopfes zu befestigen<\/p>\n<\/li>\n<li data-start=\"707\" data-end=\"805\">\n<p data-start=\"709\" data-end=\"805\"><strong data-start=\"709\" data-end=\"765\">Details aus genarbtem Leder (pflanzlich gegerbt, aus Italien)<\/strong>: sch\u00f6n patiniert, robust und elegant<\/p>\n<\/li>\n<li data-start=\"806\" data-end=\"887\">\n<p data-start=\"808\" data-end=\"887\"><strong data-start=\"808\" data-end=\"829\">Nickelfreie Schnalle<\/strong>: sanft zu Haut und Kleidung - und sieht Jahr f\u00fcr Jahr gut aus<\/p>\n<\/li>\n<li data-start=\"888\" data-end=\"968\">\n<p data-start=\"890\" data-end=\"968\"><strong data-start=\"890\" data-end=\"910\">D\u00e4nische Produktion<\/strong>Bosswik ist bekannt f\u00fcr Qualit\u00e4t, Pr\u00e4zision und Langlebigkeit<\/p>\n<\/li>\n<\/ul>\n<p data-start=\"970\" data-end=\"1193\"><strong data-start=\"970\" data-end=\"991\">Stil und Anwendung<\/strong><br data-start=\"991\" data-end=\"994\" \/>Die <strong data-start=\"998\" data-end=\"1022\">mehrfarbiges Muster<\/strong> macht den G\u00fcrtel einfach zu kombinieren mit <strong data-start=\"1053\" data-end=\"1083\">Jeans, Chinos oder kurze Hosen<\/strong> und verleiht allem, von T-Shirts \u00fcber Hemden bis hin zu Blazern, einen frischen Twist. Perfekt f\u00fcr Alltag und Freizeit.<\/p>\n<p data-start=\"1195\" data-end=\"1348\"><strong data-start=\"1195\" data-end=\"1204\">Pflege<\/strong><br data-start=\"1204\" data-end=\"1207\" \/>Mit einem leicht feuchten Tuch abwischen. Pflegen Sie die Lederenden bei Bedarf mit einem neutralen Lederpflegemittel. Vermeiden Sie das Einweichen, um eine m\u00f6glichst lange Lebensdauer zu erreichen.<\/p>\n<p>Kostenloser Versand bei einem Einkauf \u00fcber \u20ac100,-<\/p>","protected":false},"featured_media":2660,"comment_status":"open","ping_status":"closed","template":"","meta":{"postBodyCss":"","postBodyMargin":[],"postBodyPadding":[],"postBodyBackground":{"backgroundType":"classic","gradient":""},"site-sidebar-layout":"default","site-content-layout":"default","ast-site-content-layout":"default","site-content-style":"default","site-sidebar-style":"default","ast-global-header-display":"","ast-banner-title-visibility":"","ast-main-header-display":"","ast-hfb-above-header-display":"","ast-hfb-below-header-display":"","ast-hfb-mobile-header-display":"","site-post-title":"","ast-breadcrumbs-content":"","ast-featured-img":"","footer-sml-layout":"","ast-disable-related-posts":"","theme-transparent-header-meta":"default","adv-header-id-meta":"","stick-header-meta":"","header-above-stick-meta":"","header-main-stick-meta":"","header-below-stick-meta":"","astra-migrate-meta-layouts":"set","ast-page-background-enabled":"default","ast-page-background-meta":{"desktop":{"background-color":"var(--ast-global-color-5)","background-image":"","background-repeat":"repeat","background-position":"center center","background-size":"auto","background-attachment":"scroll","background-type":"","background-media":"","overlay-type":"","overlay-color":"","overlay-opacity":"","overlay-gradient":""},"tablet":{"background-color":"","background-image":"","background-repeat":"repeat","background-position":"center center","background-size":"auto","background-attachment":"scroll","background-type":"","background-media":"","overlay-type":"","overlay-color":"","overlay-opacity":"","overlay-gradient":""},"mobile":{"background-color":"","background-image":"","background-repeat":"repeat","background-position":"center center","background-size":"auto","background-attachment":"scroll","background-type":"","background-media":"","overlay-type":"","overlay-color":"","overlay-opacity":"","overlay-gradient":""}},"ast-content-background-meta":{"desktop":{"background-color":"var(--ast-global-color-4)","background-image":"","background-repeat":"repeat","background-position":"center center","background-size":"auto","background-attachment":"scroll","background-type":"","background-media":"","overlay-type":"","overlay-color":"","overlay-opacity":"","overlay-gradient":""},"tablet":{"background-color":"var(--ast-global-color-4)","background-image":"","background-repeat":"repeat","background-position":"center center","background-size":"auto","background-attachment":"scroll","background-type":"","background-media":"","overlay-type":"","overlay-color":"","overlay-opacity":"","overlay-gradient":""},"mobile":{"background-color":"var(--ast-global-color-4)","background-image":"","background-repeat":"repeat","background-position":"center center","background-size":"auto","background-attachment":"scroll","background-type":"","background-media":"","overlay-type":"","overlay-color":"","overlay-opacity":"","overlay-gradient":""}}},"product_brand":[],"product_cat":[47,21,48,49],"product_tag":[],"class_list":{"0":"post-2643","1":"product","2":"type-product","3":"status-publish","4":"has-post-thumbnail","6":"product_cat-accessoires","7":"product_cat-alle-varer","8":"product_cat-baelter-seler","9":"product_cat-bosswik","10":"desktop-align-center","11":"tablet-align-left","12":"mobile-align-left","13":"ast-product-gallery-layout-horizontal-slider","14":"ast-product-single-variable","15":"ast-product-tabs-layout-horizontal","17":"first","18":"instock","19":"taxable","20":"shipping-taxable","21":"purchasable","22":"product-type-variable"},"_links":{"self":[{"href":"https:\/\/hosbirger.dk\/de\/wp-json\/wp\/v2\/product\/2643","targetHints":{"allow":["GET"]}}],"collection":[{"href":"https:\/\/hosbirger.dk\/de\/wp-json\/wp\/v2\/product"}],"about":[{"href":"https:\/\/hosbirger.dk\/de\/wp-json\/wp\/v2\/types\/product"}],"replies":[{"embeddable":true,"href":"https:\/\/hosbirger.dk\/de\/wp-json\/wp\/v2\/comments?post=2643"}],"wp:featuredmedia":[{"embeddable":true,"href":"https:\/\/hosbirger.dk\/de\/wp-json\/wp\/v2\/media\/2660"}],"wp:attachment":[{"href":"https:\/\/hosbirger.dk\/de\/wp-json\/wp\/v2\/media?parent=2643"}],"wp:term":[{"taxonomy":"product_brand","embeddable":true,"href":"https:\/\/hosbirger.dk\/de\/wp-json\/wp\/v2\/product_brand?post=2643"},{"taxonomy":"product_cat","embeddable":true,"href":"https:\/\/hosbirger.dk\/de\/wp-json\/wp\/v2\/product_cat?post=2643"},{"taxonomy":"product_tag","embeddable":true,"href":"https:\/\/hosbirger.dk\/de\/wp-json\/wp\/v2\/product_tag?post=2643"}],"curies":[{"name":"wp","href":"https:\/\/api.w.org\/{rel}","templated":true}]}}