{"id":2749,"date":"2025-07-03T09:47:52","date_gmt":"2025-07-03T07:47:52","guid":{"rendered":"https:\/\/hosbirger.dk\/?post_type=product&#038;p=2749"},"modified":"2026-01-18T07:12:42","modified_gmt":"2026-01-18T06:12:42","slug":"replikat-t-shirt-mit-gelbem-aufdruck","status":"publish","type":"product","link":"https:\/\/hosbirger.dk\/de\/produkt\/replikat-t-shirt-mit-gelbem-aufdruck\/","title":{"rendered":"Replikat-T-Shirt mit Aufdruck Gelb"},"content":{"rendered":"<div class=\"xs_social_share_widget xs_share_url after_content \t\tmain_content  wslu-style-1 wslu-share-box-shaped wslu-fill-colored wslu-none wslu-share-horizontal wslu-theme-font-no wslu-main_content\">\n\n\t\t\n        <ul>\n\t\t\t        <\/ul>\n    <\/div>","protected":false},"excerpt":{"rendered":"<p>Replikat-T-Shirt mit Aufdruck Gelb<\/p>\n<p data-start=\"62\" data-end=\"332\">Bringen Sie frischen Wind in Ihre Garderobe mit diesem <strong data-start=\"147\" data-end=\"175\">Gelbes T-Shirt von Replica<\/strong> mit einem auff\u00e4lligen Druck auf der Brust. Die leuchtende Farbe sorgt f\u00fcr einen sommerlichen und modernen Look, w\u00e4hrend die weiche Qualit\u00e4t den ganzen Tag \u00fcber f\u00fcr Tragekomfort sorgt.<\/p>\n<p data-start=\"334\" data-end=\"363\"><strong data-start=\"334\" data-end=\"361\">Warum Sie es lieben werden<\/strong><\/p>\n<ul data-start=\"364\" data-end=\"592\">\n<li data-start=\"364\" data-end=\"422\">\n<p data-start=\"366\" data-end=\"422\"><strong data-start=\"366\" data-end=\"384\">Klare gelbe Farbe<\/strong>, die anregen und auffallen<\/p>\n<\/li>\n<li data-start=\"423\" data-end=\"481\">\n<p data-start=\"425\" data-end=\"481\"><strong data-start=\"425\" data-end=\"439\">Druck auf der Brust<\/strong> das einen k\u00fchlen und maskulinen Touch verleiht<\/p>\n<\/li>\n<li data-start=\"482\" data-end=\"536\">\n<p data-start=\"484\" data-end=\"536\"><strong data-start=\"484\" data-end=\"518\">Weiche und atmungsaktive Baumwollqualit\u00e4t<\/strong> f\u00fcr hohen Komfort<\/p>\n<\/li>\n<li data-start=\"537\" data-end=\"592\">\n<p data-start=\"539\" data-end=\"592\">Normale Passform, entwickelt f\u00fcr M\u00e4nner mit \u00dcbergr\u00f6\u00dfen<\/p>\n<\/li>\n<\/ul>\n<p data-start=\"594\" data-end=\"837\"><strong data-start=\"594\" data-end=\"613\">So geht's<\/strong><br data-start=\"613\" data-end=\"616\" \/>Kombinieren Sie das T-Shirt mit <strong data-start=\"636\" data-end=\"658\">Jeans oder Shorts<\/strong> f\u00fcr einen l\u00e4ssigen Alltagslook, oder kombinieren Sie es mit einem <strong data-start=\"716\" data-end=\"746\">Jeansjacke oder \u00dcberhemd<\/strong> f\u00fcr ein kompletteres Outfit. Perfekt f\u00fcr den Alltag, Urlaub und gesellschaftliche Anl\u00e4sse.<\/p>\n<p data-start=\"839\" data-end=\"995\"><strong data-start=\"839\" data-end=\"853\">\u00dcber Replica<\/strong><br data-start=\"853\" data-end=\"856\" \/>Ersteller der Replik <strong data-start=\"871\" data-end=\"932\">Moderne und bequeme Modelle f\u00fcr M\u00e4nner in gro\u00dfen Gr\u00f6\u00dfen<\/strong>, mit Schwerpunkt auf Passform, Qualit\u00e4t und einem rohen, maskulinen Look.<\/p>\n<p data-start=\"997\" data-end=\"1142\" data-is-last-node=\"\" data-is-only-node=\"\">\n<p>100% Baumwolle<\/p>\n<p>Waschen: 40\u00b0 von innen nach au\u00dfen<\/p>","protected":false},"featured_media":2772,"comment_status":"open","ping_status":"closed","template":"","meta":{"postBodyCss":"","postBodyMargin":[],"postBodyPadding":[],"postBodyBackground":{"backgroundType":"classic","gradient":""},"site-sidebar-layout":"default","site-content-layout":"default","ast-site-content-layout":"default","site-content-style":"default","site-sidebar-style":"default","ast-global-header-display":"","ast-banner-title-visibility":"","ast-main-header-display":"","ast-hfb-above-header-display":"","ast-hfb-below-header-display":"","ast-hfb-mobile-header-display":"","site-post-title":"","ast-breadcrumbs-content":"","ast-featured-img":"","footer-sml-layout":"","ast-disable-related-posts":"","theme-transparent-header-meta":"default","adv-header-id-meta":"","stick-header-meta":"","header-above-stick-meta":"","header-main-stick-meta":"","header-below-stick-meta":"","astra-migrate-meta-layouts":"set","ast-page-background-enabled":"default","ast-page-background-meta":{"desktop":{"background-color":"var(--ast-global-color-5)","background-image":"","background-repeat":"repeat","background-position":"center center","background-size":"auto","background-attachment":"scroll","background-type":"","background-media":"","overlay-type":"","overlay-color":"","overlay-opacity":"","overlay-gradient":""},"tablet":{"background-color":"","background-image":"","background-repeat":"repeat","background-position":"center center","background-size":"auto","background-attachment":"scroll","background-type":"","background-media":"","overlay-type":"","overlay-color":"","overlay-opacity":"","overlay-gradient":""},"mobile":{"background-color":"","background-image":"","background-repeat":"repeat","background-position":"center center","background-size":"auto","background-attachment":"scroll","background-type":"","background-media":"","overlay-type":"","overlay-color":"","overlay-opacity":"","overlay-gradient":""}},"ast-content-background-meta":{"desktop":{"background-color":"var(--ast-global-color-4)","background-image":"","background-repeat":"repeat","background-position":"center center","background-size":"auto","background-attachment":"scroll","background-type":"","background-media":"","overlay-type":"","overlay-color":"","overlay-opacity":"","overlay-gradient":""},"tablet":{"background-color":"var(--ast-global-color-4)","background-image":"","background-repeat":"repeat","background-position":"center center","background-size":"auto","background-attachment":"scroll","background-type":"","background-media":"","overlay-type":"","overlay-color":"","overlay-opacity":"","overlay-gradient":""},"mobile":{"background-color":"var(--ast-global-color-4)","background-image":"","background-repeat":"repeat","background-position":"center center","background-size":"auto","background-attachment":"scroll","background-type":"","background-media":"","overlay-type":"","overlay-color":"","overlay-opacity":"","overlay-gradient":""}}},"product_brand":[],"product_cat":[20],"product_tag":[],"class_list":{"0":"post-2749","1":"product","2":"type-product","3":"status-publish","4":"has-post-thumbnail","6":"product_cat-outlet","7":"desktop-align-center","8":"tablet-align-left","9":"mobile-align-left","10":"ast-product-gallery-layout-horizontal-slider","11":"ast-product-single-variable","12":"ast-product-tabs-layout-horizontal","14":"first","15":"instock","16":"sale","17":"taxable","18":"shipping-taxable","19":"purchasable","20":"product-type-variable"},"_links":{"self":[{"href":"https:\/\/hosbirger.dk\/de\/wp-json\/wp\/v2\/product\/2749","targetHints":{"allow":["GET"]}}],"collection":[{"href":"https:\/\/hosbirger.dk\/de\/wp-json\/wp\/v2\/product"}],"about":[{"href":"https:\/\/hosbirger.dk\/de\/wp-json\/wp\/v2\/types\/product"}],"replies":[{"embeddable":true,"href":"https:\/\/hosbirger.dk\/de\/wp-json\/wp\/v2\/comments?post=2749"}],"wp:featuredmedia":[{"embeddable":true,"href":"https:\/\/hosbirger.dk\/de\/wp-json\/wp\/v2\/media\/2772"}],"wp:attachment":[{"href":"https:\/\/hosbirger.dk\/de\/wp-json\/wp\/v2\/media?parent=2749"}],"wp:term":[{"taxonomy":"product_brand","embeddable":true,"href":"https:\/\/hosbirger.dk\/de\/wp-json\/wp\/v2\/product_brand?post=2749"},{"taxonomy":"product_cat","embeddable":true,"href":"https:\/\/hosbirger.dk\/de\/wp-json\/wp\/v2\/product_cat?post=2749"},{"taxonomy":"product_tag","embeddable":true,"href":"https:\/\/hosbirger.dk\/de\/wp-json\/wp\/v2\/product_tag?post=2749"}],"curies":[{"name":"wp","href":"https:\/\/api.w.org\/{rel}","templated":true}]}}