{"id":2757,"date":"2025-07-03T09:47:52","date_gmt":"2025-07-03T07:47:52","guid":{"rendered":"https:\/\/hosbirger.dk\/?post_type=product&#038;p=2757"},"modified":"2026-01-18T07:12:39","modified_gmt":"2026-01-18T06:12:39","slug":"north-564-t-shirt-mit-druck-navy-blau","status":"publish","type":"product","link":"https:\/\/hosbirger.dk\/de\/produkt\/north-564-t-shirt-mit-druck-navy-blau\/","title":{"rendered":"North 56\u00b04 T-Shirt mit Aufdruck Marineblau"},"content":{"rendered":"<div class=\"xs_social_share_widget xs_share_url after_content \t\tmain_content  wslu-style-1 wslu-share-box-shaped wslu-fill-colored wslu-none wslu-share-horizontal wslu-theme-font-no wslu-main_content\">\n\n\t\t\n        <ul>\n\t\t\t        <\/ul>\n    <\/div>","protected":false},"excerpt":{"rendered":"<p>North 56\u00b04 T-Shirt mit Aufdruck Marineblau<\/p>\n<p data-start=\"62\" data-end=\"364\">Verbessern Sie Ihre Grundgarderobe mit diesem <strong data-start=\"147\" data-end=\"183\">marineblaues T-Shirt von North 56\u00b04<\/strong> mit einem modernen Druck auf der Brust. Der klassische Rundhalsausschnitt und die weiche Qualit\u00e4t machen das T-Shirt zu einer sicheren Wahl f\u00fcr alle, die sowohl Komfort als auch einen entspannten, stilvollen Look w\u00fcnschen.<\/p>\n<p data-start=\"366\" data-end=\"395\"><strong data-start=\"366\" data-end=\"393\">Warum Sie es lieben werden<\/strong><\/p>\n<ul data-start=\"396\" data-end=\"650\">\n<li data-start=\"396\" data-end=\"464\">\n<p data-start=\"398\" data-end=\"464\">Zeitlos <strong data-start=\"405\" data-end=\"424\">Farbe: Marineblau<\/strong> - Passt zu allem, von Jeans bis zu Chinos<\/p>\n<\/li>\n<li data-start=\"465\" data-end=\"523\">\n<p data-start=\"467\" data-end=\"523\"><strong data-start=\"467\" data-end=\"487\">Aufdruck auf der Brust<\/strong> verleiht ein modernes und sportliches Aussehen<\/p>\n<\/li>\n<li data-start=\"524\" data-end=\"587\">\n<p data-start=\"526\" data-end=\"587\"><strong data-start=\"526\" data-end=\"553\">Weiche und atmungsaktive Qualit\u00e4t<\/strong> f\u00fcr maximalen Komfort den ganzen Tag lang<\/p>\n<\/li>\n<li data-start=\"588\" data-end=\"650\">\n<p data-start=\"590\" data-end=\"650\">Normale Passform, auf die Bed\u00fcrfnisse von M\u00e4nnern mit \u00dcbergr\u00f6\u00dfe abgestimmt<\/p>\n<\/li>\n<\/ul>\n<p data-start=\"652\" data-end=\"865\"><strong data-start=\"652\" data-end=\"671\">So geht's<\/strong><br data-start=\"671\" data-end=\"674\" \/>Tragen Sie das T-Shirt mit <strong data-start=\"693\" data-end=\"714\">Jeans und Turnschuhe<\/strong> f\u00fcr einen legeren Look oder kombiniert mit <strong data-start=\"758\" data-end=\"784\">Chinos und eine leichte Jacke<\/strong> f\u00fcr ein elegant-legeres Outfit. Perfekt f\u00fcr Alltag, Freizeit und Wochenenden.<\/p>\n<p data-start=\"867\" data-end=\"1035\"><strong data-start=\"867\" data-end=\"884\">\u00dcber North 56\u00b04<\/strong><br data-start=\"884\" data-end=\"887\" \/>Nord 56\u00b04 ist ein <strong data-start=\"904\" data-end=\"964\">Sportliche und funktionelle Freizeitkollektion f\u00fcr M\u00e4nner in \u00dcbergr\u00f6\u00dfe<\/strong>, konzipiert im Hinblick auf die Anforderungen f\u00fcr <strong data-start=\"1000\" data-end=\"1032\">Qualit\u00e4t, Komfort und Passform<\/strong>.<\/p>\n<p data-start=\"1037\" data-end=\"1160\" data-is-last-node=\"\" data-is-only-node=\"\">\n<p>100% Baumwolle<\/p>\n<p>Waschen: 40\u00b0 von innen nach au\u00dfen<\/p>","protected":false},"featured_media":2775,"comment_status":"open","ping_status":"closed","template":"","meta":{"postBodyCss":"","postBodyMargin":[],"postBodyPadding":[],"postBodyBackground":{"backgroundType":"classic","gradient":""},"site-sidebar-layout":"default","site-content-layout":"default","ast-site-content-layout":"default","site-content-style":"default","site-sidebar-style":"default","ast-global-header-display":"","ast-banner-title-visibility":"","ast-main-header-display":"","ast-hfb-above-header-display":"","ast-hfb-below-header-display":"","ast-hfb-mobile-header-display":"","site-post-title":"","ast-breadcrumbs-content":"","ast-featured-img":"","footer-sml-layout":"","ast-disable-related-posts":"","theme-transparent-header-meta":"default","adv-header-id-meta":"","stick-header-meta":"","header-above-stick-meta":"","header-main-stick-meta":"","header-below-stick-meta":"","astra-migrate-meta-layouts":"set","ast-page-background-enabled":"default","ast-page-background-meta":{"desktop":{"background-color":"var(--ast-global-color-5)","background-image":"","background-repeat":"repeat","background-position":"center center","background-size":"auto","background-attachment":"scroll","background-type":"","background-media":"","overlay-type":"","overlay-color":"","overlay-opacity":"","overlay-gradient":""},"tablet":{"background-color":"","background-image":"","background-repeat":"repeat","background-position":"center center","background-size":"auto","background-attachment":"scroll","background-type":"","background-media":"","overlay-type":"","overlay-color":"","overlay-opacity":"","overlay-gradient":""},"mobile":{"background-color":"","background-image":"","background-repeat":"repeat","background-position":"center center","background-size":"auto","background-attachment":"scroll","background-type":"","background-media":"","overlay-type":"","overlay-color":"","overlay-opacity":"","overlay-gradient":""}},"ast-content-background-meta":{"desktop":{"background-color":"var(--ast-global-color-4)","background-image":"","background-repeat":"repeat","background-position":"center center","background-size":"auto","background-attachment":"scroll","background-type":"","background-media":"","overlay-type":"","overlay-color":"","overlay-opacity":"","overlay-gradient":""},"tablet":{"background-color":"var(--ast-global-color-4)","background-image":"","background-repeat":"repeat","background-position":"center center","background-size":"auto","background-attachment":"scroll","background-type":"","background-media":"","overlay-type":"","overlay-color":"","overlay-opacity":"","overlay-gradient":""},"mobile":{"background-color":"var(--ast-global-color-4)","background-image":"","background-repeat":"repeat","background-position":"center center","background-size":"auto","background-attachment":"scroll","background-type":"","background-media":"","overlay-type":"","overlay-color":"","overlay-opacity":"","overlay-gradient":""}}},"product_brand":[],"product_cat":[20],"product_tag":[],"class_list":{"0":"post-2757","1":"product","2":"type-product","3":"status-publish","4":"has-post-thumbnail","6":"product_cat-outlet","7":"desktop-align-center","8":"tablet-align-left","9":"mobile-align-left","10":"ast-product-gallery-layout-horizontal-slider","11":"ast-product-single-variable","12":"ast-product-tabs-layout-horizontal","14":"first","15":"instock","16":"sale","17":"taxable","18":"shipping-taxable","19":"purchasable","20":"product-type-variable"},"_links":{"self":[{"href":"https:\/\/hosbirger.dk\/de\/wp-json\/wp\/v2\/product\/2757","targetHints":{"allow":["GET"]}}],"collection":[{"href":"https:\/\/hosbirger.dk\/de\/wp-json\/wp\/v2\/product"}],"about":[{"href":"https:\/\/hosbirger.dk\/de\/wp-json\/wp\/v2\/types\/product"}],"replies":[{"embeddable":true,"href":"https:\/\/hosbirger.dk\/de\/wp-json\/wp\/v2\/comments?post=2757"}],"wp:featuredmedia":[{"embeddable":true,"href":"https:\/\/hosbirger.dk\/de\/wp-json\/wp\/v2\/media\/2775"}],"wp:attachment":[{"href":"https:\/\/hosbirger.dk\/de\/wp-json\/wp\/v2\/media?parent=2757"}],"wp:term":[{"taxonomy":"product_brand","embeddable":true,"href":"https:\/\/hosbirger.dk\/de\/wp-json\/wp\/v2\/product_brand?post=2757"},{"taxonomy":"product_cat","embeddable":true,"href":"https:\/\/hosbirger.dk\/de\/wp-json\/wp\/v2\/product_cat?post=2757"},{"taxonomy":"product_tag","embeddable":true,"href":"https:\/\/hosbirger.dk\/de\/wp-json\/wp\/v2\/product_tag?post=2757"}],"curies":[{"name":"wp","href":"https:\/\/api.w.org\/{rel}","templated":true}]}}