{"id":2768,"date":"2025-07-03T09:47:52","date_gmt":"2025-07-03T07:47:52","guid":{"rendered":"https:\/\/hosbirger.dk\/?post_type=product&#038;p=2768"},"modified":"2026-01-18T07:12:35","modified_gmt":"2026-01-18T06:12:35","slug":"nord-564-t-shirt-orange","status":"publish","type":"product","link":"https:\/\/hosbirger.dk\/de\/produkt\/nord-564-t-shirt-orange\/","title":{"rendered":"Norden 56\u00b04 t-shirt Orange"},"content":{"rendered":"<div class=\"xs_social_share_widget xs_share_url after_content \t\tmain_content  wslu-style-1 wslu-share-box-shaped wslu-fill-colored wslu-none wslu-share-horizontal wslu-theme-font-no wslu-main_content\">\n\n\t\t\n        <ul>\n\t\t\t        <\/ul>\n    <\/div>","protected":false},"excerpt":{"rendered":"<p>Norden 56\u00b04 t-shirt Orange<\/p>\n<p data-start=\"62\" data-end=\"356\">Frischen Sie Ihre Garderobe auf mit diesem <strong data-start=\"126\" data-end=\"162\">klassisches T-Shirt von North 56\u00b04<\/strong> in einer sch\u00f6nen und auff\u00e4lligen <strong data-start=\"190\" data-end=\"206\">orange Farbe<\/strong>. Es ist aus weicher und atmungsaktiver Baumwolle gefertigt, die f\u00fcr Komfort und eine gute Passform sorgt - perfekt f\u00fcr den Alltag und legere Anl\u00e4sse.<\/p>\n<p data-start=\"358\" data-end=\"387\"><strong data-start=\"358\" data-end=\"385\">Warum Sie es lieben werden<\/strong><\/p>\n<ul data-start=\"388\" data-end=\"615\">\n<li data-start=\"388\" data-end=\"448\">\n<p data-start=\"390\" data-end=\"448\">Klar <strong data-start=\"395\" data-end=\"410\">orange Farbe<\/strong>, die Ihr Outfit aufpeppen<\/p>\n<\/li>\n<li data-start=\"449\" data-end=\"507\">\n<p data-start=\"451\" data-end=\"507\"><strong data-start=\"451\" data-end=\"481\">Weiche und komfortable Qualit\u00e4t<\/strong>, perfekt f\u00fcr den ganzt\u00e4gigen Gebrauch<\/p>\n<\/li>\n<li data-start=\"508\" data-end=\"568\">\n<p data-start=\"510\" data-end=\"568\">Klassisch <strong data-start=\"519\" data-end=\"532\">Rundhalsausschnitt<\/strong> und saubere N\u00e4hte f\u00fcr ein zeitloses Aussehen<\/p>\n<\/li>\n<li data-start=\"569\" data-end=\"615\">\n<p data-start=\"571\" data-end=\"615\">Normale Passform, geeignet f\u00fcr M\u00e4nner mit \u00dcbergr\u00f6\u00dfe<\/p>\n<\/li>\n<\/ul>\n<p data-start=\"617\" data-end=\"842\"><strong data-start=\"617\" data-end=\"636\">So geht's<\/strong><br data-start=\"636\" data-end=\"639\" \/>Tragen Sie das T-Shirt mit <strong data-start=\"658\" data-end=\"680\">Jeans oder Shorts<\/strong> f\u00fcr einen l\u00e4ssigen Sommerlook oder kombiniert mit Chinos und Turnschuhen f\u00fcr ein l\u00e4ssiges Outfit. Kann auch unter einem Hemd oder Oberhemd getragen werden.<\/p>\n<p data-start=\"844\" data-end=\"994\"><strong data-start=\"844\" data-end=\"861\">\u00dcber North 56\u00b04<\/strong><br data-start=\"861\" data-end=\"864\" \/>Nord 56\u00b04 ist ein <strong data-start=\"881\" data-end=\"927\">Sportliche Freizeitkollektion f\u00fcr M\u00e4nner in \u00dcbergr\u00f6\u00dfe<\/strong>, entwickelt mit Schwerpunkt auf <strong data-start=\"951\" data-end=\"991\">Komfort, Qualit\u00e4t und optimale Passform<\/strong>.<\/p>\n<p>100% Baumwolle<\/p>\n<p>Waschen: 40\u00b0.<\/p>\n<p>Kostenloser Versand bei einem Einkauf \u00fcber \u20ac100,-<\/p>","protected":false},"featured_media":2778,"comment_status":"open","ping_status":"closed","template":"","meta":{"postBodyCss":"","postBodyMargin":[],"postBodyPadding":[],"postBodyBackground":{"backgroundType":"classic","gradient":""},"site-sidebar-layout":"default","site-content-layout":"default","ast-site-content-layout":"default","site-content-style":"default","site-sidebar-style":"default","ast-global-header-display":"","ast-banner-title-visibility":"","ast-main-header-display":"","ast-hfb-above-header-display":"","ast-hfb-below-header-display":"","ast-hfb-mobile-header-display":"","site-post-title":"","ast-breadcrumbs-content":"","ast-featured-img":"","footer-sml-layout":"","ast-disable-related-posts":"","theme-transparent-header-meta":"default","adv-header-id-meta":"","stick-header-meta":"","header-above-stick-meta":"","header-main-stick-meta":"","header-below-stick-meta":"","astra-migrate-meta-layouts":"set","ast-page-background-enabled":"default","ast-page-background-meta":{"desktop":{"background-color":"var(--ast-global-color-5)","background-image":"","background-repeat":"repeat","background-position":"center center","background-size":"auto","background-attachment":"scroll","background-type":"","background-media":"","overlay-type":"","overlay-color":"","overlay-opacity":"","overlay-gradient":""},"tablet":{"background-color":"","background-image":"","background-repeat":"repeat","background-position":"center center","background-size":"auto","background-attachment":"scroll","background-type":"","background-media":"","overlay-type":"","overlay-color":"","overlay-opacity":"","overlay-gradient":""},"mobile":{"background-color":"","background-image":"","background-repeat":"repeat","background-position":"center center","background-size":"auto","background-attachment":"scroll","background-type":"","background-media":"","overlay-type":"","overlay-color":"","overlay-opacity":"","overlay-gradient":""}},"ast-content-background-meta":{"desktop":{"background-color":"var(--ast-global-color-4)","background-image":"","background-repeat":"repeat","background-position":"center center","background-size":"auto","background-attachment":"scroll","background-type":"","background-media":"","overlay-type":"","overlay-color":"","overlay-opacity":"","overlay-gradient":""},"tablet":{"background-color":"var(--ast-global-color-4)","background-image":"","background-repeat":"repeat","background-position":"center center","background-size":"auto","background-attachment":"scroll","background-type":"","background-media":"","overlay-type":"","overlay-color":"","overlay-opacity":"","overlay-gradient":""},"mobile":{"background-color":"var(--ast-global-color-4)","background-image":"","background-repeat":"repeat","background-position":"center center","background-size":"auto","background-attachment":"scroll","background-type":"","background-media":"","overlay-type":"","overlay-color":"","overlay-opacity":"","overlay-gradient":""}}},"product_brand":[],"product_cat":[20],"product_tag":[],"class_list":{"0":"post-2768","1":"product","2":"type-product","3":"status-publish","4":"has-post-thumbnail","6":"product_cat-outlet","7":"desktop-align-center","8":"tablet-align-left","9":"mobile-align-left","10":"ast-product-gallery-layout-horizontal-slider","11":"ast-product-single-variable","12":"ast-product-tabs-layout-horizontal","14":"first","15":"instock","16":"sale","17":"taxable","18":"shipping-taxable","19":"purchasable","20":"product-type-variable"},"_links":{"self":[{"href":"https:\/\/hosbirger.dk\/de\/wp-json\/wp\/v2\/product\/2768","targetHints":{"allow":["GET"]}}],"collection":[{"href":"https:\/\/hosbirger.dk\/de\/wp-json\/wp\/v2\/product"}],"about":[{"href":"https:\/\/hosbirger.dk\/de\/wp-json\/wp\/v2\/types\/product"}],"replies":[{"embeddable":true,"href":"https:\/\/hosbirger.dk\/de\/wp-json\/wp\/v2\/comments?post=2768"}],"wp:featuredmedia":[{"embeddable":true,"href":"https:\/\/hosbirger.dk\/de\/wp-json\/wp\/v2\/media\/2778"}],"wp:attachment":[{"href":"https:\/\/hosbirger.dk\/de\/wp-json\/wp\/v2\/media?parent=2768"}],"wp:term":[{"taxonomy":"product_brand","embeddable":true,"href":"https:\/\/hosbirger.dk\/de\/wp-json\/wp\/v2\/product_brand?post=2768"},{"taxonomy":"product_cat","embeddable":true,"href":"https:\/\/hosbirger.dk\/de\/wp-json\/wp\/v2\/product_cat?post=2768"},{"taxonomy":"product_tag","embeddable":true,"href":"https:\/\/hosbirger.dk\/de\/wp-json\/wp\/v2\/product_tag?post=2768"}],"curies":[{"name":"wp","href":"https:\/\/api.w.org\/{rel}","templated":true}]}}