{"id":2780,"date":"2025-07-03T09:47:59","date_gmt":"2025-07-03T07:47:59","guid":{"rendered":"https:\/\/hosbirger.dk\/?post_type=product&#038;p=2780"},"modified":"2026-01-18T07:12:34","modified_gmt":"2026-01-18T06:12:34","slug":"replik-jenas-licht-mit-schlitz","status":"publish","type":"product","link":"https:\/\/hosbirger.dk\/de\/produkt\/replik-jenas-licht-mit-schlitz\/","title":{"rendered":"Replik Jenas Light mit Schlitz"},"content":{"rendered":"<div class=\"xs_social_share_widget xs_share_url after_content \t\tmain_content  wslu-style-1 wslu-share-box-shaped wslu-fill-colored wslu-none wslu-share-horizontal wslu-theme-font-no wslu-main_content\">\n\n\t\t\n        <ul>\n\t\t\t        <\/ul>\n    <\/div>","protected":false},"excerpt":{"rendered":"<p>Replik Jenas Light mit Schlitz<\/p>\n<p data-start=\"60\" data-end=\"372\">Einen l\u00e4ssigen und modernen Denim-Look erhalten Sie mit diesen <strong data-start=\"147\" data-end=\"172\">hellblaue Replika-Jeans<\/strong> Mit genau dem richtigen Ma\u00df an nat\u00fcrlicher Abnutzung. Perfekt f\u00fcr jeden Tag, an dem Sie Komfort und Stil kombinieren m\u00f6chten - egal ob Sie sich f\u00fcr ein legeres Outfit oder einen l\u00e4ssigen Look mit Hemd und Turnschuhen entscheiden.<\/p>\n<p data-start=\"374\" data-end=\"403\"><strong data-start=\"374\" data-end=\"401\">Warum Sie sie lieben werden<\/strong><\/p>\n<ul data-start=\"404\" data-end=\"653\">\n<li data-start=\"404\" data-end=\"475\">\n<p data-start=\"406\" data-end=\"475\"><strong data-start=\"406\" data-end=\"422\">Hellblaues Waschbecken<\/strong> mit authentischer, diskreter Kleidung f\u00fcr einen zeitlosen Look<\/p>\n<\/li>\n<li data-start=\"476\" data-end=\"546\">\n<p data-start=\"478\" data-end=\"546\">Klassisch <strong data-start=\"487\" data-end=\"507\">5-Taschen-Design<\/strong> mit G\u00fcrtelschlaufen und festen N\u00e4hten<\/p>\n<\/li>\n<li data-start=\"547\" data-end=\"595\">\n<p data-start=\"549\" data-end=\"595\"><strong data-start=\"549\" data-end=\"570\">Bequeme Passform<\/strong>, geschaffen f\u00fcr den t\u00e4glichen Gebrauch<\/p>\n<\/li>\n<li data-start=\"596\" data-end=\"653\">\n<p data-start=\"598\" data-end=\"653\">L\u00e4sst sich leicht mit T-Shirt, Strickwaren, Hemd oder Blazer kombinieren<\/p>\n<\/li>\n<\/ul>\n<p data-start=\"655\" data-end=\"676\"><strong data-start=\"655\" data-end=\"674\">Gestalten Sie sie so<\/strong><\/p>\n<ul data-start=\"677\" data-end=\"858\">\n<li data-start=\"677\" data-end=\"720\">\n<p data-start=\"679\" data-end=\"720\"><strong data-start=\"679\" data-end=\"690\">L\u00e4ssig:<\/strong> T-Shirt, Kapuzenpulli und Turnschuhe<\/p>\n<\/li>\n<li data-start=\"721\" data-end=\"789\">\n<p data-start=\"723\" data-end=\"789\"><strong data-start=\"723\" data-end=\"740\">L\u00e4ssig-schick:<\/strong> Oxford-Hemd, Lederg\u00fcrtel und Slipper\/Sneaker<\/p>\n<\/li>\n<li data-start=\"790\" data-end=\"858\">\n<p data-start=\"792\" data-end=\"858\"><strong data-start=\"792\" data-end=\"807\">Team auf Team:<\/strong> T-Shirt unter einem \u00dcberhemd\/einer Jeansjacke f\u00fcr zus\u00e4tzliche Spannung<\/p>\n<\/li>\n<\/ul>\n<p data-start=\"860\" data-end=\"1045\"><strong data-start=\"860\" data-end=\"880\">\u00dcber Replica Jeans<\/strong><br data-start=\"880\" data-end=\"883\" \/>Die Marke ist in der Tat <strong data-start=\"905\" data-end=\"916\">geschlossen<\/strong>aber Replika ist immer noch bekannt f\u00fcr <strong data-start=\"951\" data-end=\"996\">Tolle Passformen und robuste Denim-Qualit\u00e4ten<\/strong>die Saison f\u00fcr Saison ihre Form und ihren Stil beh\u00e4lt.<\/p>\n<p>98% Baumwolle 2% Elastan<\/p>\n<p>Waschen: 40\u00b0.<\/p>","protected":false},"featured_media":2809,"comment_status":"open","ping_status":"closed","template":"","meta":{"postBodyCss":"","postBodyMargin":[],"postBodyPadding":[],"postBodyBackground":{"backgroundType":"classic","gradient":""},"site-sidebar-layout":"default","site-content-layout":"default","ast-site-content-layout":"default","site-content-style":"default","site-sidebar-style":"default","ast-global-header-display":"","ast-banner-title-visibility":"","ast-main-header-display":"","ast-hfb-above-header-display":"","ast-hfb-below-header-display":"","ast-hfb-mobile-header-display":"","site-post-title":"","ast-breadcrumbs-content":"","ast-featured-img":"","footer-sml-layout":"","ast-disable-related-posts":"","theme-transparent-header-meta":"default","adv-header-id-meta":"","stick-header-meta":"","header-above-stick-meta":"","header-main-stick-meta":"","header-below-stick-meta":"","astra-migrate-meta-layouts":"set","ast-page-background-enabled":"default","ast-page-background-meta":{"desktop":{"background-color":"var(--ast-global-color-5)","background-image":"","background-repeat":"repeat","background-position":"center center","background-size":"auto","background-attachment":"scroll","background-type":"","background-media":"","overlay-type":"","overlay-color":"","overlay-opacity":"","overlay-gradient":""},"tablet":{"background-color":"","background-image":"","background-repeat":"repeat","background-position":"center center","background-size":"auto","background-attachment":"scroll","background-type":"","background-media":"","overlay-type":"","overlay-color":"","overlay-opacity":"","overlay-gradient":""},"mobile":{"background-color":"","background-image":"","background-repeat":"repeat","background-position":"center center","background-size":"auto","background-attachment":"scroll","background-type":"","background-media":"","overlay-type":"","overlay-color":"","overlay-opacity":"","overlay-gradient":""}},"ast-content-background-meta":{"desktop":{"background-color":"var(--ast-global-color-4)","background-image":"","background-repeat":"repeat","background-position":"center center","background-size":"auto","background-attachment":"scroll","background-type":"","background-media":"","overlay-type":"","overlay-color":"","overlay-opacity":"","overlay-gradient":""},"tablet":{"background-color":"var(--ast-global-color-4)","background-image":"","background-repeat":"repeat","background-position":"center center","background-size":"auto","background-attachment":"scroll","background-type":"","background-media":"","overlay-type":"","overlay-color":"","overlay-opacity":"","overlay-gradient":""},"mobile":{"background-color":"var(--ast-global-color-4)","background-image":"","background-repeat":"repeat","background-position":"center center","background-size":"auto","background-attachment":"scroll","background-type":"","background-media":"","overlay-type":"","overlay-color":"","overlay-opacity":"","overlay-gradient":""}}},"product_brand":[],"product_cat":[20],"product_tag":[],"class_list":{"0":"post-2780","1":"product","2":"type-product","3":"status-publish","4":"has-post-thumbnail","6":"product_cat-outlet","7":"desktop-align-center","8":"tablet-align-left","9":"mobile-align-left","10":"ast-product-gallery-layout-horizontal-slider","11":"ast-product-single-variable","12":"ast-product-tabs-layout-horizontal","14":"first","15":"instock","16":"sale","17":"taxable","18":"shipping-taxable","19":"purchasable","20":"product-type-variable"},"_links":{"self":[{"href":"https:\/\/hosbirger.dk\/de\/wp-json\/wp\/v2\/product\/2780","targetHints":{"allow":["GET"]}}],"collection":[{"href":"https:\/\/hosbirger.dk\/de\/wp-json\/wp\/v2\/product"}],"about":[{"href":"https:\/\/hosbirger.dk\/de\/wp-json\/wp\/v2\/types\/product"}],"replies":[{"embeddable":true,"href":"https:\/\/hosbirger.dk\/de\/wp-json\/wp\/v2\/comments?post=2780"}],"wp:featuredmedia":[{"embeddable":true,"href":"https:\/\/hosbirger.dk\/de\/wp-json\/wp\/v2\/media\/2809"}],"wp:attachment":[{"href":"https:\/\/hosbirger.dk\/de\/wp-json\/wp\/v2\/media?parent=2780"}],"wp:term":[{"taxonomy":"product_brand","embeddable":true,"href":"https:\/\/hosbirger.dk\/de\/wp-json\/wp\/v2\/product_brand?post=2780"},{"taxonomy":"product_cat","embeddable":true,"href":"https:\/\/hosbirger.dk\/de\/wp-json\/wp\/v2\/product_cat?post=2780"},{"taxonomy":"product_tag","embeddable":true,"href":"https:\/\/hosbirger.dk\/de\/wp-json\/wp\/v2\/product_tag?post=2780"}],"curies":[{"name":"wp","href":"https:\/\/api.w.org\/{rel}","templated":true}]}}