{"id":2786,"date":"2025-07-03T09:47:59","date_gmt":"2025-07-03T07:47:59","guid":{"rendered":"https:\/\/hosbirger.dk\/?post_type=product&#038;p=2786"},"modified":"2026-01-18T07:12:33","modified_gmt":"2026-01-18T06:12:33","slug":"replik-jeans-modell-ringo-blau","status":"publish","type":"product","link":"https:\/\/hosbirger.dk\/de\/produkt\/replik-jeans-modell-ringo-blau\/","title":{"rendered":"Replik Jeans Modell Ringo Blau"},"content":{"rendered":"<div class=\"xs_social_share_widget xs_share_url after_content \t\tmain_content  wslu-style-1 wslu-share-box-shaped wslu-fill-colored wslu-none wslu-share-horizontal wslu-theme-font-no wslu-main_content\">\n\n\t\t\n        <ul>\n\t\t\t        <\/ul>\n    <\/div>","protected":false},"excerpt":{"rendered":"<p>Replik Jeans Modell Ringo Blau<\/p>\n<p data-start=\"62\" data-end=\"321\">Einen rohen und modernen Look erhalten Sie mit <strong data-start=\"131\" data-end=\"160\">Replik Jeans Modell Ringo<\/strong> in klassischem Blau mit Used-Effekt. Diese Jeans ist f\u00fcr den stilbewussten Mann gemacht, der ein Paar von <strong data-start=\"260\" data-end=\"297\">Bequeme und coole Alltagsjeans<\/strong> mit einem kleinen Extra an Sch\u00e4rfe.<\/p>\n<p data-start=\"323\" data-end=\"352\"><strong data-start=\"323\" data-end=\"350\">Warum Sie sie lieben werden<\/strong><\/p>\n<ul data-start=\"353\" data-end=\"565\">\n<li data-start=\"353\" data-end=\"415\">\n<p data-start=\"355\" data-end=\"415\"><strong data-start=\"355\" data-end=\"368\">Blauer Jeansstoff<\/strong> mit einer abgenutzten Waschung f\u00fcr einen entspannten, l\u00e4ssigen Look<\/p>\n<\/li>\n<li data-start=\"416\" data-end=\"467\">\n<p data-start=\"418\" data-end=\"467\">Klassisch <strong data-start=\"427\" data-end=\"447\">5-Taschen-Design<\/strong> mit G\u00fcrtelschlaufen<\/p>\n<\/li>\n<li data-start=\"468\" data-end=\"520\">\n<p data-start=\"470\" data-end=\"520\"><strong data-start=\"470\" data-end=\"491\">Bequeme Passform<\/strong> Entworfen f\u00fcr M\u00e4nner mit \u00dcbergr\u00f6\u00dfe<\/p>\n<\/li>\n<li data-start=\"521\" data-end=\"565\">\n<p data-start=\"523\" data-end=\"565\">Langlebige Qualit\u00e4t - f\u00fcr den t\u00e4glichen Gebrauch gemacht<\/p>\n<\/li>\n<\/ul>\n<p data-start=\"567\" data-end=\"739\"><strong data-start=\"567\" data-end=\"586\">Gestalten Sie sie so<\/strong><br data-start=\"586\" data-end=\"589\" \/>Perfekt mit einem <strong data-start=\"605\" data-end=\"628\">T-Shirt und Turnschuhe<\/strong> f\u00fcr einen l\u00e4ssigen Alltagslook oder kombinieren Sie sie mit einem <strong data-start=\"682\" data-end=\"704\">Hemd und Stiefel<\/strong> f\u00fcr einen rauen und maskulinen Stil.<\/p>\n<p data-start=\"741\" data-end=\"910\"><strong data-start=\"741\" data-end=\"761\">\u00dcber Replica Jeans<\/strong><br data-start=\"761\" data-end=\"764\" \/>Obwohl die Marke eingestellt wurde, ist die <strong data-start=\"792\" data-end=\"809\">Replik Jeans<\/strong> Die Marke ist nach wie vor f\u00fcr ihre gro\u00dfartigen Passformen und zeitlosen Denim-Designs bekannt, die sowohl in Bezug auf den Stil als auch die Qualit\u00e4t von Dauer sind.<\/p>\n<p>Modell: ringo<\/p>\n<p>98% Baumwolle 2% Elastan<\/p>\n<p>Waschen: 40\u00b0.<\/p>","protected":false},"featured_media":2811,"comment_status":"open","ping_status":"closed","template":"","meta":{"postBodyCss":"","postBodyMargin":[],"postBodyPadding":[],"postBodyBackground":{"backgroundType":"classic","gradient":""},"site-sidebar-layout":"default","site-content-layout":"default","ast-site-content-layout":"default","site-content-style":"default","site-sidebar-style":"default","ast-global-header-display":"","ast-banner-title-visibility":"","ast-main-header-display":"","ast-hfb-above-header-display":"","ast-hfb-below-header-display":"","ast-hfb-mobile-header-display":"","site-post-title":"","ast-breadcrumbs-content":"","ast-featured-img":"","footer-sml-layout":"","ast-disable-related-posts":"","theme-transparent-header-meta":"default","adv-header-id-meta":"","stick-header-meta":"","header-above-stick-meta":"","header-main-stick-meta":"","header-below-stick-meta":"","astra-migrate-meta-layouts":"set","ast-page-background-enabled":"default","ast-page-background-meta":{"desktop":{"background-color":"var(--ast-global-color-5)","background-image":"","background-repeat":"repeat","background-position":"center center","background-size":"auto","background-attachment":"scroll","background-type":"","background-media":"","overlay-type":"","overlay-color":"","overlay-opacity":"","overlay-gradient":""},"tablet":{"background-color":"","background-image":"","background-repeat":"repeat","background-position":"center center","background-size":"auto","background-attachment":"scroll","background-type":"","background-media":"","overlay-type":"","overlay-color":"","overlay-opacity":"","overlay-gradient":""},"mobile":{"background-color":"","background-image":"","background-repeat":"repeat","background-position":"center center","background-size":"auto","background-attachment":"scroll","background-type":"","background-media":"","overlay-type":"","overlay-color":"","overlay-opacity":"","overlay-gradient":""}},"ast-content-background-meta":{"desktop":{"background-color":"var(--ast-global-color-4)","background-image":"","background-repeat":"repeat","background-position":"center center","background-size":"auto","background-attachment":"scroll","background-type":"","background-media":"","overlay-type":"","overlay-color":"","overlay-opacity":"","overlay-gradient":""},"tablet":{"background-color":"var(--ast-global-color-4)","background-image":"","background-repeat":"repeat","background-position":"center center","background-size":"auto","background-attachment":"scroll","background-type":"","background-media":"","overlay-type":"","overlay-color":"","overlay-opacity":"","overlay-gradient":""},"mobile":{"background-color":"var(--ast-global-color-4)","background-image":"","background-repeat":"repeat","background-position":"center center","background-size":"auto","background-attachment":"scroll","background-type":"","background-media":"","overlay-type":"","overlay-color":"","overlay-opacity":"","overlay-gradient":""}}},"product_brand":[],"product_cat":[20],"product_tag":[],"class_list":{"0":"post-2786","1":"product","2":"type-product","3":"status-publish","4":"has-post-thumbnail","6":"product_cat-outlet","7":"desktop-align-center","8":"tablet-align-left","9":"mobile-align-left","10":"ast-product-gallery-layout-horizontal-slider","11":"ast-product-single-variable","12":"ast-product-tabs-layout-horizontal","14":"first","15":"instock","16":"sale","17":"taxable","18":"shipping-taxable","19":"purchasable","20":"product-type-variable"},"_links":{"self":[{"href":"https:\/\/hosbirger.dk\/de\/wp-json\/wp\/v2\/product\/2786","targetHints":{"allow":["GET"]}}],"collection":[{"href":"https:\/\/hosbirger.dk\/de\/wp-json\/wp\/v2\/product"}],"about":[{"href":"https:\/\/hosbirger.dk\/de\/wp-json\/wp\/v2\/types\/product"}],"replies":[{"embeddable":true,"href":"https:\/\/hosbirger.dk\/de\/wp-json\/wp\/v2\/comments?post=2786"}],"wp:featuredmedia":[{"embeddable":true,"href":"https:\/\/hosbirger.dk\/de\/wp-json\/wp\/v2\/media\/2811"}],"wp:attachment":[{"href":"https:\/\/hosbirger.dk\/de\/wp-json\/wp\/v2\/media?parent=2786"}],"wp:term":[{"taxonomy":"product_brand","embeddable":true,"href":"https:\/\/hosbirger.dk\/de\/wp-json\/wp\/v2\/product_brand?post=2786"},{"taxonomy":"product_cat","embeddable":true,"href":"https:\/\/hosbirger.dk\/de\/wp-json\/wp\/v2\/product_cat?post=2786"},{"taxonomy":"product_tag","embeddable":true,"href":"https:\/\/hosbirger.dk\/de\/wp-json\/wp\/v2\/product_tag?post=2786"}],"curies":[{"name":"wp","href":"https:\/\/api.w.org\/{rel}","templated":true}]}}