{"id":29557,"date":"2025-08-26T13:00:35","date_gmt":"2025-08-26T11:00:35","guid":{"rendered":"https:\/\/hosbirger.dk\/?post_type=product&#038;p=29557"},"modified":"2026-03-20T14:53:40","modified_gmt":"2026-03-20T13:53:40","slug":"north-latitude-t-shirt-mit-kontrastnahten-und-kleinem-textdruck-vorne-in-flaschengrun","status":"publish","type":"product","link":"https:\/\/hosbirger.dk\/de\/produkt\/north-latitude-t-shirt-mit-kontrastnahten-und-kleinem-textdruck-vorne-in-flaschengrun\/","title":{"rendered":"North Latitude T-Shirt mit Kontrastn\u00e4hten und kleinem Textdruck auf der Vorderseite in Flaschengr\u00fcn"},"content":{"rendered":"<div class=\"xs_social_share_widget xs_share_url after_content \t\tmain_content  wslu-style-1 wslu-share-box-shaped wslu-fill-colored wslu-none wslu-share-horizontal wslu-theme-font-no wslu-main_content\">\n\n\t\t\n        <ul>\n\t\t\t        <\/ul>\n    <\/div>","protected":false},"excerpt":{"rendered":"<p>North Latitude T-Shirt mit Kontrastn\u00e4hten und kleinem Textdruck auf der Vorderseite in Flaschengr\u00fcn. Ein stilvolles T-Shirt, bei dem die kleinen Details einen gro\u00dfen Unterschied machen. Dieses Modell ist aus weicher und atmungsaktiver Baumwolle gefertigt, die f\u00fcr hohen Tragekomfort und ein angenehmes Tragegef\u00fchl den ganzen Tag \u00fcber sorgt. Die klaren Kontrastn\u00e4hte setzen einen modernen Akzent, w\u00e4hrend der dezente Textdruck auf der Vorderseite f\u00fcr einen minimalistischen und stilvollen Look sorgt. Die flaschengr\u00fcne Farbe ist zeitlos und trendig zugleich, so dass sich das T-Shirt problemlos mit allem kombinieren l\u00e4sst, von Jeans \u00fcber Chinos bis hin zu Shorts. Perfekt f\u00fcr den Alltag, die Freizeit und l\u00e4ssige Anl\u00e4sse, bei denen Sie einen einfachen, aber kompletten Look w\u00fcnschen. Mit diesem T-Shirt von North Latitude erhalten Sie ein vielseitiges Basic mit einer einzigartigen Note, die sich auf subtile Weise abhebt.<\/p>\n<p>- 100% Baumwolle<br \/>\n- Sichtbare Kontrastn\u00e4hte<br \/>\n- Kleiner Textaufdruck auf der Brust<br \/>\n- Klassische Passform und Rundhalsausschnitt<br \/>\n- Waschen bei 30 Grad<\/p>\n<p>100% Baumwolle<\/p>\n<p>Kostenloser Versand bei einem Einkauf \u00fcber \u20ac100,-<\/p>","protected":false},"featured_media":29555,"comment_status":"open","ping_status":"closed","template":"","meta":{"postBodyCss":"","postBodyMargin":[],"postBodyPadding":[],"postBodyBackground":{"backgroundType":"classic","gradient":""},"site-sidebar-layout":"default","site-content-layout":"default","ast-site-content-layout":"default","site-content-style":"default","site-sidebar-style":"default","ast-global-header-display":"","ast-banner-title-visibility":"","ast-main-header-display":"","ast-hfb-above-header-display":"","ast-hfb-below-header-display":"","ast-hfb-mobile-header-display":"","site-post-title":"","ast-breadcrumbs-content":"","ast-featured-img":"","footer-sml-layout":"","ast-disable-related-posts":"","theme-transparent-header-meta":"default","adv-header-id-meta":"","stick-header-meta":"","header-above-stick-meta":"","header-main-stick-meta":"","header-below-stick-meta":"","astra-migrate-meta-layouts":"set","ast-page-background-enabled":"default","ast-page-background-meta":{"desktop":{"background-color":"var(--ast-global-color-5)","background-image":"","background-repeat":"repeat","background-position":"center center","background-size":"auto","background-attachment":"scroll","background-type":"","background-media":"","overlay-type":"","overlay-color":"","overlay-opacity":"","overlay-gradient":""},"tablet":{"background-color":"","background-image":"","background-repeat":"repeat","background-position":"center center","background-size":"auto","background-attachment":"scroll","background-type":"","background-media":"","overlay-type":"","overlay-color":"","overlay-opacity":"","overlay-gradient":""},"mobile":{"background-color":"","background-image":"","background-repeat":"repeat","background-position":"center center","background-size":"auto","background-attachment":"scroll","background-type":"","background-media":"","overlay-type":"","overlay-color":"","overlay-opacity":"","overlay-gradient":""}},"ast-content-background-meta":{"desktop":{"background-color":"var(--ast-global-color-4)","background-image":"","background-repeat":"repeat","background-position":"center center","background-size":"auto","background-attachment":"scroll","background-type":"","background-media":"","overlay-type":"","overlay-color":"","overlay-opacity":"","overlay-gradient":""},"tablet":{"background-color":"var(--ast-global-color-4)","background-image":"","background-repeat":"repeat","background-position":"center center","background-size":"auto","background-attachment":"scroll","background-type":"","background-media":"","overlay-type":"","overlay-color":"","overlay-opacity":"","overlay-gradient":""},"mobile":{"background-color":"var(--ast-global-color-4)","background-image":"","background-repeat":"repeat","background-position":"center center","background-size":"auto","background-attachment":"scroll","background-type":"","background-media":"","overlay-type":"","overlay-color":"","overlay-opacity":"","overlay-gradient":""}}},"product_brand":[],"product_cat":[27,20],"product_tag":[],"class_list":{"0":"post-29557","1":"product","2":"type-product","3":"status-publish","4":"has-post-thumbnail","6":"product_cat-north-latitude","7":"product_cat-outlet","8":"desktop-align-center","9":"tablet-align-left","10":"mobile-align-left","11":"ast-product-gallery-layout-horizontal-slider","12":"ast-product-gallery-with-no-image","13":"ast-product-single-variable","14":"ast-product-tabs-layout-horizontal","16":"first","17":"instock","18":"sale","19":"taxable","20":"shipping-taxable","21":"purchasable","22":"product-type-variable"},"_links":{"self":[{"href":"https:\/\/hosbirger.dk\/de\/wp-json\/wp\/v2\/product\/29557","targetHints":{"allow":["GET"]}}],"collection":[{"href":"https:\/\/hosbirger.dk\/de\/wp-json\/wp\/v2\/product"}],"about":[{"href":"https:\/\/hosbirger.dk\/de\/wp-json\/wp\/v2\/types\/product"}],"replies":[{"embeddable":true,"href":"https:\/\/hosbirger.dk\/de\/wp-json\/wp\/v2\/comments?post=29557"}],"wp:featuredmedia":[{"embeddable":true,"href":"https:\/\/hosbirger.dk\/de\/wp-json\/wp\/v2\/media\/29555"}],"wp:attachment":[{"href":"https:\/\/hosbirger.dk\/de\/wp-json\/wp\/v2\/media?parent=29557"}],"wp:term":[{"taxonomy":"product_brand","embeddable":true,"href":"https:\/\/hosbirger.dk\/de\/wp-json\/wp\/v2\/product_brand?post=29557"},{"taxonomy":"product_cat","embeddable":true,"href":"https:\/\/hosbirger.dk\/de\/wp-json\/wp\/v2\/product_cat?post=29557"},{"taxonomy":"product_tag","embeddable":true,"href":"https:\/\/hosbirger.dk\/de\/wp-json\/wp\/v2\/product_tag?post=29557"}],"curies":[{"name":"wp","href":"https:\/\/api.w.org\/{rel}","templated":true}]}}