{"id":30104,"date":"2025-09-01T12:22:29","date_gmt":"2025-09-01T10:22:29","guid":{"rendered":"https:\/\/hosbirger.dk\/?post_type=product&#038;p=30104"},"modified":"2026-02-26T12:50:48","modified_gmt":"2026-02-26T11:50:48","slug":"weis-klassischer-blazer-in-moderner-passform-mit-stretch-und-dezentem-volant-moerk-green","status":"publish","type":"product","link":"https:\/\/hosbirger.dk\/de\/produkt\/weis-klassischer-blazer-in-moderner-passform-mit-stretch-und-dezentem-volant-moerk-green\/","title":{"rendered":"WEIS Classic Modern fit Blazer mit Stretch und dezentem Samt dunkelgr\u00fcn"},"content":{"rendered":"<div class=\"xs_social_share_widget xs_share_url after_content \t\tmain_content  wslu-style-1 wslu-share-box-shaped wslu-fill-colored wslu-none wslu-share-horizontal wslu-theme-font-no wslu-main_content\">\n\n\t\t\n        <ul>\n\t\t\t        <\/ul>\n    <\/div>","protected":false},"excerpt":{"rendered":"<p>WEIS Classic Modern fit Blazer mit Stretch und dezentem Samt dunkelgr\u00fcn<\/p>\n<p>WEIS Klassischer Blazer in moderner Passform.<br \/>\nDiese Blazerjacke ist ideal f\u00fcr festliche Anl\u00e4sse. Wenn Sie diesen modern geschnittenen Blazer anziehen, werden Sie keinen Zweifel daran haben, dass der Komfort an erster Stelle steht. Die sorgf\u00e4ltig ausgew\u00e4hlten Details, wie das feine dunkelgr\u00fcne Garn, vervollst\u00e4ndigen den maskulinen Look. Der vollst\u00e4ndig gef\u00fctterte Blazer mit Super-Stretch-Funktion bietet Ihnen mehr Bewegungsfreiheit, damit Sie sich bei jedem festlichen Anlass wohlf\u00fchlen k\u00f6nnen.<\/p>\n<p>Klassischer Blazer in moderner Passform mit Stretch und weichem Samt.<br \/>\nKlassischer Blazer in moderner Passform<br \/>\nDezente Kontrastverzierung<br \/>\nEntworfen mit Stretch f\u00fcr Komfort<br \/>\nVollst\u00e4ndig gef\u00fcttert f\u00fcr eine glatte Oberfl\u00e4che<br \/>\nVielseitiger Stil<\/p>\n<p>98% Baumwolle 2% Elastan<\/p>\n<p>Reinigung: chemisch reinigen<\/p>\n<p>Kostenloser Versand bei einem Einkauf \u00fcber \u20ac100,-<\/p>","protected":false},"featured_media":30120,"comment_status":"open","ping_status":"closed","template":"","meta":{"postBodyCss":"","postBodyMargin":[],"postBodyPadding":[],"postBodyBackground":{"backgroundType":"classic","gradient":""},"site-sidebar-layout":"default","site-content-layout":"","ast-site-content-layout":"default","site-content-style":"default","site-sidebar-style":"default","ast-global-header-display":"","ast-banner-title-visibility":"","ast-main-header-display":"","ast-hfb-above-header-display":"","ast-hfb-below-header-display":"","ast-hfb-mobile-header-display":"","site-post-title":"","ast-breadcrumbs-content":"","ast-featured-img":"","footer-sml-layout":"","ast-disable-related-posts":"","theme-transparent-header-meta":"default","adv-header-id-meta":"","stick-header-meta":"","header-above-stick-meta":"","header-main-stick-meta":"","header-below-stick-meta":"","astra-migrate-meta-layouts":"set","ast-page-background-enabled":"default","ast-page-background-meta":{"desktop":{"background-color":"var(--ast-global-color-5)","background-image":"","background-repeat":"repeat","background-position":"center center","background-size":"auto","background-attachment":"scroll","background-type":"","background-media":"","overlay-type":"","overlay-color":"","overlay-opacity":"","overlay-gradient":""},"tablet":{"background-color":"","background-image":"","background-repeat":"repeat","background-position":"center center","background-size":"auto","background-attachment":"scroll","background-type":"","background-media":"","overlay-type":"","overlay-color":"","overlay-opacity":"","overlay-gradient":""},"mobile":{"background-color":"","background-image":"","background-repeat":"repeat","background-position":"center center","background-size":"auto","background-attachment":"scroll","background-type":"","background-media":"","overlay-type":"","overlay-color":"","overlay-opacity":"","overlay-gradient":""}},"ast-content-background-meta":{"desktop":{"background-color":"var(--ast-global-color-4)","background-image":"","background-repeat":"repeat","background-position":"center center","background-size":"auto","background-attachment":"scroll","background-type":"","background-media":"","overlay-type":"","overlay-color":"","overlay-opacity":"","overlay-gradient":""},"tablet":{"background-color":"var(--ast-global-color-4)","background-image":"","background-repeat":"repeat","background-position":"center center","background-size":"auto","background-attachment":"scroll","background-type":"","background-media":"","overlay-type":"","overlay-color":"","overlay-opacity":"","overlay-gradient":""},"mobile":{"background-color":"var(--ast-global-color-4)","background-image":"","background-repeat":"repeat","background-position":"center center","background-size":"auto","background-attachment":"scroll","background-type":"","background-media":"","overlay-type":"","overlay-color":"","overlay-opacity":"","overlay-gradient":""}}},"product_brand":[],"product_cat":[21,84],"product_tag":[],"class_list":{"0":"post-30104","1":"product","2":"type-product","3":"status-publish","4":"has-post-thumbnail","6":"product_cat-alle-varer","7":"product_cat-blazer","8":"desktop-align-center","9":"tablet-align-left","10":"mobile-align-left","11":"ast-product-gallery-layout-horizontal-slider","12":"ast-product-single-variable","13":"ast-product-tabs-layout-horizontal","15":"first","16":"instock","17":"taxable","18":"shipping-taxable","19":"purchasable","20":"product-type-variable"},"_links":{"self":[{"href":"https:\/\/hosbirger.dk\/de\/wp-json\/wp\/v2\/product\/30104","targetHints":{"allow":["GET"]}}],"collection":[{"href":"https:\/\/hosbirger.dk\/de\/wp-json\/wp\/v2\/product"}],"about":[{"href":"https:\/\/hosbirger.dk\/de\/wp-json\/wp\/v2\/types\/product"}],"replies":[{"embeddable":true,"href":"https:\/\/hosbirger.dk\/de\/wp-json\/wp\/v2\/comments?post=30104"}],"wp:featuredmedia":[{"embeddable":true,"href":"https:\/\/hosbirger.dk\/de\/wp-json\/wp\/v2\/media\/30120"}],"wp:attachment":[{"href":"https:\/\/hosbirger.dk\/de\/wp-json\/wp\/v2\/media?parent=30104"}],"wp:term":[{"taxonomy":"product_brand","embeddable":true,"href":"https:\/\/hosbirger.dk\/de\/wp-json\/wp\/v2\/product_brand?post=30104"},{"taxonomy":"product_cat","embeddable":true,"href":"https:\/\/hosbirger.dk\/de\/wp-json\/wp\/v2\/product_cat?post=30104"},{"taxonomy":"product_tag","embeddable":true,"href":"https:\/\/hosbirger.dk\/de\/wp-json\/wp\/v2\/product_tag?post=30104"}],"curies":[{"name":"wp","href":"https:\/\/api.w.org\/{rel}","templated":true}]}}