{"id":3044,"date":"2025-07-03T09:49:04","date_gmt":"2025-07-03T07:49:04","guid":{"rendered":"https:\/\/hosbirger.dk\/?post_type=product&#038;p=3044"},"modified":"2026-01-18T07:12:08","modified_gmt":"2026-01-18T06:12:08","slug":"will-blazers-regular-fit-blau-karierte-jacke","status":"publish","type":"product","link":"https:\/\/hosbirger.dk\/de\/produkt\/will-blazers-regular-fit-blau-karierte-jacke\/","title":{"rendered":"Will Blazer Regular Fit Jacke mit blauem Karo"},"content":{"rendered":"<div class=\"xs_social_share_widget xs_share_url after_content \t\tmain_content  wslu-style-1 wslu-share-box-shaped wslu-fill-colored wslu-none wslu-share-horizontal wslu-theme-font-no wslu-main_content\">\n\n\t\t\n        <ul>\n\t\t\t        <\/ul>\n    <\/div>","protected":false},"excerpt":{"rendered":"<p>Will Blazer Regular Fit Jacke mit blauem Karo<\/p>\n<p data-start=\"60\" data-end=\"383\">Aktualisieren Sie Ihre Garderobe mit einem <strong data-start=\"129\" data-end=\"159\">Blau karierter Blazer von WILL<\/strong> i <strong data-start=\"162\" data-end=\"177\">normale Passform<\/strong>. Das zeitlose Karomuster sorgt f\u00fcr einen scharfen, maskulinen Look, w\u00e4hrend die Passform bequem ist und viel Bewegungsfreiheit bietet - perfekt f\u00fcr die Arbeit, Partys und l\u00e4ssige Tage. Elegant <strong data-start=\"356\" data-end=\"382\">Neu bei HosBirger.dk<\/strong>.<\/p>\n<p data-start=\"385\" data-end=\"412\"><strong data-start=\"385\" data-end=\"412\">Warum Sie es lieben werden<\/strong><\/p>\n<ul data-start=\"413\" data-end=\"700\">\n<li data-start=\"413\" data-end=\"479\">\n<p data-start=\"415\" data-end=\"479\"><strong data-start=\"415\" data-end=\"430\">Normale Passform<\/strong>: klassische, gut sitzende Silhouette mit hohem Komfort<\/p>\n<\/li>\n<li data-start=\"480\" data-end=\"546\">\n<p data-start=\"482\" data-end=\"546\"><strong data-start=\"482\" data-end=\"495\">Blaues Karo<\/strong>: elegantes Muster, das sich das ganze Jahr \u00fcber gut stylen l\u00e4sst<\/p>\n<\/li>\n<li data-start=\"547\" data-end=\"616\">\n<p data-start=\"549\" data-end=\"616\"><strong data-start=\"549\" data-end=\"568\">Vielseitiges Styling<\/strong>: funktioniert bei Hemden, Strickwaren, T-Shirts und Polohemden<\/p>\n<\/li>\n<li data-start=\"617\" data-end=\"700\">\n<p data-start=\"619\" data-end=\"700\"><strong data-start=\"619\" data-end=\"636\">Saubere Details<\/strong>: klassisches Revers, Taschen und saubere Kn\u00f6pfe f\u00fcr einen kompletten Look<\/p>\n<\/li>\n<\/ul>\n<p data-start=\"702\" data-end=\"721\"><strong data-start=\"702\" data-end=\"721\">So geht's<\/strong><\/p>\n<ul data-start=\"722\" data-end=\"927\">\n<li data-start=\"722\" data-end=\"789\">\n<p data-start=\"724\" data-end=\"789\"><strong data-start=\"724\" data-end=\"743\">Business-Casual<\/strong>mit wei\u00df\/blauem Hemd, Chinohose und Lederg\u00fcrtel<\/p>\n<\/li>\n<li data-start=\"790\" data-end=\"856\">\n<p data-start=\"792\" data-end=\"856\"><strong data-start=\"792\" data-end=\"809\">Intelligentes Wochenende<\/strong>: mit dunklen Jeans, T-Shirt und Turnschuhen\/Laufschuhen<\/p>\n<\/li>\n<li data-start=\"857\" data-end=\"927\">\n<p data-start=\"859\" data-end=\"927\"><strong data-start=\"859\" data-end=\"875\">Formaler<\/strong>: f\u00fcr gepflegte Hemden, Hosen und Krawatten oder Knopflochnadeln<\/p>\n<\/li>\n<\/ul>\n<p data-start=\"929\" data-end=\"1059\"><strong data-start=\"929\" data-end=\"942\">Grund<\/strong><br data-start=\"942\" data-end=\"945\" \/>Ideal f\u00fcr B\u00fcros, Meetings, Abendessen, Abschlussfeiern und Veranstaltungen, bei denen Sie elegant aussehen wollen, ohne zu formell zu sein.<\/p>\n<p data-start=\"1061\" data-end=\"1225\"><strong data-start=\"1061\" data-end=\"1080\">Passform &amp; Pflege<\/strong><br data-start=\"1080\" data-end=\"1083\" \/>Die normale Passform ist gr\u00f6\u00dfengetreu und passt den meisten K\u00f6rpertypen. H\u00e4ngen Sie den Blazer nach dem Tragen auf einen B\u00fcgel und d\u00e4mpfen Sie ihn, um Form und Faltenwurf zu erhalten.<\/p>\n<p>64% Polyester \/ 34% Viskose \/ 2% Elasthan<\/p>\n<p>Reinigung: chemisch reinigen<\/p>\n<p>Kostenloser Versand bei einem Einkauf \u00fcber \u20ac100,-<\/p>","protected":false},"featured_media":3063,"comment_status":"open","ping_status":"closed","template":"","meta":{"postBodyCss":"","postBodyMargin":[],"postBodyPadding":[],"postBodyBackground":{"backgroundType":"classic","gradient":""},"site-sidebar-layout":"default","site-content-layout":"default","ast-site-content-layout":"default","site-content-style":"default","site-sidebar-style":"default","ast-global-header-display":"","ast-banner-title-visibility":"","ast-main-header-display":"","ast-hfb-above-header-display":"","ast-hfb-below-header-display":"","ast-hfb-mobile-header-display":"","site-post-title":"","ast-breadcrumbs-content":"","ast-featured-img":"","footer-sml-layout":"","ast-disable-related-posts":"","theme-transparent-header-meta":"default","adv-header-id-meta":"","stick-header-meta":"","header-above-stick-meta":"","header-main-stick-meta":"","header-below-stick-meta":"","astra-migrate-meta-layouts":"set","ast-page-background-enabled":"default","ast-page-background-meta":{"desktop":{"background-color":"var(--ast-global-color-5)","background-image":"","background-repeat":"repeat","background-position":"center center","background-size":"auto","background-attachment":"scroll","background-type":"","background-media":"","overlay-type":"","overlay-color":"","overlay-opacity":"","overlay-gradient":""},"tablet":{"background-color":"","background-image":"","background-repeat":"repeat","background-position":"center center","background-size":"auto","background-attachment":"scroll","background-type":"","background-media":"","overlay-type":"","overlay-color":"","overlay-opacity":"","overlay-gradient":""},"mobile":{"background-color":"","background-image":"","background-repeat":"repeat","background-position":"center center","background-size":"auto","background-attachment":"scroll","background-type":"","background-media":"","overlay-type":"","overlay-color":"","overlay-opacity":"","overlay-gradient":""}},"ast-content-background-meta":{"desktop":{"background-color":"var(--ast-global-color-4)","background-image":"","background-repeat":"repeat","background-position":"center center","background-size":"auto","background-attachment":"scroll","background-type":"","background-media":"","overlay-type":"","overlay-color":"","overlay-opacity":"","overlay-gradient":""},"tablet":{"background-color":"var(--ast-global-color-4)","background-image":"","background-repeat":"repeat","background-position":"center center","background-size":"auto","background-attachment":"scroll","background-type":"","background-media":"","overlay-type":"","overlay-color":"","overlay-opacity":"","overlay-gradient":""},"mobile":{"background-color":"var(--ast-global-color-4)","background-image":"","background-repeat":"repeat","background-position":"center center","background-size":"auto","background-attachment":"scroll","background-type":"","background-media":"","overlay-type":"","overlay-color":"","overlay-opacity":"","overlay-gradient":""}}},"product_brand":[],"product_cat":[20],"product_tag":[],"class_list":{"0":"post-3044","1":"product","2":"type-product","3":"status-publish","4":"has-post-thumbnail","6":"product_cat-outlet","7":"desktop-align-center","8":"tablet-align-left","9":"mobile-align-left","10":"ast-product-gallery-layout-horizontal-slider","11":"ast-product-single-variable","12":"ast-product-tabs-layout-horizontal","14":"first","15":"instock","16":"sale","17":"taxable","18":"shipping-taxable","19":"purchasable","20":"product-type-variable"},"_links":{"self":[{"href":"https:\/\/hosbirger.dk\/de\/wp-json\/wp\/v2\/product\/3044","targetHints":{"allow":["GET"]}}],"collection":[{"href":"https:\/\/hosbirger.dk\/de\/wp-json\/wp\/v2\/product"}],"about":[{"href":"https:\/\/hosbirger.dk\/de\/wp-json\/wp\/v2\/types\/product"}],"replies":[{"embeddable":true,"href":"https:\/\/hosbirger.dk\/de\/wp-json\/wp\/v2\/comments?post=3044"}],"wp:featuredmedia":[{"embeddable":true,"href":"https:\/\/hosbirger.dk\/de\/wp-json\/wp\/v2\/media\/3063"}],"wp:attachment":[{"href":"https:\/\/hosbirger.dk\/de\/wp-json\/wp\/v2\/media?parent=3044"}],"wp:term":[{"taxonomy":"product_brand","embeddable":true,"href":"https:\/\/hosbirger.dk\/de\/wp-json\/wp\/v2\/product_brand?post=3044"},{"taxonomy":"product_cat","embeddable":true,"href":"https:\/\/hosbirger.dk\/de\/wp-json\/wp\/v2\/product_cat?post=3044"},{"taxonomy":"product_tag","embeddable":true,"href":"https:\/\/hosbirger.dk\/de\/wp-json\/wp\/v2\/product_tag?post=3044"}],"curies":[{"name":"wp","href":"https:\/\/api.w.org\/{rel}","templated":true}]}}