{"id":30755,"date":"2025-09-15T16:15:28","date_gmt":"2025-09-15T14:15:28","guid":{"rendered":"https:\/\/hosbirger.dk\/?post_type=product&#038;p=30755"},"modified":"2026-01-18T06:23:21","modified_gmt":"2026-01-18T05:23:21","slug":"claudio-weihnachtsstrumpf-grose-40-47","status":"publish","type":"product","link":"https:\/\/hosbirger.dk\/de\/produkt\/claudio-weihnachtsstrumpf-grose-40-47\/","title":{"rendered":"Claudio Weihnachtsstrumpf Gr\u00f6\u00dfe 40-47"},"content":{"rendered":"<div class=\"xs_social_share_widget xs_share_url after_content \t\tmain_content  wslu-style-1 wslu-share-box-shaped wslu-fill-colored wslu-none wslu-share-horizontal wslu-theme-font-no wslu-main_content\">\n\n\t\t\n        <ul>\n\t\t\t        <\/ul>\n    <\/div>","protected":false},"excerpt":{"rendered":"<p data-start=\"60\" data-end=\"498\">Claudio Weihnachtssocken Gr\u00f6\u00dfe 40-47 - eine modische Wahl f\u00fcr alle, die Komfort, Qualit\u00e4t und Stil im Alltag kombinieren m\u00f6chten. Diese Socken sind mit einem sch\u00f6nen mehrfarbigen Streifenmuster versehen, das einen modernen und lebendigen Look bietet und sich von den klassischen einfarbigen Modellen abhebt. Die Farbkombination macht es einfach, sie mit Jeans, Chinos und Anz\u00fcgen zu kombinieren, so dass Sie sie sowohl bei der Arbeit als auch in der Freizeit tragen k\u00f6nnen.<\/p>\n<p data-start=\"500\" data-end=\"778\">Die Socken sind aus einer strapazierf\u00e4higen und bequemen Mischung aus 78% Baumwolle, 20% Polyamid und 2% Elastan hergestellt. Dies sorgt f\u00fcr Atmungsaktivit\u00e4t, Dehnbarkeit und eine gute Passform, die den ganzen Tag an Ort und Stelle bleibt. Sie sind f\u00fcr die Gr\u00f6\u00dfen 40-47 konzipiert und passen daher den meisten Menschen.<\/p>\n<p data-start=\"780\" data-end=\"913\">Mit den Socken von Claudio erhalten Sie beides in einem: Mode und Funktionalit\u00e4t. Sie sind bei 40 Grad waschbar und behalten nach jeder W\u00e4sche ihre Form und Farbe.<\/p>\n<p data-start=\"915\" data-end=\"1048\">G\u00f6nnen Sie Ihren F\u00fc\u00dfen diese gestreiften Claudio-Socken - und denken Sie daran, dass Sie bei Hos Birger ab einem Einkaufswert von DKK 499,- immer kostenlosen Versand erhalten.<\/p>","protected":false},"featured_media":30757,"comment_status":"open","ping_status":"closed","template":"","meta":{"postBodyCss":"","postBodyMargin":[],"postBodyPadding":[],"postBodyBackground":{"backgroundType":"classic","gradient":""},"site-sidebar-layout":"default","site-content-layout":"default","ast-site-content-layout":"default","site-content-style":"default","site-sidebar-style":"default","ast-global-header-display":"","ast-banner-title-visibility":"","ast-main-header-display":"","ast-hfb-above-header-display":"","ast-hfb-below-header-display":"","ast-hfb-mobile-header-display":"","site-post-title":"","ast-breadcrumbs-content":"","ast-featured-img":"","footer-sml-layout":"","ast-disable-related-posts":"","theme-transparent-header-meta":"default","adv-header-id-meta":"","stick-header-meta":"","header-above-stick-meta":"","header-main-stick-meta":"","header-below-stick-meta":"","astra-migrate-meta-layouts":"set","ast-page-background-enabled":"default","ast-page-background-meta":{"desktop":{"background-color":"var(--ast-global-color-5)","background-image":"","background-repeat":"repeat","background-position":"center center","background-size":"auto","background-attachment":"scroll","background-type":"","background-media":"","overlay-type":"","overlay-color":"","overlay-opacity":"","overlay-gradient":""},"tablet":{"background-color":"","background-image":"","background-repeat":"repeat","background-position":"center center","background-size":"auto","background-attachment":"scroll","background-type":"","background-media":"","overlay-type":"","overlay-color":"","overlay-opacity":"","overlay-gradient":""},"mobile":{"background-color":"","background-image":"","background-repeat":"repeat","background-position":"center center","background-size":"auto","background-attachment":"scroll","background-type":"","background-media":"","overlay-type":"","overlay-color":"","overlay-opacity":"","overlay-gradient":""}},"ast-content-background-meta":{"desktop":{"background-color":"var(--ast-global-color-4)","background-image":"","background-repeat":"repeat","background-position":"center center","background-size":"auto","background-attachment":"scroll","background-type":"","background-media":"","overlay-type":"","overlay-color":"","overlay-opacity":"","overlay-gradient":""},"tablet":{"background-color":"var(--ast-global-color-4)","background-image":"","background-repeat":"repeat","background-position":"center center","background-size":"auto","background-attachment":"scroll","background-type":"","background-media":"","overlay-type":"","overlay-color":"","overlay-opacity":"","overlay-gradient":""},"mobile":{"background-color":"var(--ast-global-color-4)","background-image":"","background-repeat":"repeat","background-position":"center center","background-size":"auto","background-attachment":"scroll","background-type":"","background-media":"","overlay-type":"","overlay-color":"","overlay-opacity":"","overlay-gradient":""}}},"product_brand":[],"product_cat":[21,125,128],"product_tag":[],"class_list":{"0":"post-30755","1":"product","2":"type-product","3":"status-publish","4":"has-post-thumbnail","6":"product_cat-alle-varer","7":"product_cat-jbs","8":"product_cat-stroemper","9":"desktop-align-center","10":"tablet-align-left","11":"mobile-align-left","12":"ast-product-gallery-layout-horizontal-slider","13":"ast-product-gallery-with-no-image","14":"ast-product-single-variable","15":"ast-product-tabs-layout-horizontal","17":"first","18":"instock","19":"taxable","20":"shipping-taxable","21":"purchasable","22":"product-type-variable"},"_links":{"self":[{"href":"https:\/\/hosbirger.dk\/de\/wp-json\/wp\/v2\/product\/30755","targetHints":{"allow":["GET"]}}],"collection":[{"href":"https:\/\/hosbirger.dk\/de\/wp-json\/wp\/v2\/product"}],"about":[{"href":"https:\/\/hosbirger.dk\/de\/wp-json\/wp\/v2\/types\/product"}],"replies":[{"embeddable":true,"href":"https:\/\/hosbirger.dk\/de\/wp-json\/wp\/v2\/comments?post=30755"}],"wp:featuredmedia":[{"embeddable":true,"href":"https:\/\/hosbirger.dk\/de\/wp-json\/wp\/v2\/media\/30757"}],"wp:attachment":[{"href":"https:\/\/hosbirger.dk\/de\/wp-json\/wp\/v2\/media?parent=30755"}],"wp:term":[{"taxonomy":"product_brand","embeddable":true,"href":"https:\/\/hosbirger.dk\/de\/wp-json\/wp\/v2\/product_brand?post=30755"},{"taxonomy":"product_cat","embeddable":true,"href":"https:\/\/hosbirger.dk\/de\/wp-json\/wp\/v2\/product_cat?post=30755"},{"taxonomy":"product_tag","embeddable":true,"href":"https:\/\/hosbirger.dk\/de\/wp-json\/wp\/v2\/product_tag?post=30755"}],"curies":[{"name":"wp","href":"https:\/\/api.w.org\/{rel}","templated":true}]}}