{"id":30759,"date":"2025-09-16T11:15:57","date_gmt":"2025-09-16T09:15:57","guid":{"rendered":"https:\/\/hosbirger.dk\/?post_type=product&#038;p=30759"},"modified":"2026-03-30T12:02:18","modified_gmt":"2026-03-30T10:02:18","slug":"kompass-klassische-jacke-canazei-doppelte-knopfe-abnehmbarer-windschutz-am-hals-wasserabweisendes-gewebe-3000-mm-dehnbar-sehr-blutdicht-und-bequem-marineblau","status":"publish","type":"product","link":"https:\/\/hosbirger.dk\/de\/produkt\/kompass-klassische-jacke-canazei-doppelte-knopfe-abnehmbarer-windschutz-am-hals-wasserabweisendes-gewebe-3000-mm-dehnbar-sehr-blutdicht-und-bequem-marineblau\/","title":{"rendered":"Kompass Classic Jacke Canazei. Doppelte Tasten, abnehmbarer Windschutz am Hals. Wasserdichtes Gewebe 3000 mm, dehnbar, sehr weich und bequem, Marineblau."},"content":{"rendered":"<pre id=\"tw-target-text\" class=\"tw-data-text tw-text-large tw-ta\" dir=\"ltr\" data-placeholder=\"Overs\u00e6ttelse\" data-ved=\"2ahUKEwiTqKLMo7ePAxUJm_0HHa1jHykQ3ewLegQIDRAV\" aria-label=\"\u00dcbersetzter Text: Jacke Canazei. Doppelkn\u00f6pfe, abnehmbarer Windschutz am Hals. Wasserdichtes Gewebe 3000 mm, dehnbar, sehr weich und bequem - 77% Nylon \/ 23% Spandex - Winddicht - Wasserdichtes Gewebe 3000 mm\"><\/pre>\n\n    <div class=\"xs_social_share_widget xs_share_url after_content \t\tmain_content  wslu-style-1 wslu-share-box-shaped wslu-fill-colored wslu-none wslu-share-horizontal wslu-theme-font-no wslu-main_content\">\n\n\t\t\n        <ul>\n\t\t\t        <\/ul>\n    <\/div>","protected":false},"excerpt":{"rendered":"<p>Kompass Classic Jacke Canazei. Doppelte Tasten, abnehmbarer Windschutz am Hals. Wasserdichtes Gewebe 3000 mm, dehnbar, sehr weich und bequem, Marineblau. - Winddicht - Wasserdichtes Material 3000 mm Mit einer Wasserdichtigkeit und Atmungsaktivit\u00e4t von 3000\/3000 bietet diese Jacke das perfekte Gleichgewicht zwischen Regenschutz und guter Bel\u00fcftung, um zu vermeiden, dass man w\u00e4hrend der Aktivit\u00e4t innen feucht wird. Die versiegelten N\u00e4hte und der wasserdichte Rei\u00dfverschluss sorgen daf\u00fcr, dass auch bei starkem Regen kein Wasser eindringt. Die Jacke ist auch winddicht f\u00fcr zus\u00e4tzlichen Komfort an windigen Tagen.<\/p>\n<p data-start=\"767\" data-end=\"1065\">Die marineblaue Farbe sorgt f\u00fcr einen klaren, maskulinen und modernen Look, der die Jacke f\u00fcr Outdoor-Aktivit\u00e4ten, Freizeit und einen aktiven Alltag geeignet macht. Die sportliche Passform sorgt f\u00fcr eine gute Bewegungsfreiheit, so dass die Jacke vom Wandern und Radfahren bis hin zu anspruchsvolleren Outdoor-Aktivit\u00e4ten eingesetzt werden kann.<\/p>\n<p data-start=\"1067\" data-end=\"1270\">Compass Classic Jacket Canazei TEC3000 navy blue ist eine vielseitige Jacke, die Funktion, Komfort und nachhaltige Materialien vereint - eine gute Wahl f\u00fcr M\u00e4nner, die eine zuverl\u00e4ssige Jacke f\u00fcr wechselnde Wetterbedingungen suchen.<\/p>\n<p><span class=\"Y2IQFc\" lang=\"da\"><br \/>\n- 77%-Nylon 23%-Elasthan<br \/>\n- 3000\/3000 Wasserdicht\/atmungsaktiv<br \/>\n- Winddicht<br \/>\n- Doppeltaste<br \/>\n- Verschwei\u00dfte N\u00e4hte<\/span><\/p>\n<p>77%-Nylon 23%-Elasthan<\/p>\n<p>40\u00b0 waschen<\/p>\n<p>Kostenloser Versand bei einem Einkauf \u00fcber 499kr<\/p>","protected":false},"featured_media":30770,"comment_status":"open","ping_status":"closed","template":"","meta":{"postBodyCss":"","postBodyMargin":[],"postBodyPadding":[],"postBodyBackground":{"backgroundType":"classic","gradient":""},"site-sidebar-layout":"default","site-content-layout":"default","ast-site-content-layout":"default","site-content-style":"default","site-sidebar-style":"default","ast-global-header-display":"","ast-banner-title-visibility":"","ast-main-header-display":"","ast-hfb-above-header-display":"","ast-hfb-below-header-display":"","ast-hfb-mobile-header-display":"","site-post-title":"","ast-breadcrumbs-content":"","ast-featured-img":"","footer-sml-layout":"","ast-disable-related-posts":"","theme-transparent-header-meta":"default","adv-header-id-meta":"","stick-header-meta":"","header-above-stick-meta":"","header-main-stick-meta":"","header-below-stick-meta":"","astra-migrate-meta-layouts":"set","ast-page-background-enabled":"default","ast-page-background-meta":{"desktop":{"background-color":"var(--ast-global-color-5)","background-image":"","background-repeat":"repeat","background-position":"center center","background-size":"auto","background-attachment":"scroll","background-type":"","background-media":"","overlay-type":"","overlay-color":"","overlay-opacity":"","overlay-gradient":""},"tablet":{"background-color":"","background-image":"","background-repeat":"repeat","background-position":"center center","background-size":"auto","background-attachment":"scroll","background-type":"","background-media":"","overlay-type":"","overlay-color":"","overlay-opacity":"","overlay-gradient":""},"mobile":{"background-color":"","background-image":"","background-repeat":"repeat","background-position":"center center","background-size":"auto","background-attachment":"scroll","background-type":"","background-media":"","overlay-type":"","overlay-color":"","overlay-opacity":"","overlay-gradient":""}},"ast-content-background-meta":{"desktop":{"background-color":"var(--ast-global-color-4)","background-image":"","background-repeat":"repeat","background-position":"center center","background-size":"auto","background-attachment":"scroll","background-type":"","background-media":"","overlay-type":"","overlay-color":"","overlay-opacity":"","overlay-gradient":""},"tablet":{"background-color":"var(--ast-global-color-4)","background-image":"","background-repeat":"repeat","background-position":"center center","background-size":"auto","background-attachment":"scroll","background-type":"","background-media":"","overlay-type":"","overlay-color":"","overlay-opacity":"","overlay-gradient":""},"mobile":{"background-color":"var(--ast-global-color-4)","background-image":"","background-repeat":"repeat","background-position":"center center","background-size":"auto","background-attachment":"scroll","background-type":"","background-media":"","overlay-type":"","overlay-color":"","overlay-opacity":"","overlay-gradient":""}}},"product_brand":[],"product_cat":[308,20],"product_tag":[],"class_list":{"0":"post-30759","1":"product","2":"type-product","3":"status-publish","4":"has-post-thumbnail","6":"product_cat-athletes-collective","7":"product_cat-outlet","8":"desktop-align-center","9":"tablet-align-left","10":"mobile-align-left","11":"ast-product-gallery-layout-horizontal-slider","12":"ast-product-single-variable","13":"ast-product-tabs-layout-horizontal","15":"first","16":"instock","17":"sale","18":"taxable","19":"shipping-taxable","20":"purchasable","21":"product-type-variable"},"_links":{"self":[{"href":"https:\/\/hosbirger.dk\/de\/wp-json\/wp\/v2\/product\/30759","targetHints":{"allow":["GET"]}}],"collection":[{"href":"https:\/\/hosbirger.dk\/de\/wp-json\/wp\/v2\/product"}],"about":[{"href":"https:\/\/hosbirger.dk\/de\/wp-json\/wp\/v2\/types\/product"}],"replies":[{"embeddable":true,"href":"https:\/\/hosbirger.dk\/de\/wp-json\/wp\/v2\/comments?post=30759"}],"wp:featuredmedia":[{"embeddable":true,"href":"https:\/\/hosbirger.dk\/de\/wp-json\/wp\/v2\/media\/30770"}],"wp:attachment":[{"href":"https:\/\/hosbirger.dk\/de\/wp-json\/wp\/v2\/media?parent=30759"}],"wp:term":[{"taxonomy":"product_brand","embeddable":true,"href":"https:\/\/hosbirger.dk\/de\/wp-json\/wp\/v2\/product_brand?post=30759"},{"taxonomy":"product_cat","embeddable":true,"href":"https:\/\/hosbirger.dk\/de\/wp-json\/wp\/v2\/product_cat?post=30759"},{"taxonomy":"product_tag","embeddable":true,"href":"https:\/\/hosbirger.dk\/de\/wp-json\/wp\/v2\/product_tag?post=30759"}],"curies":[{"name":"wp","href":"https:\/\/api.w.org\/{rel}","templated":true}]}}