{"id":31245,"date":"2025-09-22T14:40:42","date_gmt":"2025-09-22T12:40:42","guid":{"rendered":"https:\/\/hosbirger.dk\/?post_type=product&#038;p=31245"},"modified":"2026-02-16T11:07:17","modified_gmt":"2026-02-16T10:07:17","slug":"fiebig-strickmutze-3m-thinsulate-schwarz","status":"publish","type":"product","link":"https:\/\/hosbirger.dk\/de\/produkt\/fiebig-strickmutze-3m-thinsulate-schwarz\/","title":{"rendered":"Fiebig Strickm\u00fctze 3M Thinsulate schwarz"},"content":{"rendered":"<div class=\"xs_social_share_widget xs_share_url after_content \t\tmain_content  wslu-style-1 wslu-share-box-shaped wslu-fill-colored wslu-none wslu-share-horizontal wslu-theme-font-no wslu-main_content\">\n\n\t\t\n        <ul>\n\t\t\t        <\/ul>\n    <\/div>","protected":false},"excerpt":{"rendered":"<p>Fiebig Strickm\u00fctze 3M Thinsulate schwarz f\u00fcr einen warmen Kopf im d\u00e4nischen Winter\/Herbst oder wo auch immer Ihre Reisen Sie hinf\u00fchren<\/p>\n<p>Ein warmer Sixpence mit umklappbarem Ohrw\u00e4rmer aus einer Wollmischung, der den Kopf im d\u00e4nischen Winter warm h\u00e4lt.<\/p>\n<p>Als Familienunternehmen aus dem Sauerland steht Fiebig seit 1903 f\u00fcr hochwertiges Design, Zuverl\u00e4ssigkeit und pers\u00f6nliche Beratung. Sie entwickeln ihre Produkte in Deutschland und haben immer ein Auge auf die neuesten Trends der internationalen Laufstege.<\/p>\n<p>60% Wolle 40% Polyester<\/p>\n<p>Kostenloser Versand bei einem Einkauf \u00fcber \u20ac100,-<\/p>","protected":false},"featured_media":31244,"comment_status":"open","ping_status":"closed","template":"","meta":{"postBodyCss":"","postBodyMargin":[],"postBodyPadding":[],"postBodyBackground":{"backgroundType":"classic","gradient":""},"site-sidebar-layout":"default","site-content-layout":"","ast-site-content-layout":"default","site-content-style":"default","site-sidebar-style":"default","ast-global-header-display":"","ast-banner-title-visibility":"","ast-main-header-display":"","ast-hfb-above-header-display":"","ast-hfb-below-header-display":"","ast-hfb-mobile-header-display":"","site-post-title":"","ast-breadcrumbs-content":"","ast-featured-img":"","footer-sml-layout":"","ast-disable-related-posts":"","theme-transparent-header-meta":"default","adv-header-id-meta":"","stick-header-meta":"","header-above-stick-meta":"","header-main-stick-meta":"","header-below-stick-meta":"","astra-migrate-meta-layouts":"set","ast-page-background-enabled":"default","ast-page-background-meta":{"desktop":{"background-color":"var(--ast-global-color-5)","background-image":"","background-repeat":"repeat","background-position":"center center","background-size":"auto","background-attachment":"scroll","background-type":"","background-media":"","overlay-type":"","overlay-color":"","overlay-opacity":"","overlay-gradient":""},"tablet":{"background-color":"","background-image":"","background-repeat":"repeat","background-position":"center center","background-size":"auto","background-attachment":"scroll","background-type":"","background-media":"","overlay-type":"","overlay-color":"","overlay-opacity":"","overlay-gradient":""},"mobile":{"background-color":"","background-image":"","background-repeat":"repeat","background-position":"center center","background-size":"auto","background-attachment":"scroll","background-type":"","background-media":"","overlay-type":"","overlay-color":"","overlay-opacity":"","overlay-gradient":""}},"ast-content-background-meta":{"desktop":{"background-color":"var(--ast-global-color-4)","background-image":"","background-repeat":"repeat","background-position":"center center","background-size":"auto","background-attachment":"scroll","background-type":"","background-media":"","overlay-type":"","overlay-color":"","overlay-opacity":"","overlay-gradient":""},"tablet":{"background-color":"var(--ast-global-color-4)","background-image":"","background-repeat":"repeat","background-position":"center center","background-size":"auto","background-attachment":"scroll","background-type":"","background-media":"","overlay-type":"","overlay-color":"","overlay-opacity":"","overlay-gradient":""},"mobile":{"background-color":"var(--ast-global-color-4)","background-image":"","background-repeat":"repeat","background-position":"center center","background-size":"auto","background-attachment":"scroll","background-type":"","background-media":"","overlay-type":"","overlay-color":"","overlay-opacity":"","overlay-gradient":""}}},"product_brand":[],"product_cat":[21,331,82],"product_tag":[],"class_list":{"0":"post-31245","1":"product","2":"type-product","3":"status-publish","4":"has-post-thumbnail","6":"product_cat-alle-varer","7":"product_cat-fiebig","8":"product_cat-hatte-caps","9":"desktop-align-center","10":"tablet-align-left","11":"mobile-align-left","12":"ast-product-gallery-layout-horizontal-slider","13":"ast-product-gallery-with-no-image","14":"ast-product-single-variable","15":"ast-product-tabs-layout-horizontal","17":"first","18":"instock","19":"taxable","20":"shipping-taxable","21":"purchasable","22":"product-type-variable"},"_links":{"self":[{"href":"https:\/\/hosbirger.dk\/de\/wp-json\/wp\/v2\/product\/31245","targetHints":{"allow":["GET"]}}],"collection":[{"href":"https:\/\/hosbirger.dk\/de\/wp-json\/wp\/v2\/product"}],"about":[{"href":"https:\/\/hosbirger.dk\/de\/wp-json\/wp\/v2\/types\/product"}],"replies":[{"embeddable":true,"href":"https:\/\/hosbirger.dk\/de\/wp-json\/wp\/v2\/comments?post=31245"}],"wp:featuredmedia":[{"embeddable":true,"href":"https:\/\/hosbirger.dk\/de\/wp-json\/wp\/v2\/media\/31244"}],"wp:attachment":[{"href":"https:\/\/hosbirger.dk\/de\/wp-json\/wp\/v2\/media?parent=31245"}],"wp:term":[{"taxonomy":"product_brand","embeddable":true,"href":"https:\/\/hosbirger.dk\/de\/wp-json\/wp\/v2\/product_brand?post=31245"},{"taxonomy":"product_cat","embeddable":true,"href":"https:\/\/hosbirger.dk\/de\/wp-json\/wp\/v2\/product_cat?post=31245"},{"taxonomy":"product_tag","embeddable":true,"href":"https:\/\/hosbirger.dk\/de\/wp-json\/wp\/v2\/product_tag?post=31245"}],"curies":[{"name":"wp","href":"https:\/\/api.w.org\/{rel}","templated":true}]}}