{"id":31936,"date":"2025-10-08T14:23:35","date_gmt":"2025-10-08T12:23:35","guid":{"rendered":"https:\/\/hosbirger.dk\/?post_type=product&#038;p=31936"},"modified":"2026-01-18T06:21:38","modified_gmt":"2026-01-18T05:21:38","slug":"norden-latitude-100-baumwolle-stricken-strickjacke-voller-reisverschluss-marine-himmel-blaa-gros","status":"publish","type":"product","link":"https:\/\/hosbirger.dk\/de\/produkt\/norden-latitude-100-baumwolle-stricken-strickjacke-voller-reisverschluss-marine-himmel-blaa-gros\/","title":{"rendered":"Nord-Breitengrad 100% Baumwolle stricken Strickjacke voller Rei\u00dfverschluss navy himmelblau TALL"},"content":{"rendered":"<div class=\"xs_social_share_widget xs_share_url after_content \t\tmain_content  wslu-style-1 wslu-share-box-shaped wslu-fill-colored wslu-none wslu-share-horizontal wslu-theme-font-no wslu-main_content\">\n\n\t\t\n        <ul>\n\t\t\t        <\/ul>\n    <\/div>","protected":false},"excerpt":{"rendered":"<p>Nord-Breitengrad 100% Baumwolle stricken Strickjacke voller Rei\u00dfverschluss marineblau TALL<\/p>\n<p>North Latitude ist eine komplette Denim-Kollektion f\u00fcr M\u00e4nner. Ein starker, neuer, authentischer Look f\u00fcr den urbanen Mann, hergestellt mit Respekt f\u00fcr seine Bed\u00fcrfnisse und Anspr\u00fcche an Qualit\u00e4t und Passform.<br \/>\nDie Tall-Kollektion ist ein komplettes Angebot an Freizeitkleidung und Denim f\u00fcr den Tall Man. Hergestellt mit Respekt f\u00fcr seine Anforderungen an Qualit\u00e4t und eine h\u00f6here und etwas schmalere Passform.<\/p>\n<p>TALL ist eine komplette Jeans-Kollektion f\u00fcr den Mann. Ein starker, neuer, authentischer Look f\u00fcr den urbanen Mann, hergestellt mit Respekt f\u00fcr seine Bed\u00fcrfnisse und Anforderungen an Qualit\u00e4t und Passform, wenn Sie es schwierig finden, Kleidung zu finden, weil Sie viel gr\u00f6\u00dfer sind als alle, die Sie kennen. Hier bei Birger small, big &amp; tall erhalten Sie Jeans und Chinos in 38\u2033 L\u00e4nge und Hemden mit einer \u00c4rmell\u00e4nge von 72 cm. Z\u00f6gern Sie also nicht, sich beraten zu lassen, entweder hier im Gesch\u00e4ft oder unter 29902727.<br \/>\nNorth Latitude ist eine komplette Denim-Kollektion f\u00fcr M\u00e4nner. Ein starker, neuer, authentischer Look f\u00fcr den urbanen Mann, hergestellt mit Respekt f\u00fcr seine Bed\u00fcrfnisse und Anspr\u00fcche an Qualit\u00e4t und Passform.<br \/>\nDie Tall-Kollektion ist ein komplettes Angebot an Freizeitkleidung und Denim f\u00fcr den Tall Man. Hergestellt mit Respekt f\u00fcr seine Anforderungen an Qualit\u00e4t und eine h\u00f6here und etwas schmalere Passform.<\/p>\n<p>100% Baumwolle<\/p>\n<p>Waschen: 40\u00b0.<\/p>\n<p>Kostenloser Versand bei einem Einkauf \u00fcber \u20ac100,-<\/p>","protected":false},"featured_media":10137,"comment_status":"open","ping_status":"closed","template":"","meta":{"postBodyCss":"","postBodyMargin":[],"postBodyPadding":[],"postBodyBackground":{"backgroundType":"classic","gradient":""},"site-sidebar-layout":"default","site-content-layout":"default","ast-site-content-layout":"default","site-content-style":"default","site-sidebar-style":"default","ast-global-header-display":"","ast-banner-title-visibility":"","ast-main-header-display":"","ast-hfb-above-header-display":"","ast-hfb-below-header-display":"","ast-hfb-mobile-header-display":"","site-post-title":"","ast-breadcrumbs-content":"","ast-featured-img":"","footer-sml-layout":"","ast-disable-related-posts":"","theme-transparent-header-meta":"default","adv-header-id-meta":"","stick-header-meta":"","header-above-stick-meta":"","header-main-stick-meta":"","header-below-stick-meta":"","astra-migrate-meta-layouts":"set","ast-page-background-enabled":"default","ast-page-background-meta":{"desktop":{"background-color":"var(--ast-global-color-5)","background-image":"","background-repeat":"repeat","background-position":"center center","background-size":"auto","background-attachment":"scroll","background-type":"","background-media":"","overlay-type":"","overlay-color":"","overlay-opacity":"","overlay-gradient":""},"tablet":{"background-color":"","background-image":"","background-repeat":"repeat","background-position":"center center","background-size":"auto","background-attachment":"scroll","background-type":"","background-media":"","overlay-type":"","overlay-color":"","overlay-opacity":"","overlay-gradient":""},"mobile":{"background-color":"","background-image":"","background-repeat":"repeat","background-position":"center center","background-size":"auto","background-attachment":"scroll","background-type":"","background-media":"","overlay-type":"","overlay-color":"","overlay-opacity":"","overlay-gradient":""}},"ast-content-background-meta":{"desktop":{"background-color":"var(--ast-global-color-4)","background-image":"","background-repeat":"repeat","background-position":"center center","background-size":"auto","background-attachment":"scroll","background-type":"","background-media":"","overlay-type":"","overlay-color":"","overlay-opacity":"","overlay-gradient":""},"tablet":{"background-color":"var(--ast-global-color-4)","background-image":"","background-repeat":"repeat","background-position":"center center","background-size":"auto","background-attachment":"scroll","background-type":"","background-media":"","overlay-type":"","overlay-color":"","overlay-opacity":"","overlay-gradient":""},"mobile":{"background-color":"var(--ast-global-color-4)","background-image":"","background-repeat":"repeat","background-position":"center center","background-size":"auto","background-attachment":"scroll","background-type":"","background-media":"","overlay-type":"","overlay-color":"","overlay-opacity":"","overlay-gradient":""}}},"product_brand":[],"product_cat":[275,85],"product_tag":[],"class_list":{"0":"post-31936","1":"product","2":"type-product","3":"status-publish","4":"has-post-thumbnail","6":"product_cat-bluser-tall","7":"product_cat-tall","8":"desktop-align-center","9":"tablet-align-left","10":"mobile-align-left","11":"ast-product-gallery-layout-horizontal-slider","12":"ast-product-gallery-with-no-image","13":"ast-product-single-variable","14":"ast-product-tabs-layout-horizontal","16":"first","17":"instock","18":"taxable","19":"shipping-taxable","20":"purchasable","21":"product-type-variable"},"_links":{"self":[{"href":"https:\/\/hosbirger.dk\/de\/wp-json\/wp\/v2\/product\/31936","targetHints":{"allow":["GET"]}}],"collection":[{"href":"https:\/\/hosbirger.dk\/de\/wp-json\/wp\/v2\/product"}],"about":[{"href":"https:\/\/hosbirger.dk\/de\/wp-json\/wp\/v2\/types\/product"}],"replies":[{"embeddable":true,"href":"https:\/\/hosbirger.dk\/de\/wp-json\/wp\/v2\/comments?post=31936"}],"wp:featuredmedia":[{"embeddable":true,"href":"https:\/\/hosbirger.dk\/de\/wp-json\/wp\/v2\/media\/10137"}],"wp:attachment":[{"href":"https:\/\/hosbirger.dk\/de\/wp-json\/wp\/v2\/media?parent=31936"}],"wp:term":[{"taxonomy":"product_brand","embeddable":true,"href":"https:\/\/hosbirger.dk\/de\/wp-json\/wp\/v2\/product_brand?post=31936"},{"taxonomy":"product_cat","embeddable":true,"href":"https:\/\/hosbirger.dk\/de\/wp-json\/wp\/v2\/product_cat?post=31936"},{"taxonomy":"product_tag","embeddable":true,"href":"https:\/\/hosbirger.dk\/de\/wp-json\/wp\/v2\/product_tag?post=31936"}],"curies":[{"name":"wp","href":"https:\/\/api.w.org\/{rel}","templated":true}]}}