{"id":32612,"date":"2026-01-29T15:19:54","date_gmt":"2026-01-29T14:19:54","guid":{"rendered":"https:\/\/hosbirger.dk\/?post_type=product&#038;p=32612"},"modified":"2026-01-29T15:42:12","modified_gmt":"2026-01-29T14:42:12","slug":"north-latitude-denim-cowboy-jacke-mit-verschleis-an-den-richtigen-stellen-blau","status":"publish","type":"product","link":"https:\/\/hosbirger.dk\/de\/produkt\/north-latitude-denim-cowboy-jacke-mit-verschleis-an-den-richtigen-stellen-blau\/","title":{"rendered":"North Latitude Jeans-\/Cowboyjacke mit Verschlei\u00df an den richtigen Stellen blau"},"content":{"rendered":"<div class=\"xs_social_share_widget xs_share_url after_content \t\tmain_content  wslu-style-1 wslu-share-box-shaped wslu-fill-colored wslu-none wslu-share-horizontal wslu-theme-font-no wslu-main_content\">\n\n\t\t\n        <ul>\n\t\t\t        <\/ul>\n    <\/div>","protected":false},"excerpt":{"rendered":"<p>North Latitude Jeans-\/Cowboyjacke mit Verschlei\u00df an den richtigen Stellen blau<\/p>\n<p>Cowboyjacke von North Latitude, die auch als \u00dcberhemd verwendet werden kann, in einer Qualit\u00e4t mit einer klaren und einfachen Silhouette. Perfekt zum \u00dcberziehen oder alleine tragen.<\/p>\n<p id=\"tw-target-text\" class=\"tw-data-text tw-text-large tw-ta\" dir=\"ltr\" tabindex=\"-1\" role=\"text\" data-placeholder=\"Overs\u00e6ttelse\" data-ved=\"2ahUKEwih5oys-rCSAxXaSvEDHfVkC_AQ3ewLegQIDBAW\" aria-label=\"\u00dcbersetzt: Jacke aus robustem Baumwoll-Denim mit einem Hauch von Stretch f\u00fcr zus\u00e4tzlichen Komfort. Klassisches, von der Workwear inspiriertes Design mit markanten Taschen und sichtbaren N\u00e4hten. Ideal als leichte Jacke oder \u00dcberhemd. Strapazierf\u00e4higer Baumwoll-Denim mit Stretch Mehrere praktische Vordertaschen Durchgehender Knopfverschluss Klassische Passform mit langen \u00c4rmeln\"><span class=\"Y2IQFc\" lang=\"da\">Jacke aus robustem Baumwoll-Denim mit einem Hauch von Stretch f\u00fcr zus\u00e4tzlichen Komfort. Klassisches, von der Arbeitskleidung inspiriertes Design mit markanten Taschen und sichtbaren N\u00e4hten. Ideal als leichte Jacke oder \u00dcberhemd. Strapazierf\u00e4higer Baumwoll-Denim mit Stretch Mehrere praktische Vordertaschen Durchgehender Knopfverschluss Klassische Passform mit langen \u00c4rmeln<\/span><\/p>\n<p>- 99% Baumwolle, 1% Elasthan<br \/>\n- Klassischer Knopfverschluss vorne<br \/>\n- Zwei offene Fronttaschen und eine Brusttasche<br \/>\n- Waschen bei 30 Grad<\/p>\n<p>Kostenloser Versand bei einem Einkauf \u00fcber \u20ac100,-<\/p>","protected":false},"featured_media":32620,"comment_status":"open","ping_status":"closed","template":"","meta":{"postBodyCss":"","postBodyMargin":[],"postBodyPadding":[],"postBodyBackground":{"backgroundType":"classic","gradient":""},"site-sidebar-layout":"default","site-content-layout":"default","ast-site-content-layout":"default","site-content-style":"default","site-sidebar-style":"default","ast-global-header-display":"","ast-banner-title-visibility":"","ast-main-header-display":"","ast-hfb-above-header-display":"","ast-hfb-below-header-display":"","ast-hfb-mobile-header-display":"","site-post-title":"","ast-breadcrumbs-content":"","ast-featured-img":"","footer-sml-layout":"","ast-disable-related-posts":"","theme-transparent-header-meta":"default","adv-header-id-meta":"","stick-header-meta":"","header-above-stick-meta":"","header-main-stick-meta":"","header-below-stick-meta":"","astra-migrate-meta-layouts":"set","ast-page-background-enabled":"default","ast-page-background-meta":{"desktop":{"background-color":"var(--ast-global-color-5)","background-image":"","background-repeat":"repeat","background-position":"center center","background-size":"auto","background-attachment":"scroll","background-type":"","background-media":"","overlay-type":"","overlay-color":"","overlay-opacity":"","overlay-gradient":""},"tablet":{"background-color":"","background-image":"","background-repeat":"repeat","background-position":"center center","background-size":"auto","background-attachment":"scroll","background-type":"","background-media":"","overlay-type":"","overlay-color":"","overlay-opacity":"","overlay-gradient":""},"mobile":{"background-color":"","background-image":"","background-repeat":"repeat","background-position":"center center","background-size":"auto","background-attachment":"scroll","background-type":"","background-media":"","overlay-type":"","overlay-color":"","overlay-opacity":"","overlay-gradient":""}},"ast-content-background-meta":{"desktop":{"background-color":"var(--ast-global-color-4)","background-image":"","background-repeat":"repeat","background-position":"center center","background-size":"auto","background-attachment":"scroll","background-type":"","background-media":"","overlay-type":"","overlay-color":"","overlay-opacity":"","overlay-gradient":""},"tablet":{"background-color":"var(--ast-global-color-4)","background-image":"","background-repeat":"repeat","background-position":"center center","background-size":"auto","background-attachment":"scroll","background-type":"","background-media":"","overlay-type":"","overlay-color":"","overlay-opacity":"","overlay-gradient":""},"mobile":{"background-color":"var(--ast-global-color-4)","background-image":"","background-repeat":"repeat","background-position":"center center","background-size":"auto","background-attachment":"scroll","background-type":"","background-media":"","overlay-type":"","overlay-color":"","overlay-opacity":"","overlay-gradient":""}}},"product_brand":[],"product_cat":[21,27,42],"product_tag":[],"class_list":{"0":"post-32612","1":"product","2":"type-product","3":"status-publish","4":"has-post-thumbnail","6":"product_cat-alle-varer","7":"product_cat-north-latitude","8":"product_cat-overtoej","9":"desktop-align-center","10":"tablet-align-left","11":"mobile-align-left","12":"ast-product-gallery-layout-horizontal-slider","13":"ast-product-single-variable","14":"ast-product-tabs-layout-horizontal","16":"first","17":"instock","18":"taxable","19":"shipping-taxable","20":"purchasable","21":"product-type-variable"},"_links":{"self":[{"href":"https:\/\/hosbirger.dk\/de\/wp-json\/wp\/v2\/product\/32612","targetHints":{"allow":["GET"]}}],"collection":[{"href":"https:\/\/hosbirger.dk\/de\/wp-json\/wp\/v2\/product"}],"about":[{"href":"https:\/\/hosbirger.dk\/de\/wp-json\/wp\/v2\/types\/product"}],"replies":[{"embeddable":true,"href":"https:\/\/hosbirger.dk\/de\/wp-json\/wp\/v2\/comments?post=32612"}],"wp:featuredmedia":[{"embeddable":true,"href":"https:\/\/hosbirger.dk\/de\/wp-json\/wp\/v2\/media\/32620"}],"wp:attachment":[{"href":"https:\/\/hosbirger.dk\/de\/wp-json\/wp\/v2\/media?parent=32612"}],"wp:term":[{"taxonomy":"product_brand","embeddable":true,"href":"https:\/\/hosbirger.dk\/de\/wp-json\/wp\/v2\/product_brand?post=32612"},{"taxonomy":"product_cat","embeddable":true,"href":"https:\/\/hosbirger.dk\/de\/wp-json\/wp\/v2\/product_cat?post=32612"},{"taxonomy":"product_tag","embeddable":true,"href":"https:\/\/hosbirger.dk\/de\/wp-json\/wp\/v2\/product_tag?post=32612"}],"curies":[{"name":"wp","href":"https:\/\/api.w.org\/{rel}","templated":true}]}}