{"id":32794,"date":"2026-02-02T14:29:00","date_gmt":"2026-02-02T13:29:00","guid":{"rendered":"https:\/\/hosbirger.dk\/?post_type=product&#038;p=32794"},"modified":"2026-02-10T15:37:55","modified_gmt":"2026-02-10T14:37:55","slug":"schones-baumwolltank-top-von-north-latitude-mit-kleinem","status":"publish","type":"product","link":"https:\/\/hosbirger.dk\/de\/produkt\/schones-baumwolltank-top-von-north-latitude-mit-kleinem\/","title":{"rendered":"Kuscheliges North Latitude Tanktop aus Baumwolle mit kleinem Aufdruck in staubgr\u00fcn"},"content":{"rendered":"<div class=\"xs_social_share_widget xs_share_url after_content \t\tmain_content  wslu-style-1 wslu-share-box-shaped wslu-fill-colored wslu-none wslu-share-horizontal wslu-theme-font-no wslu-main_content\">\n\n\t\t\n        <ul>\n\t\t\t        <\/ul>\n    <\/div>","protected":false},"excerpt":{"rendered":"<p id=\"tw-target-text\" class=\"tw-data-text tw-text-large tw-ta\" dir=\"ltr\" tabindex=\"-1\" role=\"text\" data-placeholder=\"Overs\u00e6ttelse\" data-ved=\"2ahUKEwiuz_7PrLqSAxVPSfEDHeBCEOQQ3ewLegQIDBAW\" aria-label=\"\u00dcbersetzt Text: \u00c4rmelloses Top in 100% Baumwolle mit Rundhalsausschnitt und entspannter Passform. Ein leichtes und bequemes Modell mit einem sauberen Look, geeignet f\u00fcr warme Tage, Training oder l\u00e4ssige Alltagskleidung.Weiches Gewebe in 100% Baumwolle\u00c4rmelloses Modell mit RundhalsausschnittL\u00e4ssige Passform mit hohem KomfortKleiner Brustdruck als dezentes DetailMaschinenw\u00e4sche bei 40\u00b0CModell ist 188 cm gro\u00df und tr\u00e4gt Gr\u00f6\u00dfe 3XL.\"><span class=\"Y2IQFc\" lang=\"da\">\u00c4rmelloses Top von North Latitude aus 100%-Baumwolle mit Rundhalsausschnitt und lockerer Passform. Ein leichtes und bequemes Modell mit einem cleanen Look, geeignet f\u00fcr warme Tage, Training oder l\u00e4ssige Alltagskleidung. Weiches 100%-Baumwollgewebe \u00c4rmelloses Modell mit Rundhalsausschnitt Entspannte Passform f\u00fcr Komfort Kleiner Brustaufdruck als subtiles Detail Maschinenw\u00e4sche bei 40\u00b0C Das Modell ist 188 cm gro\u00df und tr\u00e4gt Gr\u00f6\u00dfe 3XL.<\/span><\/p>\n<p>- 100% Baumwolle<br \/>\n- Farblich abgesetzter Druck auf der Vorderseite<br \/>\n- Strapazierf\u00e4hige Qualit\u00e4t mit Textur<br \/>\n- Klassischer Rundhalsausschnitt<br \/>\n- Waschen bei 40 Grad in der Waschmaschine<\/p>\n<p>Kostenloser Versand bei einem Einkauf \u00fcber \u20ac100,-<\/p>","protected":false},"featured_media":32806,"comment_status":"open","ping_status":"closed","template":"","meta":{"postBodyCss":"","postBodyMargin":[],"postBodyPadding":[],"postBodyBackground":{"backgroundType":"classic","gradient":""},"site-sidebar-layout":"default","site-content-layout":"default","ast-site-content-layout":"default","site-content-style":"default","site-sidebar-style":"default","ast-global-header-display":"","ast-banner-title-visibility":"","ast-main-header-display":"","ast-hfb-above-header-display":"","ast-hfb-below-header-display":"","ast-hfb-mobile-header-display":"","site-post-title":"","ast-breadcrumbs-content":"","ast-featured-img":"","footer-sml-layout":"","ast-disable-related-posts":"","theme-transparent-header-meta":"default","adv-header-id-meta":"","stick-header-meta":"","header-above-stick-meta":"","header-main-stick-meta":"","header-below-stick-meta":"","astra-migrate-meta-layouts":"set","ast-page-background-enabled":"default","ast-page-background-meta":{"desktop":{"background-color":"var(--ast-global-color-5)","background-image":"","background-repeat":"repeat","background-position":"center center","background-size":"auto","background-attachment":"scroll","background-type":"","background-media":"","overlay-type":"","overlay-color":"","overlay-opacity":"","overlay-gradient":""},"tablet":{"background-color":"","background-image":"","background-repeat":"repeat","background-position":"center center","background-size":"auto","background-attachment":"scroll","background-type":"","background-media":"","overlay-type":"","overlay-color":"","overlay-opacity":"","overlay-gradient":""},"mobile":{"background-color":"","background-image":"","background-repeat":"repeat","background-position":"center center","background-size":"auto","background-attachment":"scroll","background-type":"","background-media":"","overlay-type":"","overlay-color":"","overlay-opacity":"","overlay-gradient":""}},"ast-content-background-meta":{"desktop":{"background-color":"var(--ast-global-color-4)","background-image":"","background-repeat":"repeat","background-position":"center center","background-size":"auto","background-attachment":"scroll","background-type":"","background-media":"","overlay-type":"","overlay-color":"","overlay-opacity":"","overlay-gradient":""},"tablet":{"background-color":"var(--ast-global-color-4)","background-image":"","background-repeat":"repeat","background-position":"center center","background-size":"auto","background-attachment":"scroll","background-type":"","background-media":"","overlay-type":"","overlay-color":"","overlay-opacity":"","overlay-gradient":""},"mobile":{"background-color":"var(--ast-global-color-4)","background-image":"","background-repeat":"repeat","background-position":"center center","background-size":"auto","background-attachment":"scroll","background-type":"","background-media":"","overlay-type":"","overlay-color":"","overlay-opacity":"","overlay-gradient":""}}},"product_brand":[],"product_cat":[21,27,65],"product_tag":[],"class_list":{"0":"post-32794","1":"product","2":"type-product","3":"status-publish","4":"has-post-thumbnail","6":"product_cat-alle-varer","7":"product_cat-north-latitude","8":"product_cat-t-shirt-polo","9":"desktop-align-center","10":"tablet-align-left","11":"mobile-align-left","12":"ast-product-gallery-layout-horizontal-slider","13":"ast-product-single-variable","14":"ast-product-tabs-layout-horizontal","16":"first","17":"instock","18":"taxable","19":"shipping-taxable","20":"purchasable","21":"product-type-variable"},"_links":{"self":[{"href":"https:\/\/hosbirger.dk\/de\/wp-json\/wp\/v2\/product\/32794","targetHints":{"allow":["GET"]}}],"collection":[{"href":"https:\/\/hosbirger.dk\/de\/wp-json\/wp\/v2\/product"}],"about":[{"href":"https:\/\/hosbirger.dk\/de\/wp-json\/wp\/v2\/types\/product"}],"replies":[{"embeddable":true,"href":"https:\/\/hosbirger.dk\/de\/wp-json\/wp\/v2\/comments?post=32794"}],"wp:featuredmedia":[{"embeddable":true,"href":"https:\/\/hosbirger.dk\/de\/wp-json\/wp\/v2\/media\/32806"}],"wp:attachment":[{"href":"https:\/\/hosbirger.dk\/de\/wp-json\/wp\/v2\/media?parent=32794"}],"wp:term":[{"taxonomy":"product_brand","embeddable":true,"href":"https:\/\/hosbirger.dk\/de\/wp-json\/wp\/v2\/product_brand?post=32794"},{"taxonomy":"product_cat","embeddable":true,"href":"https:\/\/hosbirger.dk\/de\/wp-json\/wp\/v2\/product_cat?post=32794"},{"taxonomy":"product_tag","embeddable":true,"href":"https:\/\/hosbirger.dk\/de\/wp-json\/wp\/v2\/product_tag?post=32794"}],"curies":[{"name":"wp","href":"https:\/\/api.w.org\/{rel}","templated":true}]}}