{"id":32852,"date":"2026-02-02T17:16:15","date_gmt":"2026-02-02T16:16:15","guid":{"rendered":"https:\/\/hosbirger.dk\/?post_type=product&#038;p=32852"},"modified":"2026-04-11T10:23:14","modified_gmt":"2026-04-11T08:23:14","slug":"t-shirt-von-north-latitude-mit-vertikalen-streifen","status":"publish","type":"product","link":"https:\/\/hosbirger.dk\/de\/produkt\/t-shirt-von-north-latitude-mit-vertikalen-streifen\/","title":{"rendered":"North Latitude T-Shirt mit vertikalen Streifen dunkel dunkelgr\u00fcn"},"content":{"rendered":"<div class=\"xs_social_share_widget xs_share_url after_content \t\tmain_content  wslu-style-1 wslu-share-box-shaped wslu-fill-colored wslu-none wslu-share-horizontal wslu-theme-font-no wslu-main_content\">\n\n\t\t\n        <ul>\n\t\t\t        <\/ul>\n    <\/div>","protected":false},"excerpt":{"rendered":"<p>North Latitude T-Shirt mit vertikalen Streifen dunkel dunkelgr\u00fcn<\/p>\n<p id=\"tw-target-text\" class=\"tw-data-text tw-text-large tw-ta\" dir=\"ltr\" tabindex=\"-1\" role=\"text\" data-placeholder=\"Overs\u00e6ttelse\" data-ved=\"2ahUKEwih5oys-rCSAxXaSvEDHfVkC_AQ3ewLegQIDBAW\" aria-label=\"\u00dcbersetzter Text: 100% Baumwoll-T-Shirt mit vertikalen Streifen und einer entspannten Passform. Ein bequemer Alltagsstil mit einem grafischen und zeitlosen Look, der ein sauberes Outfit aufpeppt. Weiches 100%-Baumwollgewebe Rundhalsausschnitt und kurze \u00c4rmel Senkrecht gestreiftes Design Entspannte Passform mit hohem Tragekomfort Maschinenw\u00e4sche bei 40\u00b0C\"><span class=\"Y2IQFc\" lang=\"da\">T-Shirt aus Baumwolle 100% mit vertikalen Streifen und lockerer Passform. Ein komfortabler Alltagsstil mit grafischem und zeitlosem Look, der einem cleanen Outfit einen gewissen Pepp verleiht. Weiches 100%-Baumwollgewebe Rundhalsausschnitt und kurze \u00c4rmel Vertikal gestreiftes Design Entspannte Passform mit hohem Tragekomfort, kann f\u00fcr einen l\u00e4ssigen Spaziergang vor dem Fernseher, f\u00fcr eine spannende Serie oder wenn Sie abends ausgehen und gut gekleidet sein wollen, getragen werden.<\/span><\/p>\n<p><span style=\"font-size: 16px;\">Erh\u00e4ltlich in den Gr\u00f6\u00dfen XL - 8XL<\/span><\/p>\n<p>Das Model tr\u00e4gt die Gr\u00f6\u00dfe 3XL.<\/p>\n<p>Waschen: 40\u00b0 von innen nach au\u00dfen<\/p>\n<p>Kostenloser Versand bei einem Einkauf \u00fcber \u20ac100,-<\/p>","protected":false},"featured_media":32861,"comment_status":"open","ping_status":"closed","template":"","meta":{"postBodyCss":"","postBodyMargin":[],"postBodyPadding":[],"postBodyBackground":{"backgroundType":"classic","gradient":""},"site-sidebar-layout":"default","site-content-layout":"default","ast-site-content-layout":"default","site-content-style":"default","site-sidebar-style":"default","ast-global-header-display":"","ast-banner-title-visibility":"","ast-main-header-display":"","ast-hfb-above-header-display":"","ast-hfb-below-header-display":"","ast-hfb-mobile-header-display":"","site-post-title":"","ast-breadcrumbs-content":"","ast-featured-img":"","footer-sml-layout":"","ast-disable-related-posts":"","theme-transparent-header-meta":"default","adv-header-id-meta":"","stick-header-meta":"","header-above-stick-meta":"","header-main-stick-meta":"","header-below-stick-meta":"","astra-migrate-meta-layouts":"set","ast-page-background-enabled":"default","ast-page-background-meta":{"desktop":{"background-color":"var(--ast-global-color-5)","background-image":"","background-repeat":"repeat","background-position":"center center","background-size":"auto","background-attachment":"scroll","background-type":"","background-media":"","overlay-type":"","overlay-color":"","overlay-opacity":"","overlay-gradient":""},"tablet":{"background-color":"","background-image":"","background-repeat":"repeat","background-position":"center center","background-size":"auto","background-attachment":"scroll","background-type":"","background-media":"","overlay-type":"","overlay-color":"","overlay-opacity":"","overlay-gradient":""},"mobile":{"background-color":"","background-image":"","background-repeat":"repeat","background-position":"center center","background-size":"auto","background-attachment":"scroll","background-type":"","background-media":"","overlay-type":"","overlay-color":"","overlay-opacity":"","overlay-gradient":""}},"ast-content-background-meta":{"desktop":{"background-color":"var(--ast-global-color-4)","background-image":"","background-repeat":"repeat","background-position":"center center","background-size":"auto","background-attachment":"scroll","background-type":"","background-media":"","overlay-type":"","overlay-color":"","overlay-opacity":"","overlay-gradient":""},"tablet":{"background-color":"var(--ast-global-color-4)","background-image":"","background-repeat":"repeat","background-position":"center center","background-size":"auto","background-attachment":"scroll","background-type":"","background-media":"","overlay-type":"","overlay-color":"","overlay-opacity":"","overlay-gradient":""},"mobile":{"background-color":"var(--ast-global-color-4)","background-image":"","background-repeat":"repeat","background-position":"center center","background-size":"auto","background-attachment":"scroll","background-type":"","background-media":"","overlay-type":"","overlay-color":"","overlay-opacity":"","overlay-gradient":""}}},"product_brand":[],"product_cat":[21,27,65],"product_tag":[],"class_list":{"0":"post-32852","1":"product","2":"type-product","3":"status-publish","4":"has-post-thumbnail","6":"product_cat-alle-varer","7":"product_cat-north-latitude","8":"product_cat-t-shirt-polo","9":"desktop-align-center","10":"tablet-align-left","11":"mobile-align-left","12":"ast-product-gallery-layout-horizontal-slider","13":"ast-product-single-variable","14":"ast-product-tabs-layout-horizontal","16":"first","17":"instock","18":"taxable","19":"shipping-taxable","20":"purchasable","21":"product-type-variable"},"_links":{"self":[{"href":"https:\/\/hosbirger.dk\/de\/wp-json\/wp\/v2\/product\/32852","targetHints":{"allow":["GET"]}}],"collection":[{"href":"https:\/\/hosbirger.dk\/de\/wp-json\/wp\/v2\/product"}],"about":[{"href":"https:\/\/hosbirger.dk\/de\/wp-json\/wp\/v2\/types\/product"}],"replies":[{"embeddable":true,"href":"https:\/\/hosbirger.dk\/de\/wp-json\/wp\/v2\/comments?post=32852"}],"wp:featuredmedia":[{"embeddable":true,"href":"https:\/\/hosbirger.dk\/de\/wp-json\/wp\/v2\/media\/32861"}],"wp:attachment":[{"href":"https:\/\/hosbirger.dk\/de\/wp-json\/wp\/v2\/media?parent=32852"}],"wp:term":[{"taxonomy":"product_brand","embeddable":true,"href":"https:\/\/hosbirger.dk\/de\/wp-json\/wp\/v2\/product_brand?post=32852"},{"taxonomy":"product_cat","embeddable":true,"href":"https:\/\/hosbirger.dk\/de\/wp-json\/wp\/v2\/product_cat?post=32852"},{"taxonomy":"product_tag","embeddable":true,"href":"https:\/\/hosbirger.dk\/de\/wp-json\/wp\/v2\/product_tag?post=32852"}],"curies":[{"name":"wp","href":"https:\/\/api.w.org\/{rel}","templated":true}]}}