{"id":32991,"date":"2026-02-03T16:53:37","date_gmt":"2026-02-03T15:53:37","guid":{"rendered":"https:\/\/hosbirger.dk\/?post_type=product&#038;p=32991"},"modified":"2026-03-20T14:53:40","modified_gmt":"2026-03-20T13:53:40","slug":"super-schone-baumwollqualitat-aus-nordlichem-breitengrad-3","status":"publish","type":"product","link":"https:\/\/hosbirger.dk\/de\/produkt\/super-schone-baumwollqualitat-aus-nordlichem-breitengrad-3\/","title":{"rendered":"Super gem\u00fctliche Baumwollqualit\u00e4t von North Latitude ein T-Shirt mit grafischem Surf-Print schwarz"},"content":{"rendered":"<div class=\"xs_social_share_widget xs_share_url after_content \t\tmain_content  wslu-style-1 wslu-share-box-shaped wslu-fill-colored wslu-none wslu-share-horizontal wslu-theme-font-no wslu-main_content\">\n\n\t\t\n        <ul>\n\t\t\t        <\/ul>\n    <\/div>","protected":false},"excerpt":{"rendered":"<p id=\"tw-target-text\" class=\"tw-data-text tw-text-large tw-ta\" dir=\"ltr\" tabindex=\"-1\" role=\"text\" data-placeholder=\"Overs\u00e6ttelse\" data-ved=\"2ahUKEwiuz_7PrLqSAxVPSfEDHeBCEOQQ3ewLegQIDBAW\" aria-label=\"Kurz\u00e4rmeliges T-Shirt in weicher Baumwollqualit\u00e4t mit grafischem Druck auf der Vorderseite. Das maritim inspirierte Motiv und der klassische Schnitt sorgen f\u00fcr einen entspannten Look, der sowohl f\u00fcr den Alltag als auch f\u00fcr die Freizeit geeignet ist. Weiche und bequeme Baumwollqualit\u00e4t Grafikprint auf der Vorderseite Klassischer Rundhalsausschnitt Bequeme Passform Maschinenw\u00e4sche bei 40\u00b0C Materialien 100% Baumwolle Das Model ist 188 cm gro\u00df und tr\u00e4gt Gr\u00f6\u00dfe 3XL.\"><span class=\"Y2IQFc\" lang=\"da\">Super gem\u00fctliches North Latitude Baumwoll-T-Shirt mit grafischem Surf-Print schwarz Das maritim inspirierte Motiv und der klassische Schnitt sorgen f\u00fcr einen l\u00e4ssigen Look, der sowohl f\u00fcr den Alltag als auch f\u00fcr die Freizeit geeignet ist. Weiche und bequeme Baumwollqualit\u00e4t Grafikprint auf der Vorderseite Klassischer Rundhalsausschnitt Bequeme Passform, die sich f\u00fcr eine coole Nacht mit guter Musik oder einen entspannten Abend auf der Terrasse eignet.<\/span><\/p>\n<p id=\"tw-target-text\" class=\"tw-data-text tw-text-large tw-ta\" dir=\"ltr\" tabindex=\"-1\" role=\"text\" data-placeholder=\"Overs\u00e6ttelse\" data-ved=\"2ahUKEwiuz_7PrLqSAxVPSfEDHeBCEOQQ3ewLegQIDBAW\" aria-label=\"\u00dcbersetzter Text: Grafik-T-Shirt aus weicher Baumwolle mit Rundhalsausschnitt und kurzen \u00c4rmeln. Mit einem vom Surfen inspirierten Print auf der Vorderseite f\u00fcr einen entspannten, sommerlichen Look. Die klassische Passform macht es sowohl f\u00fcr den Alltag als auch f\u00fcr die Freizeit geeignet. - Klassische Passform mit kurzen \u00c4rmeln - Weiche 100%-Baumwollqualit\u00e4t - Rundhalsausschnitt mit geripptem Saum - Surf-inspirierter Grafikprint auf der Vorderseite - Maschinenw\u00e4sche bei 40\u00b0C\"><span class=\"Y2IQFc\" lang=\"da\">Grafik-T-Shirt aus weicher Baumwolle mit Rundhalsausschnitt und kurzen \u00c4rmeln. Der vom Surfen inspirierte Aufdruck auf der Vorderseite sorgt f\u00fcr einen entspannten, sommerlichen Look. Die klassische Passform macht es sowohl f\u00fcr den Alltag als auch f\u00fcr die Freizeit geeignet. - Klassische Passform mit kurzen \u00c4rmeln - - Rundhalsausschnitt mit geripptem Saum - Surf-inspirierter Grafikprint auf der Vorderseite\u00a0<\/span><\/p>\n<p class=\"tw-data-text tw-text-large tw-ta\" dir=\"ltr\" tabindex=\"-1\" role=\"text\" data-placeholder=\"Overs\u00e6ttelse\" data-ved=\"2ahUKEwiuz_7PrLqSAxVPSfEDHeBCEOQQ3ewLegQIDBAW\" aria-label=\"Kurz\u00e4rmeliges T-Shirt in weicher Baumwollqualit\u00e4t mit grafischem Druck auf der Vorderseite. Das maritim inspirierte Motiv und der klassische Schnitt sorgen f\u00fcr einen entspannten Look, der sowohl f\u00fcr den Alltag als auch f\u00fcr die Freizeit geeignet ist. Weiche und bequeme Baumwollqualit\u00e4t Grafikprint auf der Vorderseite Klassischer Rundhalsausschnitt Bequeme Passform Maschinenw\u00e4sche bei 40\u00b0C Materialien 100% Baumwolle Das Model ist 188 cm gro\u00df und tr\u00e4gt Gr\u00f6\u00dfe 3XL.\"><span class=\"Y2IQFc\" lang=\"da\">Maschinenw\u00e4sche bei 40\u00b0C von innen nach au\u00dfen<\/span><\/p>\n<p class=\"tw-data-text tw-text-large tw-ta\" dir=\"ltr\" tabindex=\"-1\" role=\"text\" data-placeholder=\"Overs\u00e6ttelse\" data-ved=\"2ahUKEwiuz_7PrLqSAxVPSfEDHeBCEOQQ3ewLegQIDBAW\" aria-label=\"Kurz\u00e4rmeliges T-Shirt in weicher Baumwollqualit\u00e4t mit grafischem Druck auf der Vorderseite. Das maritim inspirierte Motiv und der klassische Schnitt sorgen f\u00fcr einen entspannten Look, der sowohl f\u00fcr den Alltag als auch f\u00fcr die Freizeit geeignet ist. Weiche und bequeme Baumwollqualit\u00e4t Grafikprint auf der Vorderseite Klassischer Rundhalsausschnitt Bequeme Passform Maschinenw\u00e4sche bei 40\u00b0C Materialien 100% Baumwolle Das Model ist 188 cm gro\u00df und tr\u00e4gt Gr\u00f6\u00dfe 3XL.\"><span class=\"Y2IQFc\" lang=\"da\">Materialien 100% Baumwolle <\/span><\/p>\n<p class=\"tw-data-text tw-text-large tw-ta\" dir=\"ltr\" tabindex=\"-1\" role=\"text\" data-placeholder=\"Overs\u00e6ttelse\" data-ved=\"2ahUKEwiuz_7PrLqSAxVPSfEDHeBCEOQQ3ewLegQIDBAW\" aria-label=\"Kurz\u00e4rmeliges T-Shirt in weicher Baumwollqualit\u00e4t mit grafischem Druck auf der Vorderseite. Das maritim inspirierte Motiv und der klassische Schnitt sorgen f\u00fcr einen entspannten Look, der sowohl f\u00fcr den Alltag als auch f\u00fcr die Freizeit geeignet ist. Weiche und bequeme Baumwollqualit\u00e4t Grafikprint auf der Vorderseite Klassischer Rundhalsausschnitt Bequeme Passform Maschinenw\u00e4sche bei 40\u00b0C Materialien 100% Baumwolle Das Model ist 188 cm gro\u00df und tr\u00e4gt Gr\u00f6\u00dfe 3XL.\"><span class=\"Y2IQFc\" lang=\"da\">Das Model ist 188 cm gro\u00df und tr\u00e4gt Gr\u00f6\u00dfe 3XL.<\/span><\/p>\n<p>Kostenloser Versand bei einem Einkauf \u00fcber \u20ac100,-<\/p>","protected":false},"featured_media":33001,"comment_status":"open","ping_status":"closed","template":"","meta":{"postBodyCss":"","postBodyMargin":[],"postBodyPadding":[],"postBodyBackground":{"backgroundType":"classic","gradient":""},"site-sidebar-layout":"default","site-content-layout":"default","ast-site-content-layout":"default","site-content-style":"default","site-sidebar-style":"default","ast-global-header-display":"","ast-banner-title-visibility":"","ast-main-header-display":"","ast-hfb-above-header-display":"","ast-hfb-below-header-display":"","ast-hfb-mobile-header-display":"","site-post-title":"","ast-breadcrumbs-content":"","ast-featured-img":"","footer-sml-layout":"","ast-disable-related-posts":"","theme-transparent-header-meta":"default","adv-header-id-meta":"","stick-header-meta":"","header-above-stick-meta":"","header-main-stick-meta":"","header-below-stick-meta":"","astra-migrate-meta-layouts":"set","ast-page-background-enabled":"default","ast-page-background-meta":{"desktop":{"background-color":"var(--ast-global-color-5)","background-image":"","background-repeat":"repeat","background-position":"center center","background-size":"auto","background-attachment":"scroll","background-type":"","background-media":"","overlay-type":"","overlay-color":"","overlay-opacity":"","overlay-gradient":""},"tablet":{"background-color":"","background-image":"","background-repeat":"repeat","background-position":"center center","background-size":"auto","background-attachment":"scroll","background-type":"","background-media":"","overlay-type":"","overlay-color":"","overlay-opacity":"","overlay-gradient":""},"mobile":{"background-color":"","background-image":"","background-repeat":"repeat","background-position":"center center","background-size":"auto","background-attachment":"scroll","background-type":"","background-media":"","overlay-type":"","overlay-color":"","overlay-opacity":"","overlay-gradient":""}},"ast-content-background-meta":{"desktop":{"background-color":"var(--ast-global-color-4)","background-image":"","background-repeat":"repeat","background-position":"center center","background-size":"auto","background-attachment":"scroll","background-type":"","background-media":"","overlay-type":"","overlay-color":"","overlay-opacity":"","overlay-gradient":""},"tablet":{"background-color":"var(--ast-global-color-4)","background-image":"","background-repeat":"repeat","background-position":"center center","background-size":"auto","background-attachment":"scroll","background-type":"","background-media":"","overlay-type":"","overlay-color":"","overlay-opacity":"","overlay-gradient":""},"mobile":{"background-color":"var(--ast-global-color-4)","background-image":"","background-repeat":"repeat","background-position":"center center","background-size":"auto","background-attachment":"scroll","background-type":"","background-media":"","overlay-type":"","overlay-color":"","overlay-opacity":"","overlay-gradient":""}}},"product_brand":[],"product_cat":[21,27,65],"product_tag":[],"class_list":{"0":"post-32991","1":"product","2":"type-product","3":"status-publish","4":"has-post-thumbnail","6":"product_cat-alle-varer","7":"product_cat-north-latitude","8":"product_cat-t-shirt-polo","9":"desktop-align-center","10":"tablet-align-left","11":"mobile-align-left","12":"ast-product-gallery-layout-horizontal-slider","13":"ast-product-gallery-with-no-image","14":"ast-product-single-variable","15":"ast-product-tabs-layout-horizontal","17":"first","18":"instock","19":"taxable","20":"shipping-taxable","21":"purchasable","22":"product-type-variable"},"_links":{"self":[{"href":"https:\/\/hosbirger.dk\/de\/wp-json\/wp\/v2\/product\/32991","targetHints":{"allow":["GET"]}}],"collection":[{"href":"https:\/\/hosbirger.dk\/de\/wp-json\/wp\/v2\/product"}],"about":[{"href":"https:\/\/hosbirger.dk\/de\/wp-json\/wp\/v2\/types\/product"}],"replies":[{"embeddable":true,"href":"https:\/\/hosbirger.dk\/de\/wp-json\/wp\/v2\/comments?post=32991"}],"wp:featuredmedia":[{"embeddable":true,"href":"https:\/\/hosbirger.dk\/de\/wp-json\/wp\/v2\/media\/33001"}],"wp:attachment":[{"href":"https:\/\/hosbirger.dk\/de\/wp-json\/wp\/v2\/media?parent=32991"}],"wp:term":[{"taxonomy":"product_brand","embeddable":true,"href":"https:\/\/hosbirger.dk\/de\/wp-json\/wp\/v2\/product_brand?post=32991"},{"taxonomy":"product_cat","embeddable":true,"href":"https:\/\/hosbirger.dk\/de\/wp-json\/wp\/v2\/product_cat?post=32991"},{"taxonomy":"product_tag","embeddable":true,"href":"https:\/\/hosbirger.dk\/de\/wp-json\/wp\/v2\/product_tag?post=32991"}],"curies":[{"name":"wp","href":"https:\/\/api.w.org\/{rel}","templated":true}]}}