{"id":33135,"date":"2026-02-06T14:22:58","date_gmt":"2026-02-06T13:22:58","guid":{"rendered":"https:\/\/hosbirger.dk\/?post_type=product&#038;p=33135"},"modified":"2026-03-04T14:18:44","modified_gmt":"2026-03-04T13:18:44","slug":"knopfverschluss-fur-grose-und-kleine-knopfe-schwarz-und-nacht","status":"publish","type":"product","link":"https:\/\/hosbirger.dk\/de\/produkt\/knopfverschluss-fur-grose-und-kleine-knopfe-schwarz-und-nacht\/","title":{"rendered":"Knopfabzieher f\u00fcr gro\u00dfe und kleine Kn\u00f6pfe schwarz und Naturholz"},"content":{"rendered":"<div class=\"xs_social_share_widget xs_share_url after_content \t\tmain_content  wslu-style-1 wslu-share-box-shaped wslu-fill-colored wslu-none wslu-share-horizontal wslu-theme-font-no wslu-main_content\">\n\n\t\t\n        <ul>\n\t\t\t        <\/ul>\n    <\/div>","protected":false},"excerpt":{"rendered":"<div id=\"shopify-section-template--24822338552153__details\" class=\"shopify-section cc-product-details product-details section\">\n<div class=\"container reading-width\">\n<div class=\"product-details__block\">\n<div id=\"panel-0\" tabindex=\"0\" role=\"tabpanel\" aria-labelledby=\"tab-0\">\n<div class=\"rte product-description\">\n<h2 id=\"longDescription\">Gut f\u00fcr kleinere Tasten<\/h2>\n<p>Wenn Sie eine eingeschr\u00e4nkte Handfunktion haben und Probleme mit der Feinmotorik haben, werden Sie von einem Knopfdr\u00fccker profitieren.<\/p>\n<p>Dieser Knopf\u00f6ffner hat einen Kunststoffgriff mit einer Drahtschlaufe, die f\u00fcr kleinere Kn\u00f6pfe wie Hemdkn\u00f6pfe mit einer maximalen Knopflochgr\u00f6\u00dfe von 14 mm geeignet ist.<\/p>\n<p>&nbsp;<\/p>\n<div data-content-type=\"row\" data-appearance=\"contained\" data-element=\"main\">\n<div data-enable-parallax=\"0\" data-parallax-speed=\"0.5\" data-background-images=\"{}\" data-background-type=\"image\" data-video-loop=\"true\" data-video-play-only-visible=\"true\" data-video-lazy-load=\"true\" data-video-fallback-src=\"\" data-element=\"inner\" data-pb-style=\"YWRCXPO\">\n<p data-content-type=\"text\" data-appearance=\"default\" data-element=\"main\"><b>So verwenden Sie den Knopfverschluss:<\/b><br \/>\nF\u00fchren Sie den Haken durch das Knopfloch und f\u00fchren Sie dann den breitesten Teil des Hakens \u00fcber den Knopf. Sobald sich der Haken \u00fcber dem Knopf befindet, stellen Sie sicher, dass der Knopf den schmalsten Teil des Hakens oben erreicht. Ziehen Sie den Knopfverschluss anschlie\u00dfend einfach wieder durch das Knopfloch.<br \/>\n<b><\/b><b><\/b><\/p>\n<\/div>\n<\/div>\n<\/div>\n<\/div>\n<\/div>\n<\/div>\n<\/div>\n<section id=\"shopify-section-template--24822338552153__recommendations\" class=\"shopify-section cc-product-recommendations cc-product-card-grid\">\n<div class=\"container mb-heading\">17 cm<\/div>\n<\/section>","protected":false},"featured_media":33139,"comment_status":"open","ping_status":"closed","template":"","meta":{"postBodyCss":"","postBodyMargin":[],"postBodyPadding":[],"postBodyBackground":{"backgroundType":"classic","gradient":""},"site-sidebar-layout":"default","site-content-layout":"","ast-site-content-layout":"default","site-content-style":"default","site-sidebar-style":"default","ast-global-header-display":"","ast-banner-title-visibility":"","ast-main-header-display":"","ast-hfb-above-header-display":"","ast-hfb-below-header-display":"","ast-hfb-mobile-header-display":"","site-post-title":"","ast-breadcrumbs-content":"","ast-featured-img":"","footer-sml-layout":"","ast-disable-related-posts":"","theme-transparent-header-meta":"default","adv-header-id-meta":"","stick-header-meta":"","header-above-stick-meta":"","header-main-stick-meta":"","header-below-stick-meta":"","astra-migrate-meta-layouts":"set","ast-page-background-enabled":"default","ast-page-background-meta":{"desktop":{"background-color":"var(--ast-global-color-5)","background-image":"","background-repeat":"repeat","background-position":"center center","background-size":"auto","background-attachment":"scroll","background-type":"","background-media":"","overlay-type":"","overlay-color":"","overlay-opacity":"","overlay-gradient":""},"tablet":{"background-color":"","background-image":"","background-repeat":"repeat","background-position":"center center","background-size":"auto","background-attachment":"scroll","background-type":"","background-media":"","overlay-type":"","overlay-color":"","overlay-opacity":"","overlay-gradient":""},"mobile":{"background-color":"","background-image":"","background-repeat":"repeat","background-position":"center center","background-size":"auto","background-attachment":"scroll","background-type":"","background-media":"","overlay-type":"","overlay-color":"","overlay-opacity":"","overlay-gradient":""}},"ast-content-background-meta":{"desktop":{"background-color":"var(--ast-global-color-4)","background-image":"","background-repeat":"repeat","background-position":"center center","background-size":"auto","background-attachment":"scroll","background-type":"","background-media":"","overlay-type":"","overlay-color":"","overlay-opacity":"","overlay-gradient":""},"tablet":{"background-color":"var(--ast-global-color-4)","background-image":"","background-repeat":"repeat","background-position":"center center","background-size":"auto","background-attachment":"scroll","background-type":"","background-media":"","overlay-type":"","overlay-color":"","overlay-opacity":"","overlay-gradient":""},"mobile":{"background-color":"var(--ast-global-color-4)","background-image":"","background-repeat":"repeat","background-position":"center center","background-size":"auto","background-attachment":"scroll","background-type":"","background-media":"","overlay-type":"","overlay-color":"","overlay-opacity":"","overlay-gradient":""}}},"product_brand":[],"product_cat":[47,21,48],"product_tag":[],"class_list":{"0":"post-33135","1":"product","2":"type-product","3":"status-publish","4":"has-post-thumbnail","6":"product_cat-accessoires","7":"product_cat-alle-varer","8":"product_cat-baelter-seler","9":"desktop-align-center","10":"tablet-align-left","11":"mobile-align-left","12":"ast-product-gallery-layout-horizontal-slider","13":"ast-product-gallery-with-no-image","14":"ast-product-single-variable","15":"ast-product-tabs-layout-horizontal","17":"first","18":"instock","19":"taxable","20":"shipping-taxable","21":"purchasable","22":"product-type-variable"},"_links":{"self":[{"href":"https:\/\/hosbirger.dk\/de\/wp-json\/wp\/v2\/product\/33135","targetHints":{"allow":["GET"]}}],"collection":[{"href":"https:\/\/hosbirger.dk\/de\/wp-json\/wp\/v2\/product"}],"about":[{"href":"https:\/\/hosbirger.dk\/de\/wp-json\/wp\/v2\/types\/product"}],"replies":[{"embeddable":true,"href":"https:\/\/hosbirger.dk\/de\/wp-json\/wp\/v2\/comments?post=33135"}],"wp:featuredmedia":[{"embeddable":true,"href":"https:\/\/hosbirger.dk\/de\/wp-json\/wp\/v2\/media\/33139"}],"wp:attachment":[{"href":"https:\/\/hosbirger.dk\/de\/wp-json\/wp\/v2\/media?parent=33135"}],"wp:term":[{"taxonomy":"product_brand","embeddable":true,"href":"https:\/\/hosbirger.dk\/de\/wp-json\/wp\/v2\/product_brand?post=33135"},{"taxonomy":"product_cat","embeddable":true,"href":"https:\/\/hosbirger.dk\/de\/wp-json\/wp\/v2\/product_cat?post=33135"},{"taxonomy":"product_tag","embeddable":true,"href":"https:\/\/hosbirger.dk\/de\/wp-json\/wp\/v2\/product_tag?post=33135"}],"curies":[{"name":"wp","href":"https:\/\/api.w.org\/{rel}","templated":true}]}}