{"id":33359,"date":"2026-02-14T11:11:50","date_gmt":"2026-02-14T10:11:50","guid":{"rendered":"https:\/\/hosbirger.dk\/?post_type=product&#038;p=33359"},"modified":"2026-03-28T11:06:57","modified_gmt":"2026-03-28T10:06:57","slug":"nord-breitengrad-kurzarmhemd-in-hose-von-nord-breitengrad-grun","status":"publish","type":"product","link":"https:\/\/hosbirger.dk\/de\/produkt\/nord-breitengrad-kurzarmhemd-in-hose-von-nord-breitengrad-grun\/","title":{"rendered":"NORTH latitude Kurzarmhemd aus Leinen von NORTH latitude gr\u00fcn"},"content":{"rendered":"<div class=\"xs_social_share_widget xs_share_url after_content \t\tmain_content  wslu-style-1 wslu-share-box-shaped wslu-fill-colored wslu-none wslu-share-horizontal wslu-theme-font-no wslu-main_content\">\n\n\t\t\n        <ul>\n\t\t\t        <\/ul>\n    <\/div>","protected":false},"excerpt":{"rendered":"<p>NORTH latitude Kurzarmhemd aus Leinen von NORTH latitude gr\u00fcn<\/p>\n<p id=\"tw-target-text\" class=\"tw-data-text tw-text-large tw-ta\" dir=\"ltr\" tabindex=\"-1\" role=\"text\" data-placeholder=\"Overs\u00e6ttelse\" data-ved=\"2ahUKEwiU5IuM39iSAxXc1AIHHf5vMxIQ3ewLegQIDhAW\" aria-label=\"Kurzarmhemd in leichter, atmungsaktiver Qualit\u00e4t mit entspannter, nat\u00fcrlicher Optik. Das Leinen-Baumwoll-Gemisch sorgt f\u00fcr Komfort und Luftdurchl\u00e4ssigkeit - ideal f\u00fcr warme Tage und legere Anl\u00e4sse. Leichte und atmungsaktive Qualit\u00e4t Klassischer Kragen mit durchgehendem Knopfverschluss Cleanes Design mit nat\u00fcrlicher Struktur Bequeme Passform mit leichter Beweglichkeit Schonende W\u00e4sche bei 30\u00b0C, leicht zu b\u00fcgeln Materialien 55% Leinen, 45% Baumwolle Das Model ist 188 cm gro\u00df und tr\u00e4gt Gr\u00f6\u00dfe 3XL.\"><span class=\"Y2IQFc\" lang=\"da\">Kurzarmhemd in leichter, atmungsaktiver Qualit\u00e4t mit einem entspannten, nat\u00fcrlichen Look. Das Leinen-Baumwoll-Gemisch sorgt f\u00fcr Komfort und Luftzirkulation - ideal f\u00fcr warme Tage und legere Anl\u00e4sse. Leichte und atmungsaktive Qualit\u00e4t Klassischer Kragen mit durchgehendem Knopfverschluss Cleanes Design mit nat\u00fcrlicher Textur Bequeme Passform mit leichter Bewegung <\/span><\/p>\n<p class=\"tw-data-text tw-text-large tw-ta\" dir=\"ltr\" tabindex=\"-1\" role=\"text\" data-placeholder=\"Overs\u00e6ttelse\" data-ved=\"2ahUKEwiU5IuM39iSAxXc1AIHHf5vMxIQ3ewLegQIDhAW\" aria-label=\"Kurzarmhemd in leichter, atmungsaktiver Qualit\u00e4t mit entspannter, nat\u00fcrlicher Optik. Das Leinen-Baumwoll-Gemisch sorgt f\u00fcr Komfort und Luftdurchl\u00e4ssigkeit - ideal f\u00fcr warme Tage und legere Anl\u00e4sse. Leichte und atmungsaktive Qualit\u00e4t Klassischer Kragen mit durchgehendem Knopfverschluss Cleanes Design mit nat\u00fcrlicher Struktur Bequeme Passform mit leichter Beweglichkeit Schonende W\u00e4sche bei 30\u00b0C, leicht zu b\u00fcgeln Materialien 55% Leinen, 45% Baumwolle Das Model ist 188 cm gro\u00df und tr\u00e4gt Gr\u00f6\u00dfe 3XL.\"><span class=\"Y2IQFc\" lang=\"da\">Schonend waschen bei 30\u00b0C, leicht b\u00fcgeln\u00a0<\/span><\/p>\n<p class=\"tw-data-text tw-text-large tw-ta\" dir=\"ltr\" tabindex=\"-1\" role=\"text\" data-placeholder=\"Overs\u00e6ttelse\" data-ved=\"2ahUKEwiU5IuM39iSAxXc1AIHHf5vMxIQ3ewLegQIDhAW\" aria-label=\"Kurzarmhemd in leichter, atmungsaktiver Qualit\u00e4t mit entspannter, nat\u00fcrlicher Optik. Das Leinen-Baumwoll-Gemisch sorgt f\u00fcr Komfort und Luftdurchl\u00e4ssigkeit - ideal f\u00fcr warme Tage und legere Anl\u00e4sse. Leichte und atmungsaktive Qualit\u00e4t Klassischer Kragen mit durchgehendem Knopfverschluss Cleanes Design mit nat\u00fcrlicher Struktur Bequeme Passform mit leichter Beweglichkeit Schonende W\u00e4sche bei 30\u00b0C, leicht zu b\u00fcgeln Materialien 55% Leinen, 45% Baumwolle Das Model ist 188 cm gro\u00df und tr\u00e4gt Gr\u00f6\u00dfe 3XL.\"><span class=\"Y2IQFc\" lang=\"da\"> Das Model ist 188 cm gro\u00df und tr\u00e4gt Gr\u00f6\u00dfe 3XL.<\/span><\/p>\n<p>Entdecken Sie Stil mit dem extra langen Hemd von NORTH Latitude. Dieses leichte Hemd aus gewelltem Baumwollstoff wurde f\u00fcr den modernen Mann entworfen und bietet sowohl Komfort als auch Qualit\u00e4t. Die Mischung aus 45%-Baumwolle und 55%-Leinen sorgt f\u00fcr Langlebigkeit und ganzt\u00e4gigen Komfort.<\/p>\n<p>Flachs ist der Begleiter eines jeden Mannes im d\u00e4nischen Sommer, oder wenn man in der Hitze des S\u00fcdens lebt.<\/p>\n<p>Kostenloser Versand bei einem Einkauf \u00fcber \u20ac100,-<\/p>","protected":false},"featured_media":33354,"comment_status":"open","ping_status":"closed","template":"","meta":{"postBodyCss":"","postBodyMargin":[],"postBodyPadding":[],"postBodyBackground":{"backgroundType":"classic","gradient":""},"site-sidebar-layout":"default","site-content-layout":"default","ast-site-content-layout":"default","site-content-style":"default","site-sidebar-style":"default","ast-global-header-display":"","ast-banner-title-visibility":"","ast-main-header-display":"","ast-hfb-above-header-display":"","ast-hfb-below-header-display":"","ast-hfb-mobile-header-display":"","site-post-title":"","ast-breadcrumbs-content":"","ast-featured-img":"","footer-sml-layout":"","ast-disable-related-posts":"","theme-transparent-header-meta":"default","adv-header-id-meta":"","stick-header-meta":"","header-above-stick-meta":"","header-main-stick-meta":"","header-below-stick-meta":"","astra-migrate-meta-layouts":"set","ast-page-background-enabled":"default","ast-page-background-meta":{"desktop":{"background-color":"var(--ast-global-color-5)","background-image":"","background-repeat":"repeat","background-position":"center center","background-size":"auto","background-attachment":"scroll","background-type":"","background-media":"","overlay-type":"","overlay-color":"","overlay-opacity":"","overlay-gradient":""},"tablet":{"background-color":"","background-image":"","background-repeat":"repeat","background-position":"center center","background-size":"auto","background-attachment":"scroll","background-type":"","background-media":"","overlay-type":"","overlay-color":"","overlay-opacity":"","overlay-gradient":""},"mobile":{"background-color":"","background-image":"","background-repeat":"repeat","background-position":"center center","background-size":"auto","background-attachment":"scroll","background-type":"","background-media":"","overlay-type":"","overlay-color":"","overlay-opacity":"","overlay-gradient":""}},"ast-content-background-meta":{"desktop":{"background-color":"var(--ast-global-color-4)","background-image":"","background-repeat":"repeat","background-position":"center center","background-size":"auto","background-attachment":"scroll","background-type":"","background-media":"","overlay-type":"","overlay-color":"","overlay-opacity":"","overlay-gradient":""},"tablet":{"background-color":"var(--ast-global-color-4)","background-image":"","background-repeat":"repeat","background-position":"center center","background-size":"auto","background-attachment":"scroll","background-type":"","background-media":"","overlay-type":"","overlay-color":"","overlay-opacity":"","overlay-gradient":""},"mobile":{"background-color":"var(--ast-global-color-4)","background-image":"","background-repeat":"repeat","background-position":"center center","background-size":"auto","background-attachment":"scroll","background-type":"","background-media":"","overlay-type":"","overlay-color":"","overlay-opacity":"","overlay-gradient":""}}},"product_brand":[],"product_cat":[21,27,75],"product_tag":[],"class_list":{"0":"post-33359","1":"product","2":"type-product","3":"status-publish","4":"has-post-thumbnail","6":"product_cat-alle-varer","7":"product_cat-north-latitude","8":"product_cat-skjorter","9":"desktop-align-center","10":"tablet-align-left","11":"mobile-align-left","12":"ast-product-gallery-layout-horizontal-slider","13":"ast-product-single-variable","14":"ast-product-tabs-layout-horizontal","16":"first","17":"instock","18":"taxable","19":"shipping-taxable","20":"purchasable","21":"product-type-variable"},"_links":{"self":[{"href":"https:\/\/hosbirger.dk\/de\/wp-json\/wp\/v2\/product\/33359","targetHints":{"allow":["GET"]}}],"collection":[{"href":"https:\/\/hosbirger.dk\/de\/wp-json\/wp\/v2\/product"}],"about":[{"href":"https:\/\/hosbirger.dk\/de\/wp-json\/wp\/v2\/types\/product"}],"replies":[{"embeddable":true,"href":"https:\/\/hosbirger.dk\/de\/wp-json\/wp\/v2\/comments?post=33359"}],"wp:featuredmedia":[{"embeddable":true,"href":"https:\/\/hosbirger.dk\/de\/wp-json\/wp\/v2\/media\/33354"}],"wp:attachment":[{"href":"https:\/\/hosbirger.dk\/de\/wp-json\/wp\/v2\/media?parent=33359"}],"wp:term":[{"taxonomy":"product_brand","embeddable":true,"href":"https:\/\/hosbirger.dk\/de\/wp-json\/wp\/v2\/product_brand?post=33359"},{"taxonomy":"product_cat","embeddable":true,"href":"https:\/\/hosbirger.dk\/de\/wp-json\/wp\/v2\/product_cat?post=33359"},{"taxonomy":"product_tag","embeddable":true,"href":"https:\/\/hosbirger.dk\/de\/wp-json\/wp\/v2\/product_tag?post=33359"}],"curies":[{"name":"wp","href":"https:\/\/api.w.org\/{rel}","templated":true}]}}