{"id":33474,"date":"2026-02-17T10:59:23","date_gmt":"2026-02-17T09:59:23","guid":{"rendered":"https:\/\/hosbirger.dk\/?post_type=product&#038;p=33474"},"modified":"2026-04-04T12:38:43","modified_gmt":"2026-04-04T10:38:43","slug":"north-latitude-kurzarmhemd-aus-bambus-bomu","status":"publish","type":"product","link":"https:\/\/hosbirger.dk\/de\/produkt\/north-latitude-kurzarmhemd-aus-bambus-bomu\/","title":{"rendered":"NORTH Latitude Kurzarmhemd aus Bambus\/Baumwolle dunkelgr\u00fcn"},"content":{"rendered":"<div class=\"xs_social_share_widget xs_share_url after_content \t\tmain_content  wslu-style-1 wslu-share-box-shaped wslu-fill-colored wslu-none wslu-share-horizontal wslu-theme-font-no wslu-main_content\">\n\n\t\t\n        <ul>\n\t\t\t        <\/ul>\n    <\/div>","protected":false},"excerpt":{"rendered":"<p dir=\"ltr\" tabindex=\"-1\" role=\"text\" data-placeholder=\"Overs\u00e6ttelse\" data-ved=\"2ahUKEwiU5IuM39iSAxXc1AIHHf5vMxIQ3ewLegQIDhAW\" aria-label=\"Kurzarmhemd in leichter, glatter Qualit\u00e4t mit einem cleanen, modernen Look. Das Mischgewebe sorgt f\u00fcr angenehmen Tragekomfort und einen sch\u00f6nen Fall, so dass das Hemd sowohl f\u00fcr den Alltag als auch f\u00fcr legere Anl\u00e4sse geeignet ist. Leichte und glatte Qualit\u00e4t mit hohem Tragekomfort Klassischer Kragen mit durchgehendem Knopfverschluss Cleanes Design mit Brusttasche Bequeme Passform mit guter Bewegungsfreiheit Schonw\u00e4sche bei 30\u00b0C Materialien 47% Polyester, 28% Viskose, 25% Baumwolle Model ist 188 cm gro\u00df und tr\u00e4gt Gr\u00f6\u00dfe 3XL.\">NORTH Latitude Kurzarmhemd aus Bambus\/Baumwolle dunkelgr\u00fcn<\/p>\n<p id=\"tw-target-text\" class=\"tw-data-text tw-text-large tw-ta\" dir=\"ltr\" tabindex=\"-1\" role=\"text\" data-placeholder=\"Overs\u00e6ttelse\" data-ved=\"2ahUKEwiU5IuM39iSAxXc1AIHHf5vMxIQ3ewLegQIDhAW\" aria-label=\"Kurzarmhemd in leichter, glatter Qualit\u00e4t mit einem cleanen, modernen Look. Das Mischgewebe sorgt f\u00fcr angenehmen Tragekomfort und einen sch\u00f6nen Fall, so dass das Hemd sowohl f\u00fcr den Alltag als auch f\u00fcr legere Anl\u00e4sse geeignet ist. Leichte und glatte Qualit\u00e4t mit hohem Tragekomfort Klassischer Kragen mit durchgehendem Knopfverschluss Cleanes Design mit Brusttasche Bequeme Passform mit guter Bewegungsfreiheit Schonw\u00e4sche bei 30\u00b0C Materialien 47% Polyester, 28% Viskose, 25% Baumwolle Model ist 188 cm gro\u00df und tr\u00e4gt Gr\u00f6\u00dfe 3XL.\"><span class=\"Y2IQFc\" lang=\"da\">Kurzarmhemd in leichter, glatter Qualit\u00e4t mit einem klaren, modernen Look. Das Mischgewebe sorgt f\u00fcr angenehmen Tragekomfort und einen sch\u00f6nen Faltenwurf, wodurch sich das Hemd sowohl f\u00fcr den Alltag als auch f\u00fcr legere Anl\u00e4sse eignet. Leichte und glatte Qualit\u00e4t mit hohem Tragekomfort Klassischer Kragen mit durchgehender Knopfleiste Cleanes Design mit Brusttasche Bequeme Passform mit guter Bewegungsfreiheit <\/span><\/p>\n<p class=\"tw-data-text tw-text-large tw-ta\" dir=\"ltr\" tabindex=\"-1\" role=\"text\" data-placeholder=\"Overs\u00e6ttelse\" data-ved=\"2ahUKEwiU5IuM39iSAxXc1AIHHf5vMxIQ3ewLegQIDhAW\" aria-label=\"Kurzarmhemd in leichter, glatter Qualit\u00e4t mit einem cleanen, modernen Look. Das Mischgewebe sorgt f\u00fcr angenehmen Tragekomfort und einen sch\u00f6nen Fall, so dass das Hemd sowohl f\u00fcr den Alltag als auch f\u00fcr legere Anl\u00e4sse geeignet ist. Leichte und glatte Qualit\u00e4t mit hohem Tragekomfort Klassischer Kragen mit durchgehendem Knopfverschluss Cleanes Design mit Brusttasche Bequeme Passform mit guter Bewegungsfreiheit Schonw\u00e4sche bei 30\u00b0C Materialien 47% Polyester, 28% Viskose, 25% Baumwolle Model ist 188 cm gro\u00df und tr\u00e4gt Gr\u00f6\u00dfe 3XL.\"><span class=\"Y2IQFc\" lang=\"da\">Schonend waschen bei 30\u00b0C <\/span><\/p>\n<p class=\"tw-data-text tw-text-large tw-ta\" dir=\"ltr\" tabindex=\"-1\" role=\"text\" data-placeholder=\"Overs\u00e6ttelse\" data-ved=\"2ahUKEwiU5IuM39iSAxXc1AIHHf5vMxIQ3ewLegQIDhAW\" aria-label=\"Kurzarmhemd in leichter, glatter Qualit\u00e4t mit einem cleanen, modernen Look. Das Mischgewebe sorgt f\u00fcr angenehmen Tragekomfort und einen sch\u00f6nen Fall, so dass das Hemd sowohl f\u00fcr den Alltag als auch f\u00fcr legere Anl\u00e4sse geeignet ist. Leichte und glatte Qualit\u00e4t mit hohem Tragekomfort Klassischer Kragen mit durchgehendem Knopfverschluss Cleanes Design mit Brusttasche Bequeme Passform mit guter Bewegungsfreiheit Schonw\u00e4sche bei 30\u00b0C Materialien 47% Polyester, 28% Viskose, 25% Baumwolle Model ist 188 cm gro\u00df und tr\u00e4gt Gr\u00f6\u00dfe 3XL.\"><span class=\"Y2IQFc\" lang=\"da\">Materialien 55% Viskose, 45% Baumwolle <\/span><\/p>\n<p class=\"tw-data-text tw-text-large tw-ta\" dir=\"ltr\" tabindex=\"-1\" role=\"text\" data-placeholder=\"Overs\u00e6ttelse\" data-ved=\"2ahUKEwiU5IuM39iSAxXc1AIHHf5vMxIQ3ewLegQIDhAW\" aria-label=\"Kurzarmhemd in leichter, glatter Qualit\u00e4t mit einem cleanen, modernen Look. Das Mischgewebe sorgt f\u00fcr angenehmen Tragekomfort und einen sch\u00f6nen Fall, so dass das Hemd sowohl f\u00fcr den Alltag als auch f\u00fcr legere Anl\u00e4sse geeignet ist. Leichte und glatte Qualit\u00e4t mit hohem Tragekomfort Klassischer Kragen mit durchgehendem Knopfverschluss Cleanes Design mit Brusttasche Bequeme Passform mit guter Bewegungsfreiheit Schonw\u00e4sche bei 30\u00b0C Materialien 47% Polyester, 28% Viskose, 25% Baumwolle Model ist 188 cm gro\u00df und tr\u00e4gt Gr\u00f6\u00dfe 3XL.\"><span class=\"Y2IQFc\" lang=\"da\">Das Model ist 188 cm gro\u00df und tr\u00e4gt Gr\u00f6\u00dfe 3XL.<\/span><\/p>\n<p>Kostenloser Versand bei einem Einkauf \u00fcber \u20ac100,-<\/p>","protected":false},"featured_media":33483,"comment_status":"open","ping_status":"closed","template":"","meta":{"postBodyCss":"","postBodyMargin":[],"postBodyPadding":[],"postBodyBackground":{"backgroundType":"classic","gradient":""},"site-sidebar-layout":"default","site-content-layout":"default","ast-site-content-layout":"default","site-content-style":"default","site-sidebar-style":"default","ast-global-header-display":"","ast-banner-title-visibility":"","ast-main-header-display":"","ast-hfb-above-header-display":"","ast-hfb-below-header-display":"","ast-hfb-mobile-header-display":"","site-post-title":"","ast-breadcrumbs-content":"","ast-featured-img":"","footer-sml-layout":"","ast-disable-related-posts":"","theme-transparent-header-meta":"default","adv-header-id-meta":"","stick-header-meta":"","header-above-stick-meta":"","header-main-stick-meta":"","header-below-stick-meta":"","astra-migrate-meta-layouts":"set","ast-page-background-enabled":"default","ast-page-background-meta":{"desktop":{"background-color":"var(--ast-global-color-5)","background-image":"","background-repeat":"repeat","background-position":"center center","background-size":"auto","background-attachment":"scroll","background-type":"","background-media":"","overlay-type":"","overlay-color":"","overlay-opacity":"","overlay-gradient":""},"tablet":{"background-color":"","background-image":"","background-repeat":"repeat","background-position":"center center","background-size":"auto","background-attachment":"scroll","background-type":"","background-media":"","overlay-type":"","overlay-color":"","overlay-opacity":"","overlay-gradient":""},"mobile":{"background-color":"","background-image":"","background-repeat":"repeat","background-position":"center center","background-size":"auto","background-attachment":"scroll","background-type":"","background-media":"","overlay-type":"","overlay-color":"","overlay-opacity":"","overlay-gradient":""}},"ast-content-background-meta":{"desktop":{"background-color":"var(--ast-global-color-4)","background-image":"","background-repeat":"repeat","background-position":"center center","background-size":"auto","background-attachment":"scroll","background-type":"","background-media":"","overlay-type":"","overlay-color":"","overlay-opacity":"","overlay-gradient":""},"tablet":{"background-color":"var(--ast-global-color-4)","background-image":"","background-repeat":"repeat","background-position":"center center","background-size":"auto","background-attachment":"scroll","background-type":"","background-media":"","overlay-type":"","overlay-color":"","overlay-opacity":"","overlay-gradient":""},"mobile":{"background-color":"var(--ast-global-color-4)","background-image":"","background-repeat":"repeat","background-position":"center center","background-size":"auto","background-attachment":"scroll","background-type":"","background-media":"","overlay-type":"","overlay-color":"","overlay-opacity":"","overlay-gradient":""}}},"product_brand":[],"product_cat":[21,27,75],"product_tag":[],"class_list":{"0":"post-33474","1":"product","2":"type-product","3":"status-publish","4":"has-post-thumbnail","6":"product_cat-alle-varer","7":"product_cat-north-latitude","8":"product_cat-skjorter","9":"desktop-align-center","10":"tablet-align-left","11":"mobile-align-left","12":"ast-product-gallery-layout-horizontal-slider","13":"ast-product-single-variable","14":"ast-product-tabs-layout-horizontal","16":"first","17":"instock","18":"taxable","19":"shipping-taxable","20":"purchasable","21":"product-type-variable"},"_links":{"self":[{"href":"https:\/\/hosbirger.dk\/de\/wp-json\/wp\/v2\/product\/33474","targetHints":{"allow":["GET"]}}],"collection":[{"href":"https:\/\/hosbirger.dk\/de\/wp-json\/wp\/v2\/product"}],"about":[{"href":"https:\/\/hosbirger.dk\/de\/wp-json\/wp\/v2\/types\/product"}],"replies":[{"embeddable":true,"href":"https:\/\/hosbirger.dk\/de\/wp-json\/wp\/v2\/comments?post=33474"}],"wp:featuredmedia":[{"embeddable":true,"href":"https:\/\/hosbirger.dk\/de\/wp-json\/wp\/v2\/media\/33483"}],"wp:attachment":[{"href":"https:\/\/hosbirger.dk\/de\/wp-json\/wp\/v2\/media?parent=33474"}],"wp:term":[{"taxonomy":"product_brand","embeddable":true,"href":"https:\/\/hosbirger.dk\/de\/wp-json\/wp\/v2\/product_brand?post=33474"},{"taxonomy":"product_cat","embeddable":true,"href":"https:\/\/hosbirger.dk\/de\/wp-json\/wp\/v2\/product_cat?post=33474"},{"taxonomy":"product_tag","embeddable":true,"href":"https:\/\/hosbirger.dk\/de\/wp-json\/wp\/v2\/product_tag?post=33474"}],"curies":[{"name":"wp","href":"https:\/\/api.w.org\/{rel}","templated":true}]}}