{"id":33501,"date":"2026-02-17T12:24:56","date_gmt":"2026-02-17T11:24:56","guid":{"rendered":"https:\/\/hosbirger.dk\/?post_type=product&#038;p=33501"},"modified":"2026-02-17T12:35:17","modified_gmt":"2026-02-17T11:35:17","slug":"north-latitude-hoodie-mit-breitem-kordelzug-und-kleinem","status":"publish","type":"product","link":"https:\/\/hosbirger.dk\/de\/produkt\/north-latitude-hoodie-mit-breitem-kordelzug-und-kleinem\/","title":{"rendered":"Nord-Breitengrad Kapuzenpulli mit breitem Kordelzug und kleinem Druck schwarz"},"content":{"rendered":"<div class=\"xs_social_share_widget xs_share_url after_content \t\tmain_content  wslu-style-1 wslu-share-box-shaped wslu-fill-colored wslu-none wslu-share-horizontal wslu-theme-font-no wslu-main_content\">\n\n\t\t\n        <ul>\n\t\t\t        <\/ul>\n    <\/div>","protected":false},"excerpt":{"rendered":"<div id=\"tw-container\" class=\"nev7se\" data-cp=\"1\" data-nnttsvi=\"1\" data-sletp=\"false\" data-sm=\"1\" data-ssbp=\"false\" data-sugg-time=\"500\" data-sugg-url=\"https:\/\/clients1.google.com\/complete\/search\" data-uilc=\"da\" data-vil=\",af,af-ZA,am,am-ET,ar-EG,ar-AE,ar-KW,ar-QA,ar,ar-IL,ar-JO,ar-LB,ar-PS,az,az-AZ,bg,bg-BG,bn,bn-BD,bn-IN,ca,ca-es,cs,cs-CZ,de,de-DE,de-CH,de-AT,de-LI,en,en-US,en-CA,en-AU,en-NZ,en-GB,en-IN,en-KE,en-TZ,en-NG,en-GH,en-PH,en-ZA,es,es-ES,es-AR,es-UY,es-419,es-BO,es-CL,es-CR,es-CO,es-DO,es-EC,es-GT,es-HN,es-NI,es-PA,es-PE,es-PR,es-PY,es-SV,es-VE,es-MX,es-US,eu,eu-ES,fi,fi-FI,fr,fr-FR,fr-CH,fr-BE,gl,gl-ES,gu,gu-IN,he,he-IL,iw,iw-IL,hu,hu-HU,hy,hy-AM,id,id-ID,is,is-IS,it,it-IT,it-CH,ja,ja-JP,jv,jv-ID,ka,ka-GE,km,km-KH,kn,kn-IN,ko,ko-KR,la,lo,lo-LA,lv,lv-LV,ml,ml-IN,mr,mr-IN,ms,ms-MY,nl,nl-NL,nb,nb-NO,ne,ne-NP,pl,pl-PL,pt,pt-BR,pt-PT,ro,ro-RO,ru,ru-RU,si-LK,sk,sk-SK,sr,sr-RS,su,su-ID,sv,sv-SE,sw,sw-TZ,sw-KE,ta,ta-IN,ta-SG,ta-LK,ta-MY,te,te-IN,tr,tr-TR,ur,ur-PK,ur-IN,yue,yue-HK,yue-Hant-HK,zh-HK,zh,zh-CN,zh-cmn,zh-cmn-CN,zh-Hans,zh-Hans-CN,zh-cmn-Hans,zh-cmn-Hans-CN,cmn-CN,cmn-Hans,cmn-Hans-CN,zh-TW,zh-Hant-TW,cmn-TW,cmn-Hant-TW,zh-cmn-TW,zh-cmn-Hant-TW,zu,zu-ZA\">\n<div id=\"tw-ob\" class=\"tw-src-ltr\">\n<div class=\"oSioSc\">\n<div id=\"tw-target\">\n<div id=\"kAz1tf\" class=\"g9WsWb PZPZlf\" data-attrid=\"tw-targetArea\" data-entityname=\"Google Translate\">\n<div id=\"tw-target-text-container\" class=\"tw-ta-container tw-nfl\" tabindex=\"0\" role=\"text\">\n<p dir=\"ltr\" tabindex=\"-1\" role=\"text\" data-placeholder=\"Overs\u00e6ttelse\" data-ved=\"2ahUKEwiU5IuM39iSAxXc1AIHHf5vMxIQ3ewLegQIDhAW\" aria-label=\"\u00dcbersetzter Text: Kapuzenpulli aus einer weichen Baumwollmischung mit einer entspannten Passform und klassischer Kapuze mit Kordelzug. Ein bequemer Alltagsstil mit gerippten Kanten und einem dezenten Brustaufdruck, der sowohl f\u00fcr die Freizeit als auch f\u00fcr den Alltag geeignet ist. Weiches Gewebe aus 60%-Melange-Baumwolle und 40%-Polyester Verstellbare Kapuze mit Kordelzug Gerippte \u00c4rmel und Saum Dezenter Brustaufdruck Maschinenw\u00e4sche bei 30\u00b0C, nicht trocknergeeignet Das Model ist 188 cm gro\u00df und tr\u00e4gt Gr\u00f6\u00dfe 3XL.\">Kapuzenpulli mit breitem Kordelzug und kleinem Aufdruck und gro\u00dfer Fronttasche f\u00fcr schwarz<\/p>\n<p id=\"tw-target-text\" class=\"tw-data-text tw-text-large tw-ta\" dir=\"ltr\" tabindex=\"-1\" role=\"text\" data-placeholder=\"Overs\u00e6ttelse\" data-ved=\"2ahUKEwiU5IuM39iSAxXc1AIHHf5vMxIQ3ewLegQIDhAW\" aria-label=\"\u00dcbersetzter Text: Kapuzenpulli aus einer weichen Baumwollmischung mit einer entspannten Passform und klassischer Kapuze mit Kordelzug. Ein bequemer Alltagsstil mit gerippten Kanten und einem dezenten Brustaufdruck, der sowohl f\u00fcr die Freizeit als auch f\u00fcr den Alltag geeignet ist. Weiches Gewebe aus 60%-Melange-Baumwolle und 40%-Polyester Verstellbare Kapuze mit Kordelzug Gerippte \u00c4rmel und Saum Dezenter Brustaufdruck Maschinenw\u00e4sche bei 30\u00b0C, nicht trocknergeeignet Das Model ist 188 cm gro\u00df und tr\u00e4gt Gr\u00f6\u00dfe 3XL.\"><span class=\"Y2IQFc\" lang=\"da\">Kapuzenpulli aus einer weichen Baumwollmischung mit lockerer Passform und klassischer Kapuze mit Kordelzug. Ein bequemer Alltagslook mit gerippten Kanten und dezentem Brustaufdruck, der sich sowohl f\u00fcr die Freizeit als auch f\u00fcr den Alltag eignet. Weiches Gewebe aus 60%-Melange-Baumwolle und 40%-Polyester Verstellbare Kapuze mit Kordelzug Gerippte \u00c4rmel und Saum Diskreter Brustaufdruck <\/span><\/p>\n<p class=\"tw-data-text tw-text-large tw-ta\" dir=\"ltr\" tabindex=\"-1\" role=\"text\" data-placeholder=\"Overs\u00e6ttelse\" data-ved=\"2ahUKEwiU5IuM39iSAxXc1AIHHf5vMxIQ3ewLegQIDhAW\" aria-label=\"\u00dcbersetzter Text: Kapuzenpulli aus einer weichen Baumwollmischung mit einer entspannten Passform und klassischer Kapuze mit Kordelzug. Ein bequemer Alltagsstil mit gerippten Kanten und einem dezenten Brustaufdruck, der sowohl f\u00fcr die Freizeit als auch f\u00fcr den Alltag geeignet ist. Weiches Gewebe aus 60%-Melange-Baumwolle und 40%-Polyester Verstellbare Kapuze mit Kordelzug Gerippte \u00c4rmel und Saum Dezenter Brustaufdruck Maschinenw\u00e4sche bei 30\u00b0C, nicht trocknergeeignet Das Model ist 188 cm gro\u00df und tr\u00e4gt Gr\u00f6\u00dfe 3XL.\"><span class=\"Y2IQFc\" lang=\"da\">Maschinenw\u00e4sche bei 30\u00b0C, nicht im Trockner trocknen <\/span><\/p>\n<p class=\"tw-data-text tw-text-large tw-ta\" dir=\"ltr\" tabindex=\"-1\" role=\"text\" data-placeholder=\"Overs\u00e6ttelse\" data-ved=\"2ahUKEwiU5IuM39iSAxXc1AIHHf5vMxIQ3ewLegQIDhAW\" aria-label=\"\u00dcbersetzter Text: Kapuzenpulli aus einer weichen Baumwollmischung mit einer entspannten Passform und klassischer Kapuze mit Kordelzug. Ein bequemer Alltagsstil mit gerippten Kanten und einem dezenten Brustaufdruck, der sowohl f\u00fcr die Freizeit als auch f\u00fcr den Alltag geeignet ist. Weiches Gewebe aus 60%-Melange-Baumwolle und 40%-Polyester Verstellbare Kapuze mit Kordelzug Gerippte \u00c4rmel und Saum Dezenter Brustaufdruck Maschinenw\u00e4sche bei 30\u00b0C, nicht trocknergeeignet Das Model ist 188 cm gro\u00df und tr\u00e4gt Gr\u00f6\u00dfe 3XL.\"><span class=\"Y2IQFc\" lang=\"da\">Das Model ist 188 cm gro\u00df und tr\u00e4gt die Gr\u00f6\u00dfe 3XL<\/span><\/p>\n<\/div>\n<\/div>\n<\/div>\n<\/div>\n<\/div>\n<div class=\"dURPtb\"><span style=\"font-size: 16px;\">Kostenloser Versand bei einem Einkauf \u00fcber \u20ac100,-<\/span><\/div>\n<\/div>","protected":false},"featured_media":33510,"comment_status":"open","ping_status":"closed","template":"","meta":{"postBodyCss":"","postBodyMargin":[],"postBodyPadding":[],"postBodyBackground":{"backgroundType":"classic","gradient":""},"site-sidebar-layout":"default","site-content-layout":"","ast-site-content-layout":"default","site-content-style":"default","site-sidebar-style":"default","ast-global-header-display":"","ast-banner-title-visibility":"","ast-main-header-display":"","ast-hfb-above-header-display":"","ast-hfb-below-header-display":"","ast-hfb-mobile-header-display":"","site-post-title":"","ast-breadcrumbs-content":"","ast-featured-img":"","footer-sml-layout":"","ast-disable-related-posts":"","theme-transparent-header-meta":"default","adv-header-id-meta":"","stick-header-meta":"","header-above-stick-meta":"","header-main-stick-meta":"","header-below-stick-meta":"","astra-migrate-meta-layouts":"set","ast-page-background-enabled":"default","ast-page-background-meta":{"desktop":{"background-color":"var(--ast-global-color-5)","background-image":"","background-repeat":"repeat","background-position":"center center","background-size":"auto","background-attachment":"scroll","background-type":"","background-media":"","overlay-type":"","overlay-color":"","overlay-opacity":"","overlay-gradient":""},"tablet":{"background-color":"","background-image":"","background-repeat":"repeat","background-position":"center center","background-size":"auto","background-attachment":"scroll","background-type":"","background-media":"","overlay-type":"","overlay-color":"","overlay-opacity":"","overlay-gradient":""},"mobile":{"background-color":"","background-image":"","background-repeat":"repeat","background-position":"center center","background-size":"auto","background-attachment":"scroll","background-type":"","background-media":"","overlay-type":"","overlay-color":"","overlay-opacity":"","overlay-gradient":""}},"ast-content-background-meta":{"desktop":{"background-color":"var(--ast-global-color-4)","background-image":"","background-repeat":"repeat","background-position":"center center","background-size":"auto","background-attachment":"scroll","background-type":"","background-media":"","overlay-type":"","overlay-color":"","overlay-opacity":"","overlay-gradient":""},"tablet":{"background-color":"var(--ast-global-color-4)","background-image":"","background-repeat":"repeat","background-position":"center center","background-size":"auto","background-attachment":"scroll","background-type":"","background-media":"","overlay-type":"","overlay-color":"","overlay-opacity":"","overlay-gradient":""},"mobile":{"background-color":"var(--ast-global-color-4)","background-image":"","background-repeat":"repeat","background-position":"center center","background-size":"auto","background-attachment":"scroll","background-type":"","background-media":"","overlay-type":"","overlay-color":"","overlay-opacity":"","overlay-gradient":""}}},"product_brand":[],"product_cat":[21,58,27],"product_tag":[],"class_list":{"0":"post-33501","1":"product","2":"type-product","3":"status-publish","4":"has-post-thumbnail","6":"product_cat-alle-varer","7":"product_cat-bluser","8":"product_cat-north-latitude","9":"desktop-align-center","10":"tablet-align-left","11":"mobile-align-left","12":"ast-product-gallery-layout-horizontal-slider","13":"ast-product-single-variable","14":"ast-product-tabs-layout-horizontal","16":"first","17":"instock","18":"taxable","19":"shipping-taxable","20":"purchasable","21":"product-type-variable"},"_links":{"self":[{"href":"https:\/\/hosbirger.dk\/de\/wp-json\/wp\/v2\/product\/33501","targetHints":{"allow":["GET"]}}],"collection":[{"href":"https:\/\/hosbirger.dk\/de\/wp-json\/wp\/v2\/product"}],"about":[{"href":"https:\/\/hosbirger.dk\/de\/wp-json\/wp\/v2\/types\/product"}],"replies":[{"embeddable":true,"href":"https:\/\/hosbirger.dk\/de\/wp-json\/wp\/v2\/comments?post=33501"}],"wp:featuredmedia":[{"embeddable":true,"href":"https:\/\/hosbirger.dk\/de\/wp-json\/wp\/v2\/media\/33510"}],"wp:attachment":[{"href":"https:\/\/hosbirger.dk\/de\/wp-json\/wp\/v2\/media?parent=33501"}],"wp:term":[{"taxonomy":"product_brand","embeddable":true,"href":"https:\/\/hosbirger.dk\/de\/wp-json\/wp\/v2\/product_brand?post=33501"},{"taxonomy":"product_cat","embeddable":true,"href":"https:\/\/hosbirger.dk\/de\/wp-json\/wp\/v2\/product_cat?post=33501"},{"taxonomy":"product_tag","embeddable":true,"href":"https:\/\/hosbirger.dk\/de\/wp-json\/wp\/v2\/product_tag?post=33501"}],"curies":[{"name":"wp","href":"https:\/\/api.w.org\/{rel}","templated":true}]}}