{"id":33705,"date":"2026-02-23T16:08:11","date_gmt":"2026-02-23T15:08:11","guid":{"rendered":"https:\/\/hosbirger.dk\/?post_type=product&#038;p=33705"},"modified":"2026-02-23T16:23:18","modified_gmt":"2026-02-23T15:23:18","slug":"club-of-comfort-modell-garvey-a-chino-in-baumwolle-s","status":"publish","type":"product","link":"https:\/\/hosbirger.dk\/de\/produkt\/club-of-comfort-modell-garvey-a-chino-in-baumwolle-s\/","title":{"rendered":"CLUB of COMFORT Modell GARVEY, eine Chino aus Baumwolle\/Elasthan sand\/beige"},"content":{"rendered":"<div class=\"xs_social_share_widget xs_share_url after_content \t\tmain_content  wslu-style-1 wslu-share-box-shaped wslu-fill-colored wslu-none wslu-share-horizontal wslu-theme-font-no wslu-main_content\">\n\n\t\t\n        <ul>\n\t\t\t        <\/ul>\n    <\/div>","protected":false},"excerpt":{"rendered":"<p>CLUB of COMFORT Modell GARVEY, eine Chino aus Baumwolle\/Elasthan sand\/beige<\/p>\n<p>Sie sind auf der Suche nach einer bequemen Hose von CLUB of COMFORT, in der Sie sich den ganzen Tag \u00fcber wohlf\u00fchlen? Dann ist diese Baumwollhose mit Superstretch-Material und elastischem Bund die perfekte Wahl f\u00fcr Sie. CLUB of COMFORT ist extrem weich zu tragen und ideal f\u00fcr alle, die Wert auf Komfort und Aussehen legen.<\/p>\n<p>Die Details der Hose sind sorgf\u00e4ltig ausgew\u00e4hlt. Das Innenfutter der Ges\u00e4\u00dftaschen ist in einer Kontrastfarbe gehalten, die auf die Farbe der Hose abgestimmt ist. Auf der Vorderseite gibt es zwei Taschen und eine M\u00fcnztasche, wo die Kontrastfarbe fortgesetzt wird. Tragen Sie die Hose zu formellen Anl\u00e4ssen, bei der Arbeit oder zu einem legeren Ausgehabend. Die Hose bietet einen hohen Tragekomfort, so dass Sie sich den ganzen Tag \u00fcber wohlf\u00fchlen k\u00f6nnen.<\/p>\n<p>Sind Sie auf der Suche nach einem bequemen Paar CULB of COMFORT, das Ihnen den ganzen Tag \u00fcber Komfort bietet? Dann ist diese extreme Flex mit Super-Stretch-Material und elastischem Bund die perfekte Wahl f\u00fcr Sie.<br \/>\nFeinw\u00e4sche, max. 40\u00b0C von innen nach au\u00dfen<\/p>\n<p>Nicht bleichen<\/p>\n<p>Kein Trocknen im W\u00e4schetrockner<\/p>\n<p>H\u00e4ngetrockner<\/p>\n<p>B\u00fcgeln bei niedriger Temperatur, max. 90\u00b0C<\/p>\n<p>Widersteht der Reinigung<\/p>\n<p>81% Baumwolle, 18% Polyester, 1% Elastan<\/p>\n<p>Kostenloser Versand bei einem Einkauf \u00fcber \u20ac100,-<\/p>","protected":false},"featured_media":33721,"comment_status":"open","ping_status":"closed","template":"","meta":{"postBodyCss":"","postBodyMargin":[],"postBodyPadding":[],"postBodyBackground":{"backgroundType":"classic","gradient":""},"site-sidebar-layout":"default","site-content-layout":"default","ast-site-content-layout":"default","site-content-style":"default","site-sidebar-style":"default","ast-global-header-display":"","ast-banner-title-visibility":"","ast-main-header-display":"","ast-hfb-above-header-display":"","ast-hfb-below-header-display":"","ast-hfb-mobile-header-display":"","site-post-title":"","ast-breadcrumbs-content":"","ast-featured-img":"","footer-sml-layout":"","ast-disable-related-posts":"","theme-transparent-header-meta":"default","adv-header-id-meta":"","stick-header-meta":"","header-above-stick-meta":"","header-main-stick-meta":"","header-below-stick-meta":"","astra-migrate-meta-layouts":"set","ast-page-background-enabled":"default","ast-page-background-meta":{"desktop":{"background-color":"var(--ast-global-color-5)","background-image":"","background-repeat":"repeat","background-position":"center center","background-size":"auto","background-attachment":"scroll","background-type":"","background-media":"","overlay-type":"","overlay-color":"","overlay-opacity":"","overlay-gradient":""},"tablet":{"background-color":"","background-image":"","background-repeat":"repeat","background-position":"center center","background-size":"auto","background-attachment":"scroll","background-type":"","background-media":"","overlay-type":"","overlay-color":"","overlay-opacity":"","overlay-gradient":""},"mobile":{"background-color":"","background-image":"","background-repeat":"repeat","background-position":"center center","background-size":"auto","background-attachment":"scroll","background-type":"","background-media":"","overlay-type":"","overlay-color":"","overlay-opacity":"","overlay-gradient":""}},"ast-content-background-meta":{"desktop":{"background-color":"var(--ast-global-color-4)","background-image":"","background-repeat":"repeat","background-position":"center center","background-size":"auto","background-attachment":"scroll","background-type":"","background-media":"","overlay-type":"","overlay-color":"","overlay-opacity":"","overlay-gradient":""},"tablet":{"background-color":"var(--ast-global-color-4)","background-image":"","background-repeat":"repeat","background-position":"center center","background-size":"auto","background-attachment":"scroll","background-type":"","background-media":"","overlay-type":"","overlay-color":"","overlay-opacity":"","overlay-gradient":""},"mobile":{"background-color":"var(--ast-global-color-4)","background-image":"","background-repeat":"repeat","background-position":"center center","background-size":"auto","background-attachment":"scroll","background-type":"","background-media":"","overlay-type":"","overlay-color":"","overlay-opacity":"","overlay-gradient":""}}},"product_brand":[],"product_cat":[21,41,328],"product_tag":[],"class_list":{"0":"post-33705","1":"product","2":"type-product","3":"status-publish","4":"has-post-thumbnail","6":"product_cat-alle-varer","7":"product_cat-bukser","8":"product_cat-club-of-comfort","9":"desktop-align-center","10":"tablet-align-left","11":"mobile-align-left","12":"ast-product-gallery-layout-horizontal-slider","13":"ast-product-single-variable","14":"ast-product-tabs-layout-horizontal","16":"first","17":"instock","18":"taxable","19":"shipping-taxable","20":"purchasable","21":"product-type-variable"},"_links":{"self":[{"href":"https:\/\/hosbirger.dk\/de\/wp-json\/wp\/v2\/product\/33705","targetHints":{"allow":["GET"]}}],"collection":[{"href":"https:\/\/hosbirger.dk\/de\/wp-json\/wp\/v2\/product"}],"about":[{"href":"https:\/\/hosbirger.dk\/de\/wp-json\/wp\/v2\/types\/product"}],"replies":[{"embeddable":true,"href":"https:\/\/hosbirger.dk\/de\/wp-json\/wp\/v2\/comments?post=33705"}],"wp:featuredmedia":[{"embeddable":true,"href":"https:\/\/hosbirger.dk\/de\/wp-json\/wp\/v2\/media\/33721"}],"wp:attachment":[{"href":"https:\/\/hosbirger.dk\/de\/wp-json\/wp\/v2\/media?parent=33705"}],"wp:term":[{"taxonomy":"product_brand","embeddable":true,"href":"https:\/\/hosbirger.dk\/de\/wp-json\/wp\/v2\/product_brand?post=33705"},{"taxonomy":"product_cat","embeddable":true,"href":"https:\/\/hosbirger.dk\/de\/wp-json\/wp\/v2\/product_cat?post=33705"},{"taxonomy":"product_tag","embeddable":true,"href":"https:\/\/hosbirger.dk\/de\/wp-json\/wp\/v2\/product_tag?post=33705"}],"curies":[{"name":"wp","href":"https:\/\/api.w.org\/{rel}","templated":true}]}}