{"id":33906,"date":"2026-03-10T14:36:02","date_gmt":"2026-03-10T13:36:02","guid":{"rendered":"https:\/\/hosbirger.dk\/?post_type=product&#038;p=33906"},"modified":"2026-04-22T16:22:14","modified_gmt":"2026-04-22T14:22:14","slug":"north-latitude-funktionsjacke-wp3000-taille-kurz","status":"publish","type":"product","link":"https:\/\/hosbirger.dk\/de\/produkt\/north-latitude-funktionsjacke-wp3000-taille-kurz\/","title":{"rendered":"North Latitude Funktionsjacke WP3000 Taille kurz navy blau TALL"},"content":{"rendered":"<div class=\"xs_social_share_widget xs_share_url after_content \t\tmain_content  wslu-style-1 wslu-share-box-shaped wslu-fill-colored wslu-none wslu-share-horizontal wslu-theme-font-no wslu-main_content\">\n\n\t\t\n        <ul>\n\t\t\t        <\/ul>\n    <\/div>","protected":false},"excerpt":{"rendered":"<p dir=\"ltr\" tabindex=\"-1\" role=\"text\" data-placeholder=\"Overs\u00e6ttelse\" data-ved=\"2ahUKEwipqZ-wuZWTAxXlOBAIHVxxEy4Q3ewLegQIDBAW\" aria-label=\"\u00dcbersetzt: Leichte und funktionelle Jacke in einer gro\u00dfen Gr\u00f6\u00dfe mit dehnbarer Qualit\u00e4t und einem sauberen, sportlichen Look. Mit durchgehendem Rei\u00dfverschluss und hohem Kragen f\u00fcr Komfort und Schutz - ideal f\u00fcr wechselndes Wetter und den aktiven Alltag. Leichtes und dehnbares Material f\u00fcr Bewegungsfreiheit Durchgehender Rei\u00dfverschluss und hoher Kragen Cleanes Design mit praktischen Taschen Bequeme Passform f\u00fcr den t\u00e4glichen Gebrauch Schonend bei 30\u00b0C waschen, nicht im Trockner trocknen Materialien 94% Polyester, 6% Elasthan Das Modell ist 188 cm gro\u00df und tr\u00e4gt Gr\u00f6\u00dfe 3XL.\">North Latitude Funktionsjacke WP3000 Taille kurz navy blau TALL<\/p>\n<p id=\"tw-target-text\" class=\"tw-data-text tw-text-large tw-ta\" dir=\"ltr\" tabindex=\"-1\" role=\"text\" data-placeholder=\"Overs\u00e6ttelse\" data-ved=\"2ahUKEwipqZ-wuZWTAxXlOBAIHVxxEy4Q3ewLegQIDBAW\" aria-label=\"\u00dcbersetzt: Leichte und funktionelle Jacke in einer gro\u00dfen Gr\u00f6\u00dfe mit dehnbarer Qualit\u00e4t und einem sauberen, sportlichen Look. Mit durchgehendem Rei\u00dfverschluss und hohem Kragen f\u00fcr Komfort und Schutz - ideal f\u00fcr wechselndes Wetter und den aktiven Alltag. Leichtes und dehnbares Material f\u00fcr Bewegungsfreiheit Durchgehender Rei\u00dfverschluss und hoher Kragen Cleanes Design mit praktischen Taschen Bequeme Passform f\u00fcr den t\u00e4glichen Gebrauch Schonend bei 30\u00b0C waschen, nicht im Trockner trocknen Materialien 94% Polyester, 6% Elasthan Das Modell ist 188 cm gro\u00df und tr\u00e4gt Gr\u00f6\u00dfe 3XL.\"><span class=\"Y2IQFc\" lang=\"da\">North Latitude leichte und funktionelle Jacke in einer gro\u00dfen Gr\u00f6\u00dfe mit dehnbarer Qualit\u00e4t und einem klaren, sportlichen Look. Mit durchgehendem Rei\u00dfverschluss und hohem Kragen f\u00fcr Komfort und Schutz - ideal f\u00fcr wechselndes Wetter und den aktiven Alltag. Leichtes und dehnbares Material f\u00fcr mehr Bewegungsfreiheit Durchgehender Rei\u00dfverschluss und hoher Kragen Cleanes Design mit praktischen Taschen Bequeme Passform f\u00fcr den t\u00e4glichen Gebrauch<\/span><\/p>\n<p class=\"tw-data-text tw-text-large tw-ta\" dir=\"ltr\" tabindex=\"-1\" role=\"text\" data-placeholder=\"Overs\u00e6ttelse\" data-ved=\"2ahUKEwipqZ-wuZWTAxXlOBAIHVxxEy4Q3ewLegQIDBAW\" aria-label=\"\u00dcbersetzt: Leichte und funktionelle Jacke in einer gro\u00dfen Gr\u00f6\u00dfe mit dehnbarer Qualit\u00e4t und einem sauberen, sportlichen Look. Mit durchgehendem Rei\u00dfverschluss und hohem Kragen f\u00fcr Komfort und Schutz - ideal f\u00fcr wechselndes Wetter und den aktiven Alltag. Leichtes und dehnbares Material f\u00fcr Bewegungsfreiheit Durchgehender Rei\u00dfverschluss und hoher Kragen Cleanes Design mit praktischen Taschen Bequeme Passform f\u00fcr den t\u00e4glichen Gebrauch Schonend bei 30\u00b0C waschen, nicht im Trockner trocknen Materialien 94% Polyester, 6% Elasthan Das Modell ist 188 cm gro\u00df und tr\u00e4gt Gr\u00f6\u00dfe 3XL.\"><span class=\"Y2IQFc\" lang=\"da\">Schonend waschen bei 30\u00b0C, nicht im Trockner trocknen <\/span><\/p>\n<p class=\"tw-data-text tw-text-large tw-ta\" dir=\"ltr\" tabindex=\"-1\" role=\"text\" data-placeholder=\"Overs\u00e6ttelse\" data-ved=\"2ahUKEwipqZ-wuZWTAxXlOBAIHVxxEy4Q3ewLegQIDBAW\" aria-label=\"\u00dcbersetzt: Leichte und funktionelle Jacke in einer gro\u00dfen Gr\u00f6\u00dfe mit dehnbarer Qualit\u00e4t und einem sauberen, sportlichen Look. Mit durchgehendem Rei\u00dfverschluss und hohem Kragen f\u00fcr Komfort und Schutz - ideal f\u00fcr wechselndes Wetter und den aktiven Alltag. Leichtes und dehnbares Material f\u00fcr Bewegungsfreiheit Durchgehender Rei\u00dfverschluss und hoher Kragen Cleanes Design mit praktischen Taschen Bequeme Passform f\u00fcr den t\u00e4glichen Gebrauch Schonend bei 30\u00b0C waschen, nicht im Trockner trocknen Materialien 94% Polyester, 6% Elasthan Das Modell ist 188 cm gro\u00df und tr\u00e4gt Gr\u00f6\u00dfe 3XL.\"><span class=\"Y2IQFc\" lang=\"da\">Materialien 94% Polyester, 6% Elasthan <\/span><\/p>\n<p class=\"tw-data-text tw-text-large tw-ta\" dir=\"ltr\" tabindex=\"-1\" role=\"text\" data-placeholder=\"Overs\u00e6ttelse\" data-ved=\"2ahUKEwipqZ-wuZWTAxXlOBAIHVxxEy4Q3ewLegQIDBAW\" aria-label=\"\u00dcbersetzt: Leichte und funktionelle Jacke in einer gro\u00dfen Gr\u00f6\u00dfe mit dehnbarer Qualit\u00e4t und einem sauberen, sportlichen Look. Mit durchgehendem Rei\u00dfverschluss und hohem Kragen f\u00fcr Komfort und Schutz - ideal f\u00fcr wechselndes Wetter und den aktiven Alltag. Leichtes und dehnbares Material f\u00fcr Bewegungsfreiheit Durchgehender Rei\u00dfverschluss und hoher Kragen Cleanes Design mit praktischen Taschen Bequeme Passform f\u00fcr den t\u00e4glichen Gebrauch Schonend bei 30\u00b0C waschen, nicht im Trockner trocknen Materialien 94% Polyester, 6% Elasthan Das Modell ist 188 cm gro\u00df und tr\u00e4gt Gr\u00f6\u00dfe 3XL.\"><span class=\"Y2IQFc\" lang=\"da\">Das Model ist 188 cm gro\u00df und tr\u00e4gt Gr\u00f6\u00dfe 3XL.<\/span><\/p>\n<p>Waschen bei 30 Grad<\/p>\n<p>Kostenloser Versand bei einem Einkauf \u00fcber \u20ac100,-<\/p>","protected":false},"featured_media":33914,"comment_status":"open","ping_status":"closed","template":"","meta":{"postBodyCss":"","postBodyMargin":[],"postBodyPadding":[],"postBodyBackground":{"backgroundType":"classic","gradient":""},"site-sidebar-layout":"default","site-content-layout":"default","ast-site-content-layout":"default","site-content-style":"default","site-sidebar-style":"default","ast-global-header-display":"","ast-banner-title-visibility":"","ast-main-header-display":"","ast-hfb-above-header-display":"","ast-hfb-below-header-display":"","ast-hfb-mobile-header-display":"","site-post-title":"","ast-breadcrumbs-content":"","ast-featured-img":"","footer-sml-layout":"","ast-disable-related-posts":"","theme-transparent-header-meta":"default","adv-header-id-meta":"","stick-header-meta":"","header-above-stick-meta":"","header-main-stick-meta":"","header-below-stick-meta":"","astra-migrate-meta-layouts":"set","ast-page-background-enabled":"default","ast-page-background-meta":{"desktop":{"background-color":"var(--ast-global-color-5)","background-image":"","background-repeat":"repeat","background-position":"center center","background-size":"auto","background-attachment":"scroll","background-type":"","background-media":"","overlay-type":"","overlay-color":"","overlay-opacity":"","overlay-gradient":""},"tablet":{"background-color":"","background-image":"","background-repeat":"repeat","background-position":"center center","background-size":"auto","background-attachment":"scroll","background-type":"","background-media":"","overlay-type":"","overlay-color":"","overlay-opacity":"","overlay-gradient":""},"mobile":{"background-color":"","background-image":"","background-repeat":"repeat","background-position":"center center","background-size":"auto","background-attachment":"scroll","background-type":"","background-media":"","overlay-type":"","overlay-color":"","overlay-opacity":"","overlay-gradient":""}},"ast-content-background-meta":{"desktop":{"background-color":"var(--ast-global-color-4)","background-image":"","background-repeat":"repeat","background-position":"center center","background-size":"auto","background-attachment":"scroll","background-type":"","background-media":"","overlay-type":"","overlay-color":"","overlay-opacity":"","overlay-gradient":""},"tablet":{"background-color":"var(--ast-global-color-4)","background-image":"","background-repeat":"repeat","background-position":"center center","background-size":"auto","background-attachment":"scroll","background-type":"","background-media":"","overlay-type":"","overlay-color":"","overlay-opacity":"","overlay-gradient":""},"mobile":{"background-color":"var(--ast-global-color-4)","background-image":"","background-repeat":"repeat","background-position":"center center","background-size":"auto","background-attachment":"scroll","background-type":"","background-media":"","overlay-type":"","overlay-color":"","overlay-opacity":"","overlay-gradient":""}}},"product_brand":[],"product_cat":[21,27,325,85],"product_tag":[],"class_list":{"0":"post-33906","1":"product","2":"type-product","3":"status-publish","4":"has-post-thumbnail","6":"product_cat-alle-varer","7":"product_cat-north-latitude","8":"product_cat-overtoej-tall","9":"product_cat-tall","10":"desktop-align-center","11":"tablet-align-left","12":"mobile-align-left","13":"ast-product-gallery-layout-horizontal-slider","14":"ast-product-single-variable","15":"ast-product-tabs-layout-horizontal","17":"first","18":"instock","19":"taxable","20":"shipping-taxable","21":"purchasable","22":"product-type-variable"},"_links":{"self":[{"href":"https:\/\/hosbirger.dk\/de\/wp-json\/wp\/v2\/product\/33906","targetHints":{"allow":["GET"]}}],"collection":[{"href":"https:\/\/hosbirger.dk\/de\/wp-json\/wp\/v2\/product"}],"about":[{"href":"https:\/\/hosbirger.dk\/de\/wp-json\/wp\/v2\/types\/product"}],"replies":[{"embeddable":true,"href":"https:\/\/hosbirger.dk\/de\/wp-json\/wp\/v2\/comments?post=33906"}],"wp:featuredmedia":[{"embeddable":true,"href":"https:\/\/hosbirger.dk\/de\/wp-json\/wp\/v2\/media\/33914"}],"wp:attachment":[{"href":"https:\/\/hosbirger.dk\/de\/wp-json\/wp\/v2\/media?parent=33906"}],"wp:term":[{"taxonomy":"product_brand","embeddable":true,"href":"https:\/\/hosbirger.dk\/de\/wp-json\/wp\/v2\/product_brand?post=33906"},{"taxonomy":"product_cat","embeddable":true,"href":"https:\/\/hosbirger.dk\/de\/wp-json\/wp\/v2\/product_cat?post=33906"},{"taxonomy":"product_tag","embeddable":true,"href":"https:\/\/hosbirger.dk\/de\/wp-json\/wp\/v2\/product_tag?post=33906"}],"curies":[{"name":"wp","href":"https:\/\/api.w.org\/{rel}","templated":true}]}}