{"id":33981,"date":"2026-03-12T14:45:52","date_gmt":"2026-03-12T13:45:52","guid":{"rendered":"https:\/\/hosbirger.dk\/?post_type=product&#038;p=33981"},"modified":"2026-03-17T14:37:25","modified_gmt":"2026-03-17T13:37:25","slug":"sunwill-kleid-weste-mit-offenem-rucken-schwarz","status":"publish","type":"product","link":"https:\/\/hosbirger.dk\/de\/produkt\/sunwill-kleid-weste-mit-offenem-rucken-schwarz\/","title":{"rendered":"Sunwill Kleid Weste, offener R\u00fccken schwarz"},"content":{"rendered":"<div class=\"xs_social_share_widget xs_share_url after_content \t\tmain_content  wslu-style-1 wslu-share-box-shaped wslu-fill-colored wslu-none wslu-share-horizontal wslu-theme-font-no wslu-main_content\">\n\n\t\t\n        <ul>\n\t\t\t        <\/ul>\n    <\/div>","protected":false},"excerpt":{"rendered":"<p>Sunwill Kleid Weste schwarz<\/p>\n<p>Sunwill ist immer dabei, wenn Sie auf eine Party gehen und die richtige Weste brauchen. Unsere r\u00fcckenfreie Weste verleiht Ihrem Abendlook einen klassischen Touch.<br \/>\nKleiderweste ohne R\u00fccken<br \/>\nLockenfrei - auch im Auto oder im Flugzeug<br \/>\n2 schr\u00e4ge Taschen<br \/>\nSchlie\u00dft mit 5 stoff\u00fcberzogenen Kn\u00f6pfen<br \/>\nVerstellm\u00f6glichkeit auf der R\u00fcckseite<br \/>\nDie richtige Kleidung ist das i-T\u00fcpfelchen f\u00fcr jede Party. Die r\u00fcckenfreie Weste verleiht Ihrem Outfit einen klassischen Touch und vervollst\u00e4ndigt Ihren Party-Look am Abend. Sie ist so konzipiert, dass sie in jeder Umgebung knitterfrei bleibt, so dass Sie im Auto, im Flugzeug oder am Esstisch immer gut aussehen. Die Weste verf\u00fcgt \u00fcber passende Details wie zwei schr\u00e4ge Taschen, f\u00fcnf stoffbezogene Kn\u00f6pfe und einen verstellbaren R\u00fccken, um den Look zu vervollst\u00e4ndigen.<\/p>\n<p>52% Polyester 43% Wolle 5% Elastan<\/p>\n<p>Reinigung: chemisch reinigen<\/p>\n<p>Kostenloser Versand bei einem Einkauf \u00fcber \u20ac100,-<\/p>\n<p>Wenn Sie neu in der Lodge sind, k\u00f6nnen Sie ein komplettes Set aus Jackett, Hose, Hemd und Weste f\u00fcr einen Gesamtpreis von 4300,- kaufen.<br \/>\nOb Sie ein Odd Fellow mit einer wei\u00dfen Weste oder ein Freimaurer mit einer schwarzen Weste sind, spielt f\u00fcr den Preis keine Rolle.<\/p>\n<p>Rufen Sie an, um einen Termin zu vereinbaren, oder erkundigen Sie sich nach der besten Zeit und lassen Sie sich unter 29902727 beraten.<\/p>","protected":false},"featured_media":34005,"comment_status":"open","ping_status":"closed","template":"","meta":{"postBodyCss":"","postBodyMargin":[],"postBodyPadding":[],"postBodyBackground":{"backgroundType":"classic","gradient":""},"site-sidebar-layout":"default","site-content-layout":"","ast-site-content-layout":"default","site-content-style":"default","site-sidebar-style":"default","ast-global-header-display":"","ast-banner-title-visibility":"","ast-main-header-display":"","ast-hfb-above-header-display":"","ast-hfb-below-header-display":"","ast-hfb-mobile-header-display":"","site-post-title":"","ast-breadcrumbs-content":"","ast-featured-img":"","footer-sml-layout":"","ast-disable-related-posts":"","theme-transparent-header-meta":"default","adv-header-id-meta":"","stick-header-meta":"","header-above-stick-meta":"","header-main-stick-meta":"","header-below-stick-meta":"","astra-migrate-meta-layouts":"set","ast-page-background-enabled":"default","ast-page-background-meta":{"desktop":{"background-color":"var(--ast-global-color-5)","background-image":"","background-repeat":"repeat","background-position":"center center","background-size":"auto","background-attachment":"scroll","background-type":"","background-media":"","overlay-type":"","overlay-color":"","overlay-opacity":"","overlay-gradient":""},"tablet":{"background-color":"","background-image":"","background-repeat":"repeat","background-position":"center center","background-size":"auto","background-attachment":"scroll","background-type":"","background-media":"","overlay-type":"","overlay-color":"","overlay-opacity":"","overlay-gradient":""},"mobile":{"background-color":"","background-image":"","background-repeat":"repeat","background-position":"center center","background-size":"auto","background-attachment":"scroll","background-type":"","background-media":"","overlay-type":"","overlay-color":"","overlay-opacity":"","overlay-gradient":""}},"ast-content-background-meta":{"desktop":{"background-color":"var(--ast-global-color-4)","background-image":"","background-repeat":"repeat","background-position":"center center","background-size":"auto","background-attachment":"scroll","background-type":"","background-media":"","overlay-type":"","overlay-color":"","overlay-opacity":"","overlay-gradient":""},"tablet":{"background-color":"var(--ast-global-color-4)","background-image":"","background-repeat":"repeat","background-position":"center center","background-size":"auto","background-attachment":"scroll","background-type":"","background-media":"","overlay-type":"","overlay-color":"","overlay-opacity":"","overlay-gradient":""},"mobile":{"background-color":"var(--ast-global-color-4)","background-image":"","background-repeat":"repeat","background-position":"center center","background-size":"auto","background-attachment":"scroll","background-type":"","background-media":"","overlay-type":"","overlay-color":"","overlay-opacity":"","overlay-gradient":""}}},"product_brand":[],"product_cat":[21,50,43],"product_tag":[],"class_list":{"0":"post-33981","1":"product","2":"type-product","3":"status-publish","4":"has-post-thumbnail","6":"product_cat-alle-varer","7":"product_cat-loge-smoking","8":"product_cat-sunwill","9":"desktop-align-center","10":"tablet-align-left","11":"mobile-align-left","12":"ast-product-gallery-layout-horizontal-slider","13":"ast-product-single-variable","14":"ast-product-tabs-layout-horizontal","16":"first","17":"instock","18":"taxable","19":"shipping-taxable","20":"purchasable","21":"product-type-variable"},"_links":{"self":[{"href":"https:\/\/hosbirger.dk\/de\/wp-json\/wp\/v2\/product\/33981","targetHints":{"allow":["GET"]}}],"collection":[{"href":"https:\/\/hosbirger.dk\/de\/wp-json\/wp\/v2\/product"}],"about":[{"href":"https:\/\/hosbirger.dk\/de\/wp-json\/wp\/v2\/types\/product"}],"replies":[{"embeddable":true,"href":"https:\/\/hosbirger.dk\/de\/wp-json\/wp\/v2\/comments?post=33981"}],"wp:featuredmedia":[{"embeddable":true,"href":"https:\/\/hosbirger.dk\/de\/wp-json\/wp\/v2\/media\/34005"}],"wp:attachment":[{"href":"https:\/\/hosbirger.dk\/de\/wp-json\/wp\/v2\/media?parent=33981"}],"wp:term":[{"taxonomy":"product_brand","embeddable":true,"href":"https:\/\/hosbirger.dk\/de\/wp-json\/wp\/v2\/product_brand?post=33981"},{"taxonomy":"product_cat","embeddable":true,"href":"https:\/\/hosbirger.dk\/de\/wp-json\/wp\/v2\/product_cat?post=33981"},{"taxonomy":"product_tag","embeddable":true,"href":"https:\/\/hosbirger.dk\/de\/wp-json\/wp\/v2\/product_tag?post=33981"}],"curies":[{"name":"wp","href":"https:\/\/api.w.org\/{rel}","templated":true}]}}