{"id":34150,"date":"2026-03-20T13:50:22","date_gmt":"2026-03-20T12:50:22","guid":{"rendered":"https:\/\/hosbirger.dk\/?post_type=product&#038;p=34150"},"modified":"2026-04-14T15:15:55","modified_gmt":"2026-04-14T13:15:55","slug":"north-latitude-anzug-stil-uberhemd-mit-voller-l","status":"publish","type":"product","link":"https:\/\/hosbirger.dk\/de\/produkt\/north-latitude-anzug-stil-uberhemd-mit-voller-l\/","title":{"rendered":"North Latitude \u00dcberhemd im Anzugstil, mit durchgehendem Rei\u00dfverschluss schwarz"},"content":{"rendered":"<div class=\"xs_social_share_widget xs_share_url after_content \t\tmain_content  wslu-style-1 wslu-share-box-shaped wslu-fill-colored wslu-none wslu-share-horizontal wslu-theme-font-no wslu-main_content\">\n\n\t\t\n        <ul>\n\t\t\t        <\/ul>\n    <\/div>","protected":false},"excerpt":{"rendered":"<p>North Latitude \u00dcberhemd im Anzugstil, mit durchgehendem Rei\u00dfverschluss schwarz<\/p>\n<div id=\"tw-container\" class=\"nev7se\" data-cp=\"1\" data-nnttsvi=\"1\" data-sletp=\"false\" data-sm=\"1\" data-ssbp=\"false\" data-sugg-time=\"500\" data-sugg-url=\"https:\/\/clients1.google.com\/complete\/search\" data-uilc=\"da\" data-vil=\",af,af-ZA,am,am-ET,ar-EG,ar-AE,ar-KW,ar-QA,ar,ar-IL,ar-JO,ar-LB,ar-PS,az,az-AZ,bg,bg-BG,bn,bn-BD,bn-IN,ca,ca-es,cs,cs-CZ,de,de-DE,de-CH,de-AT,de-LI,en,en-US,en-CA,en-AU,en-NZ,en-GB,en-IN,en-KE,en-TZ,en-NG,en-GH,en-PH,en-ZA,es,es-ES,es-AR,es-UY,es-419,es-BO,es-CL,es-CR,es-CO,es-DO,es-EC,es-GT,es-HN,es-NI,es-PA,es-PE,es-PR,es-PY,es-SV,es-VE,es-MX,es-US,eu,eu-ES,fi,fi-FI,fr,fr-FR,fr-CH,fr-BE,gl,gl-ES,gu,gu-IN,he,he-IL,iw,iw-IL,hu,hu-HU,hy,hy-AM,id,id-ID,is,is-IS,it,it-IT,it-CH,ja,ja-JP,jv,jv-ID,ka,ka-GE,km,km-KH,kn,kn-IN,ko,ko-KR,la,lo,lo-LA,lv,lv-LV,ml,ml-IN,mr,mr-IN,ms,ms-MY,nl,nl-NL,nb,nb-NO,ne,ne-NP,pl,pl-PL,pt,pt-BR,pt-PT,ro,ro-RO,ru,ru-RU,si-LK,sk,sk-SK,sr,sr-RS,su,su-ID,sv,sv-SE,sw,sw-TZ,sw-KE,ta,ta-IN,ta-SG,ta-LK,ta-MY,te,te-IN,tr,tr-TR,ur,ur-PK,ur-IN,yue,yue-HK,yue-Hant-HK,zh-HK,zh,zh-CN,zh-cmn,zh-cmn-CN,zh-Hans,zh-Hans-CN,zh-cmn-Hans,zh-cmn-Hans-CN,cmn-CN,cmn-Hans,cmn-Hans-CN,zh-TW,zh-Hant-TW,cmn-TW,cmn-Hant-TW,zh-cmn-TW,zh-cmn-Hant-TW,zu,zu-ZA\">\n<div>\n<div>\n<div id=\"tw-ob\" class=\"tw-src-ltr\">\n<div class=\"oSioSc\">\n<div id=\"tw-target\">\n<div id=\"kAz1tf\" class=\"g9WsWb PZPZlf\" data-attrid=\"tw-targetArea\" data-entityname=\"Google Translate\">\n<div id=\"tw-target-text-container\" class=\"tw-ta-container tw-nfl\" tabindex=\"0\" role=\"text\">\n<p id=\"tw-target-text\" class=\"tw-data-text tw-text-large tw-ta\" dir=\"ltr\" tabindex=\"-1\" role=\"text\" data-placeholder=\"Overs\u00e6ttelse\" data-ved=\"2ahUKEwjBkuz0wa6TAxU0Q_EDHcf1BL0Q3ewLegQIDBAW\" aria-label=\"\u00dcbersetzt: Leichte und moderne Jacke in einer glatten, dehnbaren Qualit\u00e4t mit einem sauberen und funktionalen Look. Das Design mit durchgehendem Rei\u00dfverschluss und dezenten Paneel-Details sorgt f\u00fcr Komfort und einen gepflegten Look f\u00fcr Alltag und Beruf.Glattes und leichtes Gewebe mit StretchDurchgehender Rei\u00dfverschlussCleanes Design mit dezenten DetailsBequeme Passform mit BewegungsfreiheitSanfte W\u00e4sche bei 30\u00b0C, nicht im Trockner trocknenMaterialien67% Polyester, 29% Viskose, 4% ElastanModell ist 188 cm gro\u00df und tr\u00e4gt Gr\u00f6\u00dfe 3XL.\"><span class=\"Y2IQFc\" lang=\"da\">Leichte und moderne Jacke in glatter, dehnbarer Qualit\u00e4t mit einem sauberen und funktionellen Look. Mit durchgehendem Rei\u00dfverschluss und dezenten Paneel-Details f\u00fcr Komfort und einen gepflegten Look f\u00fcr Alltag und Beruf. Glatter und leichter Stoff mit Stretch Durchgehender Rei\u00dfverschluss Cleanes Design mit dezenten Details Bequeme Passform mit Bewegungsfreiheit <\/span><\/p>\n<p class=\"tw-data-text tw-text-large tw-ta\" dir=\"ltr\" tabindex=\"-1\" role=\"text\" data-placeholder=\"Overs\u00e6ttelse\" data-ved=\"2ahUKEwjBkuz0wa6TAxU0Q_EDHcf1BL0Q3ewLegQIDBAW\" aria-label=\"\u00dcbersetzt: Leichte und moderne Jacke in einer glatten, dehnbaren Qualit\u00e4t mit einem sauberen und funktionalen Look. Das Design mit durchgehendem Rei\u00dfverschluss und dezenten Paneel-Details sorgt f\u00fcr Komfort und einen gepflegten Look f\u00fcr Alltag und Beruf.Glattes und leichtes Gewebe mit StretchDurchgehender Rei\u00dfverschlussCleanes Design mit dezenten DetailsBequeme Passform mit BewegungsfreiheitSanfte W\u00e4sche bei 30\u00b0C, nicht im Trockner trocknenMaterialien67% Polyester, 29% Viskose, 4% ElastanModell ist 188 cm gro\u00df und tr\u00e4gt Gr\u00f6\u00dfe 3XL.\"><span class=\"Y2IQFc\" lang=\"da\">Schonend waschen bei 30\u00b0C, nicht im Trockner trocknen<\/span><\/p>\n<p class=\"tw-data-text tw-text-large tw-ta\" dir=\"ltr\" tabindex=\"-1\" role=\"text\" data-placeholder=\"Overs\u00e6ttelse\" data-ved=\"2ahUKEwjBkuz0wa6TAxU0Q_EDHcf1BL0Q3ewLegQIDBAW\" aria-label=\"\u00dcbersetzt: Leichte und moderne Jacke in einer glatten, dehnbaren Qualit\u00e4t mit einem sauberen und funktionalen Look. Das Design mit durchgehendem Rei\u00dfverschluss und dezenten Paneel-Details sorgt f\u00fcr Komfort und einen gepflegten Look f\u00fcr Alltag und Beruf.Glattes und leichtes Gewebe mit StretchDurchgehender Rei\u00dfverschlussCleanes Design mit dezenten DetailsBequeme Passform mit BewegungsfreiheitSanfte W\u00e4sche bei 30\u00b0C, nicht im Trockner trocknenMaterialien67% Polyester, 29% Viskose, 4% ElastanModell ist 188 cm gro\u00df und tr\u00e4gt Gr\u00f6\u00dfe 3XL.\"><span class=\"Y2IQFc\" lang=\"da\">Materialien 67% Polyester, 29% Viskose, 4% Elastan <\/span><\/p>\n<p class=\"tw-data-text tw-text-large tw-ta\" dir=\"ltr\" tabindex=\"-1\" role=\"text\" data-placeholder=\"Overs\u00e6ttelse\" data-ved=\"2ahUKEwjBkuz0wa6TAxU0Q_EDHcf1BL0Q3ewLegQIDBAW\" aria-label=\"\u00dcbersetzt: Leichte und moderne Jacke in einer glatten, dehnbaren Qualit\u00e4t mit einem sauberen und funktionalen Look. Das Design mit durchgehendem Rei\u00dfverschluss und dezenten Paneel-Details sorgt f\u00fcr Komfort und einen gepflegten Look f\u00fcr Alltag und Beruf.Glattes und leichtes Gewebe mit StretchDurchgehender Rei\u00dfverschlussCleanes Design mit dezenten DetailsBequeme Passform mit BewegungsfreiheitSanfte W\u00e4sche bei 30\u00b0C, nicht im Trockner trocknenMaterialien67% Polyester, 29% Viskose, 4% ElastanModell ist 188 cm gro\u00df und tr\u00e4gt Gr\u00f6\u00dfe 3XL.\"><span class=\"Y2IQFc\" lang=\"da\">Das Model ist 188 cm gro\u00df und tr\u00e4gt Gr\u00f6\u00dfe 3XL.<\/span><\/p>\n<\/div>\n<p dir=\"ltr\" tabindex=\"-1\" role=\"text\" data-placeholder=\"Overs\u00e6ttelse\" data-ved=\"2ahUKEwjBkuz0wa6TAxU0Q_EDHcf1BL0Q3ewLegQIDBAW\" aria-label=\"\u00dcbersetzt: Leichte und moderne Jacke in einer glatten, dehnbaren Qualit\u00e4t mit einem sauberen und funktionalen Look. Das Design mit durchgehendem Rei\u00dfverschluss und dezenten Paneel-Details sorgt f\u00fcr Komfort und einen gepflegten Look f\u00fcr Alltag und Beruf.Glattes und leichtes Gewebe mit StretchDurchgehender Rei\u00dfverschlussCleanes Design mit dezenten DetailsBequeme Passform mit BewegungsfreiheitSanfte W\u00e4sche bei 30\u00b0C, nicht im Trockner trocknenMaterialien67% Polyester, 29% Viskose, 4% ElastanModell ist 188 cm gro\u00df und tr\u00e4gt Gr\u00f6\u00dfe 3XL.\">Kostenloser Versand bei einem Einkauf \u00fcber \u20ac100,-<\/p>\n<pre id=\"tw-target-rmn\" class=\"tw-data-placeholder tw-text-small tw-ta\" dir=\"ltr\" tabindex=\"-1\" role=\"text\" data-placeholder=\"\"><\/pre>\n<div id=\"tw-tmenu\" class=\"tw-menu\"><\/div>\n<\/div>\n<\/div>\n<\/div>\n<\/div>\n<p id=\"tw-images\">\n<p class=\"dURPtb\">\n<div><\/div>\n<\/div>\n<\/div>\n<\/div>\n<p class=\"KFFQ0c xKf9F\">","protected":false},"featured_media":34162,"comment_status":"open","ping_status":"closed","template":"","meta":{"postBodyCss":"","postBodyMargin":[],"postBodyPadding":[],"postBodyBackground":{"backgroundType":"classic","gradient":""},"site-sidebar-layout":"default","site-content-layout":"default","ast-site-content-layout":"default","site-content-style":"default","site-sidebar-style":"default","ast-global-header-display":"","ast-banner-title-visibility":"","ast-main-header-display":"","ast-hfb-above-header-display":"","ast-hfb-below-header-display":"","ast-hfb-mobile-header-display":"","site-post-title":"","ast-breadcrumbs-content":"","ast-featured-img":"","footer-sml-layout":"","ast-disable-related-posts":"","theme-transparent-header-meta":"default","adv-header-id-meta":"","stick-header-meta":"","header-above-stick-meta":"","header-main-stick-meta":"","header-below-stick-meta":"","astra-migrate-meta-layouts":"set","ast-page-background-enabled":"default","ast-page-background-meta":{"desktop":{"background-color":"var(--ast-global-color-5)","background-image":"","background-repeat":"repeat","background-position":"center center","background-size":"auto","background-attachment":"scroll","background-type":"","background-media":"","overlay-type":"","overlay-color":"","overlay-opacity":"","overlay-gradient":""},"tablet":{"background-color":"","background-image":"","background-repeat":"repeat","background-position":"center center","background-size":"auto","background-attachment":"scroll","background-type":"","background-media":"","overlay-type":"","overlay-color":"","overlay-opacity":"","overlay-gradient":""},"mobile":{"background-color":"","background-image":"","background-repeat":"repeat","background-position":"center center","background-size":"auto","background-attachment":"scroll","background-type":"","background-media":"","overlay-type":"","overlay-color":"","overlay-opacity":"","overlay-gradient":""}},"ast-content-background-meta":{"desktop":{"background-color":"var(--ast-global-color-4)","background-image":"","background-repeat":"repeat","background-position":"center center","background-size":"auto","background-attachment":"scroll","background-type":"","background-media":"","overlay-type":"","overlay-color":"","overlay-opacity":"","overlay-gradient":""},"tablet":{"background-color":"var(--ast-global-color-4)","background-image":"","background-repeat":"repeat","background-position":"center center","background-size":"auto","background-attachment":"scroll","background-type":"","background-media":"","overlay-type":"","overlay-color":"","overlay-opacity":"","overlay-gradient":""},"mobile":{"background-color":"var(--ast-global-color-4)","background-image":"","background-repeat":"repeat","background-position":"center center","background-size":"auto","background-attachment":"scroll","background-type":"","background-media":"","overlay-type":"","overlay-color":"","overlay-opacity":"","overlay-gradient":""}}},"product_brand":[],"product_cat":[21,84,27,42],"product_tag":[],"class_list":{"0":"post-34150","1":"product","2":"type-product","3":"status-publish","4":"has-post-thumbnail","6":"product_cat-alle-varer","7":"product_cat-blazer","8":"product_cat-north-latitude","9":"product_cat-overtoej","10":"desktop-align-center","11":"tablet-align-left","12":"mobile-align-left","13":"ast-product-gallery-layout-horizontal-slider","14":"ast-product-single-variable","15":"ast-product-tabs-layout-horizontal","17":"first","18":"instock","19":"taxable","20":"shipping-taxable","21":"purchasable","22":"product-type-variable"},"_links":{"self":[{"href":"https:\/\/hosbirger.dk\/de\/wp-json\/wp\/v2\/product\/34150","targetHints":{"allow":["GET"]}}],"collection":[{"href":"https:\/\/hosbirger.dk\/de\/wp-json\/wp\/v2\/product"}],"about":[{"href":"https:\/\/hosbirger.dk\/de\/wp-json\/wp\/v2\/types\/product"}],"replies":[{"embeddable":true,"href":"https:\/\/hosbirger.dk\/de\/wp-json\/wp\/v2\/comments?post=34150"}],"wp:featuredmedia":[{"embeddable":true,"href":"https:\/\/hosbirger.dk\/de\/wp-json\/wp\/v2\/media\/34162"}],"wp:attachment":[{"href":"https:\/\/hosbirger.dk\/de\/wp-json\/wp\/v2\/media?parent=34150"}],"wp:term":[{"taxonomy":"product_brand","embeddable":true,"href":"https:\/\/hosbirger.dk\/de\/wp-json\/wp\/v2\/product_brand?post=34150"},{"taxonomy":"product_cat","embeddable":true,"href":"https:\/\/hosbirger.dk\/de\/wp-json\/wp\/v2\/product_cat?post=34150"},{"taxonomy":"product_tag","embeddable":true,"href":"https:\/\/hosbirger.dk\/de\/wp-json\/wp\/v2\/product_tag?post=34150"}],"curies":[{"name":"wp","href":"https:\/\/api.w.org\/{rel}","templated":true}]}}