{"id":34179,"date":"2026-03-21T08:58:11","date_gmt":"2026-03-21T07:58:11","guid":{"rendered":"https:\/\/hosbirger.dk\/?post_type=product&#038;p=34179"},"modified":"2026-03-21T09:08:47","modified_gmt":"2026-03-21T08:08:47","slug":"nordlicher-breitengrad-cowboy-shorts-in-einer-geschlitzten-robusten-vase","status":"publish","type":"product","link":"https:\/\/hosbirger.dk\/de\/produkt\/nordlicher-breitengrad-cowboy-shorts-in-einer-geschlitzten-robusten-vase\/","title":{"rendered":"North Latitude Cowboy-Shorts In einem starken gewaschenen blau tragen"},"content":{"rendered":"<div class=\"xs_social_share_widget xs_share_url after_content \t\tmain_content  wslu-style-1 wslu-share-box-shaped wslu-fill-colored wslu-none wslu-share-horizontal wslu-theme-font-no wslu-main_content\">\n\n\t\t\n        <ul>\n\t\t\t        <\/ul>\n    <\/div>","protected":false},"excerpt":{"rendered":"<p>North Latitude Cowboy-Shorts In einem starken gewaschenen blau tragen<\/p>\n<p id=\"tw-target-text\" class=\"tw-data-text tw-text-large tw-ta\" dir=\"ltr\" tabindex=\"-1\" role=\"text\" data-placeholder=\"Overs\u00e6ttelse\" data-ved=\"2ahUKEwjBkuz0wa6TAxU0Q_EDHcf1BL0Q3ewLegQIDBAW\" aria-label=\"\u00dcbersetzt: Denim-Shorts in einer strapazierf\u00e4higen, leicht dehnbaren Qualit\u00e4t mit einem klassischen, l\u00e4ssigen Look. Mit einem traditionellen 5-Pocket-Modell und einer bequemen Passform, die sie f\u00fcr den Alltag und l\u00e4ssige Sommeranl\u00e4sse geeignet macht.Strapazierf\u00e4hige Denim-Qualit\u00e4t mit leichtem StretchanteilKlassisches 5-Pocket-DesignRei\u00dfverschluss und KnopfverschlussKomfortable Passform mit guter BewegungsfreiheitMaschinenw\u00e4sche bei 30\u00b0C, nicht im Trockner trocknenMaterialien98% Baumwolle, 2% ElasthanModell ist 188 cm gro\u00df und tr\u00e4gt Gr\u00f6\u00dfe 3XL.\"><span class=\"Y2IQFc\" lang=\"da\">Denim-Shorts in strapazierf\u00e4higer, leicht dehnbarer Qualit\u00e4t mit einem klassischen, l\u00e4ssigen Look. Das traditionelle 5-Pocket-Design und die bequeme Passform machen sie zu einer alltagstauglichen und l\u00e4ssigen Sommerhose. Strapazierf\u00e4hige Denim-Qualit\u00e4t mit leichtem Stretchanteil Klassisches 5-Pocket-Design Rei\u00dfverschluss und Knopfverschluss Bequeme Passform mit guter Bewegungsfreiheit<\/span><\/p>\n<p class=\"tw-data-text tw-text-large tw-ta\" dir=\"ltr\" tabindex=\"-1\" role=\"text\" data-placeholder=\"Overs\u00e6ttelse\" data-ved=\"2ahUKEwjBkuz0wa6TAxU0Q_EDHcf1BL0Q3ewLegQIDBAW\" aria-label=\"\u00dcbersetzt: Denim-Shorts in einer strapazierf\u00e4higen, leicht dehnbaren Qualit\u00e4t mit einem klassischen, l\u00e4ssigen Look. Mit einem traditionellen 5-Pocket-Modell und einer bequemen Passform, die sie f\u00fcr den Alltag und l\u00e4ssige Sommeranl\u00e4sse geeignet macht.Strapazierf\u00e4hige Denim-Qualit\u00e4t mit leichtem StretchanteilKlassisches 5-Pocket-DesignRei\u00dfverschluss und KnopfverschlussKomfortable Passform mit guter BewegungsfreiheitMaschinenw\u00e4sche bei 30\u00b0C, nicht im Trockner trocknenMaterialien98% Baumwolle, 2% ElasthanModell ist 188 cm gro\u00df und tr\u00e4gt Gr\u00f6\u00dfe 3XL.\"><span class=\"Y2IQFc\" lang=\"da\">Maschinenw\u00e4sche bei 30\u00b0C, nicht im Trockner trocknen <\/span><\/p>\n<p class=\"tw-data-text tw-text-large tw-ta\" dir=\"ltr\" tabindex=\"-1\" role=\"text\" data-placeholder=\"Overs\u00e6ttelse\" data-ved=\"2ahUKEwjBkuz0wa6TAxU0Q_EDHcf1BL0Q3ewLegQIDBAW\" aria-label=\"\u00dcbersetzt: Denim-Shorts in einer strapazierf\u00e4higen, leicht dehnbaren Qualit\u00e4t mit einem klassischen, l\u00e4ssigen Look. Mit einem traditionellen 5-Pocket-Modell und einer bequemen Passform, die sie f\u00fcr den Alltag und l\u00e4ssige Sommeranl\u00e4sse geeignet macht.Strapazierf\u00e4hige Denim-Qualit\u00e4t mit leichtem StretchanteilKlassisches 5-Pocket-DesignRei\u00dfverschluss und KnopfverschlussKomfortable Passform mit guter BewegungsfreiheitMaschinenw\u00e4sche bei 30\u00b0C, nicht im Trockner trocknenMaterialien98% Baumwolle, 2% ElasthanModell ist 188 cm gro\u00df und tr\u00e4gt Gr\u00f6\u00dfe 3XL.\"><span class=\"Y2IQFc\" lang=\"da\">Materialien 98% Baumwolle, 2% Elasthan<\/span><\/p>\n<p><span style=\"font-size: 16px;\">Kostenloser Versand bei einem Einkauf \u00fcber \u20ac100,-<\/span><\/p>","protected":false},"featured_media":34197,"comment_status":"open","ping_status":"closed","template":"","meta":{"postBodyCss":"","postBodyMargin":[],"postBodyPadding":[],"postBodyBackground":{"backgroundType":"classic","gradient":""},"site-sidebar-layout":"default","site-content-layout":"default","ast-site-content-layout":"default","site-content-style":"default","site-sidebar-style":"default","ast-global-header-display":"","ast-banner-title-visibility":"","ast-main-header-display":"","ast-hfb-above-header-display":"","ast-hfb-below-header-display":"","ast-hfb-mobile-header-display":"","site-post-title":"","ast-breadcrumbs-content":"","ast-featured-img":"","footer-sml-layout":"","ast-disable-related-posts":"","theme-transparent-header-meta":"default","adv-header-id-meta":"","stick-header-meta":"","header-above-stick-meta":"","header-main-stick-meta":"","header-below-stick-meta":"","astra-migrate-meta-layouts":"set","ast-page-background-enabled":"default","ast-page-background-meta":{"desktop":{"background-color":"var(--ast-global-color-5)","background-image":"","background-repeat":"repeat","background-position":"center center","background-size":"auto","background-attachment":"scroll","background-type":"","background-media":"","overlay-type":"","overlay-color":"","overlay-opacity":"","overlay-gradient":""},"tablet":{"background-color":"","background-image":"","background-repeat":"repeat","background-position":"center center","background-size":"auto","background-attachment":"scroll","background-type":"","background-media":"","overlay-type":"","overlay-color":"","overlay-opacity":"","overlay-gradient":""},"mobile":{"background-color":"","background-image":"","background-repeat":"repeat","background-position":"center center","background-size":"auto","background-attachment":"scroll","background-type":"","background-media":"","overlay-type":"","overlay-color":"","overlay-opacity":"","overlay-gradient":""}},"ast-content-background-meta":{"desktop":{"background-color":"var(--ast-global-color-4)","background-image":"","background-repeat":"repeat","background-position":"center center","background-size":"auto","background-attachment":"scroll","background-type":"","background-media":"","overlay-type":"","overlay-color":"","overlay-opacity":"","overlay-gradient":""},"tablet":{"background-color":"var(--ast-global-color-4)","background-image":"","background-repeat":"repeat","background-position":"center center","background-size":"auto","background-attachment":"scroll","background-type":"","background-media":"","overlay-type":"","overlay-color":"","overlay-opacity":"","overlay-gradient":""},"mobile":{"background-color":"var(--ast-global-color-4)","background-image":"","background-repeat":"repeat","background-position":"center center","background-size":"auto","background-attachment":"scroll","background-type":"","background-media":"","overlay-type":"","overlay-color":"","overlay-opacity":"","overlay-gradient":""}}},"product_brand":[],"product_cat":[27,21,179],"product_tag":[],"class_list":{"0":"post-34179","1":"product","2":"type-product","3":"status-publish","4":"has-post-thumbnail","6":"product_cat-north-latitude","7":"product_cat-alle-varer","8":"product_cat-shorts","9":"desktop-align-center","10":"tablet-align-left","11":"mobile-align-left","12":"ast-product-gallery-layout-horizontal-slider","13":"ast-product-single-variable","14":"ast-product-tabs-layout-horizontal","16":"first","17":"instock","18":"taxable","19":"shipping-taxable","20":"purchasable","21":"product-type-variable"},"_links":{"self":[{"href":"https:\/\/hosbirger.dk\/de\/wp-json\/wp\/v2\/product\/34179","targetHints":{"allow":["GET"]}}],"collection":[{"href":"https:\/\/hosbirger.dk\/de\/wp-json\/wp\/v2\/product"}],"about":[{"href":"https:\/\/hosbirger.dk\/de\/wp-json\/wp\/v2\/types\/product"}],"replies":[{"embeddable":true,"href":"https:\/\/hosbirger.dk\/de\/wp-json\/wp\/v2\/comments?post=34179"}],"wp:featuredmedia":[{"embeddable":true,"href":"https:\/\/hosbirger.dk\/de\/wp-json\/wp\/v2\/media\/34197"}],"wp:attachment":[{"href":"https:\/\/hosbirger.dk\/de\/wp-json\/wp\/v2\/media?parent=34179"}],"wp:term":[{"taxonomy":"product_brand","embeddable":true,"href":"https:\/\/hosbirger.dk\/de\/wp-json\/wp\/v2\/product_brand?post=34179"},{"taxonomy":"product_cat","embeddable":true,"href":"https:\/\/hosbirger.dk\/de\/wp-json\/wp\/v2\/product_cat?post=34179"},{"taxonomy":"product_tag","embeddable":true,"href":"https:\/\/hosbirger.dk\/de\/wp-json\/wp\/v2\/product_tag?post=34179"}],"curies":[{"name":"wp","href":"https:\/\/api.w.org\/{rel}","templated":true}]}}